{"id":7230,"date":"2026-02-10T14:18:03","date_gmt":"2026-02-10T13:18:03","guid":{"rendered":"https:\/\/www.alliance-francaise.nl\/eindhoven\/?post_type=product&#038;p=7230"},"modified":"2026-03-17T22:44:28","modified_gmt":"2026-03-17T21:44:28","slug":"voyage-af-eindhoven-tilburg-2026-namur","status":"publish","type":"product","link":"https:\/\/www.alliance-francaise.nl\/eindhoven\/product\/voyage-af-eindhoven-tilburg-2026-namur\/","title":{"rendered":"Voyage AF Eindhoven Tilburg 2026 \u2013 Namur"},"content":{"rendered":"<p style=\"font-weight: 400;\">11 et 12 avril 2026<\/p>\n<p style=\"font-weight: 400;\">Rejoignez l&#8217;Alliance Fran\u00e7aise \u00e0 Namur, capitale de la Wallonie, et laissez-vous \u00e9merveiller par un programme riche et vari\u00e9 alliant gastronomie, culture et nature.<\/p>\n<p style=\"font-weight: 400;\">Marie-Jos\u00e9 Plaza a concoct\u00e9 un week-end exceptionnel. Le transport en autocar, l&#8217;h\u00e9bergement et les repas sont inclus. L&#8217;assurance voyage et les d\u00e9penses personnelles ne sont pas incluses.<\/p>\n<p style=\"font-weight: 400;\">Tarif membre, chambre simple\u00a0: 300\u00a0\u20ac<br \/>\nTarif membre, chambre double : 500 \u20ac (2x 250 \u20ac)<br \/>\nTarif non-membre, chambre simple\u00a0: 325\u00a0\u20ac<br \/>\nTarif non-membre, chambre double : 550 \u20ac (2x 275 \u20ac)<\/p>\n<p style=\"font-weight: 400;\">Il n&#8217;y a que 8 places en chambre simple et 27 places en chambre double.<\/p>\n<p style=\"font-weight: 400;\">Les places sont attribu\u00e9es selon le principe du premier arriv\u00e9, premier servi.<\/p>\n<hr \/>\n<p style=\"font-weight: 400;\">Ga met de Alliance Francaise mee naar Namen, de hoofdstad van Wallonie en laat u verrassen door een afwisselend programma van gastronomie, cultuur en natuur.<\/p>\n<p style=\"font-weight: 400;\">Marie-Jos\u00e9 Plaza heeft wederom een mooi weekend samengesteld. Busreis, overnachting in hotel en eten zijn inbegrepen. Reisverzekering en persoonlijke aankopen zijn niet inbegrepen<\/p>\n<p style=\"font-weight: 400;\">Prijs membre, eenpersoonskamer: \u20ac 300<br \/>\nPrijs membre, tweepersoonskamer: \u20ac 500\u00a0 (2x \u20ac 250)<br \/>\nPrijs non-membre, eenpersoons kamer: \u20ac 325<br \/>\nPrijs non-membre, twee persoonskamer: \u20ac 550 (2x \u20ac 275)<\/p>\n<p style=\"font-weight: 400;\">Er zijn slechts 8 plaatsen in eenpersoonskamers en 27 plaatsen in tweepersoonskamers.<\/p>\n<p style=\"font-weight: 400;\">Toewijzing gaat op volgorde van betaling.<\/p>\n","protected":false},"excerpt":{"rendered":"<p>11 et 12 avril 2026 Rejoignez l&#8217;Alliance Fran\u00e7aise \u00e0 Namur, capitale de la Wallonie, et laissez-vous \u00e9merveiller par un programme riche et vari\u00e9 alliant gastronomie, culture et nature. Marie-Jos\u00e9 Plaza [&hellip;]<\/p>\n","protected":false},"featured_media":7231,"comment_status":"closed","ping_status":"closed","template":"","meta":[],"product_brand":[],"product_cat":[24],"product_tag":[],"class_list":{"0":"post-7230","1":"product","2":"type-product","3":"status-publish","4":"has-post-thumbnail","6":"product_cat-cultuur","8":"first","9":"instock","10":"shipping-taxable","11":"purchasable","12":"product-type-variable"},"_links":{"self":[{"href":"https:\/\/www.alliance-francaise.nl\/eindhoven\/wp-json\/wp\/v2\/product\/7230","targetHints":{"allow":["GET"]}}],"collection":[{"href":"https:\/\/www.alliance-francaise.nl\/eindhoven\/wp-json\/wp\/v2\/product"}],"about":[{"href":"https:\/\/www.alliance-francaise.nl\/eindhoven\/wp-json\/wp\/v2\/types\/product"}],"replies":[{"embeddable":true,"href":"https:\/\/www.alliance-francaise.nl\/eindhoven\/wp-json\/wp\/v2\/comments?post=7230"}],"version-history":[{"count":4,"href":"https:\/\/www.alliance-francaise.nl\/eindhoven\/wp-json\/wp\/v2\/product\/7230\/revisions"}],"predecessor-version":[{"id":7239,"href":"https:\/\/www.alliance-francaise.nl\/eindhoven\/wp-json\/wp\/v2\/product\/7230\/revisions\/7239"}],"wp:featuredmedia":[{"embeddable":true,"href":"https:\/\/www.alliance-francaise.nl\/eindhoven\/wp-json\/wp\/v2\/media\/7231"}],"wp:attachment":[{"href":"https:\/\/www.alliance-francaise.nl\/eindhoven\/wp-json\/wp\/v2\/media?parent=7230"}],"wp:term":[{"taxonomy":"product_brand","embeddable":true,"href":"https:\/\/www.alliance-francaise.nl\/eindhoven\/wp-json\/wp\/v2\/product_brand?post=7230"},{"taxonomy":"product_cat","embeddable":true,"href":"https:\/\/www.alliance-francaise.nl\/eindhoven\/wp-json\/wp\/v2\/product_cat?post=7230"},{"taxonomy":"product_tag","embeddable":true,"href":"https:\/\/www.alliance-francaise.nl\/eindhoven\/wp-json\/wp\/v2\/product_tag?post=7230"}],"curies":[{"name":"wp","href":"https:\/\/api.w.org\/{rel}","templated":true}]}}