{"id":6421,"date":"2025-05-22T23:41:57","date_gmt":"2025-05-22T22:41:57","guid":{"rendered":"https:\/\/www.alliance-francaise.nl\/eindhoven\/?post_type=product&#038;p=6421"},"modified":"2026-04-15T15:08:46","modified_gmt":"2026-04-15T13:08:46","slug":"atelier-litterature-francaise-tilburg","status":"publish","type":"product","link":"https:\/\/www.alliance-francaise.nl\/eindhoven\/product\/atelier-litterature-francaise-tilburg\/","title":{"rendered":"Atelier de litt\u00e9rature fran\u00e7aise Tilburg"},"content":{"rendered":"<p><span style=\"font-weight: 400\">Vous aimez lire et souhaitez approfondir votre connaissance de la langue et de la culture fran\u00e7aise? Venez participer \u00e0 nos ateliers de d\u00e9couverte de la litt\u00e9rature.<\/span><\/p>\n<p><span style=\"font-weight: 400\">\u00c0 partir d\u2019octobre 2026, au cours de cinq s\u00e9ances d\u2019une heure et demie, nous d\u00e9couvrirons et commenterons ensemble quelques \u0153uvres marquantes de la litt\u00e9rature fran\u00e7aise contemporaine.<\/span><\/p>\n<p><b><i>Petit pays\u00a0de Ga\u00ebl Faye,\u00a0<\/i><\/b><\/p>\n<p><b><i>Nobelle\u00a0de Sophie Fontanelle,\u00a0<\/i><\/b><\/p>\n<p><b><i>L&#8217;adversaire\u00a0d&#8217;Emmanuel Carr\u00e8re\u00a0<\/i><\/b><\/p>\n<p><b><i>L&#8217;astragale\u00a0d&#8217;Albertine Sarrazin<\/i><\/b><\/p>\n<p><b>Et un autre livre choisi selon les propositions des participants.<\/b><\/p>\n<p><b>Les s\u00e9ances auront lieu le mercredi soir de 19h00 \u00e0 20h30<\/b><\/p>\n<p><b>Lieu : MFA de Poorten\u00a0<\/b><span style=\"font-weight: 400\">\u2013 Hasseltstraat 194, 5046 LP Tilburg.\u00a0\u00a0\u00a0\u00a0\u00a0\u00a0\u00a0\u00a0\u00a0\u00a0\u00a0\u00a0\u00a0<\/span><b><\/b><\/p>\n<p>&nbsp;<\/p>\n<p><b>Les s\u00e9ances auront lieu le mercredi soir de 19h00 \u00e0 20h30<\/b><\/p>\n<p><b>Lieu : MFA de Poorten\u00a0<\/b><span style=\"font-weight: 400\">\u2013 Hasseltstraat 194, 5046 LP Tilburg.\u00a0\u00a0\u00a0\u00a0\u00a0\u00a0\u00a0\u00a0\u00a0\u00a0\u00a0\u00a0\u00a0<\/span><b><\/b><\/p>\n<p>&nbsp;<\/p>\n<p><b>Tarif\u00a0:<\/b><span style=\"font-weight: 400\">\u00a0\u20ac 155 (livres non inclus)<\/span><\/p>\n<p><b>Premi\u00e8re s\u00e9ance\u00a0: mercredi 28 octobre 2026<\/b><\/p>\n<p><span style=\"font-weight: 400\">2e s\u00e9ance : 25 novembre 2026<\/span><span style=\"font-weight: 400\"><br \/>\n<\/span><span style=\"font-weight: 400\">3e: 13 janvier 2027<\/span><span style=\"font-weight: 400\"><br \/>\n<\/span><span style=\"font-weight: 400\">4e: 24 fevrier 2027<\/span><span style=\"font-weight: 400\"><br \/>\n<\/span><span style=\"font-weight: 400\">Derni\u00e8re s\u00e9ance: 7 avril 2027<\/span><\/p>\n<p><b>Informations: Elsa de Barros \u2013\u00a0<\/b><a href=\"mailto:cursus.tilbourg@afpb.nl\"><b>cursus.tilbourg@afpb.nl<\/b><\/a><b>\u00a0<\/b><\/p>\n","protected":false},"excerpt":{"rendered":"<p>Vous aimez lire et souhaitez approfondir votre connaissance de la langue et de la culture fran\u00e7aise? Venez participer \u00e0 nos ateliers de d\u00e9couverte de la litt\u00e9rature. \u00c0 partir d\u2019octobre 2026, [&hellip;]<\/p>\n","protected":false},"featured_media":6422,"comment_status":"open","ping_status":"closed","template":"","meta":[],"product_brand":[],"product_cat":[24,22],"product_tag":[],"class_list":{"0":"post-6421","1":"product","2":"type-product","3":"status-publish","4":"has-post-thumbnail","6":"product_cat-cultuur","7":"product_cat-cursussen","9":"first","10":"instock","11":"shipping-taxable","12":"purchasable","13":"product-type-simple"},"_links":{"self":[{"href":"https:\/\/www.alliance-francaise.nl\/eindhoven\/wp-json\/wp\/v2\/product\/6421","targetHints":{"allow":["GET"]}}],"collection":[{"href":"https:\/\/www.alliance-francaise.nl\/eindhoven\/wp-json\/wp\/v2\/product"}],"about":[{"href":"https:\/\/www.alliance-francaise.nl\/eindhoven\/wp-json\/wp\/v2\/types\/product"}],"replies":[{"embeddable":true,"href":"https:\/\/www.alliance-francaise.nl\/eindhoven\/wp-json\/wp\/v2\/comments?post=6421"}],"version-history":[{"count":6,"href":"https:\/\/www.alliance-francaise.nl\/eindhoven\/wp-json\/wp\/v2\/product\/6421\/revisions"}],"predecessor-version":[{"id":7466,"href":"https:\/\/www.alliance-francaise.nl\/eindhoven\/wp-json\/wp\/v2\/product\/6421\/revisions\/7466"}],"wp:featuredmedia":[{"embeddable":true,"href":"https:\/\/www.alliance-francaise.nl\/eindhoven\/wp-json\/wp\/v2\/media\/6422"}],"wp:attachment":[{"href":"https:\/\/www.alliance-francaise.nl\/eindhoven\/wp-json\/wp\/v2\/media?parent=6421"}],"wp:term":[{"taxonomy":"product_brand","embeddable":true,"href":"https:\/\/www.alliance-francaise.nl\/eindhoven\/wp-json\/wp\/v2\/product_brand?post=6421"},{"taxonomy":"product_cat","embeddable":true,"href":"https:\/\/www.alliance-francaise.nl\/eindhoven\/wp-json\/wp\/v2\/product_cat?post=6421"},{"taxonomy":"product_tag","embeddable":true,"href":"https:\/\/www.alliance-francaise.nl\/eindhoven\/wp-json\/wp\/v2\/product_tag?post=6421"}],"curies":[{"name":"wp","href":"https:\/\/api.w.org\/{rel}","templated":true}]}}