{"id":6332,"date":"2025-05-15T19:09:55","date_gmt":"2025-05-15T18:09:55","guid":{"rendered":"https:\/\/www.alliance-francaise.nl\/eindhoven\/?post_type=product&#038;p=6332"},"modified":"2025-05-15T19:11:25","modified_gmt":"2025-05-15T18:11:25","slug":"privelessen-30-uur","status":"publish","type":"product","link":"https:\/\/www.alliance-francaise.nl\/eindhoven\/product\/privelessen-30-uur\/","title":{"rendered":"Priv\u00e9lessen 30 uur"},"content":{"rendered":"<p>Alliance Fran\u00e7aise verzorgt tevens priv\u00e9lessen (basiscursus en\/of conversatie), waarbij rekening wordt gehouden met uw behoeften en niveau.<br \/>\nDe frequentie en tijden regelen we in overleg met u; we houden terdege rekening met uw wensen.<\/p>\n","protected":false},"excerpt":{"rendered":"<p>Alliance Fran\u00e7aise verzorgt tevens priv\u00e9lessen (basiscursus en\/of conversatie), waarbij rekening wordt gehouden met uw behoeften en niveau.<br \/>\nDe frequentie en tijden regelen we in overleg met u; we houden terdege rekening met uw wensen.<\/p>\n","protected":false},"featured_media":6333,"comment_status":"open","ping_status":"closed","template":"","meta":[],"product_brand":[],"product_cat":[22],"product_tag":[],"class_list":{"0":"post-6332","1":"product","2":"type-product","3":"status-publish","4":"has-post-thumbnail","6":"product_cat-cursussen","8":"first","9":"instock","10":"shipping-taxable","11":"purchasable","12":"product-type-simple"},"_links":{"self":[{"href":"https:\/\/www.alliance-francaise.nl\/eindhoven\/wp-json\/wp\/v2\/product\/6332","targetHints":{"allow":["GET"]}}],"collection":[{"href":"https:\/\/www.alliance-francaise.nl\/eindhoven\/wp-json\/wp\/v2\/product"}],"about":[{"href":"https:\/\/www.alliance-francaise.nl\/eindhoven\/wp-json\/wp\/v2\/types\/product"}],"replies":[{"embeddable":true,"href":"https:\/\/www.alliance-francaise.nl\/eindhoven\/wp-json\/wp\/v2\/comments?post=6332"}],"version-history":[{"count":1,"href":"https:\/\/www.alliance-francaise.nl\/eindhoven\/wp-json\/wp\/v2\/product\/6332\/revisions"}],"predecessor-version":[{"id":6334,"href":"https:\/\/www.alliance-francaise.nl\/eindhoven\/wp-json\/wp\/v2\/product\/6332\/revisions\/6334"}],"wp:featuredmedia":[{"embeddable":true,"href":"https:\/\/www.alliance-francaise.nl\/eindhoven\/wp-json\/wp\/v2\/media\/6333"}],"wp:attachment":[{"href":"https:\/\/www.alliance-francaise.nl\/eindhoven\/wp-json\/wp\/v2\/media?parent=6332"}],"wp:term":[{"taxonomy":"product_brand","embeddable":true,"href":"https:\/\/www.alliance-francaise.nl\/eindhoven\/wp-json\/wp\/v2\/product_brand?post=6332"},{"taxonomy":"product_cat","embeddable":true,"href":"https:\/\/www.alliance-francaise.nl\/eindhoven\/wp-json\/wp\/v2\/product_cat?post=6332"},{"taxonomy":"product_tag","embeddable":true,"href":"https:\/\/www.alliance-francaise.nl\/eindhoven\/wp-json\/wp\/v2\/product_tag?post=6332"}],"curies":[{"name":"wp","href":"https:\/\/api.w.org\/{rel}","templated":true}]}}