{"id":5430,"date":"2024-06-18T10:25:51","date_gmt":"2024-06-18T09:25:51","guid":{"rendered":"https:\/\/www.alliance-francaise.nl\/eindhoven\/?post_type=product&#038;p=5430"},"modified":"2026-04-15T15:07:54","modified_gmt":"2026-04-15T13:07:54","slug":"atelier-de-la-litterature","status":"publish","type":"product","link":"https:\/\/www.alliance-francaise.nl\/eindhoven\/product\/atelier-de-la-litterature\/","title":{"rendered":"Atelier de la litt\u00e9rature"},"content":{"rendered":"<p><span style=\"font-weight: 400\">Vous aimez lire et souhaitez approfondir votre connaissance de la langue et de la culture fran\u00e7aise? Venez participer \u00e0 nos ateliers de d\u00e9couverte de la litt\u00e9rature.<\/span><\/p>\n<p><span style=\"font-weight: 400\">\u00c0 partir d\u2019octobre 2026, au cours de cinq s\u00e9ances d\u2019une heure et demie, nous d\u00e9couvrirons et commenterons ensemble quelques \u0153uvres marquantes de la litt\u00e9rature fran\u00e7aise contemporaine.<\/span><\/p>\n<p><b><i>Petit pays\u00a0de Ga\u00ebl Faye,\u00a0<\/i><\/b><\/p>\n<p><b><i>Nobelle\u00a0de Sophie Fontanelle,\u00a0<\/i><\/b><\/p>\n<p><b><i>L&#8217;adversaire\u00a0d&#8217;Emmanuel Carr\u00e8re\u00a0<\/i><\/b><\/p>\n<p><b><i>L&#8217;astragale\u00a0d&#8217;Albertine Sarrazin<\/i><\/b><\/p>\n<p>&nbsp;<\/p>\n<p><b>Et un autre livre choisi selon les propositions des participants.<\/b><\/p>\n<p><span style=\"font-weight: 400\">Vous\u00a0pouvez vous inscrire pour participer \u00e0 cet atelier\u00a0<\/span><span style=\"font-weight: 400\">soit \u00e0 Eindhoven soit \u00e0 Tilburg.<\/span><\/p>\n<p><span style=\"font-weight: 400\">Eindhoven<\/span><\/p>\n<p><b>Les s\u00e9ances auront lieu le\u00a0mardi soir\u00a0de 18h45 \u00e0 20h15<\/b><\/p>\n<p><b>Lieu :\u00a0Van Maerlantlyceum<\/b><span style=\"font-weight: 400\">\u00a0\u2013 Jacob van Maerlantlaan 11, 5615 JS Eindhoven<\/span><\/p>\n<p><b>Tarif\u00a0:<\/b><span style=\"font-weight: 400\">\u00a0\u20ac 155 (livres non inclus)<\/span><\/p>\n<p><b>Premi\u00e8re s\u00e9ance\u00a0: mardi 27 octobre 2026<\/b><\/p>\n<p><span style=\"font-weight: 400\">2e s\u00e9ance : 24 novembre 2026<\/span><span style=\"font-weight: 400\"><br \/>\n<\/span><span style=\"font-weight: 400\">3e: 12 janvier 2027<\/span><span style=\"font-weight: 400\"><br \/>\n<\/span><span style=\"font-weight: 400\">4e: 23 fevrier 2027<\/span><span style=\"font-weight: 400\"><br \/>\n<\/span><span style=\"font-weight: 400\">Derni\u00e8re s\u00e9ance: 6 avril 2027<\/span><\/p>\n<p><b>Informations: Sophie Hery \u2013\u00a0<\/b><a href=\"mailto:cursus.eindhoven@afpb.nl\"><b>cursus.eindhoven@afpb.nl<\/b><\/a><b>\u00a0<\/b><\/p>\n<p><b>06 83 21 47 77<\/b><\/p>\n","protected":false},"excerpt":{"rendered":"<p>Vous aimez lire et souhaitez approfondir votre connaissance de la langue et de la culture fran\u00e7aise? Venez participer \u00e0 nos ateliers de d\u00e9couverte de la litt\u00e9rature. \u00c0 partir d\u2019octobre 2026, [&hellip;]<\/p>\n","protected":false},"featured_media":6221,"comment_status":"open","ping_status":"closed","template":"","meta":[],"product_brand":[],"product_cat":[24,22],"product_tag":[],"class_list":{"0":"post-5430","1":"product","2":"type-product","3":"status-publish","4":"has-post-thumbnail","6":"product_cat-cultuur","7":"product_cat-cursussen","9":"first","10":"instock","11":"shipping-taxable","12":"purchasable","13":"product-type-simple"},"_links":{"self":[{"href":"https:\/\/www.alliance-francaise.nl\/eindhoven\/wp-json\/wp\/v2\/product\/5430","targetHints":{"allow":["GET"]}}],"collection":[{"href":"https:\/\/www.alliance-francaise.nl\/eindhoven\/wp-json\/wp\/v2\/product"}],"about":[{"href":"https:\/\/www.alliance-francaise.nl\/eindhoven\/wp-json\/wp\/v2\/types\/product"}],"replies":[{"embeddable":true,"href":"https:\/\/www.alliance-francaise.nl\/eindhoven\/wp-json\/wp\/v2\/comments?post=5430"}],"version-history":[{"count":10,"href":"https:\/\/www.alliance-francaise.nl\/eindhoven\/wp-json\/wp\/v2\/product\/5430\/revisions"}],"predecessor-version":[{"id":7421,"href":"https:\/\/www.alliance-francaise.nl\/eindhoven\/wp-json\/wp\/v2\/product\/5430\/revisions\/7421"}],"wp:featuredmedia":[{"embeddable":true,"href":"https:\/\/www.alliance-francaise.nl\/eindhoven\/wp-json\/wp\/v2\/media\/6221"}],"wp:attachment":[{"href":"https:\/\/www.alliance-francaise.nl\/eindhoven\/wp-json\/wp\/v2\/media?parent=5430"}],"wp:term":[{"taxonomy":"product_brand","embeddable":true,"href":"https:\/\/www.alliance-francaise.nl\/eindhoven\/wp-json\/wp\/v2\/product_brand?post=5430"},{"taxonomy":"product_cat","embeddable":true,"href":"https:\/\/www.alliance-francaise.nl\/eindhoven\/wp-json\/wp\/v2\/product_cat?post=5430"},{"taxonomy":"product_tag","embeddable":true,"href":"https:\/\/www.alliance-francaise.nl\/eindhoven\/wp-json\/wp\/v2\/product_tag?post=5430"}],"curies":[{"name":"wp","href":"https:\/\/api.w.org\/{rel}","templated":true}]}}