{"id":221,"date":"2020-05-05T12:37:32","date_gmt":"2020-05-05T12:37:32","guid":{"rendered":"https:\/\/www.alliance-francaise.nl\/2020\/eindhoven\/product\/import-placeholder-for-1554\/"},"modified":"2025-05-15T18:50:27","modified_gmt":"2025-05-15T17:50:27","slug":"onderbouw-3-a2-1-voor-niet-leden","status":"publish","type":"product","link":"https:\/\/www.alliance-francaise.nl\/eindhoven\/product\/onderbouw-3-a2-1-voor-niet-leden\/","title":{"rendered":"Priv\u00e9lessen 10 uur"},"content":{"rendered":"<p>Alliance Fran\u00e7aise verzorgt tevens priv\u00e9lessen (basiscursus en\/of conversatie), waarbij rekening wordt gehouden met uw behoeften en niveau.<br \/>\nDe frequentie en tijden regelen we in overleg met u; we houden terdege rekening met uw wensen.<\/p>\n","protected":false},"excerpt":{"rendered":"<p>Alliance Fran\u00e7aise verzorgt tevens priv\u00e9lessen (basiscursus en\/of conversatie), waarbij rekening wordt gehouden met uw behoeften en niveau.<br \/>\nDe frequentie en tijden regelen we in overleg met u; we houden terdege rekening met uw wensen.<\/p>\n","protected":false},"featured_media":6320,"comment_status":"open","ping_status":"closed","template":"","meta":[],"product_brand":[],"product_cat":[22],"product_tag":[],"class_list":{"0":"post-221","1":"product","2":"type-product","3":"status-publish","4":"has-post-thumbnail","6":"product_cat-cursussen","8":"first","9":"instock","10":"shipping-taxable","11":"purchasable","12":"product-type-simple"},"_links":{"self":[{"href":"https:\/\/www.alliance-francaise.nl\/eindhoven\/wp-json\/wp\/v2\/product\/221","targetHints":{"allow":["GET"]}}],"collection":[{"href":"https:\/\/www.alliance-francaise.nl\/eindhoven\/wp-json\/wp\/v2\/product"}],"about":[{"href":"https:\/\/www.alliance-francaise.nl\/eindhoven\/wp-json\/wp\/v2\/types\/product"}],"replies":[{"embeddable":true,"href":"https:\/\/www.alliance-francaise.nl\/eindhoven\/wp-json\/wp\/v2\/comments?post=221"}],"version-history":[{"count":1,"href":"https:\/\/www.alliance-francaise.nl\/eindhoven\/wp-json\/wp\/v2\/product\/221\/revisions"}],"predecessor-version":[{"id":4438,"href":"https:\/\/www.alliance-francaise.nl\/eindhoven\/wp-json\/wp\/v2\/product\/221\/revisions\/4438"}],"wp:featuredmedia":[{"embeddable":true,"href":"https:\/\/www.alliance-francaise.nl\/eindhoven\/wp-json\/wp\/v2\/media\/6320"}],"wp:attachment":[{"href":"https:\/\/www.alliance-francaise.nl\/eindhoven\/wp-json\/wp\/v2\/media?parent=221"}],"wp:term":[{"taxonomy":"product_brand","embeddable":true,"href":"https:\/\/www.alliance-francaise.nl\/eindhoven\/wp-json\/wp\/v2\/product_brand?post=221"},{"taxonomy":"product_cat","embeddable":true,"href":"https:\/\/www.alliance-francaise.nl\/eindhoven\/wp-json\/wp\/v2\/product_cat?post=221"},{"taxonomy":"product_tag","embeddable":true,"href":"https:\/\/www.alliance-francaise.nl\/eindhoven\/wp-json\/wp\/v2\/product_tag?post=221"}],"curies":[{"name":"wp","href":"https:\/\/api.w.org\/{rel}","templated":true}]}}