{"id":937,"date":"2020-06-23T09:37:37","date_gmt":"2020-06-23T09:37:37","guid":{"rendered":"https:\/\/www.alliance-francaise.nl\/2020\/eindhoven\/?page_id=937"},"modified":"2021-03-03T22:24:14","modified_gmt":"2021-03-03T21:24:14","slug":"soiree-film","status":"publish","type":"page","link":"https:\/\/www.alliance-francaise.nl\/eindhoven\/soiree-film\/","title":{"rendered":""},"content":{"rendered":"\t\t<div data-elementor-type=\"wp-page\" data-elementor-id=\"937\" class=\"elementor elementor-937\" data-elementor-post-type=\"page\">\n\t\t\t\t\t\t<section class=\"elementor-section elementor-top-section elementor-element elementor-element-cc7c983 elementor-section-boxed elementor-section-height-default elementor-section-height-default\" data-id=\"cc7c983\" data-element_type=\"section\" data-e-type=\"section\">\n\t\t\t\t\t\t<div class=\"elementor-container elementor-column-gap-default\">\n\t\t\t\t\t<div class=\"elementor-column elementor-col-100 elementor-top-column elementor-element elementor-element-a3c6740\" data-id=\"a3c6740\" data-element_type=\"column\" data-e-type=\"column\">\n\t\t\t<div class=\"elementor-widget-wrap elementor-element-populated\">\n\t\t\t\t\t\t<div class=\"elementor-element elementor-element-a4fd199 elementor-widget elementor-widget-heading\" data-id=\"a4fd199\" data-element_type=\"widget\" data-e-type=\"widget\" data-widget_type=\"heading.default\">\n\t\t\t\t<div class=\"elementor-widget-container\">\n\t\t\t\t\t<h2 class=\"elementor-heading-title elementor-size-default\">Conf\u00e9rence Online: \u00c0 la decouverte de Strasbourg avec Madame Chlo\u00e9 Perrin<\/h2>\t\t\t\t<\/div>\n\t\t\t\t<\/div>\n\t\t\t\t\t<\/div>\n\t\t<\/div>\n\t\t\t\t\t<\/div>\n\t\t<\/section>\n\t\t\t\t<section class=\"elementor-section elementor-top-section elementor-element elementor-element-05e86a8 elementor-section-boxed elementor-section-height-default elementor-section-height-default\" data-id=\"05e86a8\" data-element_type=\"section\" data-e-type=\"section\">\n\t\t\t\t\t\t<div class=\"elementor-container elementor-column-gap-default\">\n\t\t\t\t\t<div class=\"elementor-column elementor-col-100 elementor-top-column elementor-element elementor-element-f088206\" data-id=\"f088206\" data-element_type=\"column\" data-e-type=\"column\">\n\t\t\t<div class=\"elementor-widget-wrap elementor-element-populated\">\n\t\t\t\t\t\t<div class=\"elementor-element elementor-element-b63b2e8 elementor-widget elementor-widget-image\" data-id=\"b63b2e8\" data-element_type=\"widget\" data-e-type=\"widget\" data-widget_type=\"image.default\">\n\t\t\t\t<div class=\"elementor-widget-container\">\n\t\t\t\t\t\t\t\t\t\t\t\t\t\t\t<img fetchpriority=\"high\" decoding=\"async\" width=\"1000\" height=\"667\" src=\"https:\/\/www.alliance-francaise.nl\/eindhoven\/wp-content\/uploads\/sites\/22\/2020\/11\/Strasbourg-1.jpg\" class=\"attachment-full size-full wp-image-1653\" alt=\"\" srcset=\"https:\/\/www.alliance-francaise.nl\/eindhoven\/wp-content\/uploads\/sites\/22\/2020\/11\/Strasbourg-1.jpg 1000w, https:\/\/www.alliance-francaise.nl\/eindhoven\/wp-content\/uploads\/sites\/22\/2020\/11\/Strasbourg-1-300x200.jpg 300w, https:\/\/www.alliance-francaise.nl\/eindhoven\/wp-content\/uploads\/sites\/22\/2020\/11\/Strasbourg-1-768x512.jpg 768w, https:\/\/www.alliance-francaise.nl\/eindhoven\/wp-content\/uploads\/sites\/22\/2020\/11\/Strasbourg-1-600x400.jpg 600w\" sizes=\"(max-width: 1000px) 100vw, 1000px\" \/>\t\t\t\t\t\t\t\t\t\t\t\t\t\t\t<\/div>\n\t\t\t\t<\/div>\n\t\t\t\t\t<\/div>\n\t\t<\/div>\n\t\t\t\t\t<\/div>\n\t\t<\/section>\n\t\t\t\t<section class=\"elementor-section elementor-top-section elementor-element elementor-element-0d67616 elementor-section-boxed elementor-section-height-default elementor-section-height-default\" data-id=\"0d67616\" data-element_type=\"section\" data-e-type=\"section\">\n\t\t\t\t\t\t<div class=\"elementor-container elementor-column-gap-default\">\n\t\t\t\t\t<div class=\"elementor-column elementor-col-100 elementor-top-column elementor-element elementor-element-403a21f\" data-id=\"403a21f\" data-element_type=\"column\" data-e-type=\"column\">\n\t\t\t<div class=\"elementor-widget-wrap elementor-element-populated\">\n\t\t\t\t\t\t<div class=\"elementor-element elementor-element-316e80f elementor-widget elementor-widget-text-editor\" data-id=\"316e80f\" data-element_type=\"widget\" data-e-type=\"widget\" data-widget_type=\"text-editor.default\">\n\t\t\t\t<div class=\"elementor-widget-container\">\n\t\t\t\t\t\t\t\t\t<p><strong>Mercredi 16 d\u00e9cembre 2020\u00a0\u00e0 20h00<\/strong><\/p>\t\t\t\t\t\t\t\t<\/div>\n\t\t\t\t<\/div>\n\t\t\t\t<section class=\"elementor-section elementor-inner-section elementor-element elementor-element-826ed11 elementor-section-boxed elementor-section-height-default elementor-section-height-default\" data-id=\"826ed11\" data-element_type=\"section\" data-e-type=\"section\">\n\t\t\t\t\t\t<div class=\"elementor-container elementor-column-gap-default\">\n\t\t\t\t\t<div class=\"elementor-column elementor-col-50 elementor-inner-column elementor-element elementor-element-d85c069\" data-id=\"d85c069\" data-element_type=\"column\" data-e-type=\"column\">\n\t\t\t<div class=\"elementor-widget-wrap elementor-element-populated\">\n\t\t\t\t\t\t<div class=\"elementor-element elementor-element-8e48aff elementor-widget elementor-widget-heading\" data-id=\"8e48aff\" data-element_type=\"widget\" data-e-type=\"widget\" data-widget_type=\"heading.default\">\n\t\t\t\t<div class=\"elementor-widget-container\">\n\t\t\t\t\t<h2 class=\"elementor-heading-title elementor-size-default\">Fran\u00e7ais<\/h2>\t\t\t\t<\/div>\n\t\t\t\t<\/div>\n\t\t\t\t<div class=\"elementor-element elementor-element-5d39b12 elementor-widget elementor-widget-text-editor\" data-id=\"5d39b12\" data-element_type=\"widget\" data-e-type=\"widget\" data-widget_type=\"text-editor.default\">\n\t\t\t\t<div class=\"elementor-widget-container\">\n\t\t\t\t\t\t\t\t\t<p>A la d\u00e9couverte de Strasbourg, charg\u00e9e d&#8217; histoire, si\u00e8ge officiel du Parlement europ\u00e9en pr\u00e8s de la fronti\u00e8re avec l&#8217;Allemagne, la ville arbore une culture et une architecture aux influences allemandes et fran\u00e7aises. <br \/>Mais aussi, une ville tr\u00e8s connue pour sa magie \u00e0 No\u00ebl.<\/p><p>Acc\u00e8s \u00e0 la salle \u00e0 partir de 19h30<br \/>Mots du Pr\u00e9sident\u00a020h00<br \/>D\u00e9but de la conf\u00e9rence vers 20h05\u00a0<br \/>Fin de la conf\u00e9rence : environ 20h45<br \/>\u00c9changes avec Chlo\u00e9 Perrin: 15 min\u00a0<br \/>Chants de Noel: 10 min<br \/>Fin \u00e0\u00a021h15<\/p>\t\t\t\t\t\t\t\t<\/div>\n\t\t\t\t<\/div>\n\t\t\t\t\t<\/div>\n\t\t<\/div>\n\t\t\t\t<div class=\"elementor-column elementor-col-50 elementor-inner-column elementor-element elementor-element-149917b\" data-id=\"149917b\" data-element_type=\"column\" data-e-type=\"column\">\n\t\t\t<div class=\"elementor-widget-wrap elementor-element-populated\">\n\t\t\t\t\t\t<div class=\"elementor-element elementor-element-96e93e8 elementor-widget elementor-widget-heading\" data-id=\"96e93e8\" data-element_type=\"widget\" data-e-type=\"widget\" data-widget_type=\"heading.default\">\n\t\t\t\t<div class=\"elementor-widget-container\">\n\t\t\t\t\t<h2 class=\"elementor-heading-title elementor-size-default\">Nederlands<\/h2>\t\t\t\t<\/div>\n\t\t\t\t<\/div>\n\t\t\t\t<div class=\"elementor-element elementor-element-77e0759 elementor-widget elementor-widget-text-editor\" data-id=\"77e0759\" data-element_type=\"widget\" data-e-type=\"widget\" data-widget_type=\"text-editor.default\">\n\t\t\t\t<div class=\"elementor-widget-container\">\n\t\t\t\t\t\t\t\t\t<p>Ontdek Strasbourg vol met geschiedenis, Hoofdstad van het Europees parlement vlakbij de Duitse grens.<br \/>Een cultuur en architectuur met Duitse \u00e9n Franse invloed, maar ook een bekende stad voor de kerstmagie.<\/p><p><br \/>Toegang tot de &#8220;zaal&#8221; vanaf 19.30<br \/>Opening van de president : 20.00<br \/>Begin van conferentie : 20.05<br \/>Eindtijd van de conferentie: 20.45<br \/>Dialoog met Chlo\u00e9 Perrin: 15 min<br \/>Kerstliedjes: 10 min<br \/>Afsluiting rond 21.15<\/p><p>\u00a0<\/p>\t\t\t\t\t\t\t\t<\/div>\n\t\t\t\t<\/div>\n\t\t\t\t\t<\/div>\n\t\t<\/div>\n\t\t\t\t\t<\/div>\n\t\t<\/section>\n\t\t\t\t<div class=\"elementor-element elementor-element-1afd8c4 elementor-widget elementor-widget-heading\" data-id=\"1afd8c4\" data-element_type=\"widget\" data-e-type=\"widget\" data-widget_type=\"heading.default\">\n\t\t\t\t<div class=\"elementor-widget-container\">\n\t\t\t\t\t<h2 class=\"elementor-heading-title elementor-size-default\">Aanmelden Gesloten<\/h2>\t\t\t\t<\/div>\n\t\t\t\t<\/div>\n\t\t\t\t\t<\/div>\n\t\t<\/div>\n\t\t\t\t\t<\/div>\n\t\t<\/section>\n\t\t\t\t<\/div>\n\t\t","protected":false},"excerpt":{"rendered":"<p>Conf\u00e9rence Online: \u00c0 la decouverte de Strasbourg avec Madame Chlo\u00e9 Perrin Mercredi 16 d\u00e9cembre 2020\u00a0\u00e0 20h00 Fran\u00e7ais A la d\u00e9couverte de Strasbourg, charg\u00e9e d&#8217; histoire, si\u00e8ge officiel du Parlement europ\u00e9en [&hellip;]<\/p>\n","protected":false},"author":17,"featured_media":0,"parent":0,"menu_order":0,"comment_status":"closed","ping_status":"closed","template":"","meta":{"footnotes":""},"class_list":["post-937","page","type-page","status-publish","hentry"],"_links":{"self":[{"href":"https:\/\/www.alliance-francaise.nl\/eindhoven\/wp-json\/wp\/v2\/pages\/937","targetHints":{"allow":["GET"]}}],"collection":[{"href":"https:\/\/www.alliance-francaise.nl\/eindhoven\/wp-json\/wp\/v2\/pages"}],"about":[{"href":"https:\/\/www.alliance-francaise.nl\/eindhoven\/wp-json\/wp\/v2\/types\/page"}],"author":[{"embeddable":true,"href":"https:\/\/www.alliance-francaise.nl\/eindhoven\/wp-json\/wp\/v2\/users\/17"}],"replies":[{"embeddable":true,"href":"https:\/\/www.alliance-francaise.nl\/eindhoven\/wp-json\/wp\/v2\/comments?post=937"}],"version-history":[{"count":0,"href":"https:\/\/www.alliance-francaise.nl\/eindhoven\/wp-json\/wp\/v2\/pages\/937\/revisions"}],"wp:attachment":[{"href":"https:\/\/www.alliance-francaise.nl\/eindhoven\/wp-json\/wp\/v2\/media?parent=937"}],"curies":[{"name":"wp","href":"https:\/\/api.w.org\/{rel}","templated":true}]}}