{"id":7424,"date":"2026-04-14T15:09:06","date_gmt":"2026-04-14T13:09:06","guid":{"rendered":"https:\/\/www.alliance-francaise.nl\/eindhoven\/?page_id=7424"},"modified":"2026-04-14T17:00:37","modified_gmt":"2026-04-14T15:00:37","slug":"atelier-litterature-2026-2027","status":"publish","type":"page","link":"https:\/\/www.alliance-francaise.nl\/eindhoven\/atelier-litterature-2026-2027\/","title":{"rendered":"Tilburg &#8211; Literatuurworkshops 2026-2027"},"content":{"rendered":"\t\t<div data-elementor-type=\"wp-page\" data-elementor-id=\"7424\" class=\"elementor elementor-7424\" data-elementor-post-type=\"page\">\n\t\t\t\t\t\t<section class=\"elementor-section elementor-top-section elementor-element elementor-element-c1146fd elementor-section-boxed elementor-section-height-default elementor-section-height-default\" data-id=\"c1146fd\" data-element_type=\"section\" data-e-type=\"section\">\n\t\t\t\t\t\t<div class=\"elementor-container elementor-column-gap-default\">\n\t\t\t\t\t<div class=\"elementor-column elementor-col-100 elementor-top-column elementor-element elementor-element-d0abcc2\" data-id=\"d0abcc2\" data-element_type=\"column\" data-e-type=\"column\">\n\t\t\t<div class=\"elementor-widget-wrap elementor-element-populated\">\n\t\t\t\t\t\t<div class=\"elementor-element elementor-element-2c81e54 elementor-widget elementor-widget-image\" data-id=\"2c81e54\" data-element_type=\"widget\" data-e-type=\"widget\" data-widget_type=\"image.default\">\n\t\t\t\t<div class=\"elementor-widget-container\">\n\t\t\t\t\t\t\t\t\t\t\t\t\t\t\t<img fetchpriority=\"high\" decoding=\"async\" width=\"768\" height=\"352\" src=\"https:\/\/www.alliance-francaise.nl\/eindhoven\/wp-content\/uploads\/sites\/22\/2025\/05\/Header-Atelier-Litterature-Alliance-Francaise-Eindhoven_Tilburg-768x352.jpg\" class=\"attachment-medium_large size-medium_large wp-image-6307\" alt=\"\" srcset=\"https:\/\/www.alliance-francaise.nl\/eindhoven\/wp-content\/uploads\/sites\/22\/2025\/05\/Header-Atelier-Litterature-Alliance-Francaise-Eindhoven_Tilburg-768x352.jpg 768w, https:\/\/www.alliance-francaise.nl\/eindhoven\/wp-content\/uploads\/sites\/22\/2025\/05\/Header-Atelier-Litterature-Alliance-Francaise-Eindhoven_Tilburg-300x137.jpg 300w, https:\/\/www.alliance-francaise.nl\/eindhoven\/wp-content\/uploads\/sites\/22\/2025\/05\/Header-Atelier-Litterature-Alliance-Francaise-Eindhoven_Tilburg-1024x469.jpg 1024w, https:\/\/www.alliance-francaise.nl\/eindhoven\/wp-content\/uploads\/sites\/22\/2025\/05\/Header-Atelier-Litterature-Alliance-Francaise-Eindhoven_Tilburg-600x275.jpg 600w, https:\/\/www.alliance-francaise.nl\/eindhoven\/wp-content\/uploads\/sites\/22\/2025\/05\/Header-Atelier-Litterature-Alliance-Francaise-Eindhoven_Tilburg.jpg 1366w\" sizes=\"(max-width: 768px) 100vw, 768px\" \/>\t\t\t\t\t\t\t\t\t\t\t\t\t\t\t<\/div>\n\t\t\t\t<\/div>\n\t\t\t\t\t<\/div>\n\t\t<\/div>\n\t\t\t\t\t<\/div>\n\t\t<\/section>\n\t\t\t\t<section class=\"elementor-section elementor-top-section elementor-element elementor-element-7ef8ded elementor-section-boxed elementor-section-height-default elementor-section-height-default\" data-id=\"7ef8ded\" data-element_type=\"section\" data-e-type=\"section\">\n\t\t\t\t\t\t<div class=\"elementor-container elementor-column-gap-default\">\n\t\t\t\t\t<div class=\"elementor-column elementor-col-100 elementor-top-column elementor-element elementor-element-241b68c\" data-id=\"241b68c\" data-element_type=\"column\" data-e-type=\"column\">\n\t\t\t<div class=\"elementor-widget-wrap elementor-element-populated\">\n\t\t\t\t\t\t<div class=\"elementor-element elementor-element-80359d8 elementor-widget elementor-widget-heading\" data-id=\"80359d8\" data-element_type=\"widget\" data-e-type=\"widget\" data-widget_type=\"heading.default\">\n\t\t\t\t<div class=\"elementor-widget-container\">\n\t\t\t\t\t<h2 class=\"elementor-heading-title elementor-size-default\"><p><span style=\"color: var( --e-global-color-primary );font-size: 2rem\">Atelier d\u00e9couverte de la litt\u00e9rature fran\u00e7aise<\/span><span style=\"color: var( --e-global-color-primary );font-size: 2rem\"><\/span><br><\/p><\/h2>\t\t\t\t<\/div>\n\t\t\t\t<\/div>\n\t\t\t\t\t<\/div>\n\t\t<\/div>\n\t\t\t\t\t<\/div>\n\t\t<\/section>\n\t\t\t\t<section class=\"elementor-section elementor-top-section elementor-element elementor-element-34e2cfb elementor-section-boxed elementor-section-height-default elementor-section-height-default\" data-id=\"34e2cfb\" data-element_type=\"section\" data-e-type=\"section\">\n\t\t\t\t\t\t<div class=\"elementor-container elementor-column-gap-default\">\n\t\t\t\t\t<div class=\"elementor-column elementor-col-50 elementor-top-column elementor-element elementor-element-22baf0c\" data-id=\"22baf0c\" data-element_type=\"column\" data-e-type=\"column\">\n\t\t\t<div class=\"elementor-widget-wrap elementor-element-populated\">\n\t\t\t\t\t\t<div class=\"elementor-element elementor-element-0b67d92 elementor-widget elementor-widget-image\" data-id=\"0b67d92\" data-element_type=\"widget\" data-e-type=\"widget\" data-widget_type=\"image.default\">\n\t\t\t\t<div class=\"elementor-widget-container\">\n\t\t\t\t\t\t\t\t\t\t\t\t\t\t\t<img decoding=\"async\" width=\"480\" height=\"480\" src=\"https:\/\/www.alliance-francaise.nl\/eindhoven\/wp-content\/uploads\/sites\/22\/2026\/04\/Atelier-lit-2627.png\" class=\"attachment-large size-large wp-image-7412\" alt=\"\" srcset=\"https:\/\/www.alliance-francaise.nl\/eindhoven\/wp-content\/uploads\/sites\/22\/2026\/04\/Atelier-lit-2627.png 480w, https:\/\/www.alliance-francaise.nl\/eindhoven\/wp-content\/uploads\/sites\/22\/2026\/04\/Atelier-lit-2627-300x300.png 300w, https:\/\/www.alliance-francaise.nl\/eindhoven\/wp-content\/uploads\/sites\/22\/2026\/04\/Atelier-lit-2627-150x150.png 150w, https:\/\/www.alliance-francaise.nl\/eindhoven\/wp-content\/uploads\/sites\/22\/2026\/04\/Atelier-lit-2627-100x100.png 100w\" sizes=\"(max-width: 480px) 100vw, 480px\" \/>\t\t\t\t\t\t\t\t\t\t\t\t\t\t\t<\/div>\n\t\t\t\t<\/div>\n\t\t\t\t\t<\/div>\n\t\t<\/div>\n\t\t\t\t<div class=\"elementor-column elementor-col-50 elementor-top-column elementor-element elementor-element-42ca423\" data-id=\"42ca423\" data-element_type=\"column\" data-e-type=\"column\">\n\t\t\t<div class=\"elementor-widget-wrap elementor-element-populated\">\n\t\t\t\t\t\t<div class=\"elementor-element elementor-element-5765dfb elementor-widget elementor-widget-image\" data-id=\"5765dfb\" data-element_type=\"widget\" data-e-type=\"widget\" data-widget_type=\"image.default\">\n\t\t\t\t<div class=\"elementor-widget-container\">\n\t\t\t\t\t\t\t\t\t\t\t\t\t\t\t<img decoding=\"async\" width=\"480\" height=\"480\" src=\"https:\/\/www.alliance-francaise.nl\/eindhoven\/wp-content\/uploads\/sites\/22\/2026\/04\/2Atelier-lit-2627.png\" class=\"attachment-large size-large wp-image-7413\" alt=\"\" srcset=\"https:\/\/www.alliance-francaise.nl\/eindhoven\/wp-content\/uploads\/sites\/22\/2026\/04\/2Atelier-lit-2627.png 480w, https:\/\/www.alliance-francaise.nl\/eindhoven\/wp-content\/uploads\/sites\/22\/2026\/04\/2Atelier-lit-2627-300x300.png 300w, https:\/\/www.alliance-francaise.nl\/eindhoven\/wp-content\/uploads\/sites\/22\/2026\/04\/2Atelier-lit-2627-150x150.png 150w, https:\/\/www.alliance-francaise.nl\/eindhoven\/wp-content\/uploads\/sites\/22\/2026\/04\/2Atelier-lit-2627-100x100.png 100w\" sizes=\"(max-width: 480px) 100vw, 480px\" \/>\t\t\t\t\t\t\t\t\t\t\t\t\t\t\t<\/div>\n\t\t\t\t<\/div>\n\t\t\t\t\t<\/div>\n\t\t<\/div>\n\t\t\t\t\t<\/div>\n\t\t<\/section>\n\t\t\t\t<section class=\"elementor-section elementor-top-section elementor-element elementor-element-c3c23ff elementor-section-boxed elementor-section-height-default elementor-section-height-default\" data-id=\"c3c23ff\" data-element_type=\"section\" data-e-type=\"section\">\n\t\t\t\t\t\t<div class=\"elementor-container elementor-column-gap-default\">\n\t\t\t\t\t<div class=\"elementor-column elementor-col-100 elementor-top-column elementor-element elementor-element-fb87e9b\" data-id=\"fb87e9b\" data-element_type=\"column\" data-e-type=\"column\">\n\t\t\t<div class=\"elementor-widget-wrap elementor-element-populated\">\n\t\t\t\t\t\t<div class=\"elementor-element elementor-element-91cc149 elementor-widget elementor-widget-text-editor\" data-id=\"91cc149\" data-element_type=\"widget\" data-e-type=\"widget\" data-widget_type=\"text-editor.default\">\n\t\t\t\t<div class=\"elementor-widget-container\">\n\t\t\t\t\t\t\t\t\t<p><span style=\"font-weight: 400;color: #000000\">Vous aimez lire et souhaitez approfondir votre connaissance de la langue et de la culture fran\u00e7aise? Venez participer \u00e0 nos ateliers de d\u00e9couverte de la litt\u00e9rature.<\/span><\/p><p><span style=\"font-weight: 400;color: #000000\">\u00c0 partir d\u2019octobre 2026, au cours de cinq s\u00e9ances d\u2019une heure et demie, nous d\u00e9couvrirons et commenterons ensemble quelques \u0153uvres marquantes de la litt\u00e9rature fran\u00e7aise contemporaine.<\/span><\/p><p><span style=\"color: #000000\"><b><i>Petit pays\u00a0de Ga\u00ebl Faye,\u00a0<\/i><\/b><\/span><\/p><p><span style=\"color: #000000\"><b><i>Nobelle\u00a0de Sophie Fontanelle,\u00a0<\/i><\/b><\/span><\/p><p><span style=\"color: #000000\"><b><i>L&#8217;adversaire\u00a0d&#8217;Emmanuel Carr\u00e8re\u00a0<\/i><\/b><\/span><\/p><p><span style=\"color: #000000\"><b><i>L&#8217;astragale\u00a0d&#8217;Albertine Sarrazin<\/i><\/b><\/span><\/p><p>\u00a0<\/p><p><span style=\"color: #000000\"><b>Et un autre livre choisi selon les propositions des participants.<\/b><\/span><\/p><p><span style=\"color: #000000\"><span style=\"font-weight: 400\">Vous\u00a0pouvez vous inscrire pour participer \u00e0 cet atelier\u00a0<\/span><span style=\"font-weight: 400\">soit \u00e0 Eindhoven soit \u00e0 Tilburg.<\/span><\/span><\/p>\t\t\t\t\t\t\t\t<\/div>\n\t\t\t\t<\/div>\n\t\t\t\t<section class=\"elementor-section elementor-inner-section elementor-element elementor-element-00f0ffc elementor-section-boxed elementor-section-height-default elementor-section-height-default\" data-id=\"00f0ffc\" data-element_type=\"section\" data-e-type=\"section\">\n\t\t\t\t\t\t<div class=\"elementor-container elementor-column-gap-default\">\n\t\t\t\t\t<div class=\"elementor-column elementor-col-50 elementor-inner-column elementor-element elementor-element-433036b\" data-id=\"433036b\" data-element_type=\"column\" data-e-type=\"column\">\n\t\t\t<div class=\"elementor-widget-wrap elementor-element-populated\">\n\t\t\t\t\t\t<div class=\"elementor-element elementor-element-29df504 elementor-widget elementor-widget-heading\" data-id=\"29df504\" data-element_type=\"widget\" data-e-type=\"widget\" data-widget_type=\"heading.default\">\n\t\t\t\t<div class=\"elementor-widget-container\">\n\t\t\t\t\t<h2 class=\"elementor-heading-title elementor-size-default\">Eindhoven<\/h2>\t\t\t\t<\/div>\n\t\t\t\t<\/div>\n\t\t\t\t<div class=\"elementor-element elementor-element-7639bd7 elementor-widget elementor-widget-text-editor\" data-id=\"7639bd7\" data-element_type=\"widget\" data-e-type=\"widget\" data-widget_type=\"text-editor.default\">\n\t\t\t\t<div class=\"elementor-widget-container\">\n\t\t\t\t\t\t\t\t\t<p><span style=\"color: #000000\"><b>Les s\u00e9ances auront lieu le\u00a0mardi soir\u00a0de 18h45 \u00e0 20h15<\/b><\/span><\/p><p><span style=\"color: #000000\"><b>Lieu :\u00a0Van Maerlantlyceum<\/b><span style=\"font-weight: 400\">\u00a0\u2013 Jacob van Maerlantlaan 11, 5615 JS Eindhoven<\/span><\/span><\/p><p><span style=\"color: #000000\"><b>Tarif\u00a0:<\/b><span style=\"font-weight: 400\">\u00a0\u20ac 155 (livres non inclus)<\/span><\/span><\/p><p><span style=\"color: #000000\"><b>Premi\u00e8re s\u00e9ance\u00a0: mardi 27 octobre 2026<\/b><\/span><\/p><p><span style=\"color: #000000\"><span style=\"font-weight: 400\">2e s\u00e9ance : 24 novembre 2026<\/span><span style=\"font-weight: 400\"><br \/><\/span><span style=\"font-weight: 400\">3e: 12 janvier 2027<\/span><span style=\"font-weight: 400\"><br \/><\/span><span style=\"font-weight: 400\">4e: 23 fevrier 2027<\/span><span style=\"font-weight: 400\"><br \/><\/span><span style=\"font-weight: 400\">Derni\u00e8re s\u00e9ance: 6 avril 2027<\/span><\/span><\/p><p><span style=\"color: #000000\"><b>Informations: Sophie Hery \u2013\u00a0<\/b><a style=\"color: #000000\" href=\"mailto:cursus.eindhoven@afpb.nl\"><b>cursus.eindhoven@afpb.nl<\/b><\/a><b>\u00a0<\/b><\/span><\/p><p><span style=\"color: #000000\"><b>06 83 21 47 77<\/b><\/span><\/p>\t\t\t\t\t\t\t\t<\/div>\n\t\t\t\t<\/div>\n\t\t\t\t<div class=\"elementor-element elementor-element-02199eb elementor-align-center elementor-widget elementor-widget-button\" data-id=\"02199eb\" data-element_type=\"widget\" data-e-type=\"widget\" data-widget_type=\"button.default\">\n\t\t\t\t<div class=\"elementor-widget-container\">\n\t\t\t\t\t\t\t\t\t<div class=\"elementor-button-wrapper\">\n\t\t\t\t\t<a class=\"elementor-button elementor-button-link elementor-size-sm\" href=\"https:\/\/www.alliance-francaise.nl\/eindhoven\/product\/atelier-de-la-litterature\/\">\n\t\t\t\t\t\t<span class=\"elementor-button-content-wrapper\">\n\t\t\t\t\t\t\t\t\t<span class=\"elementor-button-text\">Je m'inscris pour participer \u00e0 Eindhoven<\/span>\n\t\t\t\t\t<\/span>\n\t\t\t\t\t<\/a>\n\t\t\t\t<\/div>\n\t\t\t\t\t\t\t\t<\/div>\n\t\t\t\t<\/div>\n\t\t\t\t\t<\/div>\n\t\t<\/div>\n\t\t\t\t<div class=\"elementor-column elementor-col-50 elementor-inner-column elementor-element elementor-element-88c701d\" data-id=\"88c701d\" data-element_type=\"column\" data-e-type=\"column\">\n\t\t\t<div class=\"elementor-widget-wrap elementor-element-populated\">\n\t\t\t\t\t\t<div class=\"elementor-element elementor-element-dad909a elementor-widget elementor-widget-heading\" data-id=\"dad909a\" data-element_type=\"widget\" data-e-type=\"widget\" data-widget_type=\"heading.default\">\n\t\t\t\t<div class=\"elementor-widget-container\">\n\t\t\t\t\t<h2 class=\"elementor-heading-title elementor-size-default\">Tilburg<\/h2>\t\t\t\t<\/div>\n\t\t\t\t<\/div>\n\t\t\t\t<div class=\"elementor-element elementor-element-e4f75c5 elementor-widget elementor-widget-text-editor\" data-id=\"e4f75c5\" data-element_type=\"widget\" data-e-type=\"widget\" data-widget_type=\"text-editor.default\">\n\t\t\t\t<div class=\"elementor-widget-container\">\n\t\t\t\t\t\t\t\t\t<p><span style=\"color: #000000\"><b>Les s\u00e9ances auront lieu le mercredi soir de 19h00 \u00e0 20h30<\/b><\/span><\/p><p><span style=\"color: #000000\"><b>Lieu : MFA de Poorten\u00a0<\/b><span style=\"font-weight: 400\">\u2013 Hasseltstraat 194, 5046 LP Tilburg.\u00a0\u00a0\u00a0\u00a0\u00a0\u00a0\u00a0\u00a0\u00a0\u00a0\u00a0\u00a0\u00a0<\/span><b><br \/><br \/><\/b><\/span><\/p><p><span style=\"color: #000000\"><b>Tarif\u00a0:<\/b><span style=\"font-weight: 400\">\u00a0\u20ac 155 (livres non inclus)<\/span><\/span><\/p><p><span style=\"color: #000000\"><b>Premi\u00e8re s\u00e9ance\u00a0: mercredi 28 octobre 2026<\/b><\/span><\/p><p><span style=\"color: #000000\"><span style=\"font-weight: 400\">2e s\u00e9ance : 25 novembre 2026<\/span><span style=\"font-weight: 400\"><br \/><\/span><span style=\"font-weight: 400\">3e: 13 janvier 2027<\/span><span style=\"font-weight: 400\"><br \/><\/span><span style=\"font-weight: 400\">4e: 24 fevrier 2027<\/span><span style=\"font-weight: 400\"><br \/><\/span><span style=\"font-weight: 400\">Derni\u00e8re s\u00e9ance: 7 avril 2027<\/span><\/span><\/p><p><span style=\"color: #000000\"><b>Informations: Elsa de Barros \u2013\u00a0<\/b><a style=\"color: #000000\" href=\"mailto:cursus.tilbourg@afpb.nl\"><b>cursus.tilbourg@afpb.nl<\/b><\/a><b>\u00a0<\/b><\/span><\/p><p><span style=\"color: #000000\"><b>06 52 26 20 32<\/b><\/span><\/p>\t\t\t\t\t\t\t\t<\/div>\n\t\t\t\t<\/div>\n\t\t\t\t<div class=\"elementor-element elementor-element-58f1a37 elementor-align-center elementor-widget elementor-widget-button\" data-id=\"58f1a37\" data-element_type=\"widget\" data-e-type=\"widget\" data-widget_type=\"button.default\">\n\t\t\t\t<div class=\"elementor-widget-container\">\n\t\t\t\t\t\t\t\t\t<div class=\"elementor-button-wrapper\">\n\t\t\t\t\t<a class=\"elementor-button elementor-button-link elementor-size-sm\" href=\"https:\/\/www.alliance-francaise.nl\/eindhoven\/product\/atelier-litterature-francaise-tilburg\/\">\n\t\t\t\t\t\t<span class=\"elementor-button-content-wrapper\">\n\t\t\t\t\t\t\t\t\t<span class=\"elementor-button-text\">Je m'inscris pour participer \u00e0 Tilburg<\/span>\n\t\t\t\t\t<\/span>\n\t\t\t\t\t<\/a>\n\t\t\t\t<\/div>\n\t\t\t\t\t\t\t\t<\/div>\n\t\t\t\t<\/div>\n\t\t\t\t\t<\/div>\n\t\t<\/div>\n\t\t\t\t\t<\/div>\n\t\t<\/section>\n\t\t\t\t\t<\/div>\n\t\t<\/div>\n\t\t\t\t\t<\/div>\n\t\t<\/section>\n\t\t\t\t<\/div>\n\t\t","protected":false},"excerpt":{"rendered":"<p>Atelier d\u00e9couverte de la litt\u00e9rature fran\u00e7aise Vous aimez lire et souhaitez approfondir votre connaissance de la langue et de la culture fran\u00e7aise? Venez participer \u00e0 nos ateliers de d\u00e9couverte de [&hellip;]<\/p>\n","protected":false},"author":17,"featured_media":0,"parent":0,"menu_order":0,"comment_status":"closed","ping_status":"closed","template":"","meta":{"footnotes":""},"class_list":["post-7424","page","type-page","status-publish","hentry"],"_links":{"self":[{"href":"https:\/\/www.alliance-francaise.nl\/eindhoven\/wp-json\/wp\/v2\/pages\/7424","targetHints":{"allow":["GET"]}}],"collection":[{"href":"https:\/\/www.alliance-francaise.nl\/eindhoven\/wp-json\/wp\/v2\/pages"}],"about":[{"href":"https:\/\/www.alliance-francaise.nl\/eindhoven\/wp-json\/wp\/v2\/types\/page"}],"author":[{"embeddable":true,"href":"https:\/\/www.alliance-francaise.nl\/eindhoven\/wp-json\/wp\/v2\/users\/17"}],"replies":[{"embeddable":true,"href":"https:\/\/www.alliance-francaise.nl\/eindhoven\/wp-json\/wp\/v2\/comments?post=7424"}],"version-history":[{"count":9,"href":"https:\/\/www.alliance-francaise.nl\/eindhoven\/wp-json\/wp\/v2\/pages\/7424\/revisions"}],"predecessor-version":[{"id":7462,"href":"https:\/\/www.alliance-francaise.nl\/eindhoven\/wp-json\/wp\/v2\/pages\/7424\/revisions\/7462"}],"wp:attachment":[{"href":"https:\/\/www.alliance-francaise.nl\/eindhoven\/wp-json\/wp\/v2\/media?parent=7424"}],"curies":[{"name":"wp","href":"https:\/\/api.w.org\/{rel}","templated":true}]}}