{"id":2121,"date":"2021-03-03T19:20:40","date_gmt":"2021-03-03T18:20:40","guid":{"rendered":"https:\/\/www.alliance-francaise.nl\/eindhoven\/?page_id=2121"},"modified":"2021-03-03T19:26:31","modified_gmt":"2021-03-03T18:26:31","slug":"magali-michaut","status":"publish","type":"page","link":"https:\/\/www.alliance-francaise.nl\/eindhoven\/magali-michaut\/","title":{"rendered":""},"content":{"rendered":"\t\t<div data-elementor-type=\"wp-page\" data-elementor-id=\"2121\" class=\"elementor elementor-2121\" data-elementor-post-type=\"page\">\n\t\t\t\t\t\t<section class=\"elementor-section elementor-top-section elementor-element elementor-element-55402dc elementor-section-boxed elementor-section-height-default elementor-section-height-default\" data-id=\"55402dc\" data-element_type=\"section\" data-e-type=\"section\">\n\t\t\t\t\t\t<div class=\"elementor-container elementor-column-gap-default\">\n\t\t\t\t\t<div class=\"elementor-column elementor-col-50 elementor-top-column elementor-element elementor-element-c06b2ad\" data-id=\"c06b2ad\" data-element_type=\"column\" data-e-type=\"column\">\n\t\t\t<div class=\"elementor-widget-wrap elementor-element-populated\">\n\t\t\t\t\t\t<div class=\"elementor-element elementor-element-917e123 elementor-widget elementor-widget-image\" data-id=\"917e123\" data-element_type=\"widget\" data-e-type=\"widget\" data-widget_type=\"image.default\">\n\t\t\t\t<div class=\"elementor-widget-container\">\n\t\t\t\t\t\t\t\t\t\t\t\t\t\t\t<img fetchpriority=\"high\" decoding=\"async\" width=\"368\" height=\"516\" src=\"https:\/\/www.alliance-francaise.nl\/eindhoven\/wp-content\/uploads\/sites\/22\/2020\/10\/Magali_Michaut_1.png\" class=\"attachment-large size-large wp-image-1275\" alt=\"\" srcset=\"https:\/\/www.alliance-francaise.nl\/eindhoven\/wp-content\/uploads\/sites\/22\/2020\/10\/Magali_Michaut_1.png 368w, https:\/\/www.alliance-francaise.nl\/eindhoven\/wp-content\/uploads\/sites\/22\/2020\/10\/Magali_Michaut_1-214x300.png 214w\" sizes=\"(max-width: 368px) 100vw, 368px\" \/>\t\t\t\t\t\t\t\t\t\t\t\t\t\t\t<\/div>\n\t\t\t\t<\/div>\n\t\t\t\t\t<\/div>\n\t\t<\/div>\n\t\t\t\t<div class=\"elementor-column elementor-col-50 elementor-top-column elementor-element elementor-element-4f245bb\" data-id=\"4f245bb\" data-element_type=\"column\" data-e-type=\"column\">\n\t\t\t<div class=\"elementor-widget-wrap elementor-element-populated\">\n\t\t\t\t\t\t<div class=\"elementor-element elementor-element-0a5b68a elementor-widget elementor-widget-heading\" data-id=\"0a5b68a\" data-element_type=\"widget\" data-e-type=\"widget\" data-widget_type=\"heading.default\">\n\t\t\t\t<div class=\"elementor-widget-container\">\n\t\t\t\t\t<h2 class=\"elementor-heading-title elementor-size-default\">Magali Michaut<\/h2>\t\t\t\t<\/div>\n\t\t\t\t<\/div>\n\t\t\t\t<div class=\"elementor-element elementor-element-2a4c89e elementor-widget elementor-widget-text-editor\" data-id=\"2a4c89e\" data-element_type=\"widget\" data-e-type=\"widget\" data-widget_type=\"text-editor.default\">\n\t\t\t\t<div class=\"elementor-widget-container\">\n\t\t\t\t\t\t\t\t\t<p>Concert online avec Magali Michaut<\/p><p>Pour une qualit\u00e9 de son optimale, nous sommes limit\u00e9s \u00e0 100 personnes \/\u00a0 Voor een optimale kwaliteit zijn wij genoodzaakt ons tot 100 deelnemers te beperken!<br \/><br \/><\/p><p><b>Cette soir\u00e9e sera anim\u00e9e par Marie-Jos\u00e9 Plaza<\/b><\/p><p><strong>Deze avond wordt verzorgd door Marie-Jos\u00e9 Plaza<\/strong><\/p><p><strong>Jeudi 15 Octobre 2020 &#8211; 20h<\/strong><\/p>\t\t\t\t\t\t\t\t<\/div>\n\t\t\t\t<\/div>\n\t\t\t\t<div class=\"elementor-element elementor-element-6fa4651 elementor-widget elementor-widget-heading\" data-id=\"6fa4651\" data-element_type=\"widget\" data-e-type=\"widget\" data-widget_type=\"heading.default\">\n\t\t\t\t<div class=\"elementor-widget-container\">\n\t\t\t\t\t<h2 class=\"elementor-heading-title elementor-size-default\">Aanmelden Gesloten!<\/h2>\t\t\t\t<\/div>\n\t\t\t\t<\/div>\n\t\t\t\t\t<\/div>\n\t\t<\/div>\n\t\t\t\t\t<\/div>\n\t\t<\/section>\n\t\t\t\t<\/div>\n\t\t","protected":false},"excerpt":{"rendered":"<p>Magali Michaut Concert online avec Magali Michaut Pour une qualit\u00e9 de son optimale, nous sommes limit\u00e9s \u00e0 100 personnes \/\u00a0 Voor een optimale kwaliteit zijn wij genoodzaakt ons tot 100 [&hellip;]<\/p>\n","protected":false},"author":17,"featured_media":0,"parent":0,"menu_order":0,"comment_status":"closed","ping_status":"closed","template":"","meta":{"footnotes":""},"class_list":["post-2121","page","type-page","status-publish","hentry"],"_links":{"self":[{"href":"https:\/\/www.alliance-francaise.nl\/eindhoven\/wp-json\/wp\/v2\/pages\/2121","targetHints":{"allow":["GET"]}}],"collection":[{"href":"https:\/\/www.alliance-francaise.nl\/eindhoven\/wp-json\/wp\/v2\/pages"}],"about":[{"href":"https:\/\/www.alliance-francaise.nl\/eindhoven\/wp-json\/wp\/v2\/types\/page"}],"author":[{"embeddable":true,"href":"https:\/\/www.alliance-francaise.nl\/eindhoven\/wp-json\/wp\/v2\/users\/17"}],"replies":[{"embeddable":true,"href":"https:\/\/www.alliance-francaise.nl\/eindhoven\/wp-json\/wp\/v2\/comments?post=2121"}],"version-history":[{"count":0,"href":"https:\/\/www.alliance-francaise.nl\/eindhoven\/wp-json\/wp\/v2\/pages\/2121\/revisions"}],"wp:attachment":[{"href":"https:\/\/www.alliance-francaise.nl\/eindhoven\/wp-json\/wp\/v2\/media?parent=2121"}],"curies":[{"name":"wp","href":"https:\/\/api.w.org\/{rel}","templated":true}]}}