{"id":143,"date":"2019-10-18T10:17:25","date_gmt":"2019-10-18T10:17:25","guid":{"rendered":"https:\/\/www.alliance-francaise.nl\/2020\/ede-wageningen\/?page_id=143"},"modified":"2026-01-11T11:24:49","modified_gmt":"2026-01-11T11:24:49","slug":"charte-de-qualite","status":"publish","type":"page","link":"https:\/\/www.alliance-francaise.nl\/ede-wageningen\/cursus\/charte-de-qualite\/","title":{"rendered":"Charte de Qualit\u00e9"},"content":{"rendered":"\t\t<div data-elementor-type=\"wp-page\" data-elementor-id=\"143\" class=\"elementor elementor-143\" data-elementor-post-type=\"page\">\n\t\t\t\t\t\t<section class=\"elementor-section elementor-top-section elementor-element elementor-element-48094aa2 elementor-section-boxed elementor-section-height-default elementor-section-height-default\" data-id=\"48094aa2\" data-element_type=\"section\" data-e-type=\"section\" data-settings=\"{&quot;background_background&quot;:&quot;classic&quot;}\">\n\t\t\t\t\t\t<div class=\"elementor-container elementor-column-gap-default\">\n\t\t\t\t\t<div class=\"elementor-column elementor-col-100 elementor-top-column elementor-element elementor-element-37499325\" data-id=\"37499325\" data-element_type=\"column\" data-e-type=\"column\">\n\t\t\t<div class=\"elementor-widget-wrap\">\n\t\t\t\t\t\t\t<\/div>\n\t\t<\/div>\n\t\t\t\t\t<\/div>\n\t\t<\/section>\n\t\t\t\t<section class=\"elementor-section elementor-top-section elementor-element elementor-element-3bfdaca1 elementor-section-boxed elementor-section-height-default elementor-section-height-default\" data-id=\"3bfdaca1\" data-element_type=\"section\" data-e-type=\"section\">\n\t\t\t\t\t\t<div class=\"elementor-container elementor-column-gap-default\">\n\t\t\t\t\t<div class=\"elementor-column elementor-col-100 elementor-top-column elementor-element elementor-element-4d05da94\" data-id=\"4d05da94\" data-element_type=\"column\" data-e-type=\"column\" data-settings=\"{&quot;background_background&quot;:&quot;classic&quot;}\">\n\t\t\t<div class=\"elementor-widget-wrap elementor-element-populated\">\n\t\t\t\t\t<div class=\"elementor-background-overlay\"><\/div>\n\t\t\t\t\t\t<div class=\"elementor-element elementor-element-ab08941 elementor-widget elementor-widget-heading\" data-id=\"ab08941\" data-element_type=\"widget\" data-e-type=\"widget\" data-widget_type=\"heading.default\">\n\t\t\t\t<div class=\"elementor-widget-container\">\n\t\t\t\t\t<h1 class=\"elementor-heading-title elementor-size-default\">Charte de qualit\u00e9 \u2013 Kwaliteitsverklaring<\/h1>\t\t\t\t<\/div>\n\t\t\t\t<\/div>\n\t\t\t\t\t<\/div>\n\t\t<\/div>\n\t\t\t\t\t<\/div>\n\t\t<\/section>\n\t\t\t\t<section class=\"elementor-section elementor-top-section elementor-element elementor-element-76702a9 elementor-section-boxed elementor-section-height-default elementor-section-height-default\" data-id=\"76702a9\" data-element_type=\"section\" data-e-type=\"section\">\n\t\t\t\t\t\t<div class=\"elementor-container elementor-column-gap-default\">\n\t\t\t\t\t<div class=\"elementor-column elementor-col-50 elementor-top-column elementor-element elementor-element-7ebab4e2\" data-id=\"7ebab4e2\" data-element_type=\"column\" data-e-type=\"column\">\n\t\t\t<div class=\"elementor-widget-wrap elementor-element-populated\">\n\t\t\t\t\t\t<div class=\"elementor-element elementor-element-374c677 elementor-widget elementor-widget-text-editor\" data-id=\"374c677\" data-element_type=\"widget\" data-e-type=\"widget\" data-widget_type=\"text-editor.default\">\n\t\t\t\t<div class=\"elementor-widget-container\">\n\t\t\t\t\t\t\t\t\t<h4><span style=\"color: #da002e\"><u>Charte de qualit\u00e9<\/u><\/span><\/h4><p>Les Alliances fran\u00e7aises des Pays-Bas forment un\u00a0<b>r\u00e9seau national\u00a0<\/b>dont le projet p\u00e9dagogique est inspir\u00e9 par les sp\u00e9cificit\u00e9s du territoire et du public.<\/p>\t\t\t\t\t\t\t\t<\/div>\n\t\t\t\t<\/div>\n\t\t\t\t\t<\/div>\n\t\t<\/div>\n\t\t\t\t<div class=\"elementor-column elementor-col-50 elementor-top-column elementor-element elementor-element-79b642d5\" data-id=\"79b642d5\" data-element_type=\"column\" data-e-type=\"column\">\n\t\t\t<div class=\"elementor-widget-wrap elementor-element-populated\">\n\t\t\t\t\t\t<div class=\"elementor-element elementor-element-201a6b5 elementor-widget elementor-widget-text-editor\" data-id=\"201a6b5\" data-element_type=\"widget\" data-e-type=\"widget\" data-widget_type=\"text-editor.default\">\n\t\t\t\t<div class=\"elementor-widget-container\">\n\t\t\t\t\t\t\t\t\t<h4><span style=\"color: #da002e\"><u>Kwaliteitsverklaring<\/u><\/span><\/h4><p>\u00a0<span style=\"font-size: 1rem\">De Alliances Fran\u00e7aises van Nederland vormen een\u00a0<b>nationaal netwerk<\/b>\u00a0met een cursusaanbod dat de specifieke kenmerken van Nederland en het Nederlandse publiek als uitgangspunt heeft.<\/span><\/p>\t\t\t\t\t\t\t\t<\/div>\n\t\t\t\t<\/div>\n\t\t\t\t\t<\/div>\n\t\t<\/div>\n\t\t\t\t\t<\/div>\n\t\t<\/section>\n\t\t\t\t<section class=\"elementor-section elementor-top-section elementor-element elementor-element-694faea4 elementor-section-boxed elementor-section-height-default elementor-section-height-default\" data-id=\"694faea4\" data-element_type=\"section\" data-e-type=\"section\">\n\t\t\t\t\t\t<div class=\"elementor-container elementor-column-gap-default\">\n\t\t\t\t\t<div class=\"elementor-column elementor-col-50 elementor-top-column elementor-element elementor-element-359d6dde\" data-id=\"359d6dde\" data-element_type=\"column\" data-e-type=\"column\">\n\t\t\t<div class=\"elementor-widget-wrap elementor-element-populated\">\n\t\t\t\t\t\t<div class=\"elementor-element elementor-element-5ff1fd47 elementor-widget elementor-widget-text-editor\" data-id=\"5ff1fd47\" data-element_type=\"widget\" data-e-type=\"widget\" data-widget_type=\"text-editor.default\">\n\t\t\t\t<div class=\"elementor-widget-container\">\n\t\t\t\t\t\t\t\t\t<p><span style=\"font-size: 1rem\"><b>L&#8217;offre de cours<\/b>\u00a0est fond\u00e9e sur le Cadre europ\u00e9en commun de r\u00e9f\u00e9rences pour les langues.<\/span><\/p>\t\t\t\t\t\t\t\t<\/div>\n\t\t\t\t<\/div>\n\t\t\t\t\t<\/div>\n\t\t<\/div>\n\t\t\t\t<div class=\"elementor-column elementor-col-50 elementor-top-column elementor-element elementor-element-7a4ae422\" data-id=\"7a4ae422\" data-element_type=\"column\" data-e-type=\"column\">\n\t\t\t<div class=\"elementor-widget-wrap elementor-element-populated\">\n\t\t\t\t\t\t<div class=\"elementor-element elementor-element-3ad8b08 elementor-widget elementor-widget-text-editor\" data-id=\"3ad8b08\" data-element_type=\"widget\" data-e-type=\"widget\" data-widget_type=\"text-editor.default\">\n\t\t\t\t<div class=\"elementor-widget-container\">\n\t\t\t\t\t\t\t\t\t<p><span style=\"font-size: 1rem\"><b>Het\u00a0cursusaanbod<\/b>\u00a0is gebaseerd is op het Europese referentiekader voor de talen.<\/span><\/p>\t\t\t\t\t\t\t\t<\/div>\n\t\t\t\t<\/div>\n\t\t\t\t\t<\/div>\n\t\t<\/div>\n\t\t\t\t\t<\/div>\n\t\t<\/section>\n\t\t\t\t<section class=\"elementor-section elementor-top-section elementor-element elementor-element-3d423dac elementor-section-boxed elementor-section-height-default elementor-section-height-default\" data-id=\"3d423dac\" data-element_type=\"section\" data-e-type=\"section\">\n\t\t\t\t\t\t<div class=\"elementor-container elementor-column-gap-default\">\n\t\t\t\t\t<div class=\"elementor-column elementor-col-50 elementor-top-column elementor-element elementor-element-31187025\" data-id=\"31187025\" data-element_type=\"column\" data-e-type=\"column\">\n\t\t\t<div class=\"elementor-widget-wrap elementor-element-populated\">\n\t\t\t\t\t\t<div class=\"elementor-element elementor-element-1aa41180 elementor-widget elementor-widget-text-editor\" data-id=\"1aa41180\" data-element_type=\"widget\" data-e-type=\"widget\" data-widget_type=\"text-editor.default\">\n\t\t\t\t<div class=\"elementor-widget-container\">\n\t\t\t\t\t\t\t\t\t<p><span style=\"font-size: 1rem\">Les enseignants, ayant le fran\u00e7ais pour langue maternelle ou langue seconde, sont\u00a0<b>dipl\u00f4m\u00e9s\u00a0<\/b>en Fran\u00e7ais langue \u00e9trang\u00e8re et\u00a0<b>comp\u00e9tents<\/b>. Ils actualisent leur savoir-faire dans le cadre de la formation continue.<\/span><\/p>\t\t\t\t\t\t\t\t<\/div>\n\t\t\t\t<\/div>\n\t\t\t\t\t<\/div>\n\t\t<\/div>\n\t\t\t\t<div class=\"elementor-column elementor-col-50 elementor-top-column elementor-element elementor-element-5cd08448\" data-id=\"5cd08448\" data-element_type=\"column\" data-e-type=\"column\">\n\t\t\t<div class=\"elementor-widget-wrap elementor-element-populated\">\n\t\t\t\t\t\t<div class=\"elementor-element elementor-element-41185dbe elementor-widget elementor-widget-text-editor\" data-id=\"41185dbe\" data-element_type=\"widget\" data-e-type=\"widget\" data-widget_type=\"text-editor.default\">\n\t\t\t\t<div class=\"elementor-widget-container\">\n\t\t\t\t\t\t\t\t\t<p><span style=\"font-size: 1rem\">De docenten, die Frans als moedertaal dan wel als tweede taal hebben, zijn\u00a0<b>vakkundig<\/b>\u00a0en\u00a0<b>bevoegd.<\/b> Door middel van na- en bijscholing actualiseren zij voortdurend hun kennis en vakkundigheid.<\/span><\/p>\t\t\t\t\t\t\t\t<\/div>\n\t\t\t\t<\/div>\n\t\t\t\t\t<\/div>\n\t\t<\/div>\n\t\t\t\t\t<\/div>\n\t\t<\/section>\n\t\t\t\t<section class=\"elementor-section elementor-top-section elementor-element elementor-element-59ae080d elementor-section-boxed elementor-section-height-default elementor-section-height-default\" data-id=\"59ae080d\" data-element_type=\"section\" data-e-type=\"section\">\n\t\t\t\t\t\t<div class=\"elementor-container elementor-column-gap-default\">\n\t\t\t\t\t<div class=\"elementor-column elementor-col-50 elementor-top-column elementor-element elementor-element-1ea351e7\" data-id=\"1ea351e7\" data-element_type=\"column\" data-e-type=\"column\">\n\t\t\t<div class=\"elementor-widget-wrap elementor-element-populated\">\n\t\t\t\t\t\t<div class=\"elementor-element elementor-element-3a305432 elementor-widget elementor-widget-text-editor\" data-id=\"3a305432\" data-element_type=\"widget\" data-e-type=\"widget\" data-widget_type=\"text-editor.default\">\n\t\t\t\t<div class=\"elementor-widget-container\">\n\t\t\t\t\t\t\t\t\t<p><span style=\"font-size: 1rem\"><strong>L&#8217;offre de cours<\/strong>\u00a0est\u00a0<b>diversifi\u00e9e<\/b>\u00a0et adapt\u00e9e aux besoins des apprenants.<\/span><\/p>\t\t\t\t\t\t\t\t<\/div>\n\t\t\t\t<\/div>\n\t\t\t\t\t<\/div>\n\t\t<\/div>\n\t\t\t\t<div class=\"elementor-column elementor-col-50 elementor-top-column elementor-element elementor-element-27c2dff5\" data-id=\"27c2dff5\" data-element_type=\"column\" data-e-type=\"column\">\n\t\t\t<div class=\"elementor-widget-wrap elementor-element-populated\">\n\t\t\t\t\t\t<div class=\"elementor-element elementor-element-243f0486 elementor-widget elementor-widget-text-editor\" data-id=\"243f0486\" data-element_type=\"widget\" data-e-type=\"widget\" data-widget_type=\"text-editor.default\">\n\t\t\t\t<div class=\"elementor-widget-container\">\n\t\t\t\t\t\t\t\t\t<p><span style=\"font-size: 1rem\">Er is een\u00a0<b>breed\u00a0cursusaanbod<\/b>\u00a0dat aansluit bij de behoeften van de cursisten.<\/span><\/p>\t\t\t\t\t\t\t\t<\/div>\n\t\t\t\t<\/div>\n\t\t\t\t\t<\/div>\n\t\t<\/div>\n\t\t\t\t\t<\/div>\n\t\t<\/section>\n\t\t\t\t<section class=\"elementor-section elementor-top-section elementor-element elementor-element-7e89e58e elementor-section-boxed elementor-section-height-default elementor-section-height-default\" data-id=\"7e89e58e\" data-element_type=\"section\" data-e-type=\"section\">\n\t\t\t\t\t\t<div class=\"elementor-container elementor-column-gap-default\">\n\t\t\t\t\t<div class=\"elementor-column elementor-col-50 elementor-top-column elementor-element elementor-element-1cd3657f\" data-id=\"1cd3657f\" data-element_type=\"column\" data-e-type=\"column\">\n\t\t\t<div class=\"elementor-widget-wrap elementor-element-populated\">\n\t\t\t\t\t\t<div class=\"elementor-element elementor-element-5163a150 elementor-widget elementor-widget-text-editor\" data-id=\"5163a150\" data-element_type=\"widget\" data-e-type=\"widget\" data-widget_type=\"text-editor.default\">\n\t\t\t\t<div class=\"elementor-widget-container\">\n\t\t\t\t\t\t\t\t\t<p><span style=\"font-size: 1rem\">Une\u00a0<b>\u00e9valuation personnalis\u00e9e<\/b>, gratuite et sans engagement est propos\u00e9e avant l\u2019inscription.<\/span><\/p>\t\t\t\t\t\t\t\t<\/div>\n\t\t\t\t<\/div>\n\t\t\t\t\t<\/div>\n\t\t<\/div>\n\t\t\t\t<div class=\"elementor-column elementor-col-50 elementor-top-column elementor-element elementor-element-9e69d9d\" data-id=\"9e69d9d\" data-element_type=\"column\" data-e-type=\"column\">\n\t\t\t<div class=\"elementor-widget-wrap elementor-element-populated\">\n\t\t\t\t\t\t<div class=\"elementor-element elementor-element-64c310c6 elementor-widget elementor-widget-text-editor\" data-id=\"64c310c6\" data-element_type=\"widget\" data-e-type=\"widget\" data-widget_type=\"text-editor.default\">\n\t\t\t\t<div class=\"elementor-widget-container\">\n\t\t\t\t\t\t\t\t\t<p><span style=\"font-size: 1rem\">Een vrijblijvende\u00a0<b>persoonlijke niveaubepaling<\/b>\u00a0wordt voor de inschrijving aangeboden. Er is een breed cursusaanbod dat aansluit bij de behoeften van de cursisten.<\/span><\/p>\t\t\t\t\t\t\t\t<\/div>\n\t\t\t\t<\/div>\n\t\t\t\t\t<\/div>\n\t\t<\/div>\n\t\t\t\t\t<\/div>\n\t\t<\/section>\n\t\t\t\t<section class=\"elementor-section elementor-top-section elementor-element elementor-element-4e8ab49e elementor-section-boxed elementor-section-height-default elementor-section-height-default\" data-id=\"4e8ab49e\" data-element_type=\"section\" data-e-type=\"section\">\n\t\t\t\t\t\t<div class=\"elementor-container elementor-column-gap-default\">\n\t\t\t\t\t<div class=\"elementor-column elementor-col-50 elementor-top-column elementor-element elementor-element-17e41fdf\" data-id=\"17e41fdf\" data-element_type=\"column\" data-e-type=\"column\">\n\t\t\t<div class=\"elementor-widget-wrap elementor-element-populated\">\n\t\t\t\t\t\t<div class=\"elementor-element elementor-element-57acff38 elementor-widget elementor-widget-text-editor\" data-id=\"57acff38\" data-element_type=\"widget\" data-e-type=\"widget\" data-widget_type=\"text-editor.default\">\n\t\t\t\t<div class=\"elementor-widget-container\">\n\t\t\t\t\t\t\t\t\t<p><span style=\"font-size: 1rem\">Les<b>\u00a0m\u00e9thodes\u00a0<\/b>utilis\u00e9es sont communicatives et actionnelles\u00a0; elles sont fond\u00e9es sur le<b>\u00a0Cadre europ\u00e9en<\/b>.<\/span><\/p>\t\t\t\t\t\t\t\t<\/div>\n\t\t\t\t<\/div>\n\t\t\t\t\t<\/div>\n\t\t<\/div>\n\t\t\t\t<div class=\"elementor-column elementor-col-50 elementor-top-column elementor-element elementor-element-4082ea5c\" data-id=\"4082ea5c\" data-element_type=\"column\" data-e-type=\"column\">\n\t\t\t<div class=\"elementor-widget-wrap elementor-element-populated\">\n\t\t\t\t\t\t<div class=\"elementor-element elementor-element-1468c438 elementor-widget elementor-widget-text-editor\" data-id=\"1468c438\" data-element_type=\"widget\" data-e-type=\"widget\" data-widget_type=\"text-editor.default\">\n\t\t\t\t<div class=\"elementor-widget-container\">\n\t\t\t\t\t\t\t\t\t<p><span style=\"font-size: 1rem\">De gebruikte\u00a0<b>methoden<\/b>\u00a0zijn communicatief en actief. Zij gaan uit van het\u00a0<b>Europees referentiekader<\/b>.<\/span><\/p>\t\t\t\t\t\t\t\t<\/div>\n\t\t\t\t<\/div>\n\t\t\t\t\t<\/div>\n\t\t<\/div>\n\t\t\t\t\t<\/div>\n\t\t<\/section>\n\t\t\t\t<section class=\"elementor-section elementor-top-section elementor-element elementor-element-593ffc34 elementor-section-boxed elementor-section-height-default elementor-section-height-default\" data-id=\"593ffc34\" data-element_type=\"section\" data-e-type=\"section\">\n\t\t\t\t\t\t<div class=\"elementor-container elementor-column-gap-default\">\n\t\t\t\t\t<div class=\"elementor-column elementor-col-50 elementor-top-column elementor-element elementor-element-53d205cc\" data-id=\"53d205cc\" data-element_type=\"column\" data-e-type=\"column\">\n\t\t\t<div class=\"elementor-widget-wrap elementor-element-populated\">\n\t\t\t\t\t\t<div class=\"elementor-element elementor-element-2b605e0a elementor-widget elementor-widget-text-editor\" data-id=\"2b605e0a\" data-element_type=\"widget\" data-e-type=\"widget\" data-widget_type=\"text-editor.default\">\n\t\t\t\t<div class=\"elementor-widget-container\">\n\t\t\t\t\t\t\t\t\t<p><span style=\"font-size: 1rem\">Les apprenants ont la possibilit\u00e9 de se pr\u00e9parer aux\u00a0<b>certifications de fran\u00e7ais\u00a0langue<\/b> \u00e9trang\u00e8re<b>\u00a0reconnues<\/b>.<\/span><\/p>\t\t\t\t\t\t\t\t<\/div>\n\t\t\t\t<\/div>\n\t\t\t\t\t<\/div>\n\t\t<\/div>\n\t\t\t\t<div class=\"elementor-column elementor-col-50 elementor-top-column elementor-element elementor-element-445c492\" data-id=\"445c492\" data-element_type=\"column\" data-e-type=\"column\">\n\t\t\t<div class=\"elementor-widget-wrap elementor-element-populated\">\n\t\t\t\t\t\t<div class=\"elementor-element elementor-element-1ee82e4f elementor-widget elementor-widget-text-editor\" data-id=\"1ee82e4f\" data-element_type=\"widget\" data-e-type=\"widget\" data-widget_type=\"text-editor.default\">\n\t\t\t\t<div class=\"elementor-widget-container\">\n\t\t\t\t\t\t\t\t\t<p><span style=\"font-size: 1rem\">Cursisten hebben de mogelijkheid om zich voor te bereiden op de\u00a0<b>erkende diploma\u2019s Frans<\/b>\u00a0als vreemde taal.<\/span><\/p>\t\t\t\t\t\t\t\t<\/div>\n\t\t\t\t<\/div>\n\t\t\t\t\t<\/div>\n\t\t<\/div>\n\t\t\t\t\t<\/div>\n\t\t<\/section>\n\t\t\t\t<section class=\"elementor-section elementor-top-section elementor-element elementor-element-2b9e072 elementor-section-boxed elementor-section-height-default elementor-section-height-default\" data-id=\"2b9e072\" data-element_type=\"section\" data-e-type=\"section\">\n\t\t\t\t\t\t<div class=\"elementor-container elementor-column-gap-default\">\n\t\t\t\t\t<div class=\"elementor-column elementor-col-100 elementor-top-column elementor-element elementor-element-9f9e48b\" data-id=\"9f9e48b\" data-element_type=\"column\" data-e-type=\"column\">\n\t\t\t<div class=\"elementor-widget-wrap\">\n\t\t\t\t\t\t\t<\/div>\n\t\t<\/div>\n\t\t\t\t\t<\/div>\n\t\t<\/section>\n\t\t\t\t<section class=\"elementor-section elementor-top-section elementor-element elementor-element-2de8a4a elementor-section-boxed elementor-section-height-default elementor-section-height-default\" data-id=\"2de8a4a\" data-element_type=\"section\" data-e-type=\"section\">\n\t\t\t\t\t\t<div class=\"elementor-container elementor-column-gap-default\">\n\t\t\t\t\t<div class=\"elementor-column elementor-col-100 elementor-top-column elementor-element elementor-element-30e6916\" data-id=\"30e6916\" data-element_type=\"column\" data-e-type=\"column\">\n\t\t\t<div class=\"elementor-widget-wrap elementor-element-populated\">\n\t\t\t\t\t\t<div class=\"elementor-element elementor-element-d9e9891 elementor-widget elementor-widget-image\" data-id=\"d9e9891\" data-element_type=\"widget\" data-e-type=\"widget\" data-widget_type=\"image.default\">\n\t\t\t\t<div class=\"elementor-widget-container\">\n\t\t\t\t\t\t\t\t\t\t\t\t\t\t\t<img fetchpriority=\"high\" decoding=\"async\" width=\"300\" height=\"186\" src=\"https:\/\/www.alliance-francaise.nl\/ede-wageningen\/wp-content\/uploads\/sites\/8\/2026\/01\/CEDEO-logo-600x372-1-300x186.png\" class=\"attachment-medium size-medium wp-image-1685\" alt=\"\" srcset=\"https:\/\/www.alliance-francaise.nl\/ede-wageningen\/wp-content\/uploads\/sites\/8\/2026\/01\/CEDEO-logo-600x372-1-300x186.png 300w, https:\/\/www.alliance-francaise.nl\/ede-wageningen\/wp-content\/uploads\/sites\/8\/2026\/01\/CEDEO-logo-600x372-1.png 600w\" sizes=\"(max-width: 300px) 100vw, 300px\" \/>\t\t\t\t\t\t\t\t\t\t\t\t\t\t\t<\/div>\n\t\t\t\t<\/div>\n\t\t\t\t\t<\/div>\n\t\t<\/div>\n\t\t\t\t\t<\/div>\n\t\t<\/section>\n\t\t\t\t<section class=\"elementor-section elementor-top-section elementor-element elementor-element-bffdbac elementor-section-boxed elementor-section-height-default elementor-section-height-default\" data-id=\"bffdbac\" data-element_type=\"section\" data-e-type=\"section\">\n\t\t\t\t\t\t<div class=\"elementor-container elementor-column-gap-default\">\n\t\t\t\t\t<div class=\"elementor-column elementor-col-100 elementor-top-column elementor-element elementor-element-e887d4e\" data-id=\"e887d4e\" data-element_type=\"column\" data-e-type=\"column\">\n\t\t\t<div class=\"elementor-widget-wrap elementor-element-populated\">\n\t\t\t\t\t\t<div class=\"elementor-element elementor-element-d62accc elementor-widget elementor-widget-text-editor\" data-id=\"d62accc\" data-element_type=\"widget\" data-e-type=\"widget\" data-widget_type=\"text-editor.default\">\n\t\t\t\t<div class=\"elementor-widget-container\">\n\t\t\t\t\t\t\t\t\t<p><strong>Erkende kwaliteit met het CEDEO-keurmerk<\/strong><\/p><p>Alle vestigingen van de Alliance Fran\u00e7aise hechten veel belang aan de <strong>kwaliteit<\/strong> van de gegeven taalopleidingen. De opleidingen zijn afgestemd op het <strong>Gemeenschappelijk Europees Referentiekader voor Talen<\/strong>, worden verzorgd door <strong>gediplomeerde professionals<\/strong> en bieden de mogelijkheid de <strong>DELF-diploma\u2019s* <\/strong>te behalen. <br \/><br \/><\/p><p><strong>Wij laten onze kwaliteit ook door een onafhankelijke externe instantie controleren: CEDEO.<\/strong><\/p><p>Het <strong>keurmerk CEDEO<\/strong> biedt deelnemers aan en inkopers van opleidingen zekerheden. Om erkend te worden moet een aanbieder aan <strong>strenge criteria<\/strong> voldoen, waaronder de eis dat minimaal 80% van de klanten\/inkopers tevreden tot zeer tevreden moet zijn. Daarvoor vindt periodiek klanttevredenheidsonderzoek plaats, maar ook een toetsing van processen, continu\u00efteit en inhoudelijke kwaliteit door CEDEO.<\/p><p>Het CEDEO-keurmerk biedt zo een <strong>kwaliteitsgarantie<\/strong>, een selectiecriterium voor betrouwbaarheid en laat zien dat de Alliance Fran\u00e7aise een organisatie is die georganiseerd streeft naar kwaliteitsborging en -verhoging, ook op de lange termijn. Het keurmerk laat ook zien dat de graad van maatwerk en klantgerichtheid hoger liggen dan het marktgemiddelde.<\/p><p>\u00a0<\/p><p>* Het diploma DELF voor volwassenen is een officieel diploma dat wordt uitgereikt door het Franse ministerie van Onderwijs. Er zijn 4 diploma&#8217;s die overeenkomen met de eerste 4 niveaus van het Gemeenschappelijk Europees Referentiekader: DELF A1, DELF A2, DELF B1 en DELF B2. De kwaliteitsbelofte hebben wij vastgelegd in onze Kwaliteitsverklaring (zie: <a href=\"https:\/\/www.alliance-francaise.nl\/contact-en-informatie\/charte-de-qualite\/\">https:\/\/www.alliance-francaise.nl\/contact-en-informatie\/charte-de-qualite\/<\/a>\u00a0 ).<\/p>\t\t\t\t\t\t\t\t<\/div>\n\t\t\t\t<\/div>\n\t\t\t\t\t<\/div>\n\t\t<\/div>\n\t\t\t\t\t<\/div>\n\t\t<\/section>\n\t\t\t\t<\/div>\n\t\t","protected":false},"excerpt":{"rendered":"<p>Charte de qualit\u00e9 \u2013 Kwaliteitsverklaring Charte de qualit\u00e9 Les Alliances fran\u00e7aises des Pays-Bas forment un\u00a0r\u00e9seau national\u00a0dont le projet p\u00e9dagogique est inspir\u00e9 par les sp\u00e9cificit\u00e9s du territoire et du public. Kwaliteitsverklaring [&hellip;]<\/p>\n","protected":false},"author":1,"featured_media":0,"parent":33,"menu_order":0,"comment_status":"closed","ping_status":"closed","template":"elementor_header_footer","meta":{"footnotes":""},"class_list":["post-143","page","type-page","status-publish","hentry"],"_links":{"self":[{"href":"https:\/\/www.alliance-francaise.nl\/ede-wageningen\/wp-json\/wp\/v2\/pages\/143","targetHints":{"allow":["GET"]}}],"collection":[{"href":"https:\/\/www.alliance-francaise.nl\/ede-wageningen\/wp-json\/wp\/v2\/pages"}],"about":[{"href":"https:\/\/www.alliance-francaise.nl\/ede-wageningen\/wp-json\/wp\/v2\/types\/page"}],"author":[{"embeddable":true,"href":"https:\/\/www.alliance-francaise.nl\/ede-wageningen\/wp-json\/wp\/v2\/users\/1"}],"replies":[{"embeddable":true,"href":"https:\/\/www.alliance-francaise.nl\/ede-wageningen\/wp-json\/wp\/v2\/comments?post=143"}],"version-history":[{"count":3,"href":"https:\/\/www.alliance-francaise.nl\/ede-wageningen\/wp-json\/wp\/v2\/pages\/143\/revisions"}],"predecessor-version":[{"id":1688,"href":"https:\/\/www.alliance-francaise.nl\/ede-wageningen\/wp-json\/wp\/v2\/pages\/143\/revisions\/1688"}],"up":[{"embeddable":true,"href":"https:\/\/www.alliance-francaise.nl\/ede-wageningen\/wp-json\/wp\/v2\/pages\/33"}],"wp:attachment":[{"href":"https:\/\/www.alliance-francaise.nl\/ede-wageningen\/wp-json\/wp\/v2\/media?parent=143"}],"curies":[{"name":"wp","href":"https:\/\/api.w.org\/{rel}","templated":true}]}}