{"id":4121,"date":"2026-04-13T19:36:22","date_gmt":"2026-04-13T17:36:22","guid":{"rendered":"https:\/\/www.alliance-francaise.nl\/dordrecht\/?post_type=product&#038;p=4121"},"modified":"2026-04-29T22:11:43","modified_gmt":"2026-04-29T20:11:43","slug":"conversatiecursus-op-donderdagochtend","status":"publish","type":"product","link":"https:\/\/www.alliance-francaise.nl\/dordrecht\/product\/conversatiecursus-op-donderdagochtend\/","title":{"rendered":"Conversatiecursus op donderdagochtend Mw. Stekelenburg"},"content":{"rendered":"<p>Frans spreken met maximaal 8 deelnemers in een ontspannen sfeer onder leiding van een zeer ervaren docente.<\/p>\n<p>Vanaf 1 oktober 2026 start een nieuwe groep op donderdagochtend voor cursisten met A2\/B1-niveau<\/p>\n<p>8 lessen van 10.00u tot 11.30u<\/p>\n<p>Trinitatiskapel, Vriesestraat 22, Dordrecht<\/p>\n<p>Voor de cursus op\u00a0<strong>donderdagochtend<\/strong>\u00a0heeft u een boek nodig;.<\/p>\n<p>Boeken online te bestellen bij uitgeverij PUG<\/p>\n<p><strong>Le Fran\u00e7ais par les textes B1-B2<\/strong> (textes de fran\u00e7ais courant avec exercices)<\/p>\n<p>Uitgeverij:\u00a0 Presse Universitaire de Grenoble (Fle-PUG)<br \/>\n<strong>ISBN: 978-2-7061-2588-1<br \/>\n<\/strong>Prijs papierenboek (in 2026) \u20ac 17,80<\/p>\n<p><a href=\"https:\/\/www.pug.fr\/produit\/433\/9782706125881\/le-francais-par-les-textes-b1-b2\">Le fran\u00e7ais par les textes B1-B2 &#8211; 45 textes de fran\u00e7ais courant &#8211; Marie Barthe, Bernadette Chovelon (EAN13 : 9782706125881) | PUG<\/a><\/p>\n<p>(optionnel)\u00a0<strong>Le fran\u00e7ais par les textes B1-B2 corrig\u00e9 des exercices<\/strong><\/p>\n<p><strong>ISBN: 978-2-7061-4687-9<\/strong><br \/>\nPrijs papierenboek (in 2026): \u20ac 16,90<\/p>\n<p><a href=\"https:\/\/www.pug.fr\/produit\/541\/9782706117312\/le-francais-par-les-textes-b1-b2-corriges\">Le fran\u00e7ais par les textes B1-B2 &#8211; Corrig\u00e9s &#8211; Corrig\u00e9s des exercices &#8211; Marie Barthe, Bernadette Chovelon (EAN13 : 9782706117312) | PUG<\/a><\/p>\n","protected":false},"excerpt":{"rendered":"<p>Frans spreken met maximaal 8 deelnemers in een ontspannen sfeer onder leiding van een zeer ervaren docente. Vanaf 1 oktober 2026 start een nieuwe groep op donderdagochtend voor cursisten met [&hellip;]<\/p>\n","protected":false},"featured_media":1744,"template":"","meta":[],"product_brand":[],"product_cat":[15],"product_tag":[],"class_list":{"0":"post-4121","1":"product","2":"type-product","3":"status-publish","4":"has-post-thumbnail","6":"product_cat-cursussen","8":"first","9":"instock","10":"virtual","11":"sold-individually","12":"purchasable","13":"product-type-simple"},"_links":{"self":[{"href":"https:\/\/www.alliance-francaise.nl\/dordrecht\/wp-json\/wp\/v2\/product\/4121","targetHints":{"allow":["GET"]}}],"collection":[{"href":"https:\/\/www.alliance-francaise.nl\/dordrecht\/wp-json\/wp\/v2\/product"}],"about":[{"href":"https:\/\/www.alliance-francaise.nl\/dordrecht\/wp-json\/wp\/v2\/types\/product"}],"wp:featuredmedia":[{"embeddable":true,"href":"https:\/\/www.alliance-francaise.nl\/dordrecht\/wp-json\/wp\/v2\/media\/1744"}],"wp:attachment":[{"href":"https:\/\/www.alliance-francaise.nl\/dordrecht\/wp-json\/wp\/v2\/media?parent=4121"}],"wp:term":[{"taxonomy":"product_brand","embeddable":true,"href":"https:\/\/www.alliance-francaise.nl\/dordrecht\/wp-json\/wp\/v2\/product_brand?post=4121"},{"taxonomy":"product_cat","embeddable":true,"href":"https:\/\/www.alliance-francaise.nl\/dordrecht\/wp-json\/wp\/v2\/product_cat?post=4121"},{"taxonomy":"product_tag","embeddable":true,"href":"https:\/\/www.alliance-francaise.nl\/dordrecht\/wp-json\/wp\/v2\/product_tag?post=4121"}],"curies":[{"name":"wp","href":"https:\/\/api.w.org\/{rel}","templated":true}]}}