{"id":2242,"date":"2023-08-12T16:58:00","date_gmt":"2023-08-12T16:58:00","guid":{"rendered":"https:\/\/www.alliance-francaise.nl\/dordrecht\/?page_id=2242"},"modified":"2023-08-12T17:25:53","modified_gmt":"2023-08-12T17:25:53","slug":"entreetoets-b1","status":"publish","type":"page","link":"https:\/\/www.alliance-francaise.nl\/dordrecht\/entreetoets-b1\/","title":{"rendered":"Entreetoets B1"},"content":{"rendered":"\t\t<div data-elementor-type=\"wp-page\" data-elementor-id=\"2242\" class=\"elementor elementor-2242\" data-elementor-post-type=\"page\">\n\t\t\t\t\t\t<section class=\"elementor-section elementor-top-section elementor-element elementor-element-5e441e72 elementor-section-boxed elementor-section-height-default elementor-section-height-default\" data-id=\"5e441e72\" data-element_type=\"section\" data-e-type=\"section\">\n\t\t\t\t\t\t<div class=\"elementor-container elementor-column-gap-default\">\n\t\t\t\t\t<div class=\"elementor-column elementor-col-100 elementor-top-column elementor-element elementor-element-510363fc\" data-id=\"510363fc\" data-element_type=\"column\" data-e-type=\"column\">\n\t\t\t<div class=\"elementor-widget-wrap elementor-element-populated\">\n\t\t\t\t\t\t<div class=\"elementor-element elementor-element-591980f3 elementor-widget elementor-widget-text-editor\" data-id=\"591980f3\" data-element_type=\"widget\" data-e-type=\"widget\" data-widget_type=\"text-editor.default\">\n\t\t\t\t<div class=\"elementor-widget-container\">\n\t\t\t\t\t\t\t\t\t<div class=\"wpcf7 no-js\" id=\"wpcf7-f2241-o1\" lang=\"nl-NL\" dir=\"ltr\" data-wpcf7-id=\"2241\">\n<div class=\"screen-reader-response\">\n<p role=\"status\" aria-live=\"polite\" aria-atomic=\"true\">\n<ul><\/ul>\n<\/div>\n<form action=\"\/dordrecht\/wp-json\/wp\/v2\/pages\/2242#wpcf7-f2241-o1\" method=\"post\" class=\"wpcf7-form init\" aria-label=\"Contactformulier\" novalidate=\"novalidate\" data-status=\"init\">\n<fieldset class=\"hidden-fields-container\"><input type=\"hidden\" name=\"_wpcf7\" value=\"2241\" \/><input type=\"hidden\" name=\"_wpcf7_version\" value=\"6.1.6\" \/><input type=\"hidden\" name=\"_wpcf7_locale\" value=\"nl_NL\" \/><input type=\"hidden\" name=\"_wpcf7_unit_tag\" value=\"wpcf7-f2241-o1\" \/><input type=\"hidden\" name=\"_wpcf7_container_post\" value=\"0\" \/><input type=\"hidden\" name=\"_wpcf7_posted_data_hash\" value=\"\" \/><input type=\"hidden\" name=\"_wpcf7_recaptcha_response\" value=\"\" \/><br \/>\n<\/fieldset>\n<p>Kies uit de suggesties het goede antwoord.\n<\/p>\n<table>\n<tr>\n<th colspan=\"3\">\n<p>Lundi 11 septembre 2023\n\t\t\t<\/p>\n<\/th>\n<\/tr>\n<tr>\n<td>\n<p><b><br \/>\nTV1 \u2013 20h45<br \/>\n\u2018Boulevard du crime\u2019<br \/>\nFILM POLICIER<br \/>\nL\u2019histoire d\u2019un jeune policier qui enqu\u00eate sur des vols de voiture. Sc\u00e8nes violentes. D\u00e9conseill\u00e9 aux enfants.<br \/>\n<\/b>\n\t\t\t<\/p>\n<\/td>\n<td>\n<p><b><br \/>\nTV2 \u2013 20h50<br \/>\n\u2018Venez rire avec nous\u2019<br \/>\nSOIR\u00c9E HUMOUR<br \/>\nEn hommage \u00e0 Fernandel les plus grands comiques fran\u00e7ais sont invit\u00e9s sur sc\u00e8ne pour pr\u00e9senter des sketches de l\u2019artiste disparu. Un programme pour toute la famille.<br \/>\n<\/b>\n\t\t\t<\/p>\n<\/td>\n<td>\n<p><b><br \/>\nTV3 \u2013 20h55<br \/>\n\u2018Les oiseaux exotiques\u2019<br \/>\nDOCUMENTAIRE<br \/>\nA travers un voyage au c\u0153ur du Br\u00e9sil, ce film nous pr\u00e9sente un superbe panorama haut en couleur de toutes les esp\u00e8ces d\u2019oiseaux vivant sur ce vaste territoire. Pour les sp\u00e9cialistes et les amateurs de beaux paysages.<br \/>\n<\/b>\n\t\t\t<\/p>\n<\/td>\n<\/tr>\n<\/table>\n<p><label><br \/>\n<b>1. Comment sont pr\u00e9sent\u00e9es les informations du programme t\u00e9l\u00e9 ?<\/b><br \/>\n<\/label><br \/>\n<span class=\"wpcf7-form-control-wrap\" data-name=\"vraag-1\"><span class=\"wpcf7-form-control wpcf7-radio\"><span class=\"wpcf7-list-item first\"><label><input type=\"radio\" name=\"vraag-1\" value=\"A. Il y a uniquement un r\u00e9sum\u00e9 des \u00e9missions.\" \/><span class=\"wpcf7-list-item-label\">A. Il y a uniquement un r\u00e9sum\u00e9 des \u00e9missions.<\/span><\/label><\/span><span class=\"wpcf7-list-item\"><label><input type=\"radio\" name=\"vraag-1\" value=\"B. Il y a un r\u00e9sum\u00e9 et des recommandations.\" \/><span class=\"wpcf7-list-item-label\">B. Il y a un r\u00e9sum\u00e9 et des recommandations.<\/span><\/label><\/span><span class=\"wpcf7-list-item\"><label><input type=\"radio\" name=\"vraag-1\" value=\"C. Le public concern\u00e9 n\u2019est pas sp\u00e9cifi\u00e9.\" \/><span class=\"wpcf7-list-item-label\">C. Le public concern\u00e9 n\u2019est pas sp\u00e9cifi\u00e9.<\/span><\/label><\/span><span class=\"wpcf7-list-item last\"><label><input type=\"radio\" name=\"vraag-1\" value=\"D. Le genre de l\u2019\u00e9mission n\u2019est pas indiqu\u00e9.\" \/><span class=\"wpcf7-list-item-label\">D. Le genre de l\u2019\u00e9mission n\u2019est pas indiqu\u00e9.<\/span><\/label><\/span><\/span><\/span>\n<\/p>\n<p><label class=\"center-text\"><br \/>\n<b><br \/>\nA l\u2019attention des ouvriers op\u00e9rant<br \/>\ndans l\u2019atelier des produits chimiques :<br \/>\nVeillez \u00e0 porter vos lunettes de protection,<br \/>\nvotre v\u00eatement plastifi\u00e9 ainsi que vos gants et vos bottes.<br \/>\nN\u2019entrez pas sans avoir v\u00e9rifi\u00e9 l\u2019\u00e9tanch\u00e9it\u00e9 de la combinaison.<br \/>\nNous vous rappelons que, si vous ne respectez pas ces \u00e9tapes,<br \/>\nVous vous exposez \u00e0 de graves dangers : la projection<br \/>\nde liquides et les fortes temp\u00e9ratures.<br \/>\nDes sanctions seront appliqu\u00e9es<br \/>\n\u00e0 toute infraction au r\u00e8glement.<br \/>\n<\/b><br \/>\n<\/label>\n<\/p>\n<p><label><br \/>\n<b>2. Quelle est la nature du document ?<\/b><br \/>\n<\/label><br \/>\n<span class=\"wpcf7-form-control-wrap\" data-name=\"vraag-2\"><span class=\"wpcf7-form-control wpcf7-radio\"><span class=\"wpcf7-list-item first\"><label><input type=\"radio\" name=\"vraag-2\" value=\"A. Des consignes de s\u00e9curit\u00e9.\" \/><span class=\"wpcf7-list-item-label\">A. Des consignes de s\u00e9curit\u00e9.<\/span><\/label><\/span><span class=\"wpcf7-list-item\"><label><input type=\"radio\" name=\"vraag-2\" value=\"B. Des conseils d\u2019entretien\" \/><span class=\"wpcf7-list-item-label\">B. Des conseils d\u2019entretien<\/span><\/label><\/span><span class=\"wpcf7-list-item\"><label><input type=\"radio\" name=\"vraag-2\" value=\"C. Un avis d\u2019inspection.\" \/><span class=\"wpcf7-list-item-label\">C. Un avis d\u2019inspection.<\/span><\/label><\/span><span class=\"wpcf7-list-item last\"><label><input type=\"radio\" name=\"vraag-2\" value=\"D. Un avertissement.\" \/><span class=\"wpcf7-list-item-label\">D. Un avertissement.<\/span><\/label><\/span><\/span><\/span>\n<\/p>\n<p><label><br \/>\n<b>3. Tu as des nouvelles de Michel et Claudia ?<br \/>\n&#8211; Non, &#8230;&#8230; combien de temps qu&#8217;ils sont partis ?<br \/>\n<\/b><br \/>\n<\/label><br \/>\n<span class=\"wpcf7-form-control-wrap\" data-name=\"vraag-3\"><span class=\"wpcf7-form-control wpcf7-radio\"><span class=\"wpcf7-list-item first\"><label><input type=\"radio\" name=\"vraag-3\" value=\"A. dans\" \/><span class=\"wpcf7-list-item-label\">A. dans<\/span><\/label><\/span><span class=\"wpcf7-list-item\"><label><input type=\"radio\" name=\"vraag-3\" value=\"B. \u00e7a fait\" \/><span class=\"wpcf7-list-item-label\">B. \u00e7a fait<\/span><\/label><\/span><span class=\"wpcf7-list-item\"><label><input type=\"radio\" name=\"vraag-3\" value=\"C. depuis\" \/><span class=\"wpcf7-list-item-label\">C. depuis<\/span><\/label><\/span><span class=\"wpcf7-list-item last\"><label><input type=\"radio\" name=\"vraag-3\" value=\"D. apr\u00e8s\" \/><span class=\"wpcf7-list-item-label\">D. apr\u00e8s<\/span><\/label><\/span><\/span><\/span>\n<\/p>\n<p><label><br \/>\n<b><br \/>\nChaque \u00e9t\u00e9, les stations baln\u00e9aires recherchent du personnel pour la saison\u2026<br \/>\nles saisonniers\u2026<br \/>\nCes personnes sont embauch\u00e9es en g\u00e9n\u00e9ral pour une courte dur\u00e9e, d\u2019environ quatre \u00e0 cinq mois. Les qualifications requises pour ces postes sont variables. La principale difficult\u00e9 pour les employeurs est de trouver et de former, en peu de temps, des personnes exp\u00e9riment\u00e9es et disponibles dans de brefs d\u00e9lais.<br \/>\nEn effet, le recrutement s\u2019effectue souvent \u00e0 la derni\u00e8re minute mais tout doit \u00eatre pr\u00eat quand les touristes arrivent, le personnel autant que les infrastructures.<br \/>\n<\/b><br \/>\n<\/label>\n<\/p>\n<p><label><br \/>\n<b>4. Choisissez parmi ces 4 phrases celle qui r\u00e9sume le mieux cet article :<\/b><br \/>\n<\/label><br \/>\n<span class=\"wpcf7-form-control-wrap\" data-name=\"vraag-4\"><span class=\"wpcf7-form-control wpcf7-radio\"><span class=\"wpcf7-list-item first\"><label><input type=\"radio\" name=\"vraag-4\" value=\"A.  En bord de mer, les h\u00f4tels et les restaurants manquent de personnel.\" \/><span class=\"wpcf7-list-item-label\">A.  En bord de mer, les h\u00f4tels et les restaurants manquent de personnel.<\/span><\/label><\/span><span class=\"wpcf7-list-item\"><label><input type=\"radio\" name=\"vraag-4\" value=\"B.  Pendant la saison estivale, on recrute des animateurs sp\u00e9cialis\u00e9s.\" \/><span class=\"wpcf7-list-item-label\">B.  Pendant la saison estivale, on recrute des animateurs sp\u00e9cialis\u00e9s.<\/span><\/label><\/span><span class=\"wpcf7-list-item\"><label><input type=\"radio\" name=\"vraag-4\" value=\"C.  En \u00e9t\u00e9, en bord de mer, on recherche du personnel plus ou moins qualifi\u00e9.\" \/><span class=\"wpcf7-list-item-label\">C.  En \u00e9t\u00e9, en bord de mer, on recherche du personnel plus ou moins qualifi\u00e9.<\/span><\/label><\/span><span class=\"wpcf7-list-item last\"><label><input type=\"radio\" name=\"vraag-4\" value=\"D.  En g\u00e9n\u00e9ral, les stations baln\u00e9aires souffrent d\u2019une p\u00e9nurie de ma\u00eetres-nageurs.\" \/><span class=\"wpcf7-list-item-label\">D.  En g\u00e9n\u00e9ral, les stations baln\u00e9aires souffrent d\u2019une p\u00e9nurie de ma\u00eetres-nageurs.<\/span><\/label><\/span><\/span><\/span>\n<\/p>\n<p><label><br \/>\n<b>5. Si je prends le train maintenant j\u2019\u2026\u2026\u2026\u2026\u2026\u2026.. \u00e0 l\u2019heure<\/b><br \/>\n<\/label><br \/>\n<span class=\"wpcf7-form-control-wrap\" data-name=\"vraag-5\"><span class=\"wpcf7-form-control wpcf7-radio\"><span class=\"wpcf7-list-item first\"><label><input type=\"radio\" name=\"vraag-5\" value=\"A. arrivais\" \/><span class=\"wpcf7-list-item-label\">A. arrivais<\/span><\/label><\/span><span class=\"wpcf7-list-item\"><label><input type=\"radio\" name=\"vraag-5\" value=\"B. arriverais\" \/><span class=\"wpcf7-list-item-label\">B. arriverais<\/span><\/label><\/span><span class=\"wpcf7-list-item\"><label><input type=\"radio\" name=\"vraag-5\" value=\"C. suis arriv\u00e9\" \/><span class=\"wpcf7-list-item-label\">C. suis arriv\u00e9<\/span><\/label><\/span><span class=\"wpcf7-list-item last\"><label><input type=\"radio\" name=\"vraag-5\" value=\"D. arriverai\" \/><span class=\"wpcf7-list-item-label\">D. arriverai<\/span><\/label><\/span><\/span><\/span>\n<\/p>\n<p><label><br \/>\n<b>6. Ecoute, je ne peux pas sortir maintenant, parce que Pierre \u2026\u2026\u2026<\/b><br \/>\n<\/label><br \/>\n<span class=\"wpcf7-form-control-wrap\" data-name=\"vraag-6\"><span class=\"wpcf7-form-control wpcf7-radio\"><span class=\"wpcf7-list-item first\"><label><input type=\"radio\" name=\"vraag-6\" value=\"A. venait\" \/><span class=\"wpcf7-list-item-label\">A. venait<\/span><\/label><\/span><span class=\"wpcf7-list-item\"><label><input type=\"radio\" name=\"vraag-6\" value=\"B. viendrait\" \/><span class=\"wpcf7-list-item-label\">B. viendrait<\/span><\/label><\/span><span class=\"wpcf7-list-item\"><label><input type=\"radio\" name=\"vraag-6\" value=\"C. va venir\" \/><span class=\"wpcf7-list-item-label\">C. va venir<\/span><\/label><\/span><span class=\"wpcf7-list-item last\"><label><input type=\"radio\" name=\"vraag-6\" value=\"D. vienne\" \/><span class=\"wpcf7-list-item-label\">D. vienne<\/span><\/label><\/span><\/span><\/span>\n<\/p>\n<p><label><br \/>\n<b>7. Il faut qu\u2019elle \u2026\u2026\u2026 un m\u00e9tier.<\/b><br \/>\n<\/label><br \/>\n<span class=\"wpcf7-form-control-wrap\" data-name=\"vraag-7\"><span class=\"wpcf7-form-control wpcf7-radio\"><span class=\"wpcf7-list-item first\"><label><input type=\"radio\" name=\"vraag-7\" value=\"A. choisit\" \/><span class=\"wpcf7-list-item-label\">A. choisit<\/span><\/label><\/span><span class=\"wpcf7-list-item\"><label><input type=\"radio\" name=\"vraag-7\" value=\"B. choisisse\" \/><span class=\"wpcf7-list-item-label\">B. choisisse<\/span><\/label><\/span><span class=\"wpcf7-list-item\"><label><input type=\"radio\" name=\"vraag-7\" value=\"C. choisira\" \/><span class=\"wpcf7-list-item-label\">C. choisira<\/span><\/label><\/span><span class=\"wpcf7-list-item last\"><label><input type=\"radio\" name=\"vraag-7\" value=\"D. choisissait\" \/><span class=\"wpcf7-list-item-label\">D. choisissait<\/span><\/label><\/span><\/span><\/span>\n<\/p>\n<p><label><br \/>\n<b>8. Je &#8230;&#8230;. ai t\u00e9l\u00e9phon\u00e9 hier soir, mais je n\u2019ai pas r\u00e9ussi \u00e0 la joindre.<\/b><br \/>\n<\/label><br \/>\n<span class=\"wpcf7-form-control-wrap\" data-name=\"vraag-8\"><span class=\"wpcf7-form-control wpcf7-radio\"><span class=\"wpcf7-list-item first\"><label><input type=\"radio\" name=\"vraag-8\" value=\"A. l\u2019\" \/><span class=\"wpcf7-list-item-label\">A. l\u2019<\/span><\/label><\/span><span class=\"wpcf7-list-item\"><label><input type=\"radio\" name=\"vraag-8\" value=\"B. la\" \/><span class=\"wpcf7-list-item-label\">B. la<\/span><\/label><\/span><span class=\"wpcf7-list-item\"><label><input type=\"radio\" name=\"vraag-8\" value=\"C. lui\" \/><span class=\"wpcf7-list-item-label\">C. lui<\/span><\/label><\/span><span class=\"wpcf7-list-item last\"><label><input type=\"radio\" name=\"vraag-8\" value=\"D. leur\" \/><span class=\"wpcf7-list-item-label\">D. leur<\/span><\/label><\/span><\/span><\/span>\n<\/p>\n<p><label><br \/>\n<b>9. On n\u2019a plus de caf\u00e9, ach\u00e8tes- &#8230;&#8230;. quand tu fais les courses.<\/b><br \/>\n<\/label><br \/>\n<span class=\"wpcf7-form-control-wrap\" data-name=\"vraag-9\"><span class=\"wpcf7-form-control wpcf7-radio\"><span class=\"wpcf7-list-item first\"><label><input type=\"radio\" name=\"vraag-9\" value=\"A. en\" \/><span class=\"wpcf7-list-item-label\">A. en<\/span><\/label><\/span><span class=\"wpcf7-list-item\"><label><input type=\"radio\" name=\"vraag-9\" value=\"B. lui\" \/><span class=\"wpcf7-list-item-label\">B. lui<\/span><\/label><\/span><span class=\"wpcf7-list-item\"><label><input type=\"radio\" name=\"vraag-9\" value=\"C. le\" \/><span class=\"wpcf7-list-item-label\">C. le<\/span><\/label><\/span><span class=\"wpcf7-list-item last\"><label><input type=\"radio\" name=\"vraag-9\" value=\"D. y\" \/><span class=\"wpcf7-list-item-label\">D. y<\/span><\/label><\/span><\/span><\/span>\n<\/p>\n<p><label><br \/>\n<b>10. Ils sont extr\u00eamement efficaces, ils travaillent vite et &#8230;&#8230;. .<\/b><br \/>\n<\/label><br \/>\n<span class=\"wpcf7-form-control-wrap\" data-name=\"vraag-10\"><span class=\"wpcf7-form-control wpcf7-radio\"><span class=\"wpcf7-list-item first\"><label><input type=\"radio\" name=\"vraag-10\" value=\"A. bon\" \/><span class=\"wpcf7-list-item-label\">A. bon<\/span><\/label><\/span><span class=\"wpcf7-list-item\"><label><input type=\"radio\" name=\"vraag-10\" value=\"B. bons\" \/><span class=\"wpcf7-list-item-label\">B. bons<\/span><\/label><\/span><span class=\"wpcf7-list-item\"><label><input type=\"radio\" name=\"vraag-10\" value=\"C. bien\" \/><span class=\"wpcf7-list-item-label\">C. bien<\/span><\/label><\/span><span class=\"wpcf7-list-item last\"><label><input type=\"radio\" name=\"vraag-10\" value=\"D. meilleurs\" \/><span class=\"wpcf7-list-item-label\">D. meilleurs<\/span><\/label><\/span><\/span><\/span>\n<\/p>\n<p><label>Uw naam<\/label><span class=\"wpcf7-form-control-wrap\" data-name=\"naam\"><input size=\"40\" maxlength=\"400\" class=\"wpcf7-form-control wpcf7-text wpcf7-validates-as-required\" aria-required=\"true\" aria-invalid=\"false\" value=\"\" type=\"text\" name=\"naam\" \/><\/span><br \/>\n<label>Uw e-mailadres<\/label><span class=\"wpcf7-form-control-wrap\" data-name=\"email\"><input size=\"40\" maxlength=\"400\" class=\"wpcf7-form-control wpcf7-email wpcf7-validates-as-required wpcf7-text wpcf7-validates-as-email\" aria-required=\"true\" aria-invalid=\"false\" value=\"\" type=\"email\" name=\"email\" \/><\/span><br \/>\n<label>Uw telefoonnummer<\/label><span class=\"wpcf7-form-control-wrap\" data-name=\"telefoonnummer\"><input size=\"40\" maxlength=\"400\" class=\"wpcf7-form-control wpcf7-tel wpcf7-text wpcf7-validates-as-tel\" aria-invalid=\"false\" value=\"\" type=\"tel\" name=\"telefoonnummer\" \/><\/span>\n<\/p>\n<p><input class=\"wpcf7-form-control wpcf7-submit has-spinner\" type=\"submit\" value=\"Verzenden\" \/>\n<\/p>\n<div class=\"wpcf7-response-output\" aria-hidden=\"true\"><\/div>\n<\/form>\n<\/div>\n\t\t\t\t\t\t\t\t<\/div>\n\t\t\t\t<\/div>\n\t\t\t\t\t<\/div>\n\t\t<\/div>\n\t\t\t\t\t<\/div>\n\t\t<\/section>\n\t\t\t\t<\/div>\n\t\t","protected":false},"excerpt":{"rendered":"","protected":false},"author":20,"featured_media":0,"parent":0,"menu_order":0,"comment_status":"closed","ping_status":"closed","template":"","meta":{"footnotes":""},"class_list":["post-2242","page","type-page","status-publish","hentry"],"_links":{"self":[{"href":"https:\/\/www.alliance-francaise.nl\/dordrecht\/wp-json\/wp\/v2\/pages\/2242","targetHints":{"allow":["GET"]}}],"collection":[{"href":"https:\/\/www.alliance-francaise.nl\/dordrecht\/wp-json\/wp\/v2\/pages"}],"about":[{"href":"https:\/\/www.alliance-francaise.nl\/dordrecht\/wp-json\/wp\/v2\/types\/page"}],"author":[{"embeddable":true,"href":"https:\/\/www.alliance-francaise.nl\/dordrecht\/wp-json\/wp\/v2\/users\/20"}],"replies":[{"embeddable":true,"href":"https:\/\/www.alliance-francaise.nl\/dordrecht\/wp-json\/wp\/v2\/comments?post=2242"}],"version-history":[{"count":10,"href":"https:\/\/www.alliance-francaise.nl\/dordrecht\/wp-json\/wp\/v2\/pages\/2242\/revisions"}],"predecessor-version":[{"id":2252,"href":"https:\/\/www.alliance-francaise.nl\/dordrecht\/wp-json\/wp\/v2\/pages\/2242\/revisions\/2252"}],"wp:attachment":[{"href":"https:\/\/www.alliance-francaise.nl\/dordrecht\/wp-json\/wp\/v2\/media?parent=2242"}],"curies":[{"name":"wp","href":"https:\/\/api.w.org\/{rel}","templated":true}]}}