{"id":2226,"date":"2023-08-05T17:58:05","date_gmt":"2023-08-05T17:58:05","guid":{"rendered":"https:\/\/www.alliance-francaise.nl\/dordrecht\/?page_id=2226"},"modified":"2023-08-05T17:59:20","modified_gmt":"2023-08-05T17:59:20","slug":"entreetoets-a2","status":"publish","type":"page","link":"https:\/\/www.alliance-francaise.nl\/dordrecht\/entreetoets-a2\/","title":{"rendered":"Entreetoets A2"},"content":{"rendered":"\t\t<div data-elementor-type=\"wp-page\" data-elementor-id=\"2226\" class=\"elementor elementor-2226\" data-elementor-post-type=\"page\">\n\t\t\t\t\t\t<section class=\"elementor-section elementor-top-section elementor-element elementor-element-4d92e655 elementor-section-boxed elementor-section-height-default elementor-section-height-default\" data-id=\"4d92e655\" data-element_type=\"section\" data-e-type=\"section\">\n\t\t\t\t\t\t<div class=\"elementor-container elementor-column-gap-default\">\n\t\t\t\t\t<div class=\"elementor-column elementor-col-100 elementor-top-column elementor-element elementor-element-24535c84\" data-id=\"24535c84\" data-element_type=\"column\" data-e-type=\"column\">\n\t\t\t<div class=\"elementor-widget-wrap elementor-element-populated\">\n\t\t\t\t\t\t<div class=\"elementor-element elementor-element-501977c0 elementor-widget elementor-widget-text-editor\" data-id=\"501977c0\" data-element_type=\"widget\" data-e-type=\"widget\" data-widget_type=\"text-editor.default\">\n\t\t\t\t<div class=\"elementor-widget-container\">\n\t\t\t\t\t\t\t\t\t<p>\n<div class=\"wpcf7 no-js\" id=\"wpcf7-f2222-o1\" lang=\"nl-NL\" dir=\"ltr\" data-wpcf7-id=\"2222\">\n<div class=\"screen-reader-response\"><p role=\"status\" aria-live=\"polite\" aria-atomic=\"true\"><\/p> <ul><\/ul><\/div>\n<form action=\"\/dordrecht\/wp-json\/wp\/v2\/pages\/2226#wpcf7-f2222-o1\" method=\"post\" class=\"wpcf7-form init\" aria-label=\"Contactformulier\" novalidate=\"novalidate\" data-status=\"init\">\n<fieldset class=\"hidden-fields-container\"><input type=\"hidden\" name=\"_wpcf7\" value=\"2222\" \/><input type=\"hidden\" name=\"_wpcf7_version\" value=\"6.1.6\" \/><input type=\"hidden\" name=\"_wpcf7_locale\" value=\"nl_NL\" \/><input type=\"hidden\" name=\"_wpcf7_unit_tag\" value=\"wpcf7-f2222-o1\" \/><input type=\"hidden\" name=\"_wpcf7_container_post\" value=\"0\" \/><input type=\"hidden\" name=\"_wpcf7_posted_data_hash\" value=\"\" \/><input type=\"hidden\" name=\"_wpcf7_recaptcha_response\" value=\"\" \/>\n<\/fieldset>\n<p>Kies uit de suggesties het goede antwoord.\n<\/p>\n<p><label><br \/>\n<b><br \/>\nN\u2019oubliez pas d\u2019ins\u00e9rer<br \/>\nvotre ticket dans la borne<br \/>\navant de monter<br \/>\ndans le bus<br \/>\n<\/b><br \/>\n<\/label>\n<\/p>\n<p><label><br \/>\n<b>1. Que signifie ce panneau ?<\/b><br \/>\n<\/label><br \/>\n<span class=\"wpcf7-form-control-wrap\" data-name=\"vraag-1\"><span class=\"wpcf7-form-control wpcf7-radio\"><span class=\"wpcf7-list-item first\"><label><input type=\"radio\" name=\"vraag-1\" value=\"A. il faut se pr\u00e9senter au conducteur.\" \/><span class=\"wpcf7-list-item-label\">A. il faut se pr\u00e9senter au conducteur.<\/span><\/label><\/span><span class=\"wpcf7-list-item\"><label><input type=\"radio\" name=\"vraag-1\" value=\"B. il faut valider son ticket.\" \/><span class=\"wpcf7-list-item-label\">B. il faut valider son ticket.<\/span><\/label><\/span><span class=\"wpcf7-list-item\"><label><input type=\"radio\" name=\"vraag-1\" value=\"C. il faut s\u2019asseoir dans le bus.\" \/><span class=\"wpcf7-list-item-label\">C. il faut s\u2019asseoir dans le bus.<\/span><\/label><\/span><span class=\"wpcf7-list-item last\"><label><input type=\"radio\" name=\"vraag-1\" value=\"D. il faut payer un abonnement.\" \/><span class=\"wpcf7-list-item-label\">D. il faut payer un abonnement.<\/span><\/label><\/span><\/span><\/span>\n<\/p>\n<p><label><br \/>\n<b>Pour l\u2019utilisation de la machine automatique, suivez les \u00e9tapes :<\/b><br \/>\n1. V\u00e9rifiez que vous avez bien ferm\u00e9 la porte et que la lessive se trouve dans le compartiment.<br \/>\n2. Ins\u00e9rez la somme demand\u00e9e.<br \/>\n3. S\u00e9lectionnez le num\u00e9ro de votre machine.<br \/>\nLa dur\u00e9e d\u2019une lessive est d\u2019environ 45 minutes.<br \/>\n<\/label>\n<\/p>\n<p><label><i>M\u00eame proc\u00e9dure pour le s\u00e8che-linge<\/i><br \/>\n<\/label><label><br \/>\n<b>2. Ce panneau sert \u00e0 \u2026 ?<\/b><br \/>\n<\/label><br \/>\n<span class=\"wpcf7-form-control-wrap\" data-name=\"vraag-2\"><span class=\"wpcf7-form-control wpcf7-radio\"><span class=\"wpcf7-list-item first\"><label><input type=\"radio\" name=\"vraag-2\" value=\"A. Expliquer un fonctionnement\" \/><span class=\"wpcf7-list-item-label\">A. Expliquer un fonctionnement<\/span><\/label><\/span><span class=\"wpcf7-list-item\"><label><input type=\"radio\" name=\"vraag-2\" value=\"B. Indiquer le prix d\u2019une lessive.\" \/><span class=\"wpcf7-list-item-label\">B. Indiquer le prix d\u2019une lessive.<\/span><\/label><\/span><span class=\"wpcf7-list-item\"><label><input type=\"radio\" name=\"vraag-2\" value=\"C. Pr\u00e9venir de la fermeture de votre machine.\" \/><span class=\"wpcf7-list-item-label\">C. Pr\u00e9venir de la fermeture de votre machine.<\/span><\/label><\/span><span class=\"wpcf7-list-item last\"><label><input type=\"radio\" name=\"vraag-2\" value=\"D. S\u00e9lectionner un programme\" \/><span class=\"wpcf7-list-item-label\">D. S\u00e9lectionner un programme<\/span><\/label><\/span><\/span><\/span>\n<\/p>\n<p><label><br \/>\n<b>3. Pendant les vacances, j&#8217;ai lu ________. <\/b><br \/>\n<\/label><br \/>\n<span class=\"wpcf7-form-control-wrap\" data-name=\"vraag-3\"><span class=\"wpcf7-form-control wpcf7-radio\"><span class=\"wpcf7-list-item first\"><label><input type=\"radio\" name=\"vraag-3\" value=\"A. un int\u00e9ressant livre.\" \/><span class=\"wpcf7-list-item-label\">A. un int\u00e9ressant livre.<\/span><\/label><\/span><span class=\"wpcf7-list-item last\"><label><input type=\"radio\" name=\"vraag-3\" value=\"B. un livre int\u00e9ressant.\" \/><span class=\"wpcf7-list-item-label\">B. un livre int\u00e9ressant.<\/span><\/label><\/span><\/span><\/span>\n<\/p>\n<p><label><br \/>\n<b>4. \u2018je \u2026\u2026 souviens de cette photo avec toute la famille\u2019<\/b><br \/>\n<\/label><br \/>\n<span class=\"wpcf7-form-control-wrap\" data-name=\"vraag-4\"><span class=\"wpcf7-form-control wpcf7-radio\"><span class=\"wpcf7-list-item first\"><label><input type=\"radio\" name=\"vraag-4\" value=\"A.  te\" \/><span class=\"wpcf7-list-item-label\">A.  te<\/span><\/label><\/span><span class=\"wpcf7-list-item\"><label><input type=\"radio\" name=\"vraag-4\" value=\"B.  se\" \/><span class=\"wpcf7-list-item-label\">B.  se<\/span><\/label><\/span><span class=\"wpcf7-list-item\"><label><input type=\"radio\" name=\"vraag-4\" value=\"C.  nous\" \/><span class=\"wpcf7-list-item-label\">C.  nous<\/span><\/label><\/span><span class=\"wpcf7-list-item last\"><label><input type=\"radio\" name=\"vraag-4\" value=\"D.  me\" \/><span class=\"wpcf7-list-item-label\">D.  me<\/span><\/label><\/span><\/span><\/span>\n<\/p>\n<p><label><br \/>\n<b>5. \u2018Marc et Annie sont absents pour le moment, mais \u2026. fr\u00e8re se trouve disponible.<\/b><br \/>\n<\/label><br \/>\n<span class=\"wpcf7-form-control-wrap\" data-name=\"vraag-5\"><span class=\"wpcf7-form-control wpcf7-radio\"><span class=\"wpcf7-list-item first\"><label><input type=\"radio\" name=\"vraag-5\" value=\"A.  leur\" \/><span class=\"wpcf7-list-item-label\">A.  leur<\/span><\/label><\/span><span class=\"wpcf7-list-item\"><label><input type=\"radio\" name=\"vraag-5\" value=\"B.  son\" \/><span class=\"wpcf7-list-item-label\">B.  son<\/span><\/label><\/span><span class=\"wpcf7-list-item\"><label><input type=\"radio\" name=\"vraag-5\" value=\"C.  sa\" \/><span class=\"wpcf7-list-item-label\">C.  sa<\/span><\/label><\/span><span class=\"wpcf7-list-item last\"><label><input type=\"radio\" name=\"vraag-5\" value=\"D.  ses\" \/><span class=\"wpcf7-list-item-label\">D.  ses<\/span><\/label><\/span><\/span><\/span>\n<\/p>\n<p><label><br \/>\n<b>6. Il habite &#8230;&#8230;. Portugal <\/b><br \/>\n<\/label><br \/>\n<span class=\"wpcf7-form-control-wrap\" data-name=\"vraag-6\"><span class=\"wpcf7-form-control wpcf7-radio\"><span class=\"wpcf7-list-item first\"><label><input type=\"radio\" name=\"vraag-6\" value=\"A. au\" \/><span class=\"wpcf7-list-item-label\">A. au<\/span><\/label><\/span><span class=\"wpcf7-list-item\"><label><input type=\"radio\" name=\"vraag-6\" value=\"B. en\" \/><span class=\"wpcf7-list-item-label\">B. en<\/span><\/label><\/span><span class=\"wpcf7-list-item\"><label><input type=\"radio\" name=\"vraag-6\" value=\"C. dans le\" \/><span class=\"wpcf7-list-item-label\">C. dans le<\/span><\/label><\/span><span class=\"wpcf7-list-item last\"><label><input type=\"radio\" name=\"vraag-6\" value=\"D. \u00e0\" \/><span class=\"wpcf7-list-item-label\">D. \u00e0<\/span><\/label><\/span><\/span><\/span>\n<\/p>\n<p><label><br \/>\n<b>7. \u2026\u2026 mes amies sont chez moi.<\/b><br \/>\n<\/label><br \/>\n<span class=\"wpcf7-form-control-wrap\" data-name=\"vraag-7\"><span class=\"wpcf7-form-control wpcf7-radio\"><span class=\"wpcf7-list-item first\"><label><input type=\"radio\" name=\"vraag-7\" value=\"A. Tous\" \/><span class=\"wpcf7-list-item-label\">A. Tous<\/span><\/label><\/span><span class=\"wpcf7-list-item\"><label><input type=\"radio\" name=\"vraag-7\" value=\"B. Tout\" \/><span class=\"wpcf7-list-item-label\">B. Tout<\/span><\/label><\/span><span class=\"wpcf7-list-item\"><label><input type=\"radio\" name=\"vraag-7\" value=\"C. Toutes\" \/><span class=\"wpcf7-list-item-label\">C. Toutes<\/span><\/label><\/span><span class=\"wpcf7-list-item last\"><label><input type=\"radio\" name=\"vraag-7\" value=\"D. Toute\" \/><span class=\"wpcf7-list-item-label\">D. Toute<\/span><\/label><\/span><\/span><\/span>\n<\/p>\n<p><label><br \/>\n<b>8. Vous avez annonc\u00e9 la nouvelle \u00e0 vos parents ? Oui, je \u2026\u2026 ai pr\u00e9venus.<\/b><br \/>\n<\/label><br \/>\n<span class=\"wpcf7-form-control-wrap\" data-name=\"vraag-8\"><span class=\"wpcf7-form-control wpcf7-radio\"><span class=\"wpcf7-list-item first\"><label><input type=\"radio\" name=\"vraag-8\" value=\"A. leur\" \/><span class=\"wpcf7-list-item-label\">A. leur<\/span><\/label><\/span><span class=\"wpcf7-list-item\"><label><input type=\"radio\" name=\"vraag-8\" value=\"B. les\" \/><span class=\"wpcf7-list-item-label\">B. les<\/span><\/label><\/span><span class=\"wpcf7-list-item\"><label><input type=\"radio\" name=\"vraag-8\" value=\"C. l\u2019\" \/><span class=\"wpcf7-list-item-label\">C. l\u2019<\/span><\/label><\/span><span class=\"wpcf7-list-item last\"><label><input type=\"radio\" name=\"vraag-8\" value=\"D. vous\" \/><span class=\"wpcf7-list-item-label\">D. vous<\/span><\/label><\/span><\/span><\/span>\n<\/p>\n<p><label><br \/>\n<b>9. Je pr\u00e9parais le d\u00eener, quand ma femme \u2026\u2026 <\/b><br \/>\n<\/label><br \/>\n<span class=\"wpcf7-form-control-wrap\" data-name=\"vraag-9\"><span class=\"wpcf7-form-control wpcf7-radio\"><span class=\"wpcf7-list-item first\"><label><input type=\"radio\" name=\"vraag-9\" value=\"A. arrivait\" \/><span class=\"wpcf7-list-item-label\">A. arrivait<\/span><\/label><\/span><span class=\"wpcf7-list-item\"><label><input type=\"radio\" name=\"vraag-9\" value=\"B. arrive\" \/><span class=\"wpcf7-list-item-label\">B. arrive<\/span><\/label><\/span><span class=\"wpcf7-list-item\"><label><input type=\"radio\" name=\"vraag-9\" value=\"C. est arriv\u00e9e\" \/><span class=\"wpcf7-list-item-label\">C. est arriv\u00e9e<\/span><\/label><\/span><span class=\"wpcf7-list-item last\"><label><input type=\"radio\" name=\"vraag-9\" value=\"D. va arriver\" \/><span class=\"wpcf7-list-item-label\">D. va arriver<\/span><\/label><\/span><\/span><\/span>\n<\/p>\n<p><label><br \/>\n<b>Rumvaten 3 tablettes de 10 comprim\u00e9s pellicul\u00e9s<br \/>\nDans quel cas utiliser ce m\u00e9dicament ?<br \/>\nRumvaten est indiqu\u00e9 pour les sensations de nez bouch\u00e9 avec fi\u00e8vre lors d\u2019un rhume.<\/b><br \/>\n<\/label>\n<\/p>\n<ul>\n\t<li>\n\t\t<p><b>Pr\u00e9cautions d\u2019emploi : Prenez l\u2019avis de votre m\u00e9decin pour qu\u2019il adapte votre traitement.<br \/>\nComment utiliser Rumvaten ? Rumvaten est r\u00e9serv\u00e9 \u00e0 l\u2019adulte<br \/>\n(\u00e0 partir de 15 ans).<\/b>\n\t\t<\/p>\n\t<\/li>\n\t<li>\n\t\t<p><b>Posologie : 1 comprim\u00e9 \u00e0 avaler, renouveler si n\u00e9cessaire toutes les 4 heures. Dur\u00e9e du traitement limit\u00e9e \u00e0 5 jours. Si les sympt\u00f4mes persistent, consultez votre m\u00e9decin.<\/b>\n\t\t<\/p>\n\t<\/li>\n<\/ul>\n<p><label><br \/>\n<b>10. Quel est l\u2019objectif de ce document ?<\/b><br \/>\n<\/label><br \/>\n<span class=\"wpcf7-form-control-wrap\" data-name=\"vraag-10\"><span class=\"wpcf7-form-control wpcf7-radio\"><span class=\"wpcf7-list-item first\"><label><input type=\"radio\" name=\"vraag-10\" value=\"A.  d\u00e9crire une maladie rhumatismale.\" \/><span class=\"wpcf7-list-item-label\">A.  d\u00e9crire une maladie rhumatismale.<\/span><\/label><\/span><span class=\"wpcf7-list-item\"><label><input type=\"radio\" name=\"vraag-10\" value=\"B.  expliquer l\u2019usage d\u2019un m\u00e9dicament.\" \/><span class=\"wpcf7-list-item-label\">B.  expliquer l\u2019usage d\u2019un m\u00e9dicament.<\/span><\/label><\/span><span class=\"wpcf7-list-item\"><label><input type=\"radio\" name=\"vraag-10\" value=\"C.  prescrire un m\u00e9dicament antigrippal.\" \/><span class=\"wpcf7-list-item-label\">C.  prescrire un m\u00e9dicament antigrippal.<\/span><\/label><\/span><span class=\"wpcf7-list-item last\"><label><input type=\"radio\" name=\"vraag-10\" value=\"D.  conseiller un rem\u00e8de efficace.\" \/><span class=\"wpcf7-list-item-label\">D.  conseiller un rem\u00e8de efficace.<\/span><\/label><\/span><\/span><\/span>\n<\/p>\n<p><label><br \/>\n<b>11. Je voudrais &#8230;&#8230;. eau min\u00e9rale.<\/b><br \/>\n<\/label><br \/>\n<span class=\"wpcf7-form-control-wrap\" data-name=\"vraag-11\"><span class=\"wpcf7-form-control wpcf7-radio\"><span class=\"wpcf7-list-item first\"><label><input type=\"radio\" name=\"vraag-11\" value=\"A. de l&#039;\" \/><span class=\"wpcf7-list-item-label\">A. de l&#039;<\/span><\/label><\/span><span class=\"wpcf7-list-item\"><label><input type=\"radio\" name=\"vraag-11\" value=\"B. de la\" \/><span class=\"wpcf7-list-item-label\">B. de la<\/span><\/label><\/span><span class=\"wpcf7-list-item\"><label><input type=\"radio\" name=\"vraag-11\" value=\"C. des\" \/><span class=\"wpcf7-list-item-label\">C. des<\/span><\/label><\/span><span class=\"wpcf7-list-item last\"><label><input type=\"radio\" name=\"vraag-11\" value=\"D. du\" \/><span class=\"wpcf7-list-item-label\">D. du<\/span><\/label><\/span><\/span><\/span>\n<\/p>\n<p><label><br \/>\n<b>12. Ils doivent &#8230;&#8230;. tr\u00e8s t\u00f4t demain. <\/b><br \/>\n<\/label><br \/>\n<span class=\"wpcf7-form-control-wrap\" data-name=\"vraag-12\"><span class=\"wpcf7-form-control wpcf7-radio\"><span class=\"wpcf7-list-item first\"><label><input type=\"radio\" name=\"vraag-12\" value=\"A. partant\" \/><span class=\"wpcf7-list-item-label\">A. partant<\/span><\/label><\/span><span class=\"wpcf7-list-item\"><label><input type=\"radio\" name=\"vraag-12\" value=\"B partent\" \/><span class=\"wpcf7-list-item-label\">B partent<\/span><\/label><\/span><span class=\"wpcf7-list-item\"><label><input type=\"radio\" name=\"vraag-12\" value=\"C. partir\" \/><span class=\"wpcf7-list-item-label\">C. partir<\/span><\/label><\/span><span class=\"wpcf7-list-item last\"><label><input type=\"radio\" name=\"vraag-12\" value=\"D. part\" \/><span class=\"wpcf7-list-item-label\">D. part<\/span><\/label><\/span><\/span><\/span>\n<\/p>\n<p><label><br \/>\n<b>13. Les livres sont \u00e0 eux. Ce sont &#8230;&#8230;. livres. <\/b><br \/>\n<\/label><br \/>\n<span class=\"wpcf7-form-control-wrap\" data-name=\"vraag-13\"><span class=\"wpcf7-form-control wpcf7-radio\"><span class=\"wpcf7-list-item first\"><label><input type=\"radio\" name=\"vraag-13\" value=\"A. leurs\" \/><span class=\"wpcf7-list-item-label\">A. leurs<\/span><\/label><\/span><span class=\"wpcf7-list-item\"><label><input type=\"radio\" name=\"vraag-13\" value=\"B. ses\" \/><span class=\"wpcf7-list-item-label\">B. ses<\/span><\/label><\/span><span class=\"wpcf7-list-item\"><label><input type=\"radio\" name=\"vraag-13\" value=\"C. nos\" \/><span class=\"wpcf7-list-item-label\">C. nos<\/span><\/label><\/span><span class=\"wpcf7-list-item last\"><label><input type=\"radio\" name=\"vraag-13\" value=\"D. vos\" \/><span class=\"wpcf7-list-item-label\">D. vos<\/span><\/label><\/span><\/span><\/span>\n<\/p>\n<p><label><br \/>\n<b>14. C\u2019est un excellent h\u00f4tel &#8230;&#8230;. je vous recommande.<\/b><br \/>\n<\/label><br \/>\n<span class=\"wpcf7-form-control-wrap\" data-name=\"vraag-14\"><span class=\"wpcf7-form-control wpcf7-radio\"><span class=\"wpcf7-list-item first\"><label><input type=\"radio\" name=\"vraag-14\" value=\"A. que\" \/><span class=\"wpcf7-list-item-label\">A. que<\/span><\/label><\/span><span class=\"wpcf7-list-item\"><label><input type=\"radio\" name=\"vraag-14\" value=\"B. qui\" \/><span class=\"wpcf7-list-item-label\">B. qui<\/span><\/label><\/span><span class=\"wpcf7-list-item\"><label><input type=\"radio\" name=\"vraag-14\" value=\"C. o\u00f9\" \/><span class=\"wpcf7-list-item-label\">C. o\u00f9<\/span><\/label><\/span><span class=\"wpcf7-list-item last\"><label><input type=\"radio\" name=\"vraag-14\" value=\"D, dont\" \/><span class=\"wpcf7-list-item-label\">D, dont<\/span><\/label><\/span><\/span><\/span>\n<\/p>\n<p><label><br \/>\n<b>15. Je vous \u2026. demain dans la soir\u00e9e. <\/b><br \/>\n<\/label><br \/>\n<span class=\"wpcf7-form-control-wrap\" data-name=\"vraag-15\"><span class=\"wpcf7-form-control wpcf7-radio\"><span class=\"wpcf7-list-item first\"><label><input type=\"radio\" name=\"vraag-15\" value=\"A. appellerais\" \/><span class=\"wpcf7-list-item-label\">A. appellerais<\/span><\/label><\/span><span class=\"wpcf7-list-item\"><label><input type=\"radio\" name=\"vraag-15\" value=\"B. appellerai\" \/><span class=\"wpcf7-list-item-label\">B. appellerai<\/span><\/label><\/span><span class=\"wpcf7-list-item\"><label><input type=\"radio\" name=\"vraag-15\" value=\"C. ai appel\u00e9\" \/><span class=\"wpcf7-list-item-label\">C. ai appel\u00e9<\/span><\/label><\/span><span class=\"wpcf7-list-item last\"><label><input type=\"radio\" name=\"vraag-15\" value=\"D. appelais\" \/><span class=\"wpcf7-list-item-label\">D. appelais<\/span><\/label><\/span><\/span><\/span>\n<\/p>\n<p><label><br \/>\n<b>16. Cette entreprise est &#8230;&#8230;. de la r\u00e9gion.<\/b><br \/>\n<\/label><br \/>\n<span class=\"wpcf7-form-control-wrap\" data-name=\"vraag-16\"><span class=\"wpcf7-form-control wpcf7-radio\"><span class=\"wpcf7-list-item first\"><label><input type=\"radio\" name=\"vraag-16\" value=\"A. mieux\" \/><span class=\"wpcf7-list-item-label\">A. mieux<\/span><\/label><\/span><span class=\"wpcf7-list-item\"><label><input type=\"radio\" name=\"vraag-16\" value=\"B. meilleure\" \/><span class=\"wpcf7-list-item-label\">B. meilleure<\/span><\/label><\/span><span class=\"wpcf7-list-item\"><label><input type=\"radio\" name=\"vraag-16\" value=\"C. la mieux\" \/><span class=\"wpcf7-list-item-label\">C. la mieux<\/span><\/label><\/span><span class=\"wpcf7-list-item last\"><label><input type=\"radio\" name=\"vraag-16\" value=\"D. la meilleure\" \/><span class=\"wpcf7-list-item-label\">D. la meilleure<\/span><\/label><\/span><\/span><\/span>\n<\/p>\n<p><label>Uw naam<\/label><span class=\"wpcf7-form-control-wrap\" data-name=\"naam\"><input size=\"40\" maxlength=\"400\" class=\"wpcf7-form-control wpcf7-text wpcf7-validates-as-required\" aria-required=\"true\" aria-invalid=\"false\" value=\"\" type=\"text\" name=\"naam\" \/><\/span><br \/>\n<label>Uw e-mailadres<\/label><span class=\"wpcf7-form-control-wrap\" data-name=\"email\"><input size=\"40\" maxlength=\"400\" class=\"wpcf7-form-control wpcf7-email wpcf7-validates-as-required wpcf7-text wpcf7-validates-as-email\" aria-required=\"true\" aria-invalid=\"false\" value=\"\" type=\"email\" name=\"email\" \/><\/span><br \/>\n<label>Uw telefoonnummer<\/label><span class=\"wpcf7-form-control-wrap\" data-name=\"telefoonnummer\"><input size=\"40\" maxlength=\"400\" class=\"wpcf7-form-control wpcf7-tel wpcf7-text wpcf7-validates-as-tel\" aria-invalid=\"false\" value=\"\" type=\"tel\" name=\"telefoonnummer\" \/><\/span>\n<\/p>\n<p><input class=\"wpcf7-form-control wpcf7-submit has-spinner\" type=\"submit\" value=\"Verzenden\" \/>\n<\/p><div class=\"wpcf7-response-output\" aria-hidden=\"true\"><\/div>\n<\/form>\n<\/div>\n<br><!-- \/wp:shortcode --><\/p>\t\t\t\t\t\t\t\t<\/div>\n\t\t\t\t<\/div>\n\t\t\t\t\t<\/div>\n\t\t<\/div>\n\t\t\t\t\t<\/div>\n\t\t<\/section>\n\t\t\t\t<\/div>\n\t\t","protected":false},"excerpt":{"rendered":"","protected":false},"author":20,"featured_media":0,"parent":0,"menu_order":0,"comment_status":"closed","ping_status":"closed","template":"","meta":{"footnotes":""},"class_list":["post-2226","page","type-page","status-publish","hentry"],"_links":{"self":[{"href":"https:\/\/www.alliance-francaise.nl\/dordrecht\/wp-json\/wp\/v2\/pages\/2226","targetHints":{"allow":["GET"]}}],"collection":[{"href":"https:\/\/www.alliance-francaise.nl\/dordrecht\/wp-json\/wp\/v2\/pages"}],"about":[{"href":"https:\/\/www.alliance-francaise.nl\/dordrecht\/wp-json\/wp\/v2\/types\/page"}],"author":[{"embeddable":true,"href":"https:\/\/www.alliance-francaise.nl\/dordrecht\/wp-json\/wp\/v2\/users\/20"}],"replies":[{"embeddable":true,"href":"https:\/\/www.alliance-francaise.nl\/dordrecht\/wp-json\/wp\/v2\/comments?post=2226"}],"version-history":[{"count":4,"href":"https:\/\/www.alliance-francaise.nl\/dordrecht\/wp-json\/wp\/v2\/pages\/2226\/revisions"}],"predecessor-version":[{"id":2230,"href":"https:\/\/www.alliance-francaise.nl\/dordrecht\/wp-json\/wp\/v2\/pages\/2226\/revisions\/2230"}],"wp:attachment":[{"href":"https:\/\/www.alliance-francaise.nl\/dordrecht\/wp-json\/wp\/v2\/media?parent=2226"}],"curies":[{"name":"wp","href":"https:\/\/api.w.org\/{rel}","templated":true}]}}