{"id":1290,"date":"2023-03-27T14:11:44","date_gmt":"2023-03-27T13:11:44","guid":{"rendered":"https:\/\/www.alliance-francaise.nl\/denbosch\/?post_type=product&#038;p=1290"},"modified":"2026-03-17T19:20:37","modified_gmt":"2026-03-17T18:20:37","slug":"lidmaatschap-per-persoon","status":"publish","type":"product","link":"https:\/\/www.alliance-francaise.nl\/denbosch\/product\/lidmaatschap-per-persoon\/","title":{"rendered":"Lidmaatschap per persoon"},"content":{"rendered":"<p>De contributie bedraagt slechts \u20ac35,- per persoon per jaar.<br \/>\nHet stichtingsjaar loopt van 1 september tot en met 31 augustus. Als u uw lidmaatschap wilt be\u00ebindigen, dan dient u dit v\u00f3\u00f3r 1 augustus te doen.<br \/>\nBetalingswijze: De eerste keer moet u betalen in de webwinkel. Daarna wordt jaarlijks het lidmaatschapsgeld geint via een Automatische incasso.<\/p>\n<p><b>Belangrijk: Door te betalen via de webwinkel,\u00a0 gaat u akkoord met de automatische incasso voor de daarop volgende jaren.<\/b><br \/>\nU heeft de mogelijkheid om het ge\u00efncasseerde bedrag binnen 56 kalenderdagen door uw bank te laten terugstorten.<\/p>\n<p>Noot: Bij elke aanvraag sturen wij een email ter bevestiging. Het komt voor dat onze reactie op uw aanvraag in uw \u201cspam\u201d box terecht komt.<\/p>\n","protected":false},"excerpt":{"rendered":"<p>De contributie bedraagt slechts \u20ac35,- per persoon per jaar. Het stichtingsjaar loopt van 1 september tot en met 31 augustus. Als u uw lidmaatschap wilt be\u00ebindigen, dan dient u dit [&hellip;]<\/p>\n","protected":false},"featured_media":1316,"comment_status":"open","ping_status":"closed","template":"","meta":[],"product_brand":[],"product_cat":[50],"product_tag":[],"class_list":{"0":"post-1290","1":"product","2":"type-product","3":"status-publish","4":"has-post-thumbnail","6":"product_cat-lidmaatschap-s-hertogenbosch","8":"first","9":"instock","10":"shipping-taxable","11":"purchasable","12":"product-type-simple"},"_links":{"self":[{"href":"https:\/\/www.alliance-francaise.nl\/denbosch\/wp-json\/wp\/v2\/product\/1290","targetHints":{"allow":["GET"]}}],"collection":[{"href":"https:\/\/www.alliance-francaise.nl\/denbosch\/wp-json\/wp\/v2\/product"}],"about":[{"href":"https:\/\/www.alliance-francaise.nl\/denbosch\/wp-json\/wp\/v2\/types\/product"}],"replies":[{"embeddable":true,"href":"https:\/\/www.alliance-francaise.nl\/denbosch\/wp-json\/wp\/v2\/comments?post=1290"}],"wp:featuredmedia":[{"embeddable":true,"href":"https:\/\/www.alliance-francaise.nl\/denbosch\/wp-json\/wp\/v2\/media\/1316"}],"wp:attachment":[{"href":"https:\/\/www.alliance-francaise.nl\/denbosch\/wp-json\/wp\/v2\/media?parent=1290"}],"wp:term":[{"taxonomy":"product_brand","embeddable":true,"href":"https:\/\/www.alliance-francaise.nl\/denbosch\/wp-json\/wp\/v2\/product_brand?post=1290"},{"taxonomy":"product_cat","embeddable":true,"href":"https:\/\/www.alliance-francaise.nl\/denbosch\/wp-json\/wp\/v2\/product_cat?post=1290"},{"taxonomy":"product_tag","embeddable":true,"href":"https:\/\/www.alliance-francaise.nl\/denbosch\/wp-json\/wp\/v2\/product_tag?post=1290"}],"curies":[{"name":"wp","href":"https:\/\/api.w.org\/{rel}","templated":true}]}}