{"id":108,"date":"2020-05-23T11:28:34","date_gmt":"2020-05-23T11:28:34","guid":{"rendered":"https:\/\/www.alliance-francaise.nl\/2020\/denbosch\/?page_id=108"},"modified":"2025-08-24T09:06:16","modified_gmt":"2025-08-24T08:06:16","slug":"wat-is-de-alliance-francaise","status":"publish","type":"page","link":"https:\/\/www.alliance-francaise.nl\/denbosch\/bienvenue-welkom\/wat-is-de-alliance-francaise\/","title":{"rendered":"Wat is de Alliance Fran\u00e7aise?"},"content":{"rendered":"\t\t<div data-elementor-type=\"wp-page\" data-elementor-id=\"108\" class=\"elementor elementor-108\" data-elementor-post-type=\"page\">\n\t\t\t\t\t\t<section class=\"elementor-section elementor-top-section elementor-element elementor-element-684adce6 elementor-section-boxed elementor-section-height-default elementor-section-height-default\" data-id=\"684adce6\" data-element_type=\"section\" data-e-type=\"section\" data-settings=\"{&quot;background_background&quot;:&quot;classic&quot;}\">\n\t\t\t\t\t\t<div class=\"elementor-container elementor-column-gap-default\">\n\t\t\t\t\t<div class=\"elementor-column elementor-col-100 elementor-top-column elementor-element elementor-element-3ced9fc7\" data-id=\"3ced9fc7\" data-element_type=\"column\" data-e-type=\"column\">\n\t\t\t<div class=\"elementor-widget-wrap\">\n\t\t\t\t\t\t\t<\/div>\n\t\t<\/div>\n\t\t\t\t\t<\/div>\n\t\t<\/section>\n\t\t\t\t<section class=\"elementor-section elementor-top-section elementor-element elementor-element-38bb9bf7 elementor-section-boxed elementor-section-height-default elementor-section-height-default\" data-id=\"38bb9bf7\" data-element_type=\"section\" data-e-type=\"section\">\n\t\t\t\t\t\t<div class=\"elementor-container elementor-column-gap-default\">\n\t\t\t\t\t<div class=\"elementor-column elementor-col-100 elementor-top-column elementor-element elementor-element-2d272895\" data-id=\"2d272895\" data-element_type=\"column\" data-e-type=\"column\" data-settings=\"{&quot;background_background&quot;:&quot;classic&quot;}\">\n\t\t\t<div class=\"elementor-widget-wrap elementor-element-populated\">\n\t\t\t\t\t<div class=\"elementor-background-overlay\"><\/div>\n\t\t\t\t\t\t<div class=\"elementor-element elementor-element-269c6f93 elementor-widget-mobile__width-initial elementor-widget elementor-widget-heading\" data-id=\"269c6f93\" data-element_type=\"widget\" data-e-type=\"widget\" data-widget_type=\"heading.default\">\n\t\t\t\t<div class=\"elementor-widget-container\">\n\t\t\t\t\t<h1 class=\"elementor-heading-title elementor-size-default\">Wat is de Alliance Fran\u00e7aise?<\/h1>\t\t\t\t<\/div>\n\t\t\t\t<\/div>\n\t\t\t\t\t<\/div>\n\t\t<\/div>\n\t\t\t\t\t<\/div>\n\t\t<\/section>\n\t\t\t\t<section class=\"elementor-section elementor-top-section elementor-element elementor-element-628a1c1e elementor-section-boxed elementor-section-height-default elementor-section-height-default\" data-id=\"628a1c1e\" data-element_type=\"section\" data-e-type=\"section\">\n\t\t\t\t\t\t<div class=\"elementor-container elementor-column-gap-default\">\n\t\t\t\t\t<div class=\"elementor-column elementor-col-100 elementor-top-column elementor-element elementor-element-1d48a608\" data-id=\"1d48a608\" data-element_type=\"column\" data-e-type=\"column\">\n\t\t\t<div class=\"elementor-widget-wrap elementor-element-populated\">\n\t\t\t\t\t\t<div class=\"elementor-element elementor-element-a9ca0f0 elementor-widget elementor-widget-heading\" data-id=\"a9ca0f0\" data-element_type=\"widget\" data-e-type=\"widget\" data-widget_type=\"heading.default\">\n\t\t\t\t<div class=\"elementor-widget-container\">\n\t\t\t\t\t<h2 class=\"elementor-heading-title elementor-size-default\">Alliance Fran\u00e7aise<\/h2>\t\t\t\t<\/div>\n\t\t\t\t<\/div>\n\t\t\t\t\t<\/div>\n\t\t<\/div>\n\t\t\t\t\t<\/div>\n\t\t<\/section>\n\t\t\t\t<section class=\"elementor-section elementor-top-section elementor-element elementor-element-1f89540a elementor-section-boxed elementor-section-height-default elementor-section-height-default\" data-id=\"1f89540a\" data-element_type=\"section\" data-e-type=\"section\">\n\t\t\t\t\t\t<div class=\"elementor-container elementor-column-gap-default\">\n\t\t\t\t\t<div class=\"elementor-column elementor-col-100 elementor-top-column elementor-element elementor-element-24634869\" data-id=\"24634869\" data-element_type=\"column\" data-e-type=\"column\">\n\t\t\t<div class=\"elementor-widget-wrap elementor-element-populated\">\n\t\t\t\t\t\t<div class=\"elementor-element elementor-element-1cc9e5f6 elementor-widget elementor-widget-text-editor\" data-id=\"1cc9e5f6\" data-element_type=\"widget\" data-e-type=\"widget\" data-widget_type=\"text-editor.default\">\n\t\t\t\t<div class=\"elementor-widget-container\">\n\t\t\t\t\t\t\t\t\t<p>De Alliance Fran\u00e7aise is in 1883 opgericht en valt onder het Franse ministerie van Cultuur. De Alliance Fran\u00e7aise is een wereldwijde organisatie met als doel de Franse taal en cultuur te bevorderen en te verspreiden. Wereldwijd bestaan er 832 Alliances Fran\u00e7aises in 131 landen met ruim 14.000 medewerkers en bijna 500.000 cursisten.<\/p>\t\t\t\t\t\t\t\t<\/div>\n\t\t\t\t<\/div>\n\t\t\t\t<div class=\"elementor-element elementor-element-1912c63d elementor-widget elementor-widget-text-editor\" data-id=\"1912c63d\" data-element_type=\"widget\" data-e-type=\"widget\" data-widget_type=\"text-editor.default\">\n\t\t\t\t<div class=\"elementor-widget-container\">\n\t\t\t\t\t\t\t\t\t<p>Al in 1883 werd in Parijs door Paul Camcon de Alliance Fran\u00e7aise opgericht. Meteen na de oprichting meldden zich geleerden, schrijvers en diplomaten aan als lid, waaronder Ferdinand de Lesseps, Louis Pasteur en Jules Verne. De doelstelling was, evenals nu nog steeds, het verbreiden van de Franse taal en cultuur. Vanuit deze gedachte zijn er door vrienden van Frankrijk in de gehele wereld afdelingen gesticht. In die tijd was Frans nog een hoftaal en mede daardoor heeft de Franse taal heel lang het aanzien gehad van een taal voor \u201cdeftige mensen\u201d.<\/p><p>In Nederland werd de Alliance Fran\u00e7aise des Pays-Bas opgericht in 1888. Hoewel koningin Emma het Frans als hoftaal heeft afgeschaft, hebben de 31 afdelingen van de Alliance Fran\u00e7aise in Nederland nog lang de naam gehad een beetje elitair te zijn. Het aanbod van de lezingen was weinig gevarieerd, soms wat theoretisch en er werd altijd Frans gesproken. Dat is tegenwoordig gelukkig wel anders!<\/p><p>In ons land zijn er 31 afdelingen, waarbij meer dan 10.000 mensen zijn betrokken. Er zijn circa 7.000 cursisten die Frans studeren, op allerlei niveaus, begeleid door zo\u2019n 250 docenten, die opgeleid zijn in de Franse taal.<\/p><p>De Alliance Fran\u00e7aise de\u00a0Bois-le-Duc is sinds 1975 actief in &#8216;s-Hertogenbosch.\u00a0\u00a0<\/p>\t\t\t\t\t\t\t\t<\/div>\n\t\t\t\t<\/div>\n\t\t\t\t\t<\/div>\n\t\t<\/div>\n\t\t\t\t\t<\/div>\n\t\t<\/section>\n\t\t\t\t<\/div>\n\t\t","protected":false},"excerpt":{"rendered":"<p>Wat is de Alliance Fran\u00e7aise? Alliance Fran\u00e7aise De Alliance Fran\u00e7aise is in 1883 opgericht en valt onder het Franse ministerie van Cultuur. De Alliance Fran\u00e7aise is een wereldwijde organisatie met [&hellip;]<\/p>\n","protected":false},"author":1,"featured_media":0,"parent":72,"menu_order":0,"comment_status":"closed","ping_status":"closed","template":"elementor_header_footer","meta":{"footnotes":""},"class_list":["post-108","page","type-page","status-publish","hentry"],"_links":{"self":[{"href":"https:\/\/www.alliance-francaise.nl\/denbosch\/wp-json\/wp\/v2\/pages\/108","targetHints":{"allow":["GET"]}}],"collection":[{"href":"https:\/\/www.alliance-francaise.nl\/denbosch\/wp-json\/wp\/v2\/pages"}],"about":[{"href":"https:\/\/www.alliance-francaise.nl\/denbosch\/wp-json\/wp\/v2\/types\/page"}],"author":[{"embeddable":true,"href":"https:\/\/www.alliance-francaise.nl\/denbosch\/wp-json\/wp\/v2\/users\/1"}],"replies":[{"embeddable":true,"href":"https:\/\/www.alliance-francaise.nl\/denbosch\/wp-json\/wp\/v2\/comments?post=108"}],"version-history":[{"count":13,"href":"https:\/\/www.alliance-francaise.nl\/denbosch\/wp-json\/wp\/v2\/pages\/108\/revisions"}],"predecessor-version":[{"id":1910,"href":"https:\/\/www.alliance-francaise.nl\/denbosch\/wp-json\/wp\/v2\/pages\/108\/revisions\/1910"}],"up":[{"embeddable":true,"href":"https:\/\/www.alliance-francaise.nl\/denbosch\/wp-json\/wp\/v2\/pages\/72"}],"wp:attachment":[{"href":"https:\/\/www.alliance-francaise.nl\/denbosch\/wp-json\/wp\/v2\/media?parent=108"}],"curies":[{"name":"wp","href":"https:\/\/api.w.org\/{rel}","templated":true}]}}