{"id":6614,"date":"2025-03-27T14:57:03","date_gmt":"2025-03-27T14:57:03","guid":{"rendered":"https:\/\/www.alliance-francaise.nl\/den-helder\/?page_id=6614"},"modified":"2025-10-23T18:05:39","modified_gmt":"2025-10-23T18:05:39","slug":"inschrijfformulier-prive-online-cursus","status":"publish","type":"page","link":"https:\/\/www.alliance-francaise.nl\/den-helder\/cursus-informatie\/inschrijfformulier-prive-online-cursus\/","title":{"rendered":"Inschrijfformulier priv\u00e9 online cursus"},"content":{"rendered":"\t\t<div data-elementor-type=\"wp-page\" data-elementor-id=\"6614\" class=\"elementor elementor-6614\" data-elementor-post-type=\"page\">\n\t\t\t\t\t\t<section class=\"elementor-section elementor-top-section elementor-element elementor-element-559a5b0d elementor-section-boxed elementor-section-height-default elementor-section-height-default\" data-id=\"559a5b0d\" data-element_type=\"section\" data-e-type=\"section\" data-settings=\"{&quot;background_background&quot;:&quot;classic&quot;}\">\n\t\t\t\t\t\t<div class=\"elementor-container elementor-column-gap-default\">\n\t\t\t\t\t<div class=\"elementor-column elementor-col-100 elementor-top-column elementor-element elementor-element-8e5e884\" data-id=\"8e5e884\" data-element_type=\"column\" data-e-type=\"column\">\n\t\t\t<div class=\"elementor-widget-wrap\">\n\t\t\t\t\t\t\t<\/div>\n\t\t<\/div>\n\t\t\t\t\t<\/div>\n\t\t<\/section>\n\t\t\t\t<section class=\"elementor-section elementor-top-section elementor-element elementor-element-7eb8ce74 elementor-section-boxed elementor-section-height-default elementor-section-height-default\" data-id=\"7eb8ce74\" data-element_type=\"section\" data-e-type=\"section\">\n\t\t\t\t\t\t<div class=\"elementor-container elementor-column-gap-default\">\n\t\t\t\t\t<div class=\"elementor-column elementor-col-100 elementor-top-column elementor-element elementor-element-534ec722\" data-id=\"534ec722\" data-element_type=\"column\" data-e-type=\"column\" data-settings=\"{&quot;background_background&quot;:&quot;classic&quot;}\">\n\t\t\t<div class=\"elementor-widget-wrap elementor-element-populated\">\n\t\t\t\t\t<div class=\"elementor-background-overlay\"><\/div>\n\t\t\t\t\t\t<div class=\"elementor-element elementor-element-4ee4df6c elementor-widget elementor-widget-heading\" data-id=\"4ee4df6c\" data-element_type=\"widget\" data-e-type=\"widget\" data-widget_type=\"heading.default\">\n\t\t\t\t<div class=\"elementor-widget-container\">\n\t\t\t\t\t<h1 class=\"elementor-heading-title elementor-size-default\">Inschrijfformulier priv\u00e9 online cursus <\/h1>\t\t\t\t<\/div>\n\t\t\t\t<\/div>\n\t\t\t\t\t<\/div>\n\t\t<\/div>\n\t\t\t\t\t<\/div>\n\t\t<\/section>\n\t\t\t\t<section class=\"elementor-section elementor-top-section elementor-element elementor-element-93f00fb elementor-section-boxed elementor-section-height-default elementor-section-height-default\" data-id=\"93f00fb\" data-element_type=\"section\" data-e-type=\"section\">\n\t\t\t\t\t\t<div class=\"elementor-container elementor-column-gap-default\">\n\t\t\t\t\t<div class=\"elementor-column elementor-col-100 elementor-top-column elementor-element elementor-element-6e4a19e\" data-id=\"6e4a19e\" data-element_type=\"column\" data-e-type=\"column\">\n\t\t\t<div class=\"elementor-widget-wrap elementor-element-populated\">\n\t\t\t\t\t\t<div class=\"elementor-element elementor-element-799b758 elementor-widget elementor-widget-heading\" data-id=\"799b758\" data-element_type=\"widget\" data-e-type=\"widget\" data-widget_type=\"heading.default\">\n\t\t\t\t<div class=\"elementor-widget-container\">\n\t\t\t\t\t<h4 class=\"elementor-heading-title elementor-size-default\">Inschrijfformulier priv\u00e9 online cursus Alliance Fran\u00e7aise Den Helder\u00a0<\/h4>\t\t\t\t<\/div>\n\t\t\t\t<\/div>\n\t\t\t\t<div class=\"elementor-element elementor-element-414ebd7 elementor-widget elementor-widget-text-editor\" data-id=\"414ebd7\" data-element_type=\"widget\" data-e-type=\"widget\" data-widget_type=\"text-editor.default\">\n\t\t\t\t<div class=\"elementor-widget-container\">\n\t\t\t\t\t\t\t\t\t<ul><li>Uw startniveau en doelen worden samen met uw docent bepaald.<\/li><li>U werkt op eigen tempo met een papier-leermethode (die u kunt houden) begeleidt door uw docent.<\/li><li>U ontwikkelt uw mondelinge vaardigheden tijdens de online lessen (wekelijks 45 minuten via Skype). U beslist in overleg met uw docent wanneer de online les plaats vindt.<\/li><li>U bent automatisch lid van de Alliance Fran\u00e7aise Den Helder: u kunt gratis deelnemen aan alle <a href=\"https:\/\/www.alliance-francaise.nl\/den-helder\/cultuur\/\">culturele activiteiten<\/a> en u heeft toegang tot de <a href=\"https:\/\/www.alliance-francaise.nl\/den-helder\/cultuur\/elementor-2174\/\">Cultureth\u00e8que: online Franse bibliotheek\/videotheek<\/a>\u00a0<\/li><li>Kosten (8 online lessen van 45 minuten, exclusief boeken, inclusief lidmaatschap en toegang tot de Cultureth\u00e8que): <span style=\"color: #000000\"><b>\u20ac 245,00<\/b>.<\/span><\/li><li>Kosten vervolgcursus in het zelfde cursusjaar: <span style=\"color: #000000\"><strong>\u20ac 200,00<\/strong><\/span> (8 online lessen van 45 minuten, exclusief boeken, inclusief lidmaatschap en toegang tot de Cultureth\u00e8que).<\/li><\/ul><div>\u00a0<\/div><p><strong>Het cursusgeld bedraagt \u20ac 245,\u2013 <\/strong>en dient v\u00f3\u00f3r aanvang van de cursus o.v.v naam cursist te zijn bijgeschreven<\/p><p>op Bankrekening nr: NL20INGB0000037393 t.n.v.. Penningmeester Alliance Fran\u00e7aise Den Helder.<\/p><p><strong>Belangrijk:<\/strong><\/p><p>Eventueel annuleren van uw aanmelding dient schriftelijk te gebeuren (zie bovenstaand adres).<\/p><p>Bij annuleren zijn wij genoodzaakt de volgende kosten in rekening te brengen:<\/p><ul><li>bij annuleren voor aanvang van de cursus bent u 25 % van het cursusgeld\u00a0\u00a0verschuldigd;<\/li><li>bij afmelding na de eerste les zijn wij genoodzaakt het volledige bedrag in rekening te brengen.<\/li><\/ul><p>Uiteraard maken wij gebruik van gerenommeerde online\/internet faciliteiten maar aangezien de werking en veiligheid van online lesgeven afhankelijk is van veel factoren die niet binnen de be\u00efnvloedingsmogelijkheden van de Alliance Fran\u00e7aise Den Helder vallen, kunnen wij geen aansprakelijkheid hiervoor dragen.<\/p><p><strong>Algemene verordening gegevensbescherming<\/strong><strong>\u00a0(AVG)<\/strong><\/p><p>Tijdens de cursus of een activiteit kunnen er foto&#8217;s\/beeld materiaal gemaakt worden welke op de website van de Alliance Fran\u00e7aise Den Helder kan worden geplaatst. U kunt deze laten verwijderen via\u00a0 secr.denhelder@afpb.nl.<\/p><p>\u25a1\u00a0 Na einde cursus geef ik toestemming aan de AFDH om mijn gegevens\u00a0te bewaren\u00a0o.a. t.b.v. re\u00fcnie enz. Ik behoud het recht om mijn toestemming te allen tijde in te trekken. (via secr.denhelder@afpb.nl).<\/p>\t\t\t\t\t\t\t\t<\/div>\n\t\t\t\t<\/div>\n\t\t\t\t\t<\/div>\n\t\t<\/div>\n\t\t\t\t\t<\/div>\n\t\t<\/section>\n\t\t\t\t<section class=\"elementor-section elementor-top-section elementor-element elementor-element-b66be5d elementor-section-boxed elementor-section-height-default elementor-section-height-default\" data-id=\"b66be5d\" data-element_type=\"section\" data-e-type=\"section\">\n\t\t\t\t\t\t<div class=\"elementor-container elementor-column-gap-default\">\n\t\t\t\t\t<div class=\"elementor-column elementor-col-100 elementor-top-column elementor-element elementor-element-d21f90d\" data-id=\"d21f90d\" data-element_type=\"column\" data-e-type=\"column\">\n\t\t\t<div class=\"elementor-widget-wrap elementor-element-populated\">\n\t\t\t\t\t\t<div class=\"elementor-element elementor-element-2b144f8 eael-contact-form-7-button-align-left eael-contact-form-7-button-custom elementor-widget elementor-widget-eael-contact-form-7\" data-id=\"2b144f8\" data-element_type=\"widget\" data-e-type=\"widget\" data-widget_type=\"eael-contact-form-7.default\">\n\t\t\t\t<div class=\"elementor-widget-container\">\n\t\t\t\t\t<div class=\"eael-contact-form-7-wrapper\">\n                <div class=\"eael-contact-form eael-contact-form-7 eael-contact-form-2b144f8 placeholder-show eael-contact-form-align-default\">\n<div class=\"wpcf7 no-js\" id=\"wpcf7-f6613-o1\" lang=\"nl-NL\" dir=\"ltr\" data-wpcf7-id=\"6613\">\n<div class=\"screen-reader-response\"><p role=\"status\" aria-live=\"polite\" aria-atomic=\"true\"><\/p> <ul><\/ul><\/div>\n<form action=\"\/den-helder\/wp-json\/wp\/v2\/pages\/6614#wpcf7-f6613-o1\" method=\"post\" class=\"wpcf7-form init\" aria-label=\"Contactformulier\" novalidate=\"novalidate\" data-status=\"init\">\n<fieldset class=\"hidden-fields-container\"><input type=\"hidden\" name=\"_wpcf7\" value=\"6613\" \/><input type=\"hidden\" name=\"_wpcf7_version\" value=\"6.1.5\" \/><input type=\"hidden\" name=\"_wpcf7_locale\" value=\"nl_NL\" \/><input type=\"hidden\" name=\"_wpcf7_unit_tag\" value=\"wpcf7-f6613-o1\" \/><input type=\"hidden\" name=\"_wpcf7_container_post\" value=\"0\" \/><input type=\"hidden\" name=\"_wpcf7_posted_data_hash\" value=\"\" \/><input type=\"hidden\" name=\"_wpcf7_recaptcha_response\" value=\"\" \/>\n<\/fieldset>\n<table style=\"border: none\" width=\"580\">\n\t<tbody>\n\t\t<tr>\n\t\t\t<td style=\"border: none\">\n\t\t\t\t<p>Voornaam (verplicht)\n\t\t\t\t<\/p>\n\t\t\t<\/td>\n\t\t\t<td style=\"border: none\">\n\t\t\t\t<p><span class=\"wpcf7-form-control-wrap\" data-name=\"your-voornaam\"><input size=\"40\" maxlength=\"400\" class=\"wpcf7-form-control wpcf7-text wpcf7-validates-as-required\" aria-required=\"true\" aria-invalid=\"false\" value=\"\" type=\"text\" name=\"your-voornaam\" \/><\/span>\n\t\t\t\t<\/p>\n\t\t\t<\/td>\n\t\t<\/tr>\n\t\t<tr>\n\t\t\t<td style=\"border: none\">\n\t\t\t\t<p>Achternaam (verplicht)\n\t\t\t\t<\/p>\n\t\t\t<\/td>\n\t\t\t<td style=\"border: none\">\n\t\t\t\t<p><span class=\"wpcf7-form-control-wrap\" data-name=\"your-achternaam\"><input size=\"40\" maxlength=\"400\" class=\"wpcf7-form-control wpcf7-text wpcf7-validates-as-required\" aria-required=\"true\" aria-invalid=\"false\" value=\"\" type=\"text\" name=\"your-achternaam\" \/><\/span>\n\t\t\t\t<\/p>\n\t\t\t<\/td>\n\t\t<\/tr>\n\t\t<tr>\n\t\t\t<td style=\"border: none\">\n\t\t\t\t<p>Adres (verplicht)\n\t\t\t\t<\/p>\n\t\t\t<\/td>\n\t\t\t<td style=\"border: none\">\n\t\t\t\t<p><span class=\"wpcf7-form-control-wrap\" data-name=\"your-adresstraat\"><input size=\"40\" maxlength=\"400\" class=\"wpcf7-form-control wpcf7-text wpcf7-validates-as-required\" aria-required=\"true\" aria-invalid=\"false\" value=\"\" type=\"text\" name=\"your-adresstraat\" \/><\/span>\n\t\t\t\t<\/p>\n\t\t\t<\/td>\n\t\t<\/tr>\n\t\t<tr>\n\t\t\t<td style=\"border: none\">\n\t\t\t\t<p>Postcode en woonplaats (verplicht)\n\t\t\t\t<\/p>\n\t\t\t<\/td>\n\t\t\t<td style=\"border: none\">\n\t\t\t\t<p><span class=\"wpcf7-form-control-wrap\" data-name=\"your-adresplaats\"><input size=\"40\" maxlength=\"400\" class=\"wpcf7-form-control wpcf7-text wpcf7-validates-as-required\" aria-required=\"true\" aria-invalid=\"false\" value=\"\" type=\"text\" name=\"your-adresplaats\" \/><\/span>\n\t\t\t\t<\/p>\n\t\t\t<\/td>\n\t\t<\/tr>\n\t\t<tr>\n\t\t\t<td style=\"border: none\">\n\t\t\t\t<p>Telefoonnummer (verplicht)\n\t\t\t\t<\/p>\n\t\t\t<\/td>\n\t\t\t<td style=\"border: none\">\n\t\t\t\t<p><span class=\"wpcf7-form-control-wrap\" data-name=\"your-phone\"><input size=\"40\" maxlength=\"400\" class=\"wpcf7-form-control wpcf7-text wpcf7-validates-as-required\" aria-required=\"true\" aria-invalid=\"false\" value=\"\" type=\"text\" name=\"your-phone\" \/><\/span>\n\t\t\t\t<\/p>\n\t\t\t<\/td>\n\t\t<\/tr>\n\t\t<tr>\n\t\t\t<td style=\"border: none\">\n\t\t\t\t<p>E-mailadres (verplicht)\n\t\t\t\t<\/p>\n\t\t\t<\/td>\n\t\t\t<td style=\"border: none\">\n\t\t\t\t<p><span class=\"wpcf7-form-control-wrap\" data-name=\"your-email\"><input size=\"40\" maxlength=\"400\" class=\"wpcf7-form-control wpcf7-email wpcf7-validates-as-required wpcf7-text wpcf7-validates-as-email\" aria-required=\"true\" aria-invalid=\"false\" value=\"\" type=\"email\" name=\"your-email\" \/><\/span>\n\t\t\t\t<\/p>\n\t\t\t<\/td>\n\t\t<\/tr>\n\t\t<tr>\n\t\t\t<td style=\"border: none\">\n\t\t\t\t<p>Opmerkingen\/bijzonderheden\n\t\t\t\t<\/p>\n\t\t\t<\/td>\n\t\t\t<td style=\"border: none\">\n\t\t\t\t<p><span class=\"wpcf7-form-control-wrap\" data-name=\"textarea-798\"><textarea cols=\"40\" rows=\"10\" maxlength=\"2000\" class=\"wpcf7-form-control wpcf7-textarea\" aria-invalid=\"false\" name=\"textarea-798\"><\/textarea><\/span>\n\t\t\t\t<\/p>\n\t\t\t<\/td>\n\t\t<\/tr>\n\t\t<tr>\n\t\t\t<td style=\"border: none\">\n\t\t\t\t<p><span class=\"wpcf7-form-control-wrap\" data-name=\"checkbox-478\"><span class=\"wpcf7-form-control wpcf7-checkbox wpcf7-validates-as-required\"><span class=\"wpcf7-list-item first last\"><label><input type=\"checkbox\" name=\"checkbox-478[]\" value=\"Ik ga akkoord met de annuleringsvoorwaarden (zie hierboven).\" \/><span class=\"wpcf7-list-item-label\">Ik ga akkoord met de annuleringsvoorwaarden (zie hierboven).<\/span><\/label><\/span><\/span><\/span>\n\t\t\t\t<\/p>\n\t\t\t<\/td>\n\t\t<\/tr>\n\t<\/tbody>\n<\/table>\n<p><input class=\"wpcf7-form-control wpcf7-submit has-spinner\" type=\"submit\" value=\"Verzenden\" \/>\n<\/p><div class=\"wpcf7-response-output\" aria-hidden=\"true\"><\/div>\n<\/form>\n<\/div>\n<\/div>\n            <\/div>\t\t\t\t<\/div>\n\t\t\t\t<\/div>\n\t\t\t\t\t<\/div>\n\t\t<\/div>\n\t\t\t\t\t<\/div>\n\t\t<\/section>\n\t\t\t\t<section class=\"elementor-section elementor-top-section elementor-element elementor-element-c284505 elementor-section-boxed elementor-section-height-default elementor-section-height-default\" data-id=\"c284505\" data-element_type=\"section\" data-e-type=\"section\">\n\t\t\t\t\t\t<div class=\"elementor-container elementor-column-gap-default\">\n\t\t\t\t\t<div class=\"elementor-column elementor-col-100 elementor-top-column elementor-element elementor-element-92ebf62\" data-id=\"92ebf62\" data-element_type=\"column\" data-e-type=\"column\">\n\t\t\t<div class=\"elementor-widget-wrap elementor-element-populated\">\n\t\t\t\t\t\t<div class=\"elementor-element elementor-element-e470ace elementor-widget elementor-widget-text-editor\" data-id=\"e470ace\" data-element_type=\"widget\" data-e-type=\"widget\" data-widget_type=\"text-editor.default\">\n\t\t\t\t<div class=\"elementor-widget-container\">\n\t\t\t\t\t\t\t\t\t<p>U ontvangt een automatische bevestiging na het verzenden van het formulier. Controleer ook uw spambox, het kan zijn dat de e-mail daar in terecht komt.<\/p>\t\t\t\t\t\t\t\t<\/div>\n\t\t\t\t<\/div>\n\t\t\t\t\t<\/div>\n\t\t<\/div>\n\t\t\t\t\t<\/div>\n\t\t<\/section>\n\t\t\t\t<\/div>\n\t\t","protected":false},"excerpt":{"rendered":"<p>Inschrijfformulier priv\u00e9 online cursus Inschrijfformulier priv\u00e9 online cursus Alliance Fran\u00e7aise Den Helder\u00a0 Uw startniveau en doelen worden samen met uw docent bepaald. U werkt op eigen tempo met een papier-leermethode [&hellip;]<\/p>\n","protected":false},"author":7,"featured_media":0,"parent":800,"menu_order":0,"comment_status":"closed","ping_status":"closed","template":"elementor_header_footer","meta":{"footnotes":""},"class_list":["post-6614","page","type-page","status-publish","hentry"],"_links":{"self":[{"href":"https:\/\/www.alliance-francaise.nl\/den-helder\/wp-json\/wp\/v2\/pages\/6614","targetHints":{"allow":["GET"]}}],"collection":[{"href":"https:\/\/www.alliance-francaise.nl\/den-helder\/wp-json\/wp\/v2\/pages"}],"about":[{"href":"https:\/\/www.alliance-francaise.nl\/den-helder\/wp-json\/wp\/v2\/types\/page"}],"author":[{"embeddable":true,"href":"https:\/\/www.alliance-francaise.nl\/den-helder\/wp-json\/wp\/v2\/users\/7"}],"replies":[{"embeddable":true,"href":"https:\/\/www.alliance-francaise.nl\/den-helder\/wp-json\/wp\/v2\/comments?post=6614"}],"version-history":[{"count":20,"href":"https:\/\/www.alliance-francaise.nl\/den-helder\/wp-json\/wp\/v2\/pages\/6614\/revisions"}],"predecessor-version":[{"id":7459,"href":"https:\/\/www.alliance-francaise.nl\/den-helder\/wp-json\/wp\/v2\/pages\/6614\/revisions\/7459"}],"up":[{"embeddable":true,"href":"https:\/\/www.alliance-francaise.nl\/den-helder\/wp-json\/wp\/v2\/pages\/800"}],"wp:attachment":[{"href":"https:\/\/www.alliance-francaise.nl\/den-helder\/wp-json\/wp\/v2\/media?parent=6614"}],"curies":[{"name":"wp","href":"https:\/\/api.w.org\/{rel}","templated":true}]}}