{"id":2247,"date":"2020-08-22T17:03:52","date_gmt":"2020-08-22T17:03:52","guid":{"rendered":"https:\/\/www.alliance-francaise.nl\/2020\/den-helder\/?page_id=2247"},"modified":"2025-03-26T20:07:07","modified_gmt":"2025-03-26T20:07:07","slug":"prive-online-cursus-algemeen-frans","status":"publish","type":"page","link":"https:\/\/www.alliance-francaise.nl\/den-helder\/cursus\/prive-online-cursus-algemeen-frans\/","title":{"rendered":"Priv\u00e9 online cursus algemeen Frans"},"content":{"rendered":"\t\t<div data-elementor-type=\"wp-page\" data-elementor-id=\"2247\" class=\"elementor elementor-2247\" data-elementor-post-type=\"page\">\n\t\t\t\t\t\t<section class=\"elementor-section elementor-top-section elementor-element elementor-element-2848e973 elementor-section-boxed elementor-section-height-default elementor-section-height-default\" data-id=\"2848e973\" data-element_type=\"section\" data-e-type=\"section\" data-settings=\"{&quot;background_background&quot;:&quot;classic&quot;}\">\n\t\t\t\t\t\t<div class=\"elementor-container elementor-column-gap-default\">\n\t\t\t\t\t<div class=\"elementor-column elementor-col-100 elementor-top-column elementor-element elementor-element-162b03db\" data-id=\"162b03db\" data-element_type=\"column\" data-e-type=\"column\">\n\t\t\t<div class=\"elementor-widget-wrap\">\n\t\t\t\t\t\t\t<\/div>\n\t\t<\/div>\n\t\t\t\t\t<\/div>\n\t\t<\/section>\n\t\t\t\t<section class=\"elementor-section elementor-top-section elementor-element elementor-element-44388cd6 elementor-section-boxed elementor-section-height-default elementor-section-height-default\" data-id=\"44388cd6\" data-element_type=\"section\" data-e-type=\"section\">\n\t\t\t\t\t\t<div class=\"elementor-container elementor-column-gap-default\">\n\t\t\t\t\t<div class=\"elementor-column elementor-col-100 elementor-top-column elementor-element elementor-element-33220e21\" data-id=\"33220e21\" data-element_type=\"column\" data-e-type=\"column\" data-settings=\"{&quot;background_background&quot;:&quot;classic&quot;}\">\n\t\t\t<div class=\"elementor-widget-wrap elementor-element-populated\">\n\t\t\t\t\t<div class=\"elementor-background-overlay\"><\/div>\n\t\t\t\t\t\t<div class=\"elementor-element elementor-element-3185f851 elementor-widget elementor-widget-heading\" data-id=\"3185f851\" data-element_type=\"widget\" data-e-type=\"widget\" data-widget_type=\"heading.default\">\n\t\t\t\t<div class=\"elementor-widget-container\">\n\t\t\t\t\t<h1 class=\"elementor-heading-title elementor-size-default\">Cursusaanbod Priv\u00e9 online <\/h1>\t\t\t\t<\/div>\n\t\t\t\t<\/div>\n\t\t\t\t\t<\/div>\n\t\t<\/div>\n\t\t\t\t\t<\/div>\n\t\t<\/section>\n\t\t\t\t<section class=\"elementor-section elementor-top-section elementor-element elementor-element-5ba6d58 elementor-section-boxed elementor-section-height-default elementor-section-height-default\" data-id=\"5ba6d58\" data-element_type=\"section\" data-e-type=\"section\">\n\t\t\t\t\t\t<div class=\"elementor-container elementor-column-gap-default\">\n\t\t\t\t\t<div class=\"elementor-column elementor-col-100 elementor-top-column elementor-element elementor-element-9ba6cc1\" data-id=\"9ba6cc1\" data-element_type=\"column\" data-e-type=\"column\">\n\t\t\t<div class=\"elementor-widget-wrap elementor-element-populated\">\n\t\t\t\t\t\t<div class=\"elementor-element elementor-element-a1d790c elementor-widget elementor-widget-text-editor\" data-id=\"a1d790c\" data-element_type=\"widget\" data-e-type=\"widget\" data-widget_type=\"text-editor.default\">\n\t\t\t\t<div class=\"elementor-widget-container\">\n\t\t\t\t\t\t\t\t\t<h3><span style=\"color: #ff0000\"><strong>Priv\u00e9 online cursus Frans<\/strong><\/span><\/h3><p style=\"background: white\"><span style=\"color: #333333;font-family: Verdana, 'sans-serif';font-weight: var( --e-global-typography-text-font-weight );font-size: 1rem\">Ook dit cursusjaar is het mogelijk om online priv\u00e9les algemeen Frans te volgen bij de Alliance Fran\u00e7aise Den Helder. De cursus wordt in overleg met u op maat gemaakt ongeacht uw niveau. Kosten: \u20ac 275,00 voor 8 lessen van 45 minuten. De lessen worden gegeven door een zeer ervaren docent<\/span><\/p><p style=\"background: white\"><span style=\"font-family: 'Verdana','sans-serif';color: #333333\">Vervolgcursus \u20ac 220,00 voor 8 lessen.(native speaker).<\/span><\/p><p>Voor meer <a href=\"https:\/\/www.alliance-francaise.nl\/den-helder\/oude-cursusinfo\/\">informatie<\/a>.<\/p>\t\t\t\t\t\t\t\t<\/div>\n\t\t\t\t<\/div>\n\t\t\t\t\t<\/div>\n\t\t<\/div>\n\t\t\t\t\t<\/div>\n\t\t<\/section>\n\t\t\t\t<\/div>\n\t\t","protected":false},"excerpt":{"rendered":"<p>Cursusaanbod Priv\u00e9 online Priv\u00e9 online cursus Frans Ook dit cursusjaar is het mogelijk om online priv\u00e9les algemeen Frans te volgen bij de Alliance Fran\u00e7aise Den Helder. De cursus wordt in [&hellip;]<\/p>\n","protected":false},"author":7,"featured_media":0,"parent":13,"menu_order":0,"comment_status":"closed","ping_status":"closed","template":"elementor_header_footer","meta":{"footnotes":""},"class_list":["post-2247","page","type-page","status-publish","hentry"],"_links":{"self":[{"href":"https:\/\/www.alliance-francaise.nl\/den-helder\/wp-json\/wp\/v2\/pages\/2247","targetHints":{"allow":["GET"]}}],"collection":[{"href":"https:\/\/www.alliance-francaise.nl\/den-helder\/wp-json\/wp\/v2\/pages"}],"about":[{"href":"https:\/\/www.alliance-francaise.nl\/den-helder\/wp-json\/wp\/v2\/types\/page"}],"author":[{"embeddable":true,"href":"https:\/\/www.alliance-francaise.nl\/den-helder\/wp-json\/wp\/v2\/users\/7"}],"replies":[{"embeddable":true,"href":"https:\/\/www.alliance-francaise.nl\/den-helder\/wp-json\/wp\/v2\/comments?post=2247"}],"version-history":[{"count":6,"href":"https:\/\/www.alliance-francaise.nl\/den-helder\/wp-json\/wp\/v2\/pages\/2247\/revisions"}],"predecessor-version":[{"id":6567,"href":"https:\/\/www.alliance-francaise.nl\/den-helder\/wp-json\/wp\/v2\/pages\/2247\/revisions\/6567"}],"up":[{"embeddable":true,"href":"https:\/\/www.alliance-francaise.nl\/den-helder\/wp-json\/wp\/v2\/pages\/13"}],"wp:attachment":[{"href":"https:\/\/www.alliance-francaise.nl\/den-helder\/wp-json\/wp\/v2\/media?parent=2247"}],"curies":[{"name":"wp","href":"https:\/\/api.w.org\/{rel}","templated":true}]}}