{"id":327,"date":"2020-11-03T15:10:54","date_gmt":"2020-11-03T15:10:54","guid":{"rendered":"https:\/\/www.alliance-francaise.nl\/2020\/coeurdezelande\/?page_id=327"},"modified":"2025-06-02T19:08:41","modified_gmt":"2025-06-02T17:08:41","slug":"cursusorganisatie","status":"publish","type":"page","link":"https:\/\/www.alliance-francaise.nl\/coeurdezelande\/cursussen\/cursusorganisatie\/","title":{"rendered":"Cursusorganisatie"},"content":{"rendered":"\t\t<div data-elementor-type=\"wp-page\" data-elementor-id=\"327\" class=\"elementor elementor-327\" data-elementor-post-type=\"page\">\n\t\t\t\t\t\t<section class=\"elementor-section elementor-top-section elementor-element elementor-element-33e8a21a elementor-section-boxed elementor-section-height-default elementor-section-height-default\" data-id=\"33e8a21a\" data-element_type=\"section\" data-e-type=\"section\" data-settings=\"{&quot;background_background&quot;:&quot;classic&quot;}\">\n\t\t\t\t\t\t<div class=\"elementor-container elementor-column-gap-default\">\n\t\t\t\t\t<div class=\"elementor-column elementor-col-100 elementor-top-column elementor-element elementor-element-2f25aa1f\" data-id=\"2f25aa1f\" data-element_type=\"column\" data-e-type=\"column\">\n\t\t\t<div class=\"elementor-widget-wrap\">\n\t\t\t\t\t\t\t<\/div>\n\t\t<\/div>\n\t\t\t\t\t<\/div>\n\t\t<\/section>\n\t\t\t\t<section class=\"elementor-section elementor-top-section elementor-element elementor-element-16234a97 elementor-section-boxed elementor-section-height-default elementor-section-height-default\" data-id=\"16234a97\" data-element_type=\"section\" data-e-type=\"section\">\n\t\t\t\t\t\t<div class=\"elementor-container elementor-column-gap-default\">\n\t\t\t\t\t<div class=\"elementor-column elementor-col-100 elementor-top-column elementor-element elementor-element-4397af2\" data-id=\"4397af2\" data-element_type=\"column\" data-e-type=\"column\" data-settings=\"{&quot;background_background&quot;:&quot;classic&quot;}\">\n\t\t\t<div class=\"elementor-widget-wrap elementor-element-populated\">\n\t\t\t\t\t<div class=\"elementor-background-overlay\"><\/div>\n\t\t\t\t\t\t<div class=\"elementor-element elementor-element-23374c00 elementor-widget elementor-widget-heading\" data-id=\"23374c00\" data-element_type=\"widget\" data-e-type=\"widget\" data-widget_type=\"heading.default\">\n\t\t\t\t<div class=\"elementor-widget-container\">\n\t\t\t\t\t<h1 class=\"elementor-heading-title elementor-size-default\">Cursusorganisatie<\/h1>\t\t\t\t<\/div>\n\t\t\t\t<\/div>\n\t\t\t\t\t<\/div>\n\t\t<\/div>\n\t\t\t\t\t<\/div>\n\t\t<\/section>\n\t\t<div class=\"elementor-element elementor-element-3476490 e-flex e-con-boxed e-con e-parent\" data-id=\"3476490\" data-element_type=\"container\" data-e-type=\"container\">\n\t\t\t\t\t<div class=\"e-con-inner\">\n\t\t\t\t<div class=\"elementor-element elementor-element-1f63835 elementor-widget elementor-widget-heading\" data-id=\"1f63835\" data-element_type=\"widget\" data-e-type=\"widget\" data-widget_type=\"heading.default\">\n\t\t\t\t<div class=\"elementor-widget-container\">\n\t\t\t\t\t<h1 class=\"elementor-heading-title elementor-size-default\"><b>Rooster 2025-2026<\/b><\/h1>\t\t\t\t<\/div>\n\t\t\t\t<\/div>\n\t\t\t\t\t<\/div>\n\t\t\t\t<\/div>\n\t\t<div class=\"elementor-element elementor-element-4dc00d7 e-flex e-con-boxed e-con e-parent\" data-id=\"4dc00d7\" data-element_type=\"container\" data-e-type=\"container\">\n\t\t\t\t\t<div class=\"e-con-inner\">\n\t\t\t\t<div class=\"elementor-element elementor-element-8bad95f elementor-widget elementor-widget-text-editor\" data-id=\"8bad95f\" data-element_type=\"widget\" data-e-type=\"widget\" data-widget_type=\"text-editor.default\">\n\t\t\t\t<div class=\"elementor-widget-container\">\n\t\t\t\t\t\t\t\t\t<p><em>Hierbij dient vermeld te worden dat dit globaal is en we afhankelijk zijn van eventuele maatregelen vanuit de regering en Ostrea (ouderavonden, kennismakingsavonden e.d.). Niet gemaakte lessen worden ingehaald&nbsp; en verzet naar een latere datum.<\/em><\/p><p><i>Bij betaling na 1 september 2025 vervalt het recht op\nkorting.&nbsp;<\/i><br><i style=\"font-size: 1rem\">Nieuwe inschrijvers hebben de tijd tot 1\noktober 2025 voor een korting van \u20ac 15.00.<\/i><\/p><p><span style=\"font-size: 1rem\">Door inschrijving verplicht u zich tot het betalen van het\ncursusgeld voor:<br><\/span><span style=\"font-size: 1rem\">&gt; De algemene cursus \u20ac 275,00 \u2013 23 lessen<br><\/span><span style=\"font-size: 1rem\">(Indien voor 1 september 2025 betaald, ontvangt u een\nkorting van \u20ac 15,00).<br><\/span><span style=\"font-size: 1rem\">&gt; De cursus Plaisir de lire \u20ac 150,00 \u2013 8\nlessen<br><\/span><span style=\"font-size: 1rem\">(Indien voor 1 september 2025 betaald, ontvangt\nu een korting van \u20ac 5,00).<\/span><\/p>\t\t\t\t\t\t\t\t<\/div>\n\t\t\t\t<\/div>\n\t\t\t\t\t<\/div>\n\t\t\t\t<\/div>\n\t\t<div class=\"elementor-element elementor-element-afdae3f e-flex e-con-boxed e-con e-parent\" data-id=\"afdae3f\" data-element_type=\"container\" data-e-type=\"container\">\n\t\t\t\t\t<div class=\"e-con-inner\">\n\t\t\t\t<div class=\"elementor-element elementor-element-5ba8934 elementor-widget elementor-widget-heading\" data-id=\"5ba8934\" data-element_type=\"widget\" data-e-type=\"widget\" data-widget_type=\"heading.default\">\n\t\t\t\t<div class=\"elementor-widget-container\">\n\t\t\t\t\t<h2 class=\"elementor-heading-title elementor-size-default\"><b>Voorlopig rooster<\/b><\/h2>\t\t\t\t<\/div>\n\t\t\t\t<\/div>\n\t\t\t\t\t<\/div>\n\t\t\t\t<\/div>\n\t\t<div class=\"elementor-element elementor-element-83c08a6 e-flex e-con-boxed e-con e-parent\" data-id=\"83c08a6\" data-element_type=\"container\" data-e-type=\"container\">\n\t\t\t\t\t<div class=\"e-con-inner\">\n\t\t\t\t<div class=\"elementor-element elementor-element-98814fe elementor-widget__width-initial elementor-widget elementor-widget-text-editor\" data-id=\"98814fe\" data-element_type=\"widget\" data-e-type=\"widget\" data-widget_type=\"text-editor.default\">\n\t\t\t\t<div class=\"elementor-widget-container\">\n\t\t\t\t\t\t\t\t\t<table width=\"800\"><tbody><tr><td width=\"300\">vakanties<\/td><td width=\"500\">Regio zuid<\/td><\/tr><tr><td width=\"300\">herfstvakantie<\/td><td width=\"500\">11 okt t\/m 19 okt 2025<\/td><\/tr><tr><td width=\"300\">kerstvakantie<\/td><td width=\"209\">20 dec t\/m 4 jan 2026<\/td><\/tr><tr><td width=\"300\">voorjaarsvakantie<\/td><td width=\"500\">14 febr t\/m 22 febr 2026<\/td><\/tr><tr><td width=\"300\">meivakantie<\/td><td width=\"500\">25 apr 3 mei 2026<\/td><\/tr><tr><td width=\"300\">zomervakantie<\/td><td width=\"500\">11 juli t\/m 23 augustus 2026<\/td><\/tr><\/tbody><\/table>\t\t\t\t\t\t\t\t<\/div>\n\t\t\t\t<\/div>\n\t\t\t\t\t<\/div>\n\t\t\t\t<\/div>\n\t\t<div class=\"elementor-element elementor-element-5017ab9 e-flex e-con-boxed e-con e-parent\" data-id=\"5017ab9\" data-element_type=\"container\" data-e-type=\"container\">\n\t\t\t\t\t<div class=\"e-con-inner\">\n\t\t\t\t<div class=\"elementor-element elementor-element-922acde elementor-widget elementor-widget-text-editor\" data-id=\"922acde\" data-element_type=\"widget\" data-e-type=\"widget\" data-widget_type=\"text-editor.default\">\n\t\t\t\t<div class=\"elementor-widget-container\">\n\t\t\t\t\t\t\t\t\t<table width=\"1005\"><tbody><tr><td width=\"145\">2025<\/td><td width=\"215\">maandag<\/td><td width=\"215\">dinsdag<\/td><td width=\"215\">woensdag<\/td><td width=\"215\">literatuurgroep<\/td><\/tr><tr><td width=\"145\">september<\/td><td width=\"215\">\u00a0<\/td><td width=\"215\">23<sup>e<\/sup>\u00a0(inschrijfavond<\/td><td width=\"215\">\u00a0<\/td><td width=\"215\">di:18.45 \u2013 20.15<\/td><\/tr><tr><td width=\"145\">oktober<\/td><td width=\"215\">6 \u2013 HV \u2013 20 \u2013 27<\/td><td width=\"215\">7 \u2013 HV \u2013 21 \u2013 28<\/td><td width=\"215\">8 \u2013 HV \u2013 22 \u2013 29<\/td><td width=\"215\">21<\/td><\/tr><tr><td width=\"145\">november<\/td><td width=\"215\">3 \u2013 10 \u2013 17 \u2013 24<\/td><td width=\"215\">4 \u2013 11 \u2013 18 \u2013 25<\/td><td width=\"215\">5 \u2013 12 \u2013 19 \u2013 26<\/td><td width=\"215\">18<\/td><\/tr><tr><td width=\"145\">december<\/td><td width=\"215\">1 \u2013 8 \u2013 15 \u2013 KV<\/td><td width=\"215\">2 \u2013 9 \u2013 16 \u2013 KV<\/td><td width=\"215\">3 \u2013 10 \u2013 17 \u2013 KV<\/td><td width=\"215\">9<\/td><\/tr><tr><td width=\"145\">2026<\/td><td width=\"215\">\u00a0<\/td><td width=\"215\">\u00a0<\/td><td width=\"215\">\u00a0<\/td><td width=\"215\">\u00a0<\/td><\/tr><tr><td width=\"145\">januari<\/td><td width=\"215\">5 \u2013 12 \u2013 19 \u2013 26<\/td><td width=\"215\">6 \u2013 1 2 \u2013 20 \u2013 27<\/td><td width=\"215\">7 \u2013 13 \u2013 21 \u2013 28<\/td><td width=\"215\">8<\/td><\/tr><tr><td width=\"145\">februari<\/td><td width=\"215\">2 \u2013 9 \u2013 VJV \u2013 23<\/td><td width=\"215\">3 \u2013 10 \u2013 VJV \u2013 24<\/td><td width=\"215\">4 \u2013 11 \u2013 VJV \u2013 25<\/td><td width=\"215\">3<\/td><\/tr><tr><td width=\"145\">maart<\/td><td width=\"215\">2 \u2013 9 \u2013 16 \u2013 23 \u2013 30<\/td><td width=\"215\">3 \u2013 10 \u2013 17 \u2013 24 \u2013 31<\/td><td width=\"215\">4 \u2013 11 \u2013 18 \u2013 25<\/td><td width=\"215\">3 \u2013 24<\/td><\/tr><tr><td width=\"145\">april<\/td><td width=\"215\">2e Pasen \u2013 13\u00a0 (slot)<\/td><td width=\"215\">7 (slot)<\/td><td width=\"215\">1 \u2013 8 (slot)<\/td><td width=\"215\">15<\/td><\/tr><tr><td width=\"145\">mei &#8211; juni<\/td><td width=\"215\">modules<\/td><td width=\"215\">idem<\/td><td width=\"215\">idem<\/td><td width=\"215\">\u00a0<\/td><\/tr><\/tbody><\/table>\t\t\t\t\t\t\t\t<\/div>\n\t\t\t\t<\/div>\n\t\t\t\t\t<\/div>\n\t\t\t\t<\/div>\n\t\t<div class=\"elementor-element elementor-element-63ed974 e-flex e-con-boxed e-con e-parent\" data-id=\"63ed974\" data-element_type=\"container\" data-e-type=\"container\">\n\t\t\t\t\t<div class=\"e-con-inner\">\n\t\t\t\t<div class=\"elementor-element elementor-element-1805b9e elementor-widget-divider--view-line elementor-widget elementor-widget-divider\" data-id=\"1805b9e\" data-element_type=\"widget\" data-e-type=\"widget\" data-widget_type=\"divider.default\">\n\t\t\t\t<div class=\"elementor-widget-container\">\n\t\t\t\t\t\t\t<div class=\"elementor-divider\">\n\t\t\t<span class=\"elementor-divider-separator\">\n\t\t\t\t\t\t<\/span>\n\t\t<\/div>\n\t\t\t\t\t\t<\/div>\n\t\t\t\t<\/div>\n\t\t\t\t\t<\/div>\n\t\t\t\t<\/div>\n\t\t<div class=\"elementor-element elementor-element-ccd9147 e-flex e-con-boxed e-con e-parent\" data-id=\"ccd9147\" data-element_type=\"container\" data-e-type=\"container\">\n\t\t\t\t\t<div class=\"e-con-inner\">\n\t\t\t\t<div class=\"elementor-element elementor-element-809e31b elementor-widget elementor-widget-text-editor\" data-id=\"809e31b\" data-element_type=\"widget\" data-e-type=\"widget\" data-widget_type=\"text-editor.default\">\n\t\t\t\t<div class=\"elementor-widget-container\">\n\t\t\t\t\t\t\t\t\t<p>Let op: we hebben tijdelijk <strong>een nieuwe locatie: de lessen worden gegeven aan de Bergweg 4 te Goes. <\/strong>Dit is in verband met een grote verbouwing die vanaf augustus plaatsvindt aan het Ostrea Lyceum aan de Fruitlaan. Parkeren kan zonder kosten zowel aan de Bergweg als aan de achterzijde van de school.\u00a0<\/p><p><a href=\"http:\/\/www.ostrealyceum.nl\/\"><img fetchpriority=\"high\" decoding=\"async\" class=\"aligncenter wp-image-3110 size-full\" src=\"https:\/\/www.alliance-francaise.nl\/coeurdezelande\/wp-content\/uploads\/sites\/35\/2024\/07\/bergweg4.png\" alt=\"Bergweg 4\" width=\"275\" height=\"183\" \/><\/a><\/p>\t\t\t\t\t\t\t\t<\/div>\n\t\t\t\t<\/div>\n\t\t\t\t\t<\/div>\n\t\t\t\t<\/div>\n\t\t<div class=\"elementor-element elementor-element-b4f6e3e e-flex e-con-boxed e-con e-parent\" data-id=\"b4f6e3e\" data-element_type=\"container\" data-e-type=\"container\">\n\t\t\t\t\t<div class=\"e-con-inner\">\n\t\t\t\t<div class=\"elementor-element elementor-element-dfd86c1 elementor-widget elementor-widget-google_maps\" data-id=\"dfd86c1\" data-element_type=\"widget\" data-e-type=\"widget\" data-widget_type=\"google_maps.default\">\n\t\t\t\t<div class=\"elementor-widget-container\">\n\t\t\t\t\t\t\t<div class=\"elementor-custom-embed\">\n\t\t\t<iframe loading=\"lazy\"\n\t\t\t\t\tsrc=\"https:\/\/maps.google.com\/maps?q=Bergweg%204%2C%20Goes&#038;t=m&#038;z=20&#038;output=embed&#038;iwloc=near\"\n\t\t\t\t\ttitle=\"Bergweg 4, Goes\"\n\t\t\t\t\taria-label=\"Bergweg 4, Goes\"\n\t\t\t><\/iframe>\n\t\t<\/div>\n\t\t\t\t\t\t<\/div>\n\t\t\t\t<\/div>\n\t\t\t\t\t<\/div>\n\t\t\t\t<\/div>\n\t\t\t\t<section class=\"elementor-section elementor-top-section elementor-element elementor-element-1cf07984 elementor-section-boxed elementor-section-height-default elementor-section-height-default\" data-id=\"1cf07984\" data-element_type=\"section\" data-e-type=\"section\">\n\t\t\t\t\t\t<div class=\"elementor-container elementor-column-gap-default\">\n\t\t\t\t\t<div class=\"elementor-column elementor-col-100 elementor-top-column elementor-element elementor-element-3bc6e844\" data-id=\"3bc6e844\" data-element_type=\"column\" data-e-type=\"column\">\n\t\t\t<div class=\"elementor-widget-wrap elementor-element-populated\">\n\t\t\t\t\t\t<div class=\"elementor-element elementor-element-5525175b elementor-widget elementor-widget-text-editor\" data-id=\"5525175b\" data-element_type=\"widget\" data-e-type=\"widget\" data-widget_type=\"text-editor.default\">\n\t\t\t\t<div class=\"elementor-widget-container\">\n\t\t\t\t\t\t\t\t\t<p><span style=\"font-size: 1rem\">De lessen worden gegeven in het Ostrea Lyceum, Fruitlaan 3, Goes, op maandag-,\u00a0 dinsdag- en woensdagavond.<\/span><\/p><h2><strong>Cursusniveaus<\/strong><\/h2><p>We proberen, samen met de cursist, zo goed mogelijk te adviseren welk niveau het meest passend is. Ons uitgangspunt daarbij is het <strong><a href=\"https:\/\/www.alliance-francaise.nl\/coeurdezelande\/cursussen\/europese-referentiekader\/\">Europees Referentiekader voor Moderne Vreemde Talen (ERK)<\/a><\/strong>, een instrument om het niveau waarop iemand zijn talen beheerst te beschrijven. Wel zo makkelijk als je ergens solliciteert.\u00a0<\/p><p>Bij de cursussen die we aanbieden, komen alle vaardigheden aan bod: lezen, schrijven, luisteren en natuurlijk spreken.\u00a0\u00a0<\/p><p>De niveaus van de cursussen staan hieronder, zodat u kunt bepalen welke cursus het beste bij u past.<\/p>\t\t\t\t\t\t\t\t<\/div>\n\t\t\t\t<\/div>\n\t\t\t\t\t<\/div>\n\t\t<\/div>\n\t\t\t\t\t<\/div>\n\t\t<\/section>\n\t\t\t\t<section class=\"elementor-section elementor-top-section elementor-element elementor-element-fda0bcb elementor-section-boxed elementor-section-height-default elementor-section-height-default\" data-id=\"fda0bcb\" data-element_type=\"section\" data-e-type=\"section\">\n\t\t\t\t\t\t<div class=\"elementor-container elementor-column-gap-default\">\n\t\t\t\t\t<div class=\"elementor-column elementor-col-100 elementor-top-column elementor-element elementor-element-bc62272\" data-id=\"bc62272\" data-element_type=\"column\" data-e-type=\"column\">\n\t\t\t<div class=\"elementor-widget-wrap elementor-element-populated\">\n\t\t\t\t\t\t<div class=\"elementor-element elementor-element-86f2af8 elementor-widget elementor-widget-text-editor\" data-id=\"86f2af8\" data-element_type=\"widget\" data-e-type=\"widget\" data-widget_type=\"text-editor.default\">\n\t\t\t\t<div class=\"elementor-widget-container\">\n\t\t\t\t\t\t\t\t\t<h1><strong>Welk niveau voor wie?<\/strong><\/h1>\t\t\t\t\t\t\t\t<\/div>\n\t\t\t\t<\/div>\n\t\t\t\t\t<\/div>\n\t\t<\/div>\n\t\t\t\t\t<\/div>\n\t\t<\/section>\n\t\t\t\t<section class=\"elementor-section elementor-top-section elementor-element elementor-element-0259ae0 elementor-section-boxed elementor-section-height-default elementor-section-height-default\" data-id=\"0259ae0\" data-element_type=\"section\" data-e-type=\"section\">\n\t\t\t\t\t\t<div class=\"elementor-container elementor-column-gap-default\">\n\t\t\t\t\t<div class=\"elementor-column elementor-col-100 elementor-top-column elementor-element elementor-element-e07f125\" data-id=\"e07f125\" data-element_type=\"column\" data-e-type=\"column\">\n\t\t\t<div class=\"elementor-widget-wrap elementor-element-populated\">\n\t\t\t\t\t\t<div class=\"elementor-element elementor-element-2f287d8 elementor-widget elementor-widget-eael-advanced-data-table\" data-id=\"2f287d8\" data-element_type=\"widget\" data-e-type=\"widget\" data-widget_type=\"eael-advanced-data-table.default\">\n\t\t\t\t<div class=\"elementor-widget-container\">\n\t\t\t\t\t<div class=\"ea-advanced-data-table-wrap\" data-id=\"2f287d8\"><div class=\"ea-advanced-data-table-wrap-inner\">\n                <table class=\"ea-advanced-data-table ea-advanced-data-table-static ea-advanced-data-table-2f287d8\" data-id=\"2f287d8\"><thead><tr><th style=\"width: 80px\"><p><br><\/p><\/th><th><p><br><\/p><\/th><th><\/th><th><\/th><\/tr><\/thead><tbody><tr><td><p>A 1.1&nbsp;&nbsp;&nbsp;<strong>&nbsp;<\/strong><\/p><\/td><td><p>Wie nog nooit Frans heeft geleerd.\t<\/p><\/td><td><\/td><td><\/td><\/tr><tr><td><p>A 1.2&nbsp;&nbsp;<\/p><\/td><td><p>Wie ooit 1 of 2 jaar Frans heeft gevolgd en nu graag weer opnieuw wil beginnen.<\/p><\/td><td><\/td><td><\/td><\/tr><tr><td><p>A 2.1&nbsp;&nbsp;<\/p><\/td><td><p>Voor wie ooit ca. 3 jaar Frans heeft gevolgd en nog eenvoudige zinnen kan&nbsp;maken in de tegenwoordige tijd.<\/p><\/td><td><\/td><td><\/td><\/tr><tr><td><p>A 2.2&nbsp;<\/p><\/td><td><p>Voor cursisten met ca. 4 jaar ervaring in het verleden of instromers uit groep A2.1, die al makkelijk eigen zinnen kunnen maken over praktische situaties, ook in de verleden tijd.<\/p><\/td><td><\/td><td><\/td><\/tr><tr><td><p>B 1.1&nbsp;&nbsp;<\/p><\/td><td><p>Voor wie A2.2 of ca. 5 jaar Frans in het verleden heeft gevolgd en al een kort verhaal in het Frans kan houden over zijn eigen ervaringen, op een eenvoudige manier een mening kan geven over praktische onderwerpen en meerdere werkwoordtijden probeert te gebruiken.<\/p><\/td><td><\/td><td><\/td><\/tr><tr><td><p>B 1.2<\/p><\/td><td><p>Voor wie B1.1. heeft gevolgd of zich goed kan uitdrukken in alle praktische situaties, redelijk makkelijk over zijn eigen ervaringen kan praten en een mening kan geven over onderwerpen waarin hij\/zij ge\u00efnteresseerd is; men kan al meerdere werkwoordtijden gebruiken.<\/p><\/td><td><\/td><td><\/td><\/tr><tr><td><p>B 2.1<\/p><\/td><td><p>Voor wie B1.2. heeft gevolgd of zich goed kan uitdrukken, de hoofdpunten van een betoog kan volgen als er betrekkelijk langzaam en duidelijk wordt gesproken.<\/p><\/td><td><\/td><td><\/td><\/tr><tr><td><p>B 2.2<\/p><\/td><td><p>Voor wie B2.1 heeft gevolgd of zich al heel goed kan uitdrukken in het Frans; over zijn eigen leefomgeving en over meer onderwerpen wil praten; ook in een rustig gesprek wil kunnen discussi\u00ebren over diverse onderwerpen van de samenleving. Men kan nog enige grammaticale steun op hoog niveau gebruiken.<\/p><\/td><td><\/td><td><\/td><\/tr><tr><td><p>C1 <\/p><\/td><td><p>Voor wie zijn Frans bij wil houden op een hoog niveau en bv. wil discussi\u00ebren over artikelen uit de media.<\/p><\/td><td><\/td><td><\/td><\/tr><\/tbody><\/table>\n            <\/div><\/div>\t\t\t\t<\/div>\n\t\t\t\t<\/div>\n\t\t\t\t\t<\/div>\n\t\t<\/div>\n\t\t\t\t\t<\/div>\n\t\t<\/section>\n\t\t\t\t<section class=\"elementor-section elementor-top-section elementor-element elementor-element-0172f76 elementor-section-boxed elementor-section-height-default elementor-section-height-default\" data-id=\"0172f76\" data-element_type=\"section\" data-e-type=\"section\">\n\t\t\t\t\t\t<div class=\"elementor-container elementor-column-gap-default\">\n\t\t\t\t\t<div class=\"elementor-column elementor-col-100 elementor-top-column elementor-element elementor-element-ccb3f5d\" data-id=\"ccb3f5d\" data-element_type=\"column\" data-e-type=\"column\">\n\t\t\t<div class=\"elementor-widget-wrap elementor-element-populated\">\n\t\t\t\t\t\t<div class=\"elementor-element elementor-element-afa2e8c elementor-widget elementor-widget-text-editor\" data-id=\"afa2e8c\" data-element_type=\"widget\" data-e-type=\"widget\" data-widget_type=\"text-editor.default\">\n\t\t\t\t<div class=\"elementor-widget-container\">\n\t\t\t\t\t\t\t\t\t<h2><strong>Cursusmateriaal<\/strong><\/h2>\n<p>Het cursusmateriaal dat besteld moet worden, hangt af van het niveau waarop u ingedeeld wordt. Bij de inschrijving wordt dit aan u kenbaar gemaakt. Boeken (eenmalig ongeveer \u20ac 45,00) zijn niet bij het cursusgeld inbegrepen. U dient de boeken zelf te bestellen bij de boekhandel of&nbsp;<a href=\"http:\/\/www.intertaal.nl\">www.intertaal.nl<\/a><\/p>\n<h2><strong>Speciale cursussen<\/strong><\/h2>\n<ul>\n<li>Cercle litt\u00e9raire: voor wie graag Franse romans leest en daarover in het Frans met anderen wil praten, o.l.v. onze Franstalige docent. Acht (maandelijkse) bijeenkomsten.<\/li>\n<li>Modules: In mei en juni bieden we intensieve modules van drie bijeenkomsten aan over;<\/li>\n<\/ul>\n<ol>\n<li>Grammatica<\/li>\n<li>Franse chansons<\/li>\n<li>Ontwikkeling van de Franse film<\/li>\n<li>Frans op vakantie (6 bijenkomsten).<\/li>\n<\/ol>\n<p><strong>&nbsp;<\/strong><\/p>\n<h2><strong>Kosten cursussen<\/strong><\/h2>\n<p><ul><li><span style=\"color: var( --e-global-color-text );font-family: var( --e-global-typography-text-font-family ), Sans-serif;font-weight: var( --e-global-typography-text-font-weight );font-size: 1rem\">De algemene cursus van 23 lessen kost met ingang van 1 september 2024 275 euro. <\/span><em style=\"color: var( --e-global-color-text );font-family: var( --e-global-typography-text-font-family ), Sans-serif;font-weight: var( --e-global-typography-text-font-weight );font-size: 1rem\">Indien u betaalt voor 1 september profiteert u van een korting van 15 euro en betaalt u 260 euro.<\/em><\/li><li>De literatuur cursus kost met ingang van 1 september 2024 150 euro.<em> Ook hier: indien u betaalt voor 1 september profiteert u van een korting van 5 euro en betaalt u 145 euro.<\/em><\/li><li>De modules in mei\/juni bestaan uit 6 bijeenkomsten. Met ingang van het nieuwe schooljaar kosten deze modules 90 euro.<\/li><\/ul><\/p>\n\n\n<p>Het rekeningnummer van onze afdeling is NL 40 ABNA 0487 0536 21 t.n.v. Alliance Fran\u00e7aise Section C\u0153ur de Z\u00e9lande.<\/p>\n<p>Cursisten (uitgezonderd die van de modules) hebben ook gratis toegang tot de georganiseerde activiteiten met inachtneming van eventuele bijbetaling van bijzondere kosten.<\/p>\n<h2><strong>Inschrijven cursussen<\/strong><\/h2>\n<p>Inschrijven voor een cursus kan via het <strong><a href=\"https:\/\/www.alliance-francaise.nl\/coeurdezelande\/cursussen\/inschrijven-cursus\/\">inschrijfformulier.<\/a><\/strong> &nbsp;<\/p>\n<p>We gaan zorgvuldig met uw gegevens&nbsp;om.<\/p>\n<p><span style=\"font-size: 1rem\">Gratis digitaal blad aan cursisten &#8211; leden en belangstellen (zie link hieronder)<\/span><\/p>\n<p><a href=\"https:\/\/www.alliance-francaise.nl\/coeurdezelande\/welkom-bienvenue\/nieuwsbrief\/\"><strong>Guillaume<\/strong><\/a><\/p>\t\t\t\t\t\t\t\t<\/div>\n\t\t\t\t<\/div>\n\t\t\t\t\t<\/div>\n\t\t<\/div>\n\t\t\t\t\t<\/div>\n\t\t<\/section>\n\t\t<div class=\"elementor-element elementor-element-5c6b4b2 e-flex e-con-boxed e-con e-parent\" data-id=\"5c6b4b2\" data-element_type=\"container\" data-e-type=\"container\">\n\t\t\t\t\t<div class=\"e-con-inner\">\n\t\t\t\t<div class=\"elementor-element elementor-element-863fc5d elementor-widget elementor-widget-text-editor\" data-id=\"863fc5d\" data-element_type=\"widget\" data-e-type=\"widget\" data-widget_type=\"text-editor.default\">\n\t\t\t\t<div class=\"elementor-widget-container\">\n\t\t\t\t\t\t\t\t\t<p>Lorem ipsum dolor sit amet, consectetur adipiscing elit. Ut elit tellus, luctus nec ullamcorper mattis, pulvinar dapibus leo.<\/p>\t\t\t\t\t\t\t\t<\/div>\n\t\t\t\t<\/div>\n\t\t\t\t\t<\/div>\n\t\t\t\t<\/div>\n\t\t\t\t<\/div>\n\t\t","protected":false},"excerpt":{"rendered":"<p>Cursusorganisatie Rooster 2025-2026 Hierbij dient vermeld te worden dat dit globaal is en we afhankelijk zijn van eventuele maatregelen vanuit de regering en Ostrea (ouderavonden, kennismakingsavonden e.d.). Niet gemaakte lessen [&hellip;]<\/p>\n","protected":false},"author":35,"featured_media":0,"parent":129,"menu_order":0,"comment_status":"closed","ping_status":"closed","template":"elementor_theme","meta":{"_acf_changed":false,"footnotes":""},"class_list":["post-327","page","type-page","status-publish","hentry"],"acf":[],"_links":{"self":[{"href":"https:\/\/www.alliance-francaise.nl\/coeurdezelande\/wp-json\/wp\/v2\/pages\/327","targetHints":{"allow":["GET"]}}],"collection":[{"href":"https:\/\/www.alliance-francaise.nl\/coeurdezelande\/wp-json\/wp\/v2\/pages"}],"about":[{"href":"https:\/\/www.alliance-francaise.nl\/coeurdezelande\/wp-json\/wp\/v2\/types\/page"}],"author":[{"embeddable":true,"href":"https:\/\/www.alliance-francaise.nl\/coeurdezelande\/wp-json\/wp\/v2\/users\/35"}],"replies":[{"embeddable":true,"href":"https:\/\/www.alliance-francaise.nl\/coeurdezelande\/wp-json\/wp\/v2\/comments?post=327"}],"version-history":[{"count":20,"href":"https:\/\/www.alliance-francaise.nl\/coeurdezelande\/wp-json\/wp\/v2\/pages\/327\/revisions"}],"predecessor-version":[{"id":3427,"href":"https:\/\/www.alliance-francaise.nl\/coeurdezelande\/wp-json\/wp\/v2\/pages\/327\/revisions\/3427"}],"up":[{"embeddable":true,"href":"https:\/\/www.alliance-francaise.nl\/coeurdezelande\/wp-json\/wp\/v2\/pages\/129"}],"wp:attachment":[{"href":"https:\/\/www.alliance-francaise.nl\/coeurdezelande\/wp-json\/wp\/v2\/media?parent=327"}],"curies":[{"name":"wp","href":"https:\/\/api.w.org\/{rel}","templated":true}]}}