{"id":156,"date":"2020-10-30T14:56:53","date_gmt":"2020-10-30T14:56:53","guid":{"rendered":"https:\/\/www.alliance-francaise.nl\/2020\/coeurdezelande\/?page_id=156"},"modified":"2022-01-08T12:31:00","modified_gmt":"2022-01-08T11:31:00","slug":"wat-is-de-alliance-francaise","status":"publish","type":"page","link":"https:\/\/www.alliance-francaise.nl\/coeurdezelande\/welkom-bienvenue\/wat-is-de-alliance-francaise\/","title":{"rendered":"Wat is de Alliance Fran\u00e7aise?"},"content":{"rendered":"\t\t<div data-elementor-type=\"wp-page\" data-elementor-id=\"156\" class=\"elementor elementor-156\" data-elementor-post-type=\"page\">\n\t\t\t\t\t\t<section class=\"elementor-section elementor-top-section elementor-element elementor-element-4ed9896c elementor-section-boxed elementor-section-height-default elementor-section-height-default\" data-id=\"4ed9896c\" data-element_type=\"section\" data-e-type=\"section\" data-settings=\"{&quot;background_background&quot;:&quot;classic&quot;}\">\n\t\t\t\t\t\t<div class=\"elementor-container elementor-column-gap-default\">\n\t\t\t\t\t<div class=\"elementor-column elementor-col-100 elementor-top-column elementor-element elementor-element-2e0806a8\" data-id=\"2e0806a8\" data-element_type=\"column\" data-e-type=\"column\">\n\t\t\t<div class=\"elementor-widget-wrap\">\n\t\t\t\t\t\t\t<\/div>\n\t\t<\/div>\n\t\t\t\t\t<\/div>\n\t\t<\/section>\n\t\t\t\t<section class=\"elementor-section elementor-top-section elementor-element elementor-element-249b90a0 elementor-section-boxed elementor-section-height-default elementor-section-height-default\" data-id=\"249b90a0\" data-element_type=\"section\" data-e-type=\"section\">\n\t\t\t\t\t\t<div class=\"elementor-container elementor-column-gap-default\">\n\t\t\t\t\t<div class=\"elementor-column elementor-col-100 elementor-top-column elementor-element elementor-element-475b2d42\" data-id=\"475b2d42\" data-element_type=\"column\" data-e-type=\"column\" data-settings=\"{&quot;background_background&quot;:&quot;classic&quot;}\">\n\t\t\t<div class=\"elementor-widget-wrap elementor-element-populated\">\n\t\t\t\t\t<div class=\"elementor-background-overlay\"><\/div>\n\t\t\t\t\t\t<div class=\"elementor-element elementor-element-607255f2 elementor-widget-mobile__width-initial elementor-widget elementor-widget-heading\" data-id=\"607255f2\" data-element_type=\"widget\" data-e-type=\"widget\" data-widget_type=\"heading.default\">\n\t\t\t\t<div class=\"elementor-widget-container\">\n\t\t\t\t\t<h1 class=\"elementor-heading-title elementor-size-default\">Wat is de Alliance Francaise?<\/h1>\t\t\t\t<\/div>\n\t\t\t\t<\/div>\n\t\t\t\t\t<\/div>\n\t\t<\/div>\n\t\t\t\t\t<\/div>\n\t\t<\/section>\n\t\t\t\t<section class=\"elementor-section elementor-top-section elementor-element elementor-element-4ea8c887 elementor-section-boxed elementor-section-height-default elementor-section-height-default\" data-id=\"4ea8c887\" data-element_type=\"section\" data-e-type=\"section\">\n\t\t\t\t\t\t<div class=\"elementor-container elementor-column-gap-default\">\n\t\t\t\t\t<div class=\"elementor-column elementor-col-100 elementor-top-column elementor-element elementor-element-1b6b15a8\" data-id=\"1b6b15a8\" data-element_type=\"column\" data-e-type=\"column\">\n\t\t\t<div class=\"elementor-widget-wrap elementor-element-populated\">\n\t\t\t\t\t\t<div class=\"elementor-element elementor-element-211f1a9c elementor-widget elementor-widget-heading\" data-id=\"211f1a9c\" data-element_type=\"widget\" data-e-type=\"widget\" data-widget_type=\"heading.default\">\n\t\t\t\t<div class=\"elementor-widget-container\">\n\t\t\t\t\t<h2 class=\"elementor-heading-title elementor-size-default\">Geschiedenis Alliance Fran\u00e7aise<\/h2>\t\t\t\t<\/div>\n\t\t\t\t<\/div>\n\t\t\t\t\t<\/div>\n\t\t<\/div>\n\t\t\t\t\t<\/div>\n\t\t<\/section>\n\t\t\t\t<section class=\"elementor-section elementor-top-section elementor-element elementor-element-23c10a48 elementor-section-boxed elementor-section-height-default elementor-section-height-default\" data-id=\"23c10a48\" data-element_type=\"section\" data-e-type=\"section\">\n\t\t\t\t\t\t<div class=\"elementor-container elementor-column-gap-default\">\n\t\t\t\t\t<div class=\"elementor-column elementor-col-100 elementor-top-column elementor-element elementor-element-4e716f38\" data-id=\"4e716f38\" data-element_type=\"column\" data-e-type=\"column\">\n\t\t\t<div class=\"elementor-widget-wrap elementor-element-populated\">\n\t\t\t\t\t\t<div class=\"elementor-element elementor-element-6415aca9 elementor-widget elementor-widget-text-editor\" data-id=\"6415aca9\" data-element_type=\"widget\" data-e-type=\"widget\" data-widget_type=\"text-editor.default\">\n\t\t\t\t<div class=\"elementor-widget-container\">\n\t\t\t\t\t\t\t\t\t<p>De Alliance Fran\u00e7aise is een wereldwijde internationale vereniging van en voor mensen die belangstelling hebben voor Frankrijk, de taal, cultuur en samenleving. Ze werd in 1883 in Parijs opgericht en is niet gebonden aan enige politieke of religieuze stroming.<\/p>\n<p><strong>De Alliance Fran\u00e7aise in Nederland \u2026<\/strong><\/p>\n<p>De Alliance Fran\u00e7aise des Pays-Bas telt 34 afdelingen. Zij verzorgen taalcursussen op elk niveau en organiseren daarnaast culturele activiteiten waar de Franse taal en cultuur in de breedste zin van het woord centraal staan. Zeeland telt drie afdelingen: AF Walcheren, AF Flandre Z\u00e9landaise en AF C\u0153ur de Z\u00e9lande.<\/p>\n<p><strong>\u2026 en in Midden-Zeeland.<\/strong><\/p>\n<p>De Alliance Fran\u00e7aise \u00ab C\u0153ur de Z\u00e9lande \u00bb draagt al sinds 1955 haar steentje bij aan het levend houden van de Franse taal en is actief in Noord- en Zuid-Beveland en Schouwen-Duiveland.\u00a0<\/p>\t\t\t\t\t\t\t\t<\/div>\n\t\t\t\t<\/div>\n\t\t\t\t\t<\/div>\n\t\t<\/div>\n\t\t\t\t\t<\/div>\n\t\t<\/section>\n\t\t\t\t<\/div>\n\t\t","protected":false},"excerpt":{"rendered":"<p>Wat is de Alliance Francaise? Geschiedenis Alliance Fran\u00e7aise De Alliance Fran\u00e7aise is een wereldwijde internationale vereniging van en voor mensen die belangstelling hebben voor Frankrijk, de taal, cultuur en samenleving. [&hellip;]<\/p>\n","protected":false},"author":35,"featured_media":0,"parent":74,"menu_order":0,"comment_status":"closed","ping_status":"closed","template":"","meta":{"_acf_changed":false,"footnotes":""},"class_list":["post-156","page","type-page","status-publish","hentry"],"acf":[],"_links":{"self":[{"href":"https:\/\/www.alliance-francaise.nl\/coeurdezelande\/wp-json\/wp\/v2\/pages\/156","targetHints":{"allow":["GET"]}}],"collection":[{"href":"https:\/\/www.alliance-francaise.nl\/coeurdezelande\/wp-json\/wp\/v2\/pages"}],"about":[{"href":"https:\/\/www.alliance-francaise.nl\/coeurdezelande\/wp-json\/wp\/v2\/types\/page"}],"author":[{"embeddable":true,"href":"https:\/\/www.alliance-francaise.nl\/coeurdezelande\/wp-json\/wp\/v2\/users\/35"}],"replies":[{"embeddable":true,"href":"https:\/\/www.alliance-francaise.nl\/coeurdezelande\/wp-json\/wp\/v2\/comments?post=156"}],"version-history":[{"count":0,"href":"https:\/\/www.alliance-francaise.nl\/coeurdezelande\/wp-json\/wp\/v2\/pages\/156\/revisions"}],"up":[{"embeddable":true,"href":"https:\/\/www.alliance-francaise.nl\/coeurdezelande\/wp-json\/wp\/v2\/pages\/74"}],"wp:attachment":[{"href":"https:\/\/www.alliance-francaise.nl\/coeurdezelande\/wp-json\/wp\/v2\/media?parent=156"}],"curies":[{"name":"wp","href":"https:\/\/api.w.org\/{rel}","templated":true}]}}