{"id":136,"date":"2020-10-30T14:50:07","date_gmt":"2020-10-30T14:50:07","guid":{"rendered":"https:\/\/www.alliance-francaise.nl\/2020\/coeurdezelande\/?page_id=136"},"modified":"2024-07-03T16:22:08","modified_gmt":"2024-07-03T14:22:08","slug":"contact-en-informatie","status":"publish","type":"page","link":"https:\/\/www.alliance-francaise.nl\/coeurdezelande\/contact-en-informatie\/","title":{"rendered":"Contact en Informatie"},"content":{"rendered":"\t\t<div data-elementor-type=\"wp-page\" data-elementor-id=\"136\" class=\"elementor elementor-136\" data-elementor-post-type=\"page\">\n\t\t\t\t\t\t<section class=\"elementor-section elementor-top-section elementor-element elementor-element-7ed0ba07 elementor-section-boxed elementor-section-height-default elementor-section-height-default\" data-id=\"7ed0ba07\" data-element_type=\"section\" data-e-type=\"section\" data-settings=\"{&quot;background_background&quot;:&quot;classic&quot;}\">\n\t\t\t\t\t\t<div class=\"elementor-container elementor-column-gap-default\">\n\t\t\t\t\t<div class=\"elementor-column elementor-col-100 elementor-top-column elementor-element elementor-element-7a279710\" data-id=\"7a279710\" data-element_type=\"column\" data-e-type=\"column\">\n\t\t\t<div class=\"elementor-widget-wrap\">\n\t\t\t\t\t\t\t<\/div>\n\t\t<\/div>\n\t\t\t\t\t<\/div>\n\t\t<\/section>\n\t\t\t\t<section class=\"elementor-section elementor-top-section elementor-element elementor-element-11df2f6e elementor-section-boxed elementor-section-height-default elementor-section-height-default\" data-id=\"11df2f6e\" data-element_type=\"section\" data-e-type=\"section\">\n\t\t\t\t\t\t<div class=\"elementor-container elementor-column-gap-default\">\n\t\t\t\t\t<div class=\"elementor-column elementor-col-100 elementor-top-column elementor-element elementor-element-76dd6cbe\" data-id=\"76dd6cbe\" data-element_type=\"column\" data-e-type=\"column\" data-settings=\"{&quot;background_background&quot;:&quot;classic&quot;}\">\n\t\t\t<div class=\"elementor-widget-wrap elementor-element-populated\">\n\t\t\t\t\t<div class=\"elementor-background-overlay\"><\/div>\n\t\t\t\t\t\t<div class=\"elementor-element elementor-element-3b26f86d elementor-widget elementor-widget-heading\" data-id=\"3b26f86d\" data-element_type=\"widget\" data-e-type=\"widget\" data-widget_type=\"heading.default\">\n\t\t\t\t<div class=\"elementor-widget-container\">\n\t\t\t\t\t<h1 class=\"elementor-heading-title elementor-size-default\">Hoe kunt u ons bereiken?<\/h1>\t\t\t\t<\/div>\n\t\t\t\t<\/div>\n\t\t\t\t\t<\/div>\n\t\t<\/div>\n\t\t\t\t\t<\/div>\n\t\t<\/section>\n\t\t\t\t<section class=\"elementor-section elementor-top-section elementor-element elementor-element-73195aea elementor-section-boxed elementor-section-height-default elementor-section-height-default\" data-id=\"73195aea\" data-element_type=\"section\" data-e-type=\"section\" data-settings=\"{&quot;background_background&quot;:&quot;classic&quot;}\">\n\t\t\t\t\t\t<div class=\"elementor-container elementor-column-gap-default\">\n\t\t\t\t\t<div class=\"elementor-column elementor-col-100 elementor-top-column elementor-element elementor-element-27ba5cd9\" data-id=\"27ba5cd9\" data-element_type=\"column\" data-e-type=\"column\">\n\t\t\t<div class=\"elementor-widget-wrap elementor-element-populated\">\n\t\t\t\t\t\t<div class=\"elementor-element elementor-element-26e864bf elementor-widget elementor-widget-heading\" data-id=\"26e864bf\" data-element_type=\"widget\" data-e-type=\"widget\" data-widget_type=\"heading.default\">\n\t\t\t\t<div class=\"elementor-widget-container\">\n\t\t\t\t\t<h2 class=\"elementor-heading-title elementor-size-default\">Correspondentie adressen<\/h2>\t\t\t\t<\/div>\n\t\t\t\t<\/div>\n\t\t\t\t\t<\/div>\n\t\t<\/div>\n\t\t\t\t\t<\/div>\n\t\t<\/section>\n\t\t\t\t<section class=\"elementor-section elementor-top-section elementor-element elementor-element-7a0de0aa elementor-section-boxed elementor-section-height-default elementor-section-height-default\" data-id=\"7a0de0aa\" data-element_type=\"section\" data-e-type=\"section\" data-settings=\"{&quot;background_background&quot;:&quot;classic&quot;}\">\n\t\t\t\t\t\t<div class=\"elementor-container elementor-column-gap-default\">\n\t\t\t\t\t<div class=\"elementor-column elementor-col-33 elementor-top-column elementor-element elementor-element-1cb71b20\" data-id=\"1cb71b20\" data-element_type=\"column\" data-e-type=\"column\">\n\t\t\t<div class=\"elementor-widget-wrap elementor-element-populated\">\n\t\t\t\t\t\t<div class=\"elementor-element elementor-element-f6a42ef elementor-widget elementor-widget-heading\" data-id=\"f6a42ef\" data-element_type=\"widget\" data-e-type=\"widget\" data-widget_type=\"heading.default\">\n\t\t\t\t<div class=\"elementor-widget-container\">\n\t\t\t\t\t<div class=\"elementor-heading-title elementor-size-default\">Algemeen:<\/div>\t\t\t\t<\/div>\n\t\t\t\t<\/div>\n\t\t\t\t<div class=\"elementor-element elementor-element-30b4bcfd elementor-widget elementor-widget-text-editor\" data-id=\"30b4bcfd\" data-element_type=\"widget\" data-e-type=\"widget\" data-widget_type=\"text-editor.default\">\n\t\t\t\t<div class=\"elementor-widget-container\">\n\t\t\t\t\t\t\t\t\t<p>Alliance Fran\u00e7aise C\u0153ur de Z\u00e9lande<br \/>Secretariaat Mme Nadine Slabbekoorn<br \/><a href=\"mailto:secr.coeurdezelande@afpb.nl\">secr.coeurdezelande@afpb.nl<\/a><\/p>\t\t\t\t\t\t\t\t<\/div>\n\t\t\t\t<\/div>\n\t\t\t\t\t<\/div>\n\t\t<\/div>\n\t\t\t\t<div class=\"elementor-column elementor-col-33 elementor-top-column elementor-element elementor-element-3293d495\" data-id=\"3293d495\" data-element_type=\"column\" data-e-type=\"column\">\n\t\t\t<div class=\"elementor-widget-wrap elementor-element-populated\">\n\t\t\t\t\t\t<div class=\"elementor-element elementor-element-2cdc4c76 elementor-widget elementor-widget-heading\" data-id=\"2cdc4c76\" data-element_type=\"widget\" data-e-type=\"widget\" data-widget_type=\"heading.default\">\n\t\t\t\t<div class=\"elementor-widget-container\">\n\t\t\t\t\t<div class=\"elementor-heading-title elementor-size-default\">Cursus informatie:<\/div>\t\t\t\t<\/div>\n\t\t\t\t<\/div>\n\t\t\t\t<div class=\"elementor-element elementor-element-365e0ec6 elementor-widget elementor-widget-text-editor\" data-id=\"365e0ec6\" data-element_type=\"widget\" data-e-type=\"widget\" data-widget_type=\"text-editor.default\">\n\t\t\t\t<div class=\"elementor-widget-container\">\n\t\t\t\t\t\t\t\t\t<p>Wim Millenaar<br \/>(0118) 62 61 75<br \/><a href=\"mailto:cursus.coeurdezelande@afpb.nl\">cursus.coeurdezelande@afpb.nl<\/a><\/p>\t\t\t\t\t\t\t\t<\/div>\n\t\t\t\t<\/div>\n\t\t\t\t\t<\/div>\n\t\t<\/div>\n\t\t\t\t<div class=\"elementor-column elementor-col-33 elementor-top-column elementor-element elementor-element-74562573\" data-id=\"74562573\" data-element_type=\"column\" data-e-type=\"column\">\n\t\t\t<div class=\"elementor-widget-wrap elementor-element-populated\">\n\t\t\t\t\t\t<div class=\"elementor-element elementor-element-6f7842e elementor-widget elementor-widget-heading\" data-id=\"6f7842e\" data-element_type=\"widget\" data-e-type=\"widget\" data-widget_type=\"heading.default\">\n\t\t\t\t<div class=\"elementor-widget-container\">\n\t\t\t\t\t<div class=\"elementor-heading-title elementor-size-default\">Kosten lidmaatschap:<\/div>\t\t\t\t<\/div>\n\t\t\t\t<\/div>\n\t\t\t\t<div class=\"elementor-element elementor-element-5368cdc9 elementor-widget elementor-widget-text-editor\" data-id=\"5368cdc9\" data-element_type=\"widget\" data-e-type=\"widget\" data-widget_type=\"text-editor.default\">\n\t\t\t\t<div class=\"elementor-widget-container\">\n\t\t\t\t\t\t\t\t\t<p>Kosten lidmaatschap 37,50* per persoon, 60* euro per paar.<\/p><p>*<em> NB: Betaling v\u00f3\u00f3r 1 september levert een korting op van respectievelijk 2,50 euro en 5,00 euro.<\/em><\/p>\t\t\t\t\t\t\t\t<\/div>\n\t\t\t\t<\/div>\n\t\t\t\t\t<\/div>\n\t\t<\/div>\n\t\t\t\t\t<\/div>\n\t\t<\/section>\n\t\t\t\t<section class=\"elementor-section elementor-top-section elementor-element elementor-element-6d45b235 elementor-section-boxed elementor-section-height-default elementor-section-height-default\" data-id=\"6d45b235\" data-element_type=\"section\" data-e-type=\"section\" data-settings=\"{&quot;background_background&quot;:&quot;classic&quot;}\">\n\t\t\t\t\t\t<div class=\"elementor-container elementor-column-gap-default\">\n\t\t\t\t\t<div class=\"elementor-column elementor-col-100 elementor-top-column elementor-element elementor-element-4b8d4ce6\" data-id=\"4b8d4ce6\" data-element_type=\"column\" data-e-type=\"column\">\n\t\t\t<div class=\"elementor-widget-wrap elementor-element-populated\">\n\t\t\t\t\t\t<div class=\"elementor-element elementor-element-28fea886 elementor-widget elementor-widget-heading\" data-id=\"28fea886\" data-element_type=\"widget\" data-e-type=\"widget\" data-widget_type=\"heading.default\">\n\t\t\t\t<div class=\"elementor-widget-container\">\n\t\t\t\t\t<h3 class=\"elementor-heading-title elementor-size-default\">Comit\u00e9 \u2013 Het bestuur- Docenten<\/h3>\t\t\t\t<\/div>\n\t\t\t\t<\/div>\n\t\t\t\t\t<\/div>\n\t\t<\/div>\n\t\t\t\t\t<\/div>\n\t\t<\/section>\n\t\t\t\t<section class=\"elementor-section elementor-top-section elementor-element elementor-element-f6f866c elementor-section-boxed elementor-section-height-default elementor-section-height-default\" data-id=\"f6f866c\" data-element_type=\"section\" data-e-type=\"section\">\n\t\t\t\t\t\t<div class=\"elementor-container elementor-column-gap-extended\">\n\t\t\t\t\t<div class=\"elementor-column elementor-col-33 elementor-top-column elementor-element elementor-element-123ab785\" data-id=\"123ab785\" data-element_type=\"column\" data-e-type=\"column\">\n\t\t\t<div class=\"elementor-widget-wrap elementor-element-populated\">\n\t\t\t\t\t\t<div class=\"elementor-element elementor-element-4075d186 elementor-widget elementor-widget-image\" data-id=\"4075d186\" data-element_type=\"widget\" data-e-type=\"widget\" data-widget_type=\"image.default\">\n\t\t\t\t<div class=\"elementor-widget-container\">\n\t\t\t\t\t\t\t\t\t\t\t\t\t\t\t<img decoding=\"async\" src=\"https:\/\/www.alliance-francaise.nl\/coeurdezelande\/wp-content\/uploads\/sites\/35\/elementor\/thumbs\/2016-AF-Logo-seul-pictoaf-RVB-r4fzs8h4j95v2pcheipdzqj829i3z6or663c4j2kik.jpg\" title=\"2016-AF-Logo-seul-pictoaf-RVB.jpg\" alt=\"2016-AF-Logo-seul-pictoaf-RVB.jpg\" loading=\"lazy\" \/>\t\t\t\t\t\t\t\t\t\t\t\t\t\t\t<\/div>\n\t\t\t\t<\/div>\n\t\t\t\t<div class=\"elementor-element elementor-element-75cbbcc5 elementor-widget elementor-widget-text-editor\" data-id=\"75cbbcc5\" data-element_type=\"widget\" data-e-type=\"widget\" data-widget_type=\"text-editor.default\">\n\t\t\t\t<div class=\"elementor-widget-container\">\n\t\t\t\t\t\t\t\t\t<div class=\"elementor-element elementor-element-edit-mode elementor-element-08be3d0 elementor-element--toggle-edit-tools elementor-widget elementor-widget-text-editor\" data-id=\"08be3d0\" data-element_type=\"widget\" data-model-cid=\"c168\" data-widget_type=\"text-editor.default\">\n<div class=\"elementor-widget-container\">\n<div class=\"elementor-text-editor elementor-clearfix elementor-inline-editing\" data-elementor-setting-key=\"editor\" data-elementor-inline-editing-toolbar=\"advanced\">\n<p><b>Pr\u00e9sident:<\/b><b>\u00a0 \u00a0 \u00a0 \u00a0 \u00a0 \u00a0 \u00a0 \u00a0 \u00a0 \u00a0 \u00a0 \u00a0 <br \/><\/b><b style=\"font-size: 1rem\">Mme Yvonne de Ridder <\/b><a href=\"mailto:pres.coeurdezelande@afpb.nl\">pres.coeurdezelande@afpb.nl<\/a><\/p>\n<\/div>\n<\/div>\n<\/div>\t\t\t\t\t\t\t\t<\/div>\n\t\t\t\t<\/div>\n\t\t\t\t\t<\/div>\n\t\t<\/div>\n\t\t\t\t<div class=\"elementor-column elementor-col-33 elementor-top-column elementor-element elementor-element-e443508\" data-id=\"e443508\" data-element_type=\"column\" data-e-type=\"column\">\n\t\t\t<div class=\"elementor-widget-wrap elementor-element-populated\">\n\t\t\t\t\t\t<div class=\"elementor-element elementor-element-1a61ada3 elementor-widget elementor-widget-image\" data-id=\"1a61ada3\" data-element_type=\"widget\" data-e-type=\"widget\" data-widget_type=\"image.default\">\n\t\t\t\t<div class=\"elementor-widget-container\">\n\t\t\t\t\t\t\t\t\t\t\t\t\t\t\t<img decoding=\"async\" src=\"https:\/\/www.alliance-francaise.nl\/coeurdezelande\/wp-content\/uploads\/sites\/35\/elementor\/thumbs\/2016-AF-Logo-seul-pictoaf-RVB-r4fzs8h4j95v2pcheipdzqj829i3z6or663c4j2kik.jpg\" title=\"2016-AF-Logo-seul-pictoaf-RVB.jpg\" alt=\"2016-AF-Logo-seul-pictoaf-RVB.jpg\" loading=\"lazy\" \/>\t\t\t\t\t\t\t\t\t\t\t\t\t\t\t<\/div>\n\t\t\t\t<\/div>\n\t\t\t\t<div class=\"elementor-element elementor-element-50a8a099 elementor-widget elementor-widget-text-editor\" data-id=\"50a8a099\" data-element_type=\"widget\" data-e-type=\"widget\" data-widget_type=\"text-editor.default\">\n\t\t\t\t<div class=\"elementor-widget-container\">\n\t\t\t\t\t\t\t\t\t<div class=\"elementor-element-overlay\"><strong>Secr\u00e9taire:<\/strong><\/div>\n<div class=\"elementor-element-overlay\"><strong>Mme Nadine Slabbekoorn<br \/><\/strong><\/div>\n<div><a href=\"mailto:secr.coeurdezelande@afpb.nl\">secr.coeurdezelande@afpb.nl<\/a><\/div>\t\t\t\t\t\t\t\t<\/div>\n\t\t\t\t<\/div>\n\t\t\t\t\t<\/div>\n\t\t<\/div>\n\t\t\t\t<div class=\"elementor-column elementor-col-33 elementor-top-column elementor-element elementor-element-61d1b06\" data-id=\"61d1b06\" data-element_type=\"column\" data-e-type=\"column\">\n\t\t\t<div class=\"elementor-widget-wrap elementor-element-populated\">\n\t\t\t\t\t\t<div class=\"elementor-element elementor-element-6286bcb2 elementor-widget elementor-widget-image\" data-id=\"6286bcb2\" data-element_type=\"widget\" data-e-type=\"widget\" data-widget_type=\"image.default\">\n\t\t\t\t<div class=\"elementor-widget-container\">\n\t\t\t\t\t\t\t\t\t\t\t\t\t\t\t<img decoding=\"async\" src=\"https:\/\/www.alliance-francaise.nl\/coeurdezelande\/wp-content\/uploads\/sites\/35\/elementor\/thumbs\/2016-AF-Logo-seul-pictoaf-RVB-r4fzs8h4j95v2pcheipdzqj829i3z6or663c4j2kik.jpg\" title=\"2016-AF-Logo-seul-pictoaf-RVB.jpg\" alt=\"2016-AF-Logo-seul-pictoaf-RVB.jpg\" loading=\"lazy\" \/>\t\t\t\t\t\t\t\t\t\t\t\t\t\t\t<\/div>\n\t\t\t\t<\/div>\n\t\t\t\t<div class=\"elementor-element elementor-element-31b91b4f elementor-widget elementor-widget-text-editor\" data-id=\"31b91b4f\" data-element_type=\"widget\" data-e-type=\"widget\" data-widget_type=\"text-editor.default\">\n\t\t\t\t<div class=\"elementor-widget-container\">\n\t\t\t\t\t\t\t\t\t<div data-id=\"08be3d0\" data-element_type=\"widget\" data-model-cid=\"c168\" data-widget_type=\"text-editor.default\">\n<div data-elementor-setting-key=\"editor\" data-elementor-inline-editing-toolbar=\"advanced\">\n<p><strong>Tr\u00e9sorier:<\/strong><strong>\u00a0 \u00a0 \u00a0 \u00a0 \u00a0 \u00a0 \u00a0 \u00a0 <br \/><\/strong><b>Mme Irna de Jager<br \/><\/b><a href=\"mailto:tres.coeurdezelande@afpb.nl\">tres.coeurdezelande@afpb.nl<\/a><\/p>\n<\/div>\n<\/div>\t\t\t\t\t\t\t\t<\/div>\n\t\t\t\t<\/div>\n\t\t\t\t\t<\/div>\n\t\t<\/div>\n\t\t\t\t\t<\/div>\n\t\t<\/section>\n\t\t\t\t<section class=\"elementor-section elementor-top-section elementor-element elementor-element-4109a2a8 elementor-section-boxed elementor-section-height-default elementor-section-height-default\" data-id=\"4109a2a8\" data-element_type=\"section\" data-e-type=\"section\">\n\t\t\t\t\t\t<div class=\"elementor-container elementor-column-gap-extended\">\n\t\t\t\t\t<div class=\"elementor-column elementor-col-33 elementor-top-column elementor-element elementor-element-427333b8\" data-id=\"427333b8\" data-element_type=\"column\" data-e-type=\"column\">\n\t\t\t<div class=\"elementor-widget-wrap elementor-element-populated\">\n\t\t\t\t\t\t<div class=\"elementor-element elementor-element-6cedbef0 elementor-widget elementor-widget-image\" data-id=\"6cedbef0\" data-element_type=\"widget\" data-e-type=\"widget\" data-widget_type=\"image.default\">\n\t\t\t\t<div class=\"elementor-widget-container\">\n\t\t\t\t\t\t\t\t\t\t\t\t\t\t\t<img decoding=\"async\" src=\"https:\/\/www.alliance-francaise.nl\/coeurdezelande\/wp-content\/uploads\/sites\/35\/elementor\/thumbs\/2016-AF-Logo-seul-pictoaf-RVB-r4fzs8h4j95v2pcheipdzqj829i3z6or663c4j2kik.jpg\" title=\"2016-AF-Logo-seul-pictoaf-RVB.jpg\" alt=\"2016-AF-Logo-seul-pictoaf-RVB.jpg\" loading=\"lazy\" \/>\t\t\t\t\t\t\t\t\t\t\t\t\t\t\t<\/div>\n\t\t\t\t<\/div>\n\t\t\t\t<div class=\"elementor-element elementor-element-1fb160bc elementor-widget elementor-widget-text-editor\" data-id=\"1fb160bc\" data-element_type=\"widget\" data-e-type=\"widget\" data-widget_type=\"text-editor.default\">\n\t\t\t\t<div class=\"elementor-widget-container\">\n\t\t\t\t\t\t\t\t\t<div data-id=\"08be3d0\" data-element_type=\"widget\" data-model-cid=\"c168\" data-widget_type=\"text-editor.default\"><div><div data-elementor-setting-key=\"editor\" data-elementor-inline-editing-toolbar=\"advanced\"><p style=\"text-align: left\"><strong>Bestuurslid:<\/strong><\/p><p style=\"text-align: left\">* <strong>Mme Frieda Weers<br \/><\/strong>(public relations)<br \/><a style=\"background-color: #ffffff;font-size: 1rem\" href=\"mailto:culture.coeurdezelande@afpb.nl\">culture.coeurdezelande@afpb.nl<\/a><\/p><p><span style=\"font-size: 1rem\"><strong>W<\/strong><\/span><strong><span style=\"font-size: 1rem\">ebmaster:<br \/><\/span><\/strong><a style=\"background-color: #ffffff;font-size: 1rem\" href=\"mailto:web.coeurdezelande@afpb.nl\">web.coeurdezelande@afpb.nl<\/a><\/p><\/div><\/div><\/div>\t\t\t\t\t\t\t\t<\/div>\n\t\t\t\t<\/div>\n\t\t\t\t\t<\/div>\n\t\t<\/div>\n\t\t\t\t<div class=\"elementor-column elementor-col-33 elementor-top-column elementor-element elementor-element-1bc46bf7\" data-id=\"1bc46bf7\" data-element_type=\"column\" data-e-type=\"column\">\n\t\t\t<div class=\"elementor-widget-wrap elementor-element-populated\">\n\t\t\t\t\t\t<div class=\"elementor-element elementor-element-4e088ba6 elementor-widget elementor-widget-image\" data-id=\"4e088ba6\" data-element_type=\"widget\" data-e-type=\"widget\" data-widget_type=\"image.default\">\n\t\t\t\t<div class=\"elementor-widget-container\">\n\t\t\t\t\t\t\t\t\t\t\t\t\t\t\t<img decoding=\"async\" src=\"https:\/\/www.alliance-francaise.nl\/coeurdezelande\/wp-content\/uploads\/sites\/35\/elementor\/thumbs\/2016-AF-Logo-seul-pictoaf-RVB-r4fzs8h4j95v2pcheipdzqj829i3z6or663c4j2kik.jpg\" title=\"2016-AF-Logo-seul-pictoaf-RVB.jpg\" alt=\"2016-AF-Logo-seul-pictoaf-RVB.jpg\" loading=\"lazy\" \/>\t\t\t\t\t\t\t\t\t\t\t\t\t\t\t<\/div>\n\t\t\t\t<\/div>\n\t\t\t\t<div class=\"elementor-element elementor-element-65acf645 elementor-widget elementor-widget-text-editor\" data-id=\"65acf645\" data-element_type=\"widget\" data-e-type=\"widget\" data-widget_type=\"text-editor.default\">\n\t\t\t\t<div class=\"elementor-widget-container\">\n\t\t\t\t\t\t\t\t\t<div class=\"elementor-element elementor-element-edit-mode elementor-element-08be3d0 elementor-element--toggle-edit-tools elementor-widget elementor-widget-text-editor\" data-id=\"08be3d0\" data-element_type=\"widget\" data-model-cid=\"c168\" data-widget_type=\"text-editor.default\">\n<div class=\"elementor-widget-container\">\n<div class=\"elementor-text-editor elementor-clearfix elementor-inline-editing\" data-elementor-setting-key=\"editor\" data-elementor-inline-editing-toolbar=\"advanced\">\n<p><strong>Directeur des cours \/ D<\/strong><strong>ocent:<br \/><\/strong><strong>M. Wim Millenaar<br \/><\/strong>(0118) 62 61 75<br \/><a href=\"mailto:cursus.coeurdezelande@afpb.nl\">cursus.coeurdezelande@afpb.nl<\/a><\/p>\n<p><strong>Docent:<br \/><\/strong><strong>M. Christophe Mourot<\/strong><\/p>\n<\/div>\n<\/div>\n<\/div>\t\t\t\t\t\t\t\t<\/div>\n\t\t\t\t<\/div>\n\t\t\t\t\t<\/div>\n\t\t<\/div>\n\t\t\t\t<div class=\"elementor-column elementor-col-33 elementor-top-column elementor-element elementor-element-7ab3c986\" data-id=\"7ab3c986\" data-element_type=\"column\" data-e-type=\"column\">\n\t\t\t<div class=\"elementor-widget-wrap elementor-element-populated\">\n\t\t\t\t\t\t\t<\/div>\n\t\t<\/div>\n\t\t\t\t\t<\/div>\n\t\t<\/section>\n\t\t\t\t<\/div>\n\t\t","protected":false},"excerpt":{"rendered":"<p>Hoe kunt u ons bereiken? Correspondentie adressen Algemeen: Alliance Fran\u00e7aise C\u0153ur de Z\u00e9landeSecretariaat Mme Nadine Slabbekoornsecr.coeurdezelande@afpb.nl Cursus informatie: Wim Millenaar(0118) 62 61 75cursus.coeurdezelande@afpb.nl Kosten lidmaatschap: Kosten lidmaatschap 37,50* per persoon, [&hellip;]<\/p>\n","protected":false},"author":35,"featured_media":0,"parent":0,"menu_order":0,"comment_status":"closed","ping_status":"closed","template":"","meta":{"_acf_changed":false,"footnotes":""},"class_list":["post-136","page","type-page","status-publish","hentry"],"acf":[],"_links":{"self":[{"href":"https:\/\/www.alliance-francaise.nl\/coeurdezelande\/wp-json\/wp\/v2\/pages\/136","targetHints":{"allow":["GET"]}}],"collection":[{"href":"https:\/\/www.alliance-francaise.nl\/coeurdezelande\/wp-json\/wp\/v2\/pages"}],"about":[{"href":"https:\/\/www.alliance-francaise.nl\/coeurdezelande\/wp-json\/wp\/v2\/types\/page"}],"author":[{"embeddable":true,"href":"https:\/\/www.alliance-francaise.nl\/coeurdezelande\/wp-json\/wp\/v2\/users\/35"}],"replies":[{"embeddable":true,"href":"https:\/\/www.alliance-francaise.nl\/coeurdezelande\/wp-json\/wp\/v2\/comments?post=136"}],"version-history":[{"count":3,"href":"https:\/\/www.alliance-francaise.nl\/coeurdezelande\/wp-json\/wp\/v2\/pages\/136\/revisions"}],"predecessor-version":[{"id":3109,"href":"https:\/\/www.alliance-francaise.nl\/coeurdezelande\/wp-json\/wp\/v2\/pages\/136\/revisions\/3109"}],"wp:attachment":[{"href":"https:\/\/www.alliance-francaise.nl\/coeurdezelande\/wp-json\/wp\/v2\/media?parent=136"}],"curies":[{"name":"wp","href":"https:\/\/api.w.org\/{rel}","templated":true}]}}