{"id":133,"date":"2020-10-30T14:47:27","date_gmt":"2020-10-30T14:47:27","guid":{"rendered":"https:\/\/www.alliance-francaise.nl\/2020\/coeurdezelande\/?page_id=133"},"modified":"2024-05-04T19:52:01","modified_gmt":"2024-05-04T17:52:01","slug":"culturele-activiteiten","status":"publish","type":"page","link":"https:\/\/www.alliance-francaise.nl\/coeurdezelande\/culturele-activiteiten\/","title":{"rendered":"Culturele activiteiten"},"content":{"rendered":"\t\t<div data-elementor-type=\"wp-page\" data-elementor-id=\"133\" class=\"elementor elementor-133\" data-elementor-post-type=\"page\">\n\t\t\t\t\t\t<section class=\"elementor-section elementor-top-section elementor-element elementor-element-1187c90 elementor-section-boxed elementor-section-height-default elementor-section-height-default\" data-id=\"1187c90\" data-element_type=\"section\" data-e-type=\"section\">\n\t\t\t\t\t\t<div class=\"elementor-container elementor-column-gap-default\">\n\t\t\t\t\t<div class=\"elementor-column elementor-col-100 elementor-top-column elementor-element elementor-element-2a6e8699\" data-id=\"2a6e8699\" data-element_type=\"column\" data-e-type=\"column\">\n\t\t\t<div class=\"elementor-widget-wrap elementor-element-populated\">\n\t\t\t\t\t\t<div class=\"elementor-element elementor-element-7c1f52dd elementor-widget elementor-widget-spacer\" data-id=\"7c1f52dd\" data-element_type=\"widget\" data-e-type=\"widget\" data-widget_type=\"spacer.default\">\n\t\t\t\t<div class=\"elementor-widget-container\">\n\t\t\t\t\t\t\t<div class=\"elementor-spacer\">\n\t\t\t<div class=\"elementor-spacer-inner\"><\/div>\n\t\t<\/div>\n\t\t\t\t\t\t<\/div>\n\t\t\t\t<\/div>\n\t\t\t\t\t<\/div>\n\t\t<\/div>\n\t\t\t\t\t<\/div>\n\t\t<\/section>\n\t\t\t\t<section class=\"elementor-section elementor-top-section elementor-element elementor-element-37d4ca0f elementor-section-boxed elementor-section-height-default elementor-section-height-default\" data-id=\"37d4ca0f\" data-element_type=\"section\" data-e-type=\"section\">\n\t\t\t\t\t\t<div class=\"elementor-container elementor-column-gap-default\">\n\t\t\t\t\t<div class=\"elementor-column elementor-col-100 elementor-top-column elementor-element elementor-element-65e92942\" data-id=\"65e92942\" data-element_type=\"column\" data-e-type=\"column\">\n\t\t\t<div class=\"elementor-widget-wrap\">\n\t\t\t\t\t\t\t<\/div>\n\t\t<\/div>\n\t\t\t\t\t<\/div>\n\t\t<\/section>\n\t\t\t\t<section class=\"elementor-section elementor-top-section elementor-element elementor-element-3a9fef74 elementor-section-boxed elementor-section-height-default elementor-section-height-default\" data-id=\"3a9fef74\" data-element_type=\"section\" data-e-type=\"section\" data-settings=\"{&quot;background_background&quot;:&quot;classic&quot;}\">\n\t\t\t\t\t\t<div class=\"elementor-container elementor-column-gap-default\">\n\t\t\t\t\t<div class=\"elementor-column elementor-col-100 elementor-top-column elementor-element elementor-element-1b9bd3e5\" data-id=\"1b9bd3e5\" data-element_type=\"column\" data-e-type=\"column\">\n\t\t\t<div class=\"elementor-widget-wrap\">\n\t\t\t\t\t\t\t<\/div>\n\t\t<\/div>\n\t\t\t\t\t<\/div>\n\t\t<\/section>\n\t\t\t\t<section class=\"elementor-section elementor-top-section elementor-element elementor-element-6ca888f2 elementor-section-boxed elementor-section-height-default elementor-section-height-default\" data-id=\"6ca888f2\" data-element_type=\"section\" data-e-type=\"section\">\n\t\t\t\t\t\t<div class=\"elementor-container elementor-column-gap-default\">\n\t\t\t\t\t<div class=\"elementor-column elementor-col-100 elementor-top-column elementor-element elementor-element-7c8a8031\" data-id=\"7c8a8031\" data-element_type=\"column\" data-e-type=\"column\" data-settings=\"{&quot;background_background&quot;:&quot;classic&quot;}\">\n\t\t\t<div class=\"elementor-widget-wrap elementor-element-populated\">\n\t\t\t\t\t<div class=\"elementor-background-overlay\"><\/div>\n\t\t\t\t\t\t<div class=\"elementor-element elementor-element-68a90690 elementor-widget elementor-widget-heading\" data-id=\"68a90690\" data-element_type=\"widget\" data-e-type=\"widget\" data-widget_type=\"heading.default\">\n\t\t\t\t<div class=\"elementor-widget-container\">\n\t\t\t\t\t<h1 class=\"elementor-heading-title elementor-size-default\">Cultuur en agenda<\/h1>\t\t\t\t<\/div>\n\t\t\t\t<\/div>\n\t\t\t\t\t<\/div>\n\t\t<\/div>\n\t\t\t\t\t<\/div>\n\t\t<\/section>\n\t\t\t\t<section class=\"elementor-section elementor-top-section elementor-element elementor-element-524d943 elementor-section-boxed elementor-section-height-default elementor-section-height-default\" data-id=\"524d943\" data-element_type=\"section\" data-e-type=\"section\">\n\t\t\t\t\t\t<div class=\"elementor-container elementor-column-gap-default\">\n\t\t\t\t\t<div class=\"elementor-column elementor-col-100 elementor-top-column elementor-element elementor-element-22946123\" data-id=\"22946123\" data-element_type=\"column\" data-e-type=\"column\">\n\t\t\t<div class=\"elementor-widget-wrap elementor-element-populated\">\n\t\t\t\t\t\t<div class=\"elementor-element elementor-element-3c3f8191 elementor-widget elementor-widget-heading\" data-id=\"3c3f8191\" data-element_type=\"widget\" data-e-type=\"widget\" data-widget_type=\"heading.default\">\n\t\t\t\t<div class=\"elementor-widget-container\">\n\t\t\t\t\t<h2 class=\"elementor-heading-title elementor-size-default\">Activit\u00e9s Culturelles - Culturele activiteiten<\/h2>\t\t\t\t<\/div>\n\t\t\t\t<\/div>\n\t\t\t\t\t<\/div>\n\t\t<\/div>\n\t\t\t\t\t<\/div>\n\t\t<\/section>\n\t\t\t\t<section class=\"elementor-section elementor-top-section elementor-element elementor-element-2a9910b8 elementor-section-boxed elementor-section-height-default elementor-section-height-default\" data-id=\"2a9910b8\" data-element_type=\"section\" data-e-type=\"section\">\n\t\t\t\t\t\t<div class=\"elementor-container elementor-column-gap-default\">\n\t\t\t\t\t<div class=\"elementor-column elementor-col-100 elementor-top-column elementor-element elementor-element-640c7c3c\" data-id=\"640c7c3c\" data-element_type=\"column\" data-e-type=\"column\">\n\t\t\t<div class=\"elementor-widget-wrap elementor-element-populated\">\n\t\t\t\t\t\t<div class=\"elementor-element elementor-element-29b5ae71 elementor-widget elementor-widget-text-editor\" data-id=\"29b5ae71\" data-element_type=\"widget\" data-e-type=\"widget\" data-widget_type=\"text-editor.default\">\n\t\t\t\t<div class=\"elementor-widget-container\">\n\t\t\t\t\t\t\t\t\t<p>E\u00e9n van de doelstellingen van de Alliance Fran\u00e7aise C\u0153ur de Z\u00e9lande is het organiseren van culturele activiteiten die te maken hebben met Frankrijk. Daarvoor stellen wij elk seizoen een gevarieerd programma samen afwisselend in het Frans en in het Nederlands. Muziek, lekker eten, lezingen &#8230;<\/p><p>Met een lidmaatschapskaart oftewel &#8216;une Carte Nationale&#8217; heeft u toegang tot deze activiteiten en bij alle Alliance afdelingen (tegen de condities die gelden voor de leden van die afdelingen).<\/p>\t\t\t\t\t\t\t\t<\/div>\n\t\t\t\t<\/div>\n\t\t\t\t\t<\/div>\n\t\t<\/div>\n\t\t\t\t\t<\/div>\n\t\t<\/section>\n\t\t\t\t<\/div>\n\t\t","protected":false},"excerpt":{"rendered":"<p>Cultuur en agenda Activit\u00e9s Culturelles &#8211; Culturele activiteiten E\u00e9n van de doelstellingen van de Alliance Fran\u00e7aise C\u0153ur de Z\u00e9lande is het organiseren van culturele activiteiten die te maken hebben met [&hellip;]<\/p>\n","protected":false},"author":35,"featured_media":0,"parent":0,"menu_order":0,"comment_status":"closed","ping_status":"closed","template":"","meta":{"_acf_changed":false,"footnotes":""},"class_list":["post-133","page","type-page","status-publish","hentry"],"acf":[],"_links":{"self":[{"href":"https:\/\/www.alliance-francaise.nl\/coeurdezelande\/wp-json\/wp\/v2\/pages\/133","targetHints":{"allow":["GET"]}}],"collection":[{"href":"https:\/\/www.alliance-francaise.nl\/coeurdezelande\/wp-json\/wp\/v2\/pages"}],"about":[{"href":"https:\/\/www.alliance-francaise.nl\/coeurdezelande\/wp-json\/wp\/v2\/types\/page"}],"author":[{"embeddable":true,"href":"https:\/\/www.alliance-francaise.nl\/coeurdezelande\/wp-json\/wp\/v2\/users\/35"}],"replies":[{"embeddable":true,"href":"https:\/\/www.alliance-francaise.nl\/coeurdezelande\/wp-json\/wp\/v2\/comments?post=133"}],"version-history":[{"count":20,"href":"https:\/\/www.alliance-francaise.nl\/coeurdezelande\/wp-json\/wp\/v2\/pages\/133\/revisions"}],"predecessor-version":[{"id":2957,"href":"https:\/\/www.alliance-francaise.nl\/coeurdezelande\/wp-json\/wp\/v2\/pages\/133\/revisions\/2957"}],"wp:attachment":[{"href":"https:\/\/www.alliance-francaise.nl\/coeurdezelande\/wp-json\/wp\/v2\/media?parent=133"}],"curies":[{"name":"wp","href":"https:\/\/api.w.org\/{rel}","templated":true}]}}