{"id":126,"date":"2020-10-30T14:42:03","date_gmt":"2020-10-30T14:42:03","guid":{"rendered":"https:\/\/www.alliance-francaise.nl\/2020\/coeurdezelande\/?page_id=126"},"modified":"2024-07-03T15:50:09","modified_gmt":"2024-07-03T13:50:09","slug":"lid-worden","status":"publish","type":"page","link":"https:\/\/www.alliance-francaise.nl\/coeurdezelande\/welkom-bienvenue\/lid-worden\/","title":{"rendered":"Lid worden"},"content":{"rendered":"\t\t<div data-elementor-type=\"wp-page\" data-elementor-id=\"126\" class=\"elementor elementor-126\" data-elementor-post-type=\"page\">\n\t\t\t\t\t\t<section class=\"elementor-section elementor-top-section elementor-element elementor-element-1c3ed6ca elementor-section-boxed elementor-section-height-default elementor-section-height-default\" data-id=\"1c3ed6ca\" data-element_type=\"section\" data-e-type=\"section\" data-settings=\"{&quot;background_background&quot;:&quot;classic&quot;}\">\n\t\t\t\t\t\t<div class=\"elementor-container elementor-column-gap-default\">\n\t\t\t\t\t<div class=\"elementor-column elementor-col-100 elementor-top-column elementor-element elementor-element-2f3898d6\" data-id=\"2f3898d6\" data-element_type=\"column\" data-e-type=\"column\">\n\t\t\t<div class=\"elementor-widget-wrap\">\n\t\t\t\t\t\t\t<\/div>\n\t\t<\/div>\n\t\t\t\t\t<\/div>\n\t\t<\/section>\n\t\t\t\t<section class=\"elementor-section elementor-top-section elementor-element elementor-element-237458da elementor-section-boxed elementor-section-height-default elementor-section-height-default\" data-id=\"237458da\" data-element_type=\"section\" data-e-type=\"section\">\n\t\t\t\t\t\t<div class=\"elementor-container elementor-column-gap-default\">\n\t\t\t\t\t<div class=\"elementor-column elementor-col-100 elementor-top-column elementor-element elementor-element-1860da21\" data-id=\"1860da21\" data-element_type=\"column\" data-e-type=\"column\" data-settings=\"{&quot;background_background&quot;:&quot;classic&quot;}\">\n\t\t\t<div class=\"elementor-widget-wrap elementor-element-populated\">\n\t\t\t\t\t<div class=\"elementor-background-overlay\"><\/div>\n\t\t\t\t\t\t<div class=\"elementor-element elementor-element-77acb982 elementor-widget elementor-widget-heading\" data-id=\"77acb982\" data-element_type=\"widget\" data-e-type=\"widget\" data-widget_type=\"heading.default\">\n\t\t\t\t<div class=\"elementor-widget-container\">\n\t\t\t\t\t<h1 class=\"elementor-heading-title elementor-size-default\">Lid worden van de Alliance Fran\u00e7aise C\u0153ur de Z\u00e9lande<\/h1>\t\t\t\t<\/div>\n\t\t\t\t<\/div>\n\t\t\t\t\t<\/div>\n\t\t<\/div>\n\t\t\t\t\t<\/div>\n\t\t<\/section>\n\t\t\t\t<section class=\"elementor-section elementor-top-section elementor-element elementor-element-626c4d3f elementor-section-boxed elementor-section-height-default elementor-section-height-default\" data-id=\"626c4d3f\" data-element_type=\"section\" data-e-type=\"section\">\n\t\t\t\t\t\t<div class=\"elementor-container elementor-column-gap-default\">\n\t\t\t\t\t<div class=\"elementor-column elementor-col-100 elementor-top-column elementor-element elementor-element-a250963\" data-id=\"a250963\" data-element_type=\"column\" data-e-type=\"column\">\n\t\t\t<div class=\"elementor-widget-wrap elementor-element-populated\">\n\t\t\t\t\t\t<div class=\"elementor-element elementor-element-362c2d7a elementor-widget elementor-widget-heading\" data-id=\"362c2d7a\" data-element_type=\"widget\" data-e-type=\"widget\" data-widget_type=\"heading.default\">\n\t\t\t\t<div class=\"elementor-widget-container\">\n\t\t\t\t\t<h2 class=\"elementor-heading-title elementor-size-default\">Het lidmaatschap<\/h2>\t\t\t\t<\/div>\n\t\t\t\t<\/div>\n\t\t\t\t\t<\/div>\n\t\t<\/div>\n\t\t\t\t\t<\/div>\n\t\t<\/section>\n\t\t\t\t<section class=\"elementor-section elementor-top-section elementor-element elementor-element-7db0694c elementor-section-boxed elementor-section-height-default elementor-section-height-default\" data-id=\"7db0694c\" data-element_type=\"section\" data-e-type=\"section\">\n\t\t\t\t\t\t<div class=\"elementor-container elementor-column-gap-default\">\n\t\t\t\t\t<div class=\"elementor-column elementor-col-100 elementor-top-column elementor-element elementor-element-73897d6a\" data-id=\"73897d6a\" data-element_type=\"column\" data-e-type=\"column\">\n\t\t\t<div class=\"elementor-widget-wrap elementor-element-populated\">\n\t\t\t\t\t\t<div class=\"elementor-element elementor-element-541543f0 elementor-widget__width-initial elementor-widget elementor-widget-text-editor\" data-id=\"541543f0\" data-element_type=\"widget\" data-e-type=\"widget\" data-widget_type=\"text-editor.default\">\n\t\t\t\t<div class=\"elementor-widget-container\">\n\t\t\t\t\t\t\t\t\t<p>Het verenigingsjaar loopt van 1 september t\/m 31 augustus. Het lidmaatschap wordt steeds stilzwijgend voor een jaar verlengd. Opzeggen dient te geschieden voor 1 juli bij de secretaris. Voor de betaling van de contributie wordt een rekening toegezonden.<\/p><p><strong>Contributie<\/strong><strong><br \/><\/strong>Per persoon: \u20ac 37,50 per jaar. Een echtpaar\/ partners betaalt\/ betalen \u20ac 60,00.<em>*<\/em><\/p><p><em>* Voordeel: als u het bedrag voor 1 september a.s. betaalt, profiteert u van een korting: contributie individueel -2,50 euro, gezinslidmaatschap -5,00 euro. Deze laatste kost dan 55,00 euro, het individuele lidmaatschap kost dan nog 35,00 euro.<\/em><\/p><p><strong>Opgeven<\/strong><br \/>U kunt zich opgeven als lid door onderstaand formulier in te vullen en te verzenden.<\/p><p><strong>Carte Nationale<\/strong><br \/>Met de \u00abCarte Nationale\u00bb, het bewijs van lidmaatschap, heeft u meestal gratis toegang tot alle activiteiten van de AF C\u0153ur de Z\u00e9lande. De carte geeft ook toegang tot activiteiten van afdelingen elders in het land.<\/p><p><strong>Privacy<\/strong><\/p><p>Per 25 mei 2018 is de Algemene Verordening Gegevensbestemming (AVG) van toepassing en geldt dezelfde privacywetgeving in de hele Europese Unie.<\/p><p>Voor u lid of cursist, geldt:<\/p><ul><li>De Alliance Fran\u00e7aise C\u0153ur de Z\u00e9lande beschikt over uw NAW-gegevens en uw e-mailadres. Deze gegevens worden beheerd door onze secretaris.<\/li><li>Uw gegevens worden gebruikt voor interne communicatie: uitnodigingen voor onze culturele activiteiten, algemene gegevens aangaande cursussen en onze financi\u00eble administratie.<\/li><li>Uw gegevens worden na opzegging van uw lidmaatschap of cursus binnen 4 weken verwijderd.<\/li><\/ul>\t\t\t\t\t\t\t\t<\/div>\n\t\t\t\t<\/div>\n\t\t\t\t\t<\/div>\n\t\t<\/div>\n\t\t\t\t\t<\/div>\n\t\t<\/section>\n\t\t\t\t<section class=\"elementor-section elementor-top-section elementor-element elementor-element-30851960 elementor-section-boxed elementor-section-height-default elementor-section-height-default\" data-id=\"30851960\" data-element_type=\"section\" data-e-type=\"section\">\n\t\t\t\t\t\t<div class=\"elementor-container elementor-column-gap-default\">\n\t\t\t\t\t<div class=\"elementor-column elementor-col-100 elementor-top-column elementor-element elementor-element-522d1217\" data-id=\"522d1217\" data-element_type=\"column\" data-e-type=\"column\">\n\t\t\t<div class=\"elementor-widget-wrap elementor-element-populated\">\n\t\t\t\t\t\t<div class=\"elementor-element elementor-element-10ae9758 elementor-widget elementor-widget-heading\" data-id=\"10ae9758\" data-element_type=\"widget\" data-e-type=\"widget\" data-widget_type=\"heading.default\">\n\t\t\t\t<div class=\"elementor-widget-container\">\n\t\t\t\t\t<h3 class=\"elementor-heading-title elementor-size-default\">Inschrijfformulier<\/h3>\t\t\t\t<\/div>\n\t\t\t\t<\/div>\n\t\t\t\t\t<\/div>\n\t\t<\/div>\n\t\t\t\t\t<\/div>\n\t\t<\/section>\n\t\t\t\t<section class=\"elementor-section elementor-top-section elementor-element elementor-element-5701881c elementor-section-boxed elementor-section-height-default elementor-section-height-default\" data-id=\"5701881c\" data-element_type=\"section\" data-e-type=\"section\">\n\t\t\t\t\t\t<div class=\"elementor-container elementor-column-gap-default\">\n\t\t\t\t\t<div class=\"elementor-column elementor-col-100 elementor-top-column elementor-element elementor-element-33027ef0\" data-id=\"33027ef0\" data-element_type=\"column\" data-e-type=\"column\">\n\t\t\t<div class=\"elementor-widget-wrap elementor-element-populated\">\n\t\t\t\t\t\t<div class=\"elementor-element elementor-element-53dd4321 elementor-widget elementor-widget-shortcode\" data-id=\"53dd4321\" data-element_type=\"widget\" data-e-type=\"widget\" data-widget_type=\"shortcode.default\">\n\t\t\t\t<div class=\"elementor-widget-container\">\n\t\t\t\t\t\t\t<div class=\"elementor-shortcode\">\n<div class=\"wpcf7 no-js\" id=\"wpcf7-f185-o1\" lang=\"nl-NL\" dir=\"ltr\" data-wpcf7-id=\"185\">\n<div class=\"screen-reader-response\"><p role=\"status\" aria-live=\"polite\" aria-atomic=\"true\"><\/p> <ul><\/ul><\/div>\n<form action=\"\/coeurdezelande\/wp-json\/wp\/v2\/pages\/126#wpcf7-f185-o1\" method=\"post\" class=\"wpcf7-form init\" aria-label=\"Contactformulier\" novalidate=\"novalidate\" data-status=\"init\">\n<fieldset class=\"hidden-fields-container\"><input type=\"hidden\" name=\"_wpcf7\" value=\"185\" \/><input type=\"hidden\" name=\"_wpcf7_version\" value=\"6.1.5\" \/><input type=\"hidden\" name=\"_wpcf7_locale\" value=\"nl_NL\" \/><input type=\"hidden\" name=\"_wpcf7_unit_tag\" value=\"wpcf7-f185-o1\" \/><input type=\"hidden\" name=\"_wpcf7_container_post\" value=\"0\" \/><input type=\"hidden\" name=\"_wpcf7_posted_data_hash\" value=\"\" \/><input type=\"hidden\" name=\"_wpcf7_recaptcha_response\" value=\"\" \/>\n<\/fieldset>\n<table style=\"border: none\" width=\"580\">\n\t<tbody>\n\t\t<tr>\n\t\t\t<td style=\"border: none\" width=\"240\">\n\t\t\t\t<p>Aanmelding voor\n\t\t\t\t<\/p>\n\t\t\t<\/td>\n\t\t\t<td style=\"border: none\" width=\"360\">\n\t\t\t\t<p><span class=\"wpcf7-form-control-wrap\" data-name=\"R-betaling\"><span class=\"wpcf7-form-control wpcf7-radio\"><span class=\"wpcf7-list-item first\"><label><input type=\"radio\" name=\"R-betaling\" value=\"Een persoon\" checked=\"checked\" \/><span class=\"wpcf7-list-item-label\">Een persoon<\/span><\/label><\/span><span class=\"wpcf7-list-item\"><label><input type=\"radio\" name=\"R-betaling\" value=\"Een paar\" \/><span class=\"wpcf7-list-item-label\">Een paar<\/span><\/label><\/span><span class=\"wpcf7-list-item last\"><label><input type=\"radio\" name=\"R-betaling\" value=\"Madame &amp; Monsieur\" \/><span class=\"wpcf7-list-item-label\">Madame &amp; Monsieur<\/span><\/label><\/span><\/span><\/span>\n\t\t\t\t<\/p>\n\t\t\t<\/td>\n\t\t<\/tr>\n\t\t<tr>\n\t\t\t<td style=\"border: none\">\n\t\t\t\t<p>uw voorletters en roepnaam (verplicht)\n\t\t\t\t<\/p>\n\t\t\t<\/td>\n\t\t\t<td style=\"border: none\">\n\t\t\t\t<p><span class=\"wpcf7-form-control-wrap\" data-name=\"your-voorname\"><input size=\"40\" maxlength=\"400\" class=\"wpcf7-form-control wpcf7-text wpcf7-validates-as-required\" aria-required=\"true\" aria-invalid=\"false\" value=\"\" type=\"text\" name=\"your-voorname\" \/><\/span>\n\t\t\t\t<\/p>\n\t\t\t<\/td>\n\t\t<\/tr>\n\t\t<tr>\n\t\t\t<td style=\"border: none\">\n\t\t\t\t<p>uw achternaam (verplicht)\n\t\t\t\t<\/p>\n\t\t\t<\/td>\n\t\t\t<td style=\"border: none\">\n\t\t\t\t<p><span class=\"wpcf7-form-control-wrap\" data-name=\"your-achtername\"><input size=\"40\" maxlength=\"400\" class=\"wpcf7-form-control wpcf7-text wpcf7-validates-as-required\" aria-required=\"true\" aria-invalid=\"false\" value=\"\" type=\"text\" name=\"your-achtername\" \/><\/span>\n\t\t\t\t<\/p>\n\t\t\t<\/td>\n\t\t<\/tr>\n\t\t<tr>\n\t\t\t<td style=\"border: none\">\n\t\t\t\t<p>uw straat en huisnummer (verplicht)\n\t\t\t\t<\/p>\n\t\t\t<\/td>\n\t\t\t<td style=\"border: none\">\n\t\t\t\t<p><span class=\"wpcf7-form-control-wrap\" data-name=\"your-adresstraat\"><input size=\"40\" maxlength=\"400\" class=\"wpcf7-form-control wpcf7-text wpcf7-validates-as-required\" aria-required=\"true\" aria-invalid=\"false\" value=\"\" type=\"text\" name=\"your-adresstraat\" \/><\/span>\n\t\t\t\t<\/p>\n\t\t\t<\/td>\n\t\t<\/tr>\n\t\t<tr>\n\t\t\t<td style=\"border: none\">\n\t\t\t\t<p>uw postcode en woonplaats (verplicht)\n\t\t\t\t<\/p>\n\t\t\t<\/td>\n\t\t\t<td style=\"border: none\">\n\t\t\t\t<p><span class=\"wpcf7-form-control-wrap\" data-name=\"your-adresplaats\"><input size=\"40\" maxlength=\"400\" class=\"wpcf7-form-control wpcf7-text wpcf7-validates-as-required\" aria-required=\"true\" aria-invalid=\"false\" value=\"\" type=\"text\" name=\"your-adresplaats\" \/><\/span>\n\t\t\t\t<\/p>\n\t\t\t<\/td>\n\t\t<\/tr>\n\t\t<tr>\n\t\t\t<td style=\"border: none\">\n\t\t\t\t<p>uw telefoonnummer (mobiel) (verplicht)\n\t\t\t\t<\/p>\n\t\t\t<\/td>\n\t\t\t<td style=\"border: none\">\n\t\t\t\t<p><span class=\"wpcf7-form-control-wrap\" data-name=\"your-phone\"><input size=\"40\" maxlength=\"400\" class=\"wpcf7-form-control wpcf7-text wpcf7-validates-as-required\" aria-required=\"true\" aria-invalid=\"false\" value=\"\" type=\"text\" name=\"your-phone\" \/><\/span>\n\t\t\t\t<\/p>\n\t\t\t<\/td>\n\t\t<\/tr>\n\t\t<tr>\n\t\t\t<td style=\"border: none\">\n\t\t\t\t<p>uw e-mail adres (verplicht)\n\t\t\t\t<\/p>\n\t\t\t<\/td>\n\t\t\t<td style=\"border: none\">\n\t\t\t\t<p><span class=\"wpcf7-form-control-wrap\" data-name=\"your-email\"><input size=\"40\" maxlength=\"400\" class=\"wpcf7-form-control wpcf7-email wpcf7-validates-as-required wpcf7-text wpcf7-validates-as-email\" aria-required=\"true\" aria-invalid=\"false\" value=\"\" type=\"email\" name=\"your-email\" \/><\/span>\n\t\t\t\t<\/p>\n\t\t\t<\/td>\n\t\t<\/tr>\n\t\t<tr>\n\t\t\t<td style=\"border: none\">\n\t\t\t\t<p>&nbsp;\n\t\t\t\t<\/p>\n\t\t\t<\/td>\n\t\t\t<td style=\"border: none\">\n\t\t\t\t<p>&nbsp;\n\t\t\t\t<\/p>\n\t\t\t<\/td>\n\t\t<\/tr>\n\t\t<tr>\n\t\t\t<td style=\"border: none\">\n\t\t\t\t<p>IBANnummer\n\t\t\t\t<\/p>\n\t\t\t<\/td>\n\t\t\t<td style=\"border: none\">\n\t\t\t\t<p><span class=\"wpcf7-form-control-wrap\" data-name=\"your-iban\"><input size=\"40\" maxlength=\"400\" class=\"wpcf7-form-control wpcf7-text\" aria-invalid=\"false\" value=\"\" type=\"text\" name=\"your-iban\" \/><\/span>\n\t\t\t\t<\/p>\n\t\t\t<\/td>\n\t\t<\/tr>\n\t\t<tr>\n\t\t\t<td style=\"border: none\">\n\t\t\t\t<p>ten name van\n\t\t\t\t<\/p>\n\t\t\t<\/td>\n\t\t\t<td style=\"border: none\">\n\t\t\t\t<p><span class=\"wpcf7-form-control-wrap\" data-name=\"your-tnv\"><input size=\"40\" maxlength=\"400\" class=\"wpcf7-form-control wpcf7-text\" aria-invalid=\"false\" value=\"\" type=\"text\" name=\"your-tnv\" \/><\/span>\n\t\t\t\t<\/p>\n\t\t\t<\/td>\n\t\t<\/tr>\n\t\t<tr>\n\t\t\t<td style=\"border: none\">\n\t\t\t\t<p>woonplaats\n\t\t\t\t<\/p>\n\t\t\t<\/td>\n\t\t\t<td style=\"border: none\">\n\t\t\t\t<p><span class=\"wpcf7-form-control-wrap\" data-name=\"your-tnv-woonpl\"><input size=\"40\" maxlength=\"400\" class=\"wpcf7-form-control wpcf7-text\" aria-invalid=\"false\" value=\"\" type=\"text\" name=\"your-tnv-woonpl\" \/><\/span>\n\t\t\t\t<\/p>\n\t\t\t<\/td>\n\t\t<\/tr>\n\t\t<tr>\n\t\t\t<td style=\"border: none\">\n\t\t\t\t<p>Hoe bent u in contact gekomen met de Alliance Fran\u00e7aise C\u0153ur de Z\u00e9lande?\n\t\t\t\t<\/p>\n\t\t\t<\/td>\n\t\t\t<td style=\"border: none\">\n\t\t\t\t<p><span class=\"wpcf7-form-control-wrap\" data-name=\"your-message\"><textarea cols=\"40\" rows=\"10\" maxlength=\"2000\" class=\"wpcf7-form-control wpcf7-textarea\" aria-invalid=\"false\" name=\"your-message\"><\/textarea><\/span>\n\t\t\t\t<\/p>\n\t\t\t<\/td>\n\t\t<\/tr>\n\t\t<tr>\n\t\t\t<td style=\"border: none\">\n\t\t\t<\/td>\n\t\t\t<td style=\"border: none\">\n\t\t\t<\/td>\n\t\t<\/tr>\n\t\t<tr>\n\t\t\t<td style=\"border: none\">\n\t\t\t<\/td>\n\t\t\t<td style=\"border: none\">\n\t\t\t<\/td>\n\t\t<\/tr>\n\t<\/tbody>\n<\/table>\n<p>Noot: Bij elke aanvraag sturen wij een e-mail ter bevestiging. Het komt voor dat onze reactie op uw aanvraag in uw \"spam\" box terecht komt.\n<\/p>\n<p><input class=\"wpcf7-form-control wpcf7-submit has-spinner\" type=\"submit\" value=\"Verzenden\" \/>\n<\/p><div class=\"wpcf7-response-output\" aria-hidden=\"true\"><\/div>\n<\/form>\n<\/div>\n<\/div>\n\t\t\t\t\t\t<\/div>\n\t\t\t\t<\/div>\n\t\t\t\t\t<\/div>\n\t\t<\/div>\n\t\t\t\t\t<\/div>\n\t\t<\/section>\n\t\t\t\t<\/div>\n\t\t","protected":false},"excerpt":{"rendered":"<p>Lid worden van de Alliance Fran\u00e7aise C\u0153ur de Z\u00e9lande Het lidmaatschap Het verenigingsjaar loopt van 1 september t\/m 31 augustus. Het lidmaatschap wordt steeds stilzwijgend voor een jaar verlengd. Opzeggen [&hellip;]<\/p>\n","protected":false},"author":35,"featured_media":0,"parent":74,"menu_order":0,"comment_status":"closed","ping_status":"closed","template":"","meta":{"_acf_changed":false,"footnotes":""},"class_list":["post-126","page","type-page","status-publish","hentry"],"acf":[],"_links":{"self":[{"href":"https:\/\/www.alliance-francaise.nl\/coeurdezelande\/wp-json\/wp\/v2\/pages\/126","targetHints":{"allow":["GET"]}}],"collection":[{"href":"https:\/\/www.alliance-francaise.nl\/coeurdezelande\/wp-json\/wp\/v2\/pages"}],"about":[{"href":"https:\/\/www.alliance-francaise.nl\/coeurdezelande\/wp-json\/wp\/v2\/types\/page"}],"author":[{"embeddable":true,"href":"https:\/\/www.alliance-francaise.nl\/coeurdezelande\/wp-json\/wp\/v2\/users\/35"}],"replies":[{"embeddable":true,"href":"https:\/\/www.alliance-francaise.nl\/coeurdezelande\/wp-json\/wp\/v2\/comments?post=126"}],"version-history":[{"count":6,"href":"https:\/\/www.alliance-francaise.nl\/coeurdezelande\/wp-json\/wp\/v2\/pages\/126\/revisions"}],"predecessor-version":[{"id":3091,"href":"https:\/\/www.alliance-francaise.nl\/coeurdezelande\/wp-json\/wp\/v2\/pages\/126\/revisions\/3091"}],"up":[{"embeddable":true,"href":"https:\/\/www.alliance-francaise.nl\/coeurdezelande\/wp-json\/wp\/v2\/pages\/74"}],"wp:attachment":[{"href":"https:\/\/www.alliance-francaise.nl\/coeurdezelande\/wp-json\/wp\/v2\/media?parent=126"}],"curies":[{"name":"wp","href":"https:\/\/api.w.org\/{rel}","templated":true}]}}