{"id":9939,"date":"2025-05-01T09:18:03","date_gmt":"2025-05-01T09:18:03","guid":{"rendered":"https:\/\/www.alliance-francaise.nl\/breda\/?page_id=9939"},"modified":"2025-05-01T10:00:52","modified_gmt":"2025-05-01T10:00:52","slug":"50-jaar-franse-les-in-breda","status":"publish","type":"page","link":"https:\/\/www.alliance-francaise.nl\/breda\/cursussen\/50-jaar-franse-les-in-breda\/","title":{"rendered":"50 jaar Franse les in Breda"},"content":{"rendered":"\t\t<div data-elementor-type=\"wp-page\" data-elementor-id=\"9939\" class=\"elementor elementor-9939\" data-elementor-post-type=\"page\">\n\t\t\t\t\t\t<section class=\"elementor-section elementor-top-section elementor-element elementor-element-2182c255 elementor-section-boxed elementor-section-height-default elementor-section-height-default\" data-id=\"2182c255\" data-element_type=\"section\" data-e-type=\"section\" data-settings=\"{&quot;background_background&quot;:&quot;classic&quot;}\">\n\t\t\t\t\t\t<div class=\"elementor-container elementor-column-gap-default\">\n\t\t\t\t\t<div class=\"elementor-column elementor-col-100 elementor-top-column elementor-element elementor-element-5d25bd53\" data-id=\"5d25bd53\" data-element_type=\"column\" data-e-type=\"column\">\n\t\t\t<div class=\"elementor-widget-wrap\">\n\t\t\t\t\t\t\t<\/div>\n\t\t<\/div>\n\t\t\t\t\t<\/div>\n\t\t<\/section>\n\t\t\t\t<section class=\"elementor-section elementor-top-section elementor-element elementor-element-b0bb737 elementor-section-boxed elementor-section-height-default elementor-section-height-default\" data-id=\"b0bb737\" data-element_type=\"section\" data-e-type=\"section\">\n\t\t\t\t\t\t<div class=\"elementor-container elementor-column-gap-default\">\n\t\t\t\t\t<div class=\"elementor-column elementor-col-100 elementor-top-column elementor-element elementor-element-653f0a40\" data-id=\"653f0a40\" data-element_type=\"column\" data-e-type=\"column\" data-settings=\"{&quot;background_background&quot;:&quot;classic&quot;}\">\n\t\t\t<div class=\"elementor-widget-wrap elementor-element-populated\">\n\t\t\t\t\t<div class=\"elementor-background-overlay\"><\/div>\n\t\t\t\t\t\t<div class=\"elementor-element elementor-element-344416b4 elementor-widget elementor-widget-heading\" data-id=\"344416b4\" data-element_type=\"widget\" data-e-type=\"widget\" data-widget_type=\"heading.default\">\n\t\t\t\t<div class=\"elementor-widget-container\">\n\t\t\t\t\t<h1 class=\"elementor-heading-title elementor-size-default\">50 jaar!<\/h1>\t\t\t\t<\/div>\n\t\t\t\t<\/div>\n\t\t\t\t\t<\/div>\n\t\t<\/div>\n\t\t\t\t\t<\/div>\n\t\t<\/section>\n\t\t\t\t<section class=\"elementor-section elementor-top-section elementor-element elementor-element-3b294114 elementor-section-boxed elementor-section-height-default elementor-section-height-default\" data-id=\"3b294114\" data-element_type=\"section\" data-e-type=\"section\">\n\t\t\t\t\t\t<div class=\"elementor-container elementor-column-gap-default\">\n\t\t\t\t\t<div class=\"elementor-column elementor-col-100 elementor-top-column elementor-element elementor-element-52b7fe47\" data-id=\"52b7fe47\" data-element_type=\"column\" data-e-type=\"column\">\n\t\t\t<div class=\"elementor-widget-wrap elementor-element-populated\">\n\t\t\t\t\t\t<div class=\"elementor-element elementor-element-83f6610 elementor-widget elementor-widget-spacer\" data-id=\"83f6610\" data-element_type=\"widget\" data-e-type=\"widget\" data-widget_type=\"spacer.default\">\n\t\t\t\t<div class=\"elementor-widget-container\">\n\t\t\t\t\t\t\t<div class=\"elementor-spacer\">\n\t\t\t<div class=\"elementor-spacer-inner\"><\/div>\n\t\t<\/div>\n\t\t\t\t\t\t<\/div>\n\t\t\t\t<\/div>\n\t\t\t\t<div class=\"elementor-element elementor-element-27a1e380 elementor-widget elementor-widget-heading\" data-id=\"27a1e380\" data-element_type=\"widget\" data-e-type=\"widget\" data-widget_type=\"heading.default\">\n\t\t\t\t<div class=\"elementor-widget-container\">\n\t\t\t\t\t<h2 class=\"elementor-heading-title elementor-size-default\">50 jaar Franse les in Breda<\/h2>\t\t\t\t<\/div>\n\t\t\t\t<\/div>\n\t\t\t\t\t<\/div>\n\t\t<\/div>\n\t\t\t\t\t<\/div>\n\t\t<\/section>\n\t\t\t\t<section class=\"elementor-section elementor-top-section elementor-element elementor-element-67ce075f elementor-section-boxed elementor-section-height-default elementor-section-height-default\" data-id=\"67ce075f\" data-element_type=\"section\" data-e-type=\"section\">\n\t\t\t\t\t\t<div class=\"elementor-container elementor-column-gap-default\">\n\t\t\t\t\t<div class=\"elementor-column elementor-col-100 elementor-top-column elementor-element elementor-element-5b265f5d\" data-id=\"5b265f5d\" data-element_type=\"column\" data-e-type=\"column\">\n\t\t\t<div class=\"elementor-widget-wrap elementor-element-populated\">\n\t\t\t\t\t\t<div class=\"elementor-element elementor-element-377634bd elementor-widget elementor-widget-text-editor\" data-id=\"377634bd\" data-element_type=\"widget\" data-e-type=\"widget\" data-widget_type=\"text-editor.default\">\n\t\t\t\t<div class=\"elementor-widget-container\">\n\t\t\t\t\t\t\t\t\t<p><strong>In september 1975 startte in Breda een nieuwe activiteit van de Alliance Fran\u00e7aise: het verzorgen van cursussen Franse taal voor beginners en gevorderden. Dat vieren we gedurende het cursusjaar 2025-2026, onder andere met een &#8216;chansonmatin\u00e9e&#8217; op 15 november! *<\/strong><\/p><p><img decoding=\"async\" class=\"size-thumbnail wp-image-9946 alignright\" src=\"https:\/\/www.alliance-francaise.nl\/breda\/wp-content\/uploads\/sites\/15\/2025\/05\/Cursuscentrum-logo-50-RGB-150x150.jpg\" alt=\"Logo 50 jaar af Breda\" width=\"150\" height=\"150\" srcset=\"https:\/\/www.alliance-francaise.nl\/breda\/wp-content\/uploads\/sites\/15\/2025\/05\/Cursuscentrum-logo-50-RGB-150x150.jpg 150w, https:\/\/www.alliance-francaise.nl\/breda\/wp-content\/uploads\/sites\/15\/2025\/05\/Cursuscentrum-logo-50-RGB-300x300.jpg 300w, https:\/\/www.alliance-francaise.nl\/breda\/wp-content\/uploads\/sites\/15\/2025\/05\/Cursuscentrum-logo-50-RGB-768x764.jpg 768w, https:\/\/www.alliance-francaise.nl\/breda\/wp-content\/uploads\/sites\/15\/2025\/05\/Cursuscentrum-logo-50-RGB-600x597.jpg 600w, https:\/\/www.alliance-francaise.nl\/breda\/wp-content\/uploads\/sites\/15\/2025\/05\/Cursuscentrum-logo-50-RGB-100x100.jpg 100w, https:\/\/www.alliance-francaise.nl\/breda\/wp-content\/uploads\/sites\/15\/2025\/05\/Cursuscentrum-logo-50-RGB.jpg 819w\" sizes=\"(max-width: 150px) 100vw, 150px\" \/>De cursussen startten destijds in het Nassaucollege en verhuisden in 1991 naar het <strong>Stedelijk Gymnasium<\/strong>. Na het eerste opstartjaar in 1975-1976 telde het docententeam vanaf 1976 al 6 docenten, een aantal dat later met wat ups en downs opliep tot 15. Vanaf de jaren 90 volgden 200 \u00e0 250 &#8211; vooral volwassen &#8211; cursisten de lessen, behalve tijdens de coronaperiode.<\/p><h4><span style=\"color: #da002e\"><strong>Een lange historie<\/strong><\/span><\/h4><p>De vereniging Alliance Fran\u00e7aise was in Breda al actief <strong>sinds 1896<\/strong>, en was <strong>de eerste Alliance die in Zuid-Nederland werd opgericht<\/strong>, hetgeen in 1996 uitgebreid is herdacht met een programma en kerkdienst in de Waalse kerk. Het aanbod bestond in het begin vooral uit culturele lezingen, voorstellingen en klassieke concerten, voor een gegoed en intellectueel publiek. Met name voor de Tweede Wereldoorlog, maar ook nog daarna, werden cursussen Frans niet echt nodig gevonden, zoals blijkt uit een woord van de Franse ambassadeur Kammerer in een gedenkboek uit 1930 waarin hij schrijft: \u201cdat komt doordat de Franse taal zo goed wordt gesproken door de elite en de middenklasse, dat taallessen van zeer weinig nut worden.\u201d<\/p><p>De eerste Franse les die in Breda werd gegeven was eigenlijk een \u201cCours de litt\u00e9rature fran\u00e7aise moderne\u201d , in 1922 verzorgd door predikant A. Allard van de Waalse kerk, destijds voorzitter van de Alliance Fran\u00e7aise Breda. Pas in de jaren 70, toen men ook meer begon te reizen naar bijvoorbeeld vakantiebestemmingen, groeide de behoefte aan cursussen Frans.<\/p><h4><span style=\"color: #da002e\"><strong>Taalcursussen en cultuur onder 1 dak<\/strong><\/span><\/h4><p>Hoewel de cursussen dus in 1975 startten, werd de \u201cStichting Kursuscentrum Alliance Fran\u00e7aise de Breda\u201d, de voorloper van onze huidige stichting, pas opgericht in 1977. De stichting was gericht op taalonderwijs, het cultureel programma bleef onder de vereniging vallen. In 1997 kwamen <strong>alle activiteiten onder \u00e9\u00e9n stichting<\/strong> te vallen. Die is tot vandaag de dag actief met een combinatie van taalcursussen op niveaus A1 t\/m C1 (niveaus volgens het Gemeenschappelijk Europees Referentiekader) en culturele activiteiten. Een combinatie waarmee de Alliance Fran\u00e7aise zich nog steeds onderscheidt van de andere aanbieders van Franse taalcursussen.<\/p><h4><span style=\"color: #da002e\"><strong>Sociale verbinding en kwaliteit<\/strong><\/span><\/h4><p>Een ander punt van onderscheiding is de sociale verbinding, waarin liefhebbers van de Franse taal en cultuur samenkomen. Cursisten kennen elkaar vaak persoonlijk, en schrijven zich gezamenlijk in bij hun favoriete docent. Het aantal cursisten dat zich opnieuw inschrijft voor het volgende jaar ligt al lang zeer hoog, op 40 \u00e0 50%. <br \/><strong>Daarbij blijft kwaliteit uiteraard het uitgangspunt<\/strong>: sinds 2006 zijn de cursussen zo opgezet dat cursisten die dat zouden willen elders, bij de erkende exameninstanties, het offici\u00eble DELF-examen kunnen afleggen. DELF-diploma\u2019s worden geleverd door het Franse Ministerie van Onderwijs, worden internationaal erkend en zijn voor onbepaalde tijd geldig. DELF-niveau B2 geeft vrijstelling van taaltesten bij de toegang tot Franse universiteiten\/hogescholen en is een belangrijke kwalificatie voor hoogopgeleid werk in vele landen.<\/p><p>Het 40-jarig jubileum van het Bredase Cursuscentrum werd in 2016 gevierd met een speciale slotavond voor de cursisten van het jaar 2015-2016 op de locatie Jeugdland in Ulvenhout, met een diploma-uitreiking, een grote quiz en herdenking.<\/p><h4><span style=\"color: #da002e\"><strong>H\u00e8t adres voor een cursus Frans<\/strong><\/span><\/h4><p>Sindsdien heeft de Alliance Fran\u00e7aise Breda haar positie verder versterkt als h\u00e8t adres voor taalcursussen Frans in onze regio. We zijn er trots op dat we, onder leiding van Anja van der Bij en Ilse Lukken, onze huidige cursisten blijven boeien en nieuwe doelgroepen weten aan te spreken, zoals jongeren en studenten, voor wie we desgewenst maatwerk kunnen bieden.<\/p><p>De volgende mensen gaven hun bezielende leiding aan het Cursuscentrum sinds de oprichting:<\/p><p>1975\u00a0\u00a0\u00a0\u00a0\u00a0\u00a0\u00a0\u00a0\u00a0\u00a0\u00a0\u00a0\u00a0\u00a0\u00a0\u00a0\u00a0\u00a0\u00a0\u00a0 Anthonie Felix en Maurine Werre<br \/>1980\u00a0\u00a0\u00a0\u00a0\u00a0\u00a0\u00a0\u00a0\u00a0\u00a0\u00a0\u00a0\u00a0\u00a0\u00a0\u00a0\u00a0\u00a0\u00a0\u00a0 Jeanneke Nix<br \/>1992\u00a0\u00a0\u00a0\u00a0\u00a0\u00a0\u00a0\u00a0\u00a0\u00a0\u00a0\u00a0\u00a0\u00a0\u00a0\u00a0\u00a0\u00a0\u00a0\u00a0 Dieneke Wertz<br \/>1993\u00a0\u00a0\u00a0\u00a0\u00a0\u00a0\u00a0\u00a0\u00a0\u00a0\u00a0\u00a0\u00a0\u00a0\u00a0\u00a0\u00a0\u00a0\u00a0\u00a0 Anne Rouws<br \/>1999\u00a0\u00a0\u00a0\u00a0\u00a0\u00a0\u00a0\u00a0\u00a0\u00a0\u00a0\u00a0\u00a0\u00a0\u00a0\u00a0\u00a0\u00a0\u00a0\u00a0 Irene Baert en Margriet Barb\u00e9<br \/>2002\u00a0\u00a0\u00a0\u00a0\u00a0\u00a0\u00a0\u00a0\u00a0\u00a0\u00a0\u00a0\u00a0\u00a0\u00a0\u00a0\u00a0\u00a0\u00a0\u00a0 Marcelle Schram en Irene Baert<br \/>2012\u00a0\u00a0\u00a0\u00a0\u00a0\u00a0\u00a0\u00a0\u00a0\u00a0\u00a0\u00a0\u00a0\u00a0\u00a0\u00a0\u00a0\u00a0\u00a0\u00a0 Wim Bekkers<br \/>2021\u00a0\u00a0\u00a0\u00a0\u00a0\u00a0\u00a0\u00a0\u00a0\u00a0\u00a0\u00a0\u00a0\u00a0\u00a0\u00a0\u00a0\u00a0\u00a0\u00a0 Anja van der Bij en Ilse Lukken<\/p><p>Veel dank aan deze mensen voor hun zeer belangrijke inzet om de Franse taal en cultuur in de regio Breda te laten floreren. Tevens veel dank aan alle cursisten die hun warme belangstelling en energie hebben gegeven aan de studie van de mooie Franse taal. Een buurtaal die zeer relevant was, is en zal blijven, voor zowel persoonlijke ontwikkeling, economische perspectieven als internationale verbinding tussen culturen en mensen.<\/p><p>Ook in de toekomst zal de Alliance Fran\u00e7aise Breda de Franse taal en cultuur toegankelijk blijven houden in de regio Breda. We zullen daarbij blijven streven naar de juiste combinatie van hoge kwaliteit, persoonlijke benadering, prettige sfeer en een redelijke prijs. We blijven het aanbod verrijken met een blikverbredend cultureel programma en we vernieuwen waar mogelijk. Zo blijven we het beste adres om Frankrijk in Nederland te beleven.<\/p><p>\u00a0<\/p><p>Lando van Doorn<\/p><p>Pr\u00e9sident Alliance Fran\u00e7aise de Breda<\/p><p>Mei 2025<\/p><p>\u00a0<\/p><p>* Voor nadere informatie over de activiteiten: klik <a href=\"https:\/\/www.alliance-francaise.nl\/breda\/cultuur\/\" target=\"_blank\" rel=\"noopener\">hier<\/a>.<\/p><p><em>\u00a0<\/em><\/p><p><em>De Alliance Fran\u00e7aise Breda is een stichting ter bevordering van de Franse en Franstalige taal en cultuur, anno 2025 geleid door een vijfhoofdig bestuur: Inge de Wolf (secr\u00e9taire), Ilse Lukken (coordination cours, communication), Karel van de Ven (tr\u00e9sorier), Marie-Louise van der Velde (secr\u00e9taire, culture) en Lando van Doorn (pr\u00e9sident). Anja van der Bij leidt als directrice des cours ons Cursuscentrum, met ondersteuning van Ilse Lukken. Een tiental enthousiaste, deskundige en ervaren docenten maakt de organisatie compleet.<\/em><\/p>\t\t\t\t\t\t\t\t<\/div>\n\t\t\t\t<\/div>\n\t\t\t\t\t<\/div>\n\t\t<\/div>\n\t\t\t\t\t<\/div>\n\t\t<\/section>\n\t\t\t\t<section class=\"elementor-section elementor-top-section elementor-element elementor-element-5623f1e3 elementor-section-boxed elementor-section-height-default elementor-section-height-default\" data-id=\"5623f1e3\" data-element_type=\"section\" data-e-type=\"section\">\n\t\t\t\t\t\t<div class=\"elementor-container elementor-column-gap-default\">\n\t\t\t\t\t<div class=\"elementor-column elementor-col-100 elementor-top-column elementor-element elementor-element-404740f4\" data-id=\"404740f4\" data-element_type=\"column\" data-e-type=\"column\">\n\t\t\t<div class=\"elementor-widget-wrap\">\n\t\t\t\t\t\t\t<\/div>\n\t\t<\/div>\n\t\t\t\t\t<\/div>\n\t\t<\/section>\n\t\t\t\t<\/div>\n\t\t","protected":false},"excerpt":{"rendered":"<p>50 jaar! 50 jaar Franse les in Breda In september 1975 startte in Breda een nieuwe activiteit van de Alliance Fran\u00e7aise: het verzorgen van cursussen Franse taal voor beginners en [&hellip;]<\/p>\n","protected":false},"author":19,"featured_media":9948,"parent":123,"menu_order":0,"comment_status":"closed","ping_status":"closed","template":"elementor_header_footer","meta":{"_monsterinsights_skip_tracking":false,"_monsterinsights_sitenote_active":false,"_monsterinsights_sitenote_note":"","_monsterinsights_sitenote_category":0,"footnotes":""},"class_list":["post-9939","page","type-page","status-publish","has-post-thumbnail","hentry"],"_links":{"self":[{"href":"https:\/\/www.alliance-francaise.nl\/breda\/wp-json\/wp\/v2\/pages\/9939","targetHints":{"allow":["GET"]}}],"collection":[{"href":"https:\/\/www.alliance-francaise.nl\/breda\/wp-json\/wp\/v2\/pages"}],"about":[{"href":"https:\/\/www.alliance-francaise.nl\/breda\/wp-json\/wp\/v2\/types\/page"}],"author":[{"embeddable":true,"href":"https:\/\/www.alliance-francaise.nl\/breda\/wp-json\/wp\/v2\/users\/19"}],"replies":[{"embeddable":true,"href":"https:\/\/www.alliance-francaise.nl\/breda\/wp-json\/wp\/v2\/comments?post=9939"}],"version-history":[{"count":10,"href":"https:\/\/www.alliance-francaise.nl\/breda\/wp-json\/wp\/v2\/pages\/9939\/revisions"}],"predecessor-version":[{"id":9954,"href":"https:\/\/www.alliance-francaise.nl\/breda\/wp-json\/wp\/v2\/pages\/9939\/revisions\/9954"}],"up":[{"embeddable":true,"href":"https:\/\/www.alliance-francaise.nl\/breda\/wp-json\/wp\/v2\/pages\/123"}],"wp:featuredmedia":[{"embeddable":true,"href":"https:\/\/www.alliance-francaise.nl\/breda\/wp-json\/wp\/v2\/media\/9948"}],"wp:attachment":[{"href":"https:\/\/www.alliance-francaise.nl\/breda\/wp-json\/wp\/v2\/media?parent=9939"}],"curies":[{"name":"wp","href":"https:\/\/api.w.org\/{rel}","templated":true}]}}