{"id":505,"date":"2020-04-18T10:16:19","date_gmt":"2020-04-18T10:16:19","guid":{"rendered":"https:\/\/www.alliance-francaise.nl\/2020\/breda\/?page_id=505"},"modified":"2020-05-25T12:06:44","modified_gmt":"2020-05-25T12:06:44","slug":"clubs-culinaires","status":"publish","type":"page","link":"https:\/\/www.alliance-francaise.nl\/breda\/cultuur\/clubs-culinaires\/","title":{"rendered":"Clubs culinaires"},"content":{"rendered":"\t\t<div data-elementor-type=\"wp-page\" data-elementor-id=\"505\" class=\"elementor elementor-505\" data-elementor-post-type=\"page\">\n\t\t\t\t\t\t<section class=\"elementor-section elementor-top-section elementor-element elementor-element-163bb685 elementor-section-boxed elementor-section-height-default elementor-section-height-default\" data-id=\"163bb685\" data-element_type=\"section\" data-e-type=\"section\" data-settings=\"{&quot;background_background&quot;:&quot;classic&quot;}\">\n\t\t\t\t\t\t<div class=\"elementor-container elementor-column-gap-default\">\n\t\t\t\t\t<div class=\"elementor-column elementor-col-100 elementor-top-column elementor-element elementor-element-41c38ce8\" data-id=\"41c38ce8\" data-element_type=\"column\" data-e-type=\"column\">\n\t\t\t<div class=\"elementor-widget-wrap\">\n\t\t\t\t\t\t\t<\/div>\n\t\t<\/div>\n\t\t\t\t\t<\/div>\n\t\t<\/section>\n\t\t\t\t<section class=\"elementor-section elementor-top-section elementor-element elementor-element-45855db5 elementor-section-boxed elementor-section-height-default elementor-section-height-default\" data-id=\"45855db5\" data-element_type=\"section\" data-e-type=\"section\">\n\t\t\t\t\t\t<div class=\"elementor-container elementor-column-gap-default\">\n\t\t\t\t\t<div class=\"elementor-column elementor-col-100 elementor-top-column elementor-element elementor-element-3f93573f\" data-id=\"3f93573f\" data-element_type=\"column\" data-e-type=\"column\" data-settings=\"{&quot;background_background&quot;:&quot;classic&quot;}\">\n\t\t\t<div class=\"elementor-widget-wrap elementor-element-populated\">\n\t\t\t\t\t<div class=\"elementor-background-overlay\"><\/div>\n\t\t\t\t\t\t<div class=\"elementor-element elementor-element-761c0286 elementor-widget elementor-widget-heading\" data-id=\"761c0286\" data-element_type=\"widget\" data-e-type=\"widget\" data-widget_type=\"heading.default\">\n\t\t\t\t<div class=\"elementor-widget-container\">\n\t\t\t\t\t<h1 class=\"elementor-heading-title elementor-size-default\">Clubs culinaires<\/h1>\t\t\t\t<\/div>\n\t\t\t\t<\/div>\n\t\t\t\t\t<\/div>\n\t\t<\/div>\n\t\t\t\t\t<\/div>\n\t\t<\/section>\n\t\t\t\t<section class=\"elementor-section elementor-top-section elementor-element elementor-element-54e0faa5 elementor-section-boxed elementor-section-height-default elementor-section-height-default\" data-id=\"54e0faa5\" data-element_type=\"section\" data-e-type=\"section\">\n\t\t\t\t\t\t<div class=\"elementor-container elementor-column-gap-default\">\n\t\t\t\t\t<div class=\"elementor-column elementor-col-100 elementor-top-column elementor-element elementor-element-a9bfdb1\" data-id=\"a9bfdb1\" data-element_type=\"column\" data-e-type=\"column\">\n\t\t\t<div class=\"elementor-widget-wrap elementor-element-populated\">\n\t\t\t\t\t\t<div class=\"elementor-element elementor-element-962b21a elementor-widget elementor-widget-heading\" data-id=\"962b21a\" data-element_type=\"widget\" data-e-type=\"widget\" data-widget_type=\"heading.default\">\n\t\t\t\t<div class=\"elementor-widget-container\">\n\t\t\t\t\t<h2 class=\"elementor-heading-title elementor-size-default\">Aimez-vous la cuisine fran\u00e7aise?<\/h2>\t\t\t\t<\/div>\n\t\t\t\t<\/div>\n\t\t\t\t\t<\/div>\n\t\t<\/div>\n\t\t\t\t\t<\/div>\n\t\t<\/section>\n\t\t\t\t<section class=\"elementor-section elementor-top-section elementor-element elementor-element-7a37d67a elementor-section-boxed elementor-section-height-default elementor-section-height-default\" data-id=\"7a37d67a\" data-element_type=\"section\" data-e-type=\"section\">\n\t\t\t\t\t\t<div class=\"elementor-container elementor-column-gap-default\">\n\t\t\t\t\t<div class=\"elementor-column elementor-col-100 elementor-top-column elementor-element elementor-element-26f33fed\" data-id=\"26f33fed\" data-element_type=\"column\" data-e-type=\"column\">\n\t\t\t<div class=\"elementor-widget-wrap elementor-element-populated\">\n\t\t\t\t\t\t<div class=\"elementor-element elementor-element-7b2185c9 elementor-widget elementor-widget-text-editor\" data-id=\"7b2185c9\" data-element_type=\"widget\" data-e-type=\"widget\" data-widget_type=\"text-editor.default\">\n\t\t\t\t<div class=\"elementor-widget-container\">\n\t\t\t\t\t\t\t\t\t<p><img fetchpriority=\"high\" decoding=\"async\" class=\"size-medium wp-image-866 alignright\" src=\"https:\/\/www.alliance-francaise.nl\/breda\/wp-content\/uploads\/sites\/15\/2020\/05\/Clubs-culinaires-salade-300x200.jpg\" alt=\"Salade\" width=\"300\" height=\"200\" srcset=\"https:\/\/www.alliance-francaise.nl\/breda\/wp-content\/uploads\/sites\/15\/2020\/05\/Clubs-culinaires-salade-300x200.jpg 300w, https:\/\/www.alliance-francaise.nl\/breda\/wp-content\/uploads\/sites\/15\/2020\/05\/Clubs-culinaires-salade.jpg 400w\" sizes=\"(max-width: 300px) 100vw, 300px\" \/>Depuis la saison 2008-2009 il existe un club culinaire au sein de l&#8217;Alliance Fran\u00e7aise Breda!<\/p><p>Les six membres pr\u00e9parent quatre fois par an un d\u00eener fran\u00e7ais. Tout le monde s&#8217;occupe \u00e0 tour de r\u00f4le d&#8217;un plat du d\u00eener.<\/p><p>Bien s\u00fbr l&#8217;ap\u00e9ritif et les vins assortis ne manquent pas! A partir de 2013 un deuxi\u00e8me club s&#8217;est form\u00e9 se composant de sept personnes.<\/p><p><br \/><span style=\"color: #da002e\"><strong>Le club culinaire vous int\u00e9resse?<\/strong><\/span><\/p><p>Contactez Mme Elly Spapens pour recevoir des informations suppl\u00e9mentaires.<\/p><p>T\u00e9l. 076 &#8211; 565 52 76 ou par mail: <a href=\"mailto:wspapens@casema.nl\">wspapens@casema.nl\u00a0<\/a><\/p>\t\t\t\t\t\t\t\t<\/div>\n\t\t\t\t<\/div>\n\t\t\t\t\t<\/div>\n\t\t<\/div>\n\t\t\t\t\t<\/div>\n\t\t<\/section>\n\t\t\t\t<\/div>\n\t\t","protected":false},"excerpt":{"rendered":"<p>Clubs culinaires Aimez-vous la cuisine fran\u00e7aise? Depuis la saison 2008-2009 il existe un club culinaire au sein de l&#8217;Alliance Fran\u00e7aise Breda! Les six membres pr\u00e9parent quatre fois par an un [&hellip;]<\/p>\n","protected":false},"author":19,"featured_media":0,"parent":147,"menu_order":0,"comment_status":"closed","ping_status":"closed","template":"elementor_header_footer","meta":{"_monsterinsights_skip_tracking":false,"_monsterinsights_sitenote_active":false,"_monsterinsights_sitenote_note":"","_monsterinsights_sitenote_category":0,"footnotes":""},"class_list":["post-505","page","type-page","status-publish","hentry"],"_links":{"self":[{"href":"https:\/\/www.alliance-francaise.nl\/breda\/wp-json\/wp\/v2\/pages\/505","targetHints":{"allow":["GET"]}}],"collection":[{"href":"https:\/\/www.alliance-francaise.nl\/breda\/wp-json\/wp\/v2\/pages"}],"about":[{"href":"https:\/\/www.alliance-francaise.nl\/breda\/wp-json\/wp\/v2\/types\/page"}],"author":[{"embeddable":true,"href":"https:\/\/www.alliance-francaise.nl\/breda\/wp-json\/wp\/v2\/users\/19"}],"replies":[{"embeddable":true,"href":"https:\/\/www.alliance-francaise.nl\/breda\/wp-json\/wp\/v2\/comments?post=505"}],"version-history":[{"count":0,"href":"https:\/\/www.alliance-francaise.nl\/breda\/wp-json\/wp\/v2\/pages\/505\/revisions"}],"up":[{"embeddable":true,"href":"https:\/\/www.alliance-francaise.nl\/breda\/wp-json\/wp\/v2\/pages\/147"}],"wp:attachment":[{"href":"https:\/\/www.alliance-francaise.nl\/breda\/wp-json\/wp\/v2\/media?parent=505"}],"curies":[{"name":"wp","href":"https:\/\/api.w.org\/{rel}","templated":true}]}}