{"id":1375,"date":"2020-10-09T11:44:52","date_gmt":"2020-10-09T11:44:52","guid":{"rendered":"https:\/\/www.alliance-francaise.nl\/2020\/breda\/?page_id=1375"},"modified":"2025-11-24T13:32:00","modified_gmt":"2025-11-24T12:32:00","slug":"herinschrijving-culturetheque","status":"publish","type":"page","link":"https:\/\/www.alliance-francaise.nl\/breda\/herinschrijving-culturetheque\/","title":{"rendered":"Herinschrijving Cultureth\u00e8que"},"content":{"rendered":"\t\t<div data-elementor-type=\"wp-page\" data-elementor-id=\"1375\" class=\"elementor elementor-1375\" data-elementor-post-type=\"page\">\n\t\t\t\t\t\t<section class=\"elementor-section elementor-top-section elementor-element elementor-element-85ca42f elementor-section-boxed elementor-section-height-default elementor-section-height-default\" data-id=\"85ca42f\" data-element_type=\"section\" data-e-type=\"section\">\n\t\t\t\t\t\t<div class=\"elementor-container elementor-column-gap-default\">\n\t\t\t\t\t<div class=\"elementor-column elementor-col-100 elementor-top-column elementor-element elementor-element-2107b39\" data-id=\"2107b39\" data-element_type=\"column\" data-e-type=\"column\">\n\t\t\t<div class=\"elementor-widget-wrap elementor-element-populated\">\n\t\t\t\t\t\t<div class=\"elementor-element elementor-element-1d37540 elementor-widget elementor-widget-heading\" data-id=\"1d37540\" data-element_type=\"widget\" data-e-type=\"widget\" data-widget_type=\"heading.default\">\n\t\t\t\t<div class=\"elementor-widget-container\">\n\t\t\t\t\t<h2 class=\"elementor-heading-title elementor-size-default\">Verlenging abonnement Cultureth\u00e8que<\/h2>\t\t\t\t<\/div>\n\t\t\t\t<\/div>\n\t\t\t\t\t<\/div>\n\t\t<\/div>\n\t\t\t\t\t<\/div>\n\t\t<\/section>\n\t\t\t\t<section class=\"elementor-section elementor-top-section elementor-element elementor-element-c68ebc4 elementor-section-boxed elementor-section-height-default elementor-section-height-default\" data-id=\"c68ebc4\" data-element_type=\"section\" data-e-type=\"section\">\n\t\t\t\t\t\t<div class=\"elementor-container elementor-column-gap-default\">\n\t\t\t\t\t<div class=\"elementor-column elementor-col-100 elementor-top-column elementor-element elementor-element-b4939d8\" data-id=\"b4939d8\" data-element_type=\"column\" data-e-type=\"column\">\n\t\t\t<div class=\"elementor-widget-wrap elementor-element-populated\">\n\t\t\t\t\t\t<div class=\"elementor-element elementor-element-1e5626b elementor-widget elementor-widget-spacer\" data-id=\"1e5626b\" data-element_type=\"widget\" data-e-type=\"widget\" data-widget_type=\"spacer.default\">\n\t\t\t\t<div class=\"elementor-widget-container\">\n\t\t\t\t\t\t\t<div class=\"elementor-spacer\">\n\t\t\t<div class=\"elementor-spacer-inner\"><\/div>\n\t\t<\/div>\n\t\t\t\t\t\t<\/div>\n\t\t\t\t<\/div>\n\t\t\t\t<div class=\"elementor-element elementor-element-95802e3 elementor-widget elementor-widget-text-editor\" data-id=\"95802e3\" data-element_type=\"widget\" data-e-type=\"widget\" data-widget_type=\"text-editor.default\">\n\t\t\t\t<div class=\"elementor-widget-container\">\n\t\t\t\t\t\t\t\t\t<p><img decoding=\"async\" class=\"alignright wp-image-9418\" src=\"https:\/\/www.alliance-francaise.nl\/breda\/wp-content\/uploads\/sites\/15\/2024\/10\/Culturetheque-2024-150x150.jpg\" alt=\"Culturetheque VK\" width=\"110\" height=\"110\" srcset=\"https:\/\/www.alliance-francaise.nl\/breda\/wp-content\/uploads\/sites\/15\/2024\/10\/Culturetheque-2024-150x150.jpg 150w, https:\/\/www.alliance-francaise.nl\/breda\/wp-content\/uploads\/sites\/15\/2024\/10\/Culturetheque-2024-300x300.jpg 300w, https:\/\/www.alliance-francaise.nl\/breda\/wp-content\/uploads\/sites\/15\/2024\/10\/Culturetheque-2024-768x768.jpg 768w, https:\/\/www.alliance-francaise.nl\/breda\/wp-content\/uploads\/sites\/15\/2024\/10\/Culturetheque-2024-600x600.jpg 600w, https:\/\/www.alliance-francaise.nl\/breda\/wp-content\/uploads\/sites\/15\/2024\/10\/Culturetheque-2024-100x100.jpg 100w, https:\/\/www.alliance-francaise.nl\/breda\/wp-content\/uploads\/sites\/15\/2024\/10\/Culturetheque-2024.jpg 800w\" sizes=\"(max-width: 110px) 100vw, 110px\" \/>Maakte u afgelopen schooljaar gebruik van Cultureth\u00e8que, en wenst u dat dit schooljaar weer te gaan doen? Als u lid of cursist bent van de Alliance Fran\u00e7aise Breda kunt u eenvoudig weer toegang krijgen tot de online mediabibliotheek. Het enige dat u hoeft te doen is onderstaand formulier invullen en verzenden. Wij activeren uw compte dan graag weer voor u.<\/p><p>Vragen? Stuur een mail naar <a href=\"mailto:culture.breda@afpb.nl\">culture.breda@afpb.nl<\/a> (Marie-Louise van der Velde)<\/p>\t\t\t\t\t\t\t\t<\/div>\n\t\t\t\t<\/div>\n\t\t\t\t\t<\/div>\n\t\t<\/div>\n\t\t\t\t\t<\/div>\n\t\t<\/section>\n\t\t\t\t<section class=\"elementor-section elementor-top-section elementor-element elementor-element-d23694a elementor-section-boxed elementor-section-height-default elementor-section-height-default\" data-id=\"d23694a\" data-element_type=\"section\" data-e-type=\"section\">\n\t\t\t\t\t\t<div class=\"elementor-container elementor-column-gap-default\">\n\t\t\t\t\t<div class=\"elementor-column elementor-col-100 elementor-top-column elementor-element elementor-element-4e0cef4\" data-id=\"4e0cef4\" data-element_type=\"column\" data-e-type=\"column\">\n\t\t\t<div class=\"elementor-widget-wrap elementor-element-populated\">\n\t\t\t\t\t\t<div class=\"elementor-element elementor-element-d24c292 elementor-button-align-stretch elementor-widget elementor-widget-form\" data-id=\"d24c292\" data-element_type=\"widget\" data-e-type=\"widget\" data-settings=\"{&quot;button_width&quot;:&quot;20&quot;,&quot;step_next_label&quot;:&quot;Next&quot;,&quot;step_previous_label&quot;:&quot;Previous&quot;,&quot;step_type&quot;:&quot;number_text&quot;,&quot;step_icon_shape&quot;:&quot;circle&quot;}\" data-widget_type=\"form.default\">\n\t\t\t\t<div class=\"elementor-widget-container\">\n\t\t\t\t\t\t\t<form class=\"elementor-form\" method=\"post\" name=\"Nieuw Formulier\" aria-label=\"Nieuw Formulier\">\n\t\t\t<input type=\"hidden\" name=\"post_id\" value=\"1375\"\/>\n\t\t\t<input type=\"hidden\" name=\"form_id\" value=\"d24c292\"\/>\n\t\t\t<input type=\"hidden\" name=\"referer_title\" value=\"Herinschrijving Cultureth\u00e8que\" \/>\n\n\t\t\t\t\t\t\t<input type=\"hidden\" name=\"queried_id\" value=\"1375\"\/>\n\t\t\t\n\t\t\t<div class=\"elementor-form-fields-wrapper elementor-labels-above\">\n\t\t\t\t\t\t\t\t<div class=\"elementor-field-type-text elementor-field-group elementor-column elementor-field-group-name elementor-col-100\">\n\t\t\t\t\t\t\t\t\t\t\t\t<label for=\"form-field-name\" class=\"elementor-field-label\">\n\t\t\t\t\t\t\t\tNaam\t\t\t\t\t\t\t<\/label>\n\t\t\t\t\t\t\t\t\t\t\t\t\t\t<input size=\"1\" type=\"text\" name=\"form_fields[name]\" id=\"form-field-name\" class=\"elementor-field elementor-size-sm  elementor-field-textual\" placeholder=\"Nom\">\n\t\t\t\t\t\t\t\t\t\t\t<\/div>\n\t\t\t\t\t\t\t\t<div class=\"elementor-field-type-email elementor-field-group elementor-column elementor-field-group-email elementor-col-100 elementor-field-required\">\n\t\t\t\t\t\t\t\t\t\t\t\t<label for=\"form-field-email\" class=\"elementor-field-label\">\n\t\t\t\t\t\t\t\tEmail-adres waarmee u inlogt op Cultureth\u00e8que\t\t\t\t\t\t\t<\/label>\n\t\t\t\t\t\t\t\t\t\t\t\t\t\t<input size=\"1\" type=\"email\" name=\"form_fields[email]\" id=\"form-field-email\" class=\"elementor-field elementor-size-sm  elementor-field-textual\" placeholder=\"Email\" required=\"required\">\n\t\t\t\t\t\t\t\t\t\t\t<\/div>\n\t\t\t\t\t\t\t\t<div class=\"elementor-field-type-checkbox elementor-field-group elementor-column elementor-field-group-field_9b5e7e9 elementor-col-100\">\n\t\t\t\t\t\t\t\t\t\t\t\t<label for=\"form-field-field_9b5e7e9\" class=\"elementor-field-label\">\n\t\t\t\t\t\t\t\tIk ben...\t\t\t\t\t\t\t<\/label>\n\t\t\t\t\t\t<div class=\"elementor-field-subgroup  \"><span class=\"elementor-field-option\"><input type=\"checkbox\" value=\"Lid\" id=\"form-field-field_9b5e7e9-0\" name=\"form_fields[field_9b5e7e9][]\"> <label for=\"form-field-field_9b5e7e9-0\">Lid<\/label><\/span><span class=\"elementor-field-option\"><input type=\"checkbox\" value=\"Cursist\" id=\"form-field-field_9b5e7e9-1\" name=\"form_fields[field_9b5e7e9][]\"> <label for=\"form-field-field_9b5e7e9-1\">Cursist<\/label><\/span><\/div>\t\t\t\t<\/div>\n\t\t\t\t\t\t\t\t<div class=\"elementor-field-type-textarea elementor-field-group elementor-column elementor-field-group-message elementor-col-100\">\n\t\t\t\t\t\t\t\t\t\t\t\t<label for=\"form-field-message\" class=\"elementor-field-label\">\n\t\t\t\t\t\t\t\tOpmerking\t\t\t\t\t\t\t<\/label>\n\t\t\t\t\t\t<textarea class=\"elementor-field-textual elementor-field  elementor-size-sm\" name=\"form_fields[message]\" id=\"form-field-message\" rows=\"4\" placeholder=\"Message\"><\/textarea>\t\t\t\t<\/div>\n\t\t\t\t\t\t\t\t<div class=\"elementor-field-group elementor-column elementor-field-type-submit elementor-col-20 e-form__buttons\">\n\t\t\t\t\t<button class=\"elementor-button elementor-size-sm\" type=\"submit\">\n\t\t\t\t\t\t<span class=\"elementor-button-content-wrapper\">\n\t\t\t\t\t\t\t\t\t\t\t\t\t\t\t\t\t\t\t\t\t\t<span class=\"elementor-button-text\">Verzenden<\/span>\n\t\t\t\t\t\t\t\t\t\t\t\t\t<\/span>\n\t\t\t\t\t<\/button>\n\t\t\t\t<\/div>\n\t\t\t<\/div>\n\t\t<\/form>\n\t\t\t\t\t\t<\/div>\n\t\t\t\t<\/div>\n\t\t\t\t\t<\/div>\n\t\t<\/div>\n\t\t\t\t\t<\/div>\n\t\t<\/section>\n\t\t\t\t<\/div>\n\t\t","protected":false},"excerpt":{"rendered":"<p>Verlenging abonnement Cultureth\u00e8que Maakte u afgelopen schooljaar gebruik van Cultureth\u00e8que, en wenst u dat dit schooljaar weer te gaan doen? Als u lid of cursist bent van de Alliance Fran\u00e7aise [&hellip;]<\/p>\n","protected":false},"author":19,"featured_media":0,"parent":0,"menu_order":0,"comment_status":"closed","ping_status":"closed","template":"elementor_header_footer","meta":{"_monsterinsights_skip_tracking":false,"_monsterinsights_sitenote_active":false,"_monsterinsights_sitenote_note":"","_monsterinsights_sitenote_category":0,"footnotes":""},"class_list":["post-1375","page","type-page","status-publish","hentry"],"_links":{"self":[{"href":"https:\/\/www.alliance-francaise.nl\/breda\/wp-json\/wp\/v2\/pages\/1375","targetHints":{"allow":["GET"]}}],"collection":[{"href":"https:\/\/www.alliance-francaise.nl\/breda\/wp-json\/wp\/v2\/pages"}],"about":[{"href":"https:\/\/www.alliance-francaise.nl\/breda\/wp-json\/wp\/v2\/types\/page"}],"author":[{"embeddable":true,"href":"https:\/\/www.alliance-francaise.nl\/breda\/wp-json\/wp\/v2\/users\/19"}],"replies":[{"embeddable":true,"href":"https:\/\/www.alliance-francaise.nl\/breda\/wp-json\/wp\/v2\/comments?post=1375"}],"version-history":[{"count":12,"href":"https:\/\/www.alliance-francaise.nl\/breda\/wp-json\/wp\/v2\/pages\/1375\/revisions"}],"predecessor-version":[{"id":11258,"href":"https:\/\/www.alliance-francaise.nl\/breda\/wp-json\/wp\/v2\/pages\/1375\/revisions\/11258"}],"wp:attachment":[{"href":"https:\/\/www.alliance-francaise.nl\/breda\/wp-json\/wp\/v2\/media?parent=1375"}],"curies":[{"name":"wp","href":"https:\/\/api.w.org\/{rel}","templated":true}]}}