{"id":10720,"date":"2025-09-17T19:12:33","date_gmt":"2025-09-17T19:12:33","guid":{"rendered":"https:\/\/www.alliance-francaise.nl\/breda\/?page_id=10720"},"modified":"2025-09-17T19:16:50","modified_gmt":"2025-09-17T19:16:50","slug":"gedragscode","status":"publish","type":"page","link":"https:\/\/www.alliance-francaise.nl\/breda\/gedragscode\/","title":{"rendered":"Gedragscode"},"content":{"rendered":"\n<figure class=\"wp-block-image size-large is-resized\"><img fetchpriority=\"high\" decoding=\"async\" width=\"1024\" height=\"683\" src=\"https:\/\/www.alliance-francaise.nl\/breda\/wp-content\/uploads\/sites\/15\/2025\/09\/gedragsregels.jpg.rendition.1280.2048-1024x683.jpeg\" alt=\"\" class=\"wp-image-10725\" style=\"width:730px;height:auto\" srcset=\"https:\/\/www.alliance-francaise.nl\/breda\/wp-content\/uploads\/sites\/15\/2025\/09\/gedragsregels.jpg.rendition.1280.2048-1024x683.jpeg 1024w, https:\/\/www.alliance-francaise.nl\/breda\/wp-content\/uploads\/sites\/15\/2025\/09\/gedragsregels.jpg.rendition.1280.2048-300x200.jpeg 300w, https:\/\/www.alliance-francaise.nl\/breda\/wp-content\/uploads\/sites\/15\/2025\/09\/gedragsregels.jpg.rendition.1280.2048-768x512.jpeg 768w, https:\/\/www.alliance-francaise.nl\/breda\/wp-content\/uploads\/sites\/15\/2025\/09\/gedragsregels.jpg.rendition.1280.2048-600x400.jpeg 600w, https:\/\/www.alliance-francaise.nl\/breda\/wp-content\/uploads\/sites\/15\/2025\/09\/gedragsregels.jpg.rendition.1280.2048.jpeg 1200w\" sizes=\"(max-width: 1024px) 100vw, 1024px\" \/><\/figure>\n\n\n\n<p><strong>Gedragscode sociale veiligheid: een gedeelde verantwoordelijkheid<\/strong><\/p>\n\n\n\n<p>De Alliance Fran\u00e7aise Breda stelt als eis dat bestuursleden, vrijwilligers, docenten, leden, cursisten, deelnemers aan activiteiten en andere betrokkenen respectvol en zorgvuldig omgaan met elkaar en met de organisatie. Wij richten ons         op een sociaal veilige leer- en functioneringscultuur, waarin professionele gedragsnormen gelden en duidelijk is wanneer de grenzen van het toelaatbare worden overschreden. Daarbij zijn zaken als seksuele intimidatie, verbale of non-verbale agressie, geweld, pesten en discriminatie ontoelaatbaar. Alle betrokkenen dienen te kunnen rekenen op een veilige en positieve omgeving.<\/p>\n\n\n\n<p>Voor eenieder die zich in de context van deze gedragscode onheus behandeld voelt, bestaat de mogelijkheid om ondersteuning te vinden bij het cursuscentrum en\/of het bestuur van de Alliance Fran\u00e7aise Breda.<\/p>\n\n\n\n<p><strong>Ongewenst gedrag: schadelijk voor mensen en voor de organisatie<br><\/strong><\/p>\n\n\n\n<p>Om een goed en veilig werk- en leerklimaat te realiseren, onthouden medewerkers en cursisten zich van iedere vorm van ongewenst gedrag. Ongewenst gedrag zijn gedragingen van cursisten, leden, docenten of andere betrokkenen die voor de getroffene belastend zijn, omdat zij het veiligheidsgevoel of de lichamelijke of geestelijke integriteit bedreigen en\/of beschadigen. Het kan daarbij onder meer gaan om intimidatie, seksuele intimidatie, discriminatie, agressie, geweld of pesten en alle situaties waarin voor \u00e9\u00e9n of meerdere betrokkenen een bedreigende, vijandige, beledigende, vernederende of kwetsende omgeving wordt gecre\u00eberd, tijdens de activiteiten of daaraan gerelateerd (bijvoorbeeld via social media).<\/p>\n\n\n\n<p>Er is sprake van ongewenst gedrag zodra \u00e9\u00e9n van betrokkenen het redelijkerwijs zo ervaren kan. Docenten en bestuursleden stellen ongewenst gedrag aan de orde, en ook deelnemers en cursisten hebben daartoe het recht, ook als ze omstander zijn.<\/p>\n\n\n\n<p><strong>Maatregelen bij ontoelaatbaar gedrag&nbsp;&nbsp;&nbsp;&nbsp;&nbsp;&nbsp;&nbsp;&nbsp;&nbsp;&nbsp;&nbsp;&nbsp;&nbsp;&nbsp;&nbsp;&nbsp;&nbsp;&nbsp;&nbsp;&nbsp;&nbsp;&nbsp;&nbsp;&nbsp;&nbsp;&nbsp;&nbsp;&nbsp;&nbsp;&nbsp;&nbsp;&nbsp;&nbsp;&nbsp;&nbsp;&nbsp;&nbsp;&nbsp;&nbsp;&nbsp;&nbsp;&nbsp;&nbsp;&nbsp;&nbsp;&nbsp;&nbsp;&nbsp;&nbsp;&nbsp;&nbsp;&nbsp;&nbsp;&nbsp;&nbsp;&nbsp;&nbsp;&nbsp;&nbsp;&nbsp;&nbsp;&nbsp;&nbsp;&nbsp;&nbsp;&nbsp;&nbsp;&nbsp;&nbsp;&nbsp;&nbsp;&nbsp;&nbsp;&nbsp;&nbsp;&nbsp;&nbsp;&nbsp;&nbsp;&nbsp;&nbsp;&nbsp;&nbsp;&nbsp;&nbsp;&nbsp;&nbsp;&nbsp;&nbsp;&nbsp;&nbsp;&nbsp;&nbsp;&nbsp;&nbsp;&nbsp;&nbsp;&nbsp;&nbsp;&nbsp;&nbsp;&nbsp;&nbsp;&nbsp;&nbsp;&nbsp;&nbsp;&nbsp; <\/strong> <\/p>\n\n\n\n<p>Alle docenten, bestuursleden, vrijwilligers, deelnemers en cursisten zijn medeverantwoordelijk voor een goede leer- en functioneringscultuur. Zij moeten de sociale veiligheid voor elkaar waarborgen. Als iemand zich schuldig maakt aan \u00e9\u00e9n of meer van bovengenoemde ontoelaatbare gedragingen, kan het bestuur besluiten de overeenkomst met deze persoon met onmiddellijke ingang te ontbinden, met inbegrip van schorsing en\/of ontzegging van de toegang tot de lessen en activiteiten, en zonder recht op enige teruggave van cursusgelden of contributie. Het bestuur neemt hierin het initiatief en heeft hierin beslissende bevoegdheid. Algemeen gangbare procedureregels met betrekking tot hoor en wederhoor en proportionaliteit zijn van toepassing.<\/p>\n\n\n\n<p><strong>Professionele houding bestuurders: respect, waardering en openheid&nbsp;&nbsp;&nbsp;&nbsp;&nbsp;&nbsp;&nbsp;&nbsp;&nbsp;&nbsp;&nbsp;&nbsp;&nbsp;&nbsp;&nbsp;&nbsp;&nbsp;&nbsp;&nbsp;&nbsp;&nbsp;&nbsp;&nbsp;&nbsp;&nbsp;&nbsp;&nbsp;&nbsp;&nbsp;&nbsp;&nbsp;&nbsp;&nbsp;&nbsp;&nbsp;&nbsp;&nbsp;&nbsp;&nbsp;&nbsp;&nbsp;&nbsp;&nbsp;&nbsp;&nbsp;&nbsp;&nbsp;&nbsp;&nbsp;&nbsp;&nbsp;&nbsp;&nbsp;&nbsp;&nbsp;&nbsp;&nbsp; <\/strong> <\/p>\n\n\n\n<p>Binnen de organisatie zijn waardering en vertrouwen belangrijke waarden. Prestaties op waarde schatten, erkennen van elkaars identiteit, uitgaan van de goede intenties van de ander \u2013 ook wanneer de druk toeneemt. Bestuur en Cursuscentrum zetten zich in voor duidelijke communicatie, zijn bereid elkaar te helpen en spannen zich in voor een goede teamgeest. Bestuursleden zorgen ervoor dat er geen vermenging van persoonlijke en professionele relaties en\/of belangen ontstaat.<\/p>\n\n\n\n<p><strong>Professionele houding docenten&nbsp;&nbsp;&nbsp;&nbsp;&nbsp;&nbsp;&nbsp;&nbsp;&nbsp;&nbsp;&nbsp;&nbsp;&nbsp;&nbsp;&nbsp;&nbsp;&nbsp;&nbsp;&nbsp;&nbsp;&nbsp;&nbsp;&nbsp;&nbsp;&nbsp;&nbsp;&nbsp;&nbsp;&nbsp;&nbsp;&nbsp;&nbsp;&nbsp;&nbsp;&nbsp;&nbsp;&nbsp;&nbsp;&nbsp;&nbsp;&nbsp;&nbsp;&nbsp;&nbsp;&nbsp;&nbsp;&nbsp;&nbsp;&nbsp;&nbsp;&nbsp;&nbsp;&nbsp;&nbsp;&nbsp;&nbsp;&nbsp;&nbsp;&nbsp;&nbsp;&nbsp;&nbsp;&nbsp;&nbsp;&nbsp;&nbsp;&nbsp;&nbsp;&nbsp;&nbsp;&nbsp;&nbsp;&nbsp;&nbsp;&nbsp;&nbsp;&nbsp;&nbsp;&nbsp;&nbsp;&nbsp;&nbsp;&nbsp;&nbsp;&nbsp;&nbsp;&nbsp;&nbsp;&nbsp;&nbsp;&nbsp;&nbsp;&nbsp;&nbsp;&nbsp;&nbsp;&nbsp;&nbsp;&nbsp;&nbsp;&nbsp;&nbsp;&nbsp;&nbsp;&nbsp;&nbsp;&nbsp;&nbsp;&nbsp;&nbsp;&nbsp;&nbsp;&nbsp;&nbsp;&nbsp;&nbsp;&nbsp;&nbsp;&nbsp;&nbsp;&nbsp;&nbsp;&nbsp;&nbsp;  <\/strong> <\/p>\n\n\n\n<p>Een goede docent gaat op een professionele manier met cursisten om en is te allen tijde gericht op de ontwikkeling van de cursist. De docent bepaalt het programma, maar biedt ook ruimte aan de cursisten, respecteert hun persoonlijkheid en garandeert een gelijkwaardige behandeling van zijn\/haar cursisten, ongeacht hun verschillende achtergronden. De docent is zich ervan bewust dat de verhouding tussen docent en cursist een zekere machtsverhouding impliceert, en gaat hier integer mee om, in het bijzonder met het vertrouwen en de afhankelijkheid die deze relatie kenmerken. De docent voorkomt vermenging van zijn\/haar professionele rol met andere, niet-professionele contacten met cursisten.<\/p>\n\n\n\n<p><\/p>\n","protected":false},"excerpt":{"rendered":"<p>Gedragscode sociale veiligheid: een gedeelde verantwoordelijkheid De Alliance Fran\u00e7aise Breda stelt als eis dat bestuursleden, vrijwilligers, docenten, leden, cursisten, deelnemers aan activiteiten en andere betrokkenen respectvol en zorgvuldig omgaan met [&hellip;]<\/p>\n","protected":false},"author":19,"featured_media":10725,"parent":0,"menu_order":0,"comment_status":"closed","ping_status":"closed","template":"","meta":{"_monsterinsights_skip_tracking":false,"_monsterinsights_sitenote_active":false,"_monsterinsights_sitenote_note":"","_monsterinsights_sitenote_category":0,"footnotes":""},"class_list":["post-10720","page","type-page","status-publish","has-post-thumbnail","hentry"],"_links":{"self":[{"href":"https:\/\/www.alliance-francaise.nl\/breda\/wp-json\/wp\/v2\/pages\/10720","targetHints":{"allow":["GET"]}}],"collection":[{"href":"https:\/\/www.alliance-francaise.nl\/breda\/wp-json\/wp\/v2\/pages"}],"about":[{"href":"https:\/\/www.alliance-francaise.nl\/breda\/wp-json\/wp\/v2\/types\/page"}],"author":[{"embeddable":true,"href":"https:\/\/www.alliance-francaise.nl\/breda\/wp-json\/wp\/v2\/users\/19"}],"replies":[{"embeddable":true,"href":"https:\/\/www.alliance-francaise.nl\/breda\/wp-json\/wp\/v2\/comments?post=10720"}],"version-history":[{"count":5,"href":"https:\/\/www.alliance-francaise.nl\/breda\/wp-json\/wp\/v2\/pages\/10720\/revisions"}],"predecessor-version":[{"id":10731,"href":"https:\/\/www.alliance-francaise.nl\/breda\/wp-json\/wp\/v2\/pages\/10720\/revisions\/10731"}],"wp:featuredmedia":[{"embeddable":true,"href":"https:\/\/www.alliance-francaise.nl\/breda\/wp-json\/wp\/v2\/media\/10725"}],"wp:attachment":[{"href":"https:\/\/www.alliance-francaise.nl\/breda\/wp-json\/wp\/v2\/media?parent=10720"}],"curies":[{"name":"wp","href":"https:\/\/api.w.org\/{rel}","templated":true}]}}