{"id":413,"date":"2020-06-24T06:42:58","date_gmt":"2020-06-24T06:42:58","guid":{"rendered":"https:\/\/www.alliance-francaise.nl\/2020\/amersfoort\/?page_id=413"},"modified":"2024-12-07T16:23:01","modified_gmt":"2024-12-07T15:23:01","slug":"culturetheque","status":"publish","type":"page","link":"https:\/\/www.alliance-francaise.nl\/amersfoort\/culturele-agenda\/culturetheque\/","title":{"rendered":"Cultureth\u00e8que"},"content":{"rendered":"\t\t<div data-elementor-type=\"wp-page\" data-elementor-id=\"413\" class=\"elementor elementor-413\" data-elementor-post-type=\"page\">\n\t\t\t\t\t\t<section class=\"elementor-section elementor-top-section elementor-element elementor-element-8fce942 elementor-section-height-min-height elementor-section-boxed elementor-section-height-default elementor-section-items-middle\" data-id=\"8fce942\" data-element_type=\"section\" data-e-type=\"section\" data-settings=\"{&quot;background_background&quot;:&quot;classic&quot;}\">\n\t\t\t\t\t\t<div class=\"elementor-container elementor-column-gap-default\">\n\t\t\t\t\t<div class=\"elementor-column elementor-col-100 elementor-top-column elementor-element elementor-element-9aaeeda\" data-id=\"9aaeeda\" data-element_type=\"column\" data-e-type=\"column\">\n\t\t\t<div class=\"elementor-widget-wrap elementor-element-populated\">\n\t\t\t\t\t\t<div class=\"elementor-element elementor-element-9f69791 elementor-widget elementor-widget-heading\" data-id=\"9f69791\" data-element_type=\"widget\" data-e-type=\"widget\" data-widget_type=\"heading.default\">\n\t\t\t\t<div class=\"elementor-widget-container\">\n\t\t\t\t\t<h1 class=\"elementor-heading-title elementor-size-default\">Cultureth\u00e8que<\/h1>\t\t\t\t<\/div>\n\t\t\t\t<\/div>\n\t\t\t\t\t<\/div>\n\t\t<\/div>\n\t\t\t\t\t<\/div>\n\t\t<\/section>\n\t\t\t\t<section class=\"elementor-section elementor-top-section elementor-element elementor-element-45bff2f elementor-section-boxed elementor-section-height-default elementor-section-height-default\" data-id=\"45bff2f\" data-element_type=\"section\" data-e-type=\"section\">\n\t\t\t\t\t\t<div class=\"elementor-container elementor-column-gap-default\">\n\t\t\t\t\t<div class=\"elementor-column elementor-col-50 elementor-top-column elementor-element elementor-element-356b788\" data-id=\"356b788\" data-element_type=\"column\" data-e-type=\"column\">\n\t\t\t<div class=\"elementor-widget-wrap elementor-element-populated\">\n\t\t\t\t\t\t<div class=\"elementor-element elementor-element-e3992b2 elementor-widget elementor-widget-heading\" data-id=\"e3992b2\" data-element_type=\"widget\" data-e-type=\"widget\" data-widget_type=\"heading.default\">\n\t\t\t\t<div class=\"elementor-widget-container\">\n\t\t\t\t\t<h2 class=\"elementor-heading-title elementor-size-default\">Wat is Cultureth\u00e8que?<\/h2>\t\t\t\t<\/div>\n\t\t\t\t<\/div>\n\t\t\t\t<div class=\"elementor-element elementor-element-c783302 elementor-widget elementor-widget-text-editor\" data-id=\"c783302\" data-element_type=\"widget\" data-e-type=\"widget\" data-widget_type=\"text-editor.default\">\n\t\t\t\t<div class=\"elementor-widget-container\">\n\t\t\t\t\t\t\t\t\t<p><span style=\"color: #000000\"><b>Lezen &#8211; luisteren &#8211; kijken &#8211; leren<\/b><\/span><\/p><p><span style=\"color: #000000\">De Cultureth\u00e8que is een online bibliotheek die geheel in het teken staat van de Franse cultuur. De Cultureth\u00e8que bevat meer dan 200.000 digitale bestanden, waaronder boeken, kranten en magazines, muziekalbums, films en lesmateriaal en nog veel meer! Als lid van de Alliance Fran\u00e7aise heb je gratis toegang tot de Cultureth\u00e8que. Bekijk hier het <a href=\"https:\/\/youtu.be\/gO1a6JN-Yao\">introductiefilmpje<\/a><\/span><\/p>\t\t\t\t\t\t\t\t<\/div>\n\t\t\t\t<\/div>\n\t\t\t\t\t<\/div>\n\t\t<\/div>\n\t\t\t\t<div class=\"elementor-column elementor-col-50 elementor-top-column elementor-element elementor-element-572370e\" data-id=\"572370e\" data-element_type=\"column\" data-e-type=\"column\">\n\t\t\t<div class=\"elementor-widget-wrap elementor-element-populated\">\n\t\t\t\t\t\t<div class=\"elementor-element elementor-element-7f8637d elementor-widget__width-initial elementor-widget elementor-widget-image\" data-id=\"7f8637d\" data-element_type=\"widget\" data-e-type=\"widget\" data-widget_type=\"image.default\">\n\t\t\t\t<div class=\"elementor-widget-container\">\n\t\t\t\t\t\t\t\t\t\t\t\t\t\t\t<img fetchpriority=\"high\" decoding=\"async\" width=\"800\" height=\"410\" src=\"https:\/\/www.alliance-francaise.nl\/amersfoort\/wp-content\/uploads\/sites\/14\/2020\/06\/Cultureteque-1024x525.jpg\" class=\"attachment-large size-large wp-image-415\" alt=\"\" srcset=\"https:\/\/www.alliance-francaise.nl\/amersfoort\/wp-content\/uploads\/sites\/14\/2020\/06\/Cultureteque-1024x525.jpg 1024w, https:\/\/www.alliance-francaise.nl\/amersfoort\/wp-content\/uploads\/sites\/14\/2020\/06\/Cultureteque-300x154.jpg 300w, https:\/\/www.alliance-francaise.nl\/amersfoort\/wp-content\/uploads\/sites\/14\/2020\/06\/Cultureteque-768x393.jpg 768w, https:\/\/www.alliance-francaise.nl\/amersfoort\/wp-content\/uploads\/sites\/14\/2020\/06\/Cultureteque-600x307.jpg 600w, https:\/\/www.alliance-francaise.nl\/amersfoort\/wp-content\/uploads\/sites\/14\/2020\/06\/Cultureteque.jpg 1105w\" sizes=\"(max-width: 800px) 100vw, 800px\" \/>\t\t\t\t\t\t\t\t\t\t\t\t\t\t\t<\/div>\n\t\t\t\t<\/div>\n\t\t\t\t\t<\/div>\n\t\t<\/div>\n\t\t\t\t\t<\/div>\n\t\t<\/section>\n\t\t\t\t<section class=\"elementor-section elementor-top-section elementor-element elementor-element-f206740 elementor-section-boxed elementor-section-height-default elementor-section-height-default\" data-id=\"f206740\" data-element_type=\"section\" data-e-type=\"section\">\n\t\t\t\t\t\t<div class=\"elementor-container elementor-column-gap-default\">\n\t\t\t\t\t<div class=\"elementor-column elementor-col-50 elementor-top-column elementor-element elementor-element-6535d03\" data-id=\"6535d03\" data-element_type=\"column\" data-e-type=\"column\">\n\t\t\t<div class=\"elementor-widget-wrap elementor-element-populated\">\n\t\t\t\t\t\t<div class=\"elementor-element elementor-element-e8d102f elementor-widget elementor-widget-heading\" data-id=\"e8d102f\" data-element_type=\"widget\" data-e-type=\"widget\" data-widget_type=\"heading.default\">\n\t\t\t\t<div class=\"elementor-widget-container\">\n\t\t\t\t\t<h4 class=\"elementor-heading-title elementor-size-default\">Hoe kan ik toegang krijgen?<\/h4>\t\t\t\t<\/div>\n\t\t\t\t<\/div>\n\t\t\t\t<div class=\"elementor-element elementor-element-5c5e2da elementor-widget elementor-widget-text-editor\" data-id=\"5c5e2da\" data-element_type=\"widget\" data-e-type=\"widget\" data-widget_type=\"text-editor.default\">\n\t\t\t\t<div class=\"elementor-widget-container\">\n\t\t\t\t\t\t\t\t\t<p><span style=\"color: #000000\">Om in te kunnen loggen in de Cultureth\u00e8que moet je eerst een account aanmaken. Dat doe je als volgt:<\/span><\/p><ol><li><span style=\"color: #000000\">Ga naar de <a href=\"https:\/\/www.culturetheque.com\">website van Cultureth\u00e8que<\/a><\/span><\/li><li><span style=\"color: #000000\">Klik rechtsboven op &#8216;<i>Mon compte<\/i>&#8216;<\/span><\/li><li><span style=\"color: #000000\">Klik direct rechtsonder op &#8216;<i>Cr\u00e9er un compte maintenant<\/i>&#8216;<\/span><\/li><li><span style=\"color: #000000\">Vul het formulier in. Bij &#8216;<i>Identifiant<\/i>&#8216; mag je zelf een accountnaam opgeven. Bij het onderdeel &#8216;Bibliotheek&#8217; geef je aan dat je lid bent van de Alliance Fran\u00e7aise Amersfoort. Voer de controlecode in onderaan het formulier en klik op &#8216;<i>Confirmer&#8217;<\/i>. Je ontvangt nu per mail een bevestiging van je aanmelding (mocht je geen mail ontvangen hebben, controleer dan eerst je spambox). In deze mail staan ook je gebruikersnaam en wachtwoord waarmee je voortaan kunt inloggen.\u00a0<\/span><\/li><li><span style=\"color: #000000\">De Alliance Fran\u00e7aise zorgt voor de activering van je account. Hiermee heb je gedurende het gehele cursusjaar toegang tot de Cultureth\u00e8que.<\/span><\/li><\/ol>\t\t\t\t\t\t\t\t<\/div>\n\t\t\t\t<\/div>\n\t\t\t\t\t<\/div>\n\t\t<\/div>\n\t\t\t\t<div class=\"elementor-column elementor-col-50 elementor-top-column elementor-element elementor-element-1dff675\" data-id=\"1dff675\" data-element_type=\"column\" data-e-type=\"column\">\n\t\t\t<div class=\"elementor-widget-wrap elementor-element-populated\">\n\t\t\t\t\t\t<div class=\"elementor-element elementor-element-164a64a elementor-widget elementor-widget-heading\" data-id=\"164a64a\" data-element_type=\"widget\" data-e-type=\"widget\" data-widget_type=\"heading.default\">\n\t\t\t\t<div class=\"elementor-widget-container\">\n\t\t\t\t\t<h4 class=\"elementor-heading-title elementor-size-default\">Handig om te weten<\/h4>\t\t\t\t<\/div>\n\t\t\t\t<\/div>\n\t\t\t\t<div class=\"elementor-element elementor-element-7f179ee elementor-widget elementor-widget-text-editor\" data-id=\"7f179ee\" data-element_type=\"widget\" data-e-type=\"widget\" data-widget_type=\"text-editor.default\">\n\t\t\t\t<div class=\"elementor-widget-container\">\n\t\t\t\t\t\t\t\t\t<p><span style=\"color: #000000\">Er zijn ongeveer 600 boeken beschikbaar.\u00a0 Per maand mag je 15 boeken en magazines lezen. Documenten die je geopend hebt mag je gedurende het gehele cursusjaar bekijken, zolang je abonnee bent van de Cultureth\u00e8que. Alle andere bestanden, zoals liedjes, kranten en stripboeken, kun je onbeperkt bekijken zonder dat het van je maandsaldo afgaat.\u00a0<\/span><\/p><p><span style=\"color: #000000\">De Cultureth\u00e8que bevat meer dan 3.000 muziekalbums\u00a0 van verschillende artiesten. Ook zijn er diverse documentaires en conf\u00e9rences die je online kunt beluisteren.\u00a0<\/span><\/p><p><span style=\"color: #000000\">Het is niet mogelijk om bestanden te downloaden, te printen of te bewerken.\u00a0<\/span><\/p><p><span style=\"color: #000000\">Wil je op de hoogte blijven van de nieuwste aanwinsten? De Cultureth\u00e8que geeft vier keer per jaar een nieuwsbrief uit waar je je op kunt abonneren. Vind je het leuk om tips uit te wisselen? Schrijf of lees dan een <a style=\"color: #000000\" href=\"https:\/\/www.culturetheque-blog.com\/\">blog<\/a>.\u00a0<\/span><\/p>\t\t\t\t\t\t\t\t<\/div>\n\t\t\t\t<\/div>\n\t\t\t\t\t<\/div>\n\t\t<\/div>\n\t\t\t\t\t<\/div>\n\t\t<\/section>\n\t\t\t\t<\/div>\n\t\t","protected":false},"excerpt":{"rendered":"<p>Cultureth\u00e8que Wat is Cultureth\u00e8que? Lezen &#8211; luisteren &#8211; kijken &#8211; leren De Cultureth\u00e8que is een online bibliotheek die geheel in het teken staat van de Franse cultuur. De Cultureth\u00e8que bevat [&hellip;]<\/p>\n","protected":false},"author":1,"featured_media":0,"parent":120,"menu_order":0,"comment_status":"closed","ping_status":"closed","template":"elementor_header_footer","meta":{"footnotes":""},"class_list":["post-413","page","type-page","status-publish","hentry"],"_links":{"self":[{"href":"https:\/\/www.alliance-francaise.nl\/amersfoort\/wp-json\/wp\/v2\/pages\/413","targetHints":{"allow":["GET"]}}],"collection":[{"href":"https:\/\/www.alliance-francaise.nl\/amersfoort\/wp-json\/wp\/v2\/pages"}],"about":[{"href":"https:\/\/www.alliance-francaise.nl\/amersfoort\/wp-json\/wp\/v2\/types\/page"}],"author":[{"embeddable":true,"href":"https:\/\/www.alliance-francaise.nl\/amersfoort\/wp-json\/wp\/v2\/users\/1"}],"replies":[{"embeddable":true,"href":"https:\/\/www.alliance-francaise.nl\/amersfoort\/wp-json\/wp\/v2\/comments?post=413"}],"version-history":[{"count":6,"href":"https:\/\/www.alliance-francaise.nl\/amersfoort\/wp-json\/wp\/v2\/pages\/413\/revisions"}],"predecessor-version":[{"id":9073,"href":"https:\/\/www.alliance-francaise.nl\/amersfoort\/wp-json\/wp\/v2\/pages\/413\/revisions\/9073"}],"up":[{"embeddable":true,"href":"https:\/\/www.alliance-francaise.nl\/amersfoort\/wp-json\/wp\/v2\/pages\/120"}],"wp:attachment":[{"href":"https:\/\/www.alliance-francaise.nl\/amersfoort\/wp-json\/wp\/v2\/media?parent=413"}],"curies":[{"name":"wp","href":"https:\/\/api.w.org\/{rel}","templated":true}]}}