{"id":840,"date":"2020-12-23T15:15:43","date_gmt":"2020-12-23T13:15:43","guid":{"rendered":"https:\/\/www.alliance-francaise.nl\/2020\/alkmaar\/?page_id=840"},"modified":"2020-12-23T20:57:59","modified_gmt":"2020-12-23T18:57:59","slug":"culturetheque","status":"publish","type":"page","link":"https:\/\/www.alliance-francaise.nl\/alkmaar\/culturele-agenda\/culturetheque\/","title":{"rendered":"Cultureth\u00e8que"},"content":{"rendered":"\t\t<div data-elementor-type=\"wp-page\" data-elementor-id=\"840\" class=\"elementor elementor-840\" data-elementor-post-type=\"page\">\n\t\t\t\t\t\t<section class=\"elementor-section elementor-top-section elementor-element elementor-element-3891bbec elementor-section-boxed elementor-section-height-default elementor-section-height-default\" data-id=\"3891bbec\" data-element_type=\"section\" data-e-type=\"section\" data-settings=\"{&quot;background_background&quot;:&quot;classic&quot;}\">\n\t\t\t\t\t\t<div class=\"elementor-container elementor-column-gap-default\">\n\t\t\t\t\t<div class=\"elementor-column elementor-col-100 elementor-top-column elementor-element elementor-element-4794f7a1\" data-id=\"4794f7a1\" data-element_type=\"column\" data-e-type=\"column\">\n\t\t\t<div class=\"elementor-widget-wrap\">\n\t\t\t\t\t\t\t<\/div>\n\t\t<\/div>\n\t\t\t\t\t<\/div>\n\t\t<\/section>\n\t\t\t\t<section class=\"elementor-section elementor-top-section elementor-element elementor-element-e37de76 elementor-section-boxed elementor-section-height-default elementor-section-height-default\" data-id=\"e37de76\" data-element_type=\"section\" data-e-type=\"section\">\n\t\t\t\t\t\t<div class=\"elementor-container elementor-column-gap-default\">\n\t\t\t\t\t<div class=\"elementor-column elementor-col-100 elementor-top-column elementor-element elementor-element-52bbf16e\" data-id=\"52bbf16e\" data-element_type=\"column\" data-e-type=\"column\" data-settings=\"{&quot;background_background&quot;:&quot;classic&quot;}\">\n\t\t\t<div class=\"elementor-widget-wrap elementor-element-populated\">\n\t\t\t\t\t<div class=\"elementor-background-overlay\"><\/div>\n\t\t\t\t\t\t\t<\/div>\n\t\t<\/div>\n\t\t\t\t\t<\/div>\n\t\t<\/section>\n\t\t\t\t<section class=\"elementor-section elementor-top-section elementor-element elementor-element-23d92aaa elementor-section-boxed elementor-section-height-default elementor-section-height-default\" data-id=\"23d92aaa\" data-element_type=\"section\" data-e-type=\"section\">\n\t\t\t\t\t\t<div class=\"elementor-container elementor-column-gap-default\">\n\t\t\t\t\t<div class=\"elementor-column elementor-col-100 elementor-top-column elementor-element elementor-element-28f599d7\" data-id=\"28f599d7\" data-element_type=\"column\" data-e-type=\"column\">\n\t\t\t<div class=\"elementor-widget-wrap elementor-element-populated\">\n\t\t\t\t\t\t<div class=\"elementor-element elementor-element-7805653a elementor-widget elementor-widget-heading\" data-id=\"7805653a\" data-element_type=\"widget\" data-e-type=\"widget\" data-widget_type=\"heading.default\">\n\t\t\t\t<div class=\"elementor-widget-container\">\n\t\t\t\t\t<h2 class=\"elementor-heading-title elementor-size-default\">Wat is de Cultureth\u00e8que?<\/h2>\t\t\t\t<\/div>\n\t\t\t\t<\/div>\n\t\t\t\t\t<\/div>\n\t\t<\/div>\n\t\t\t\t\t<\/div>\n\t\t<\/section>\n\t\t\t\t<section class=\"elementor-section elementor-top-section elementor-element elementor-element-e0c1155 elementor-section-boxed elementor-section-height-default elementor-section-height-default\" data-id=\"e0c1155\" data-element_type=\"section\" data-e-type=\"section\">\n\t\t\t\t\t\t<div class=\"elementor-container elementor-column-gap-default\">\n\t\t\t\t\t<div class=\"elementor-column elementor-col-100 elementor-top-column elementor-element elementor-element-5555bf3a\" data-id=\"5555bf3a\" data-element_type=\"column\" data-e-type=\"column\">\n\t\t\t<div class=\"elementor-widget-wrap elementor-element-populated\">\n\t\t\t\t\t\t<div class=\"elementor-element elementor-element-cb756d6 elementor-widget elementor-widget-text-editor\" data-id=\"cb756d6\" data-element_type=\"widget\" data-e-type=\"widget\" data-widget_type=\"text-editor.default\">\n\t\t\t\t<div class=\"elementor-widget-container\">\n\t\t\t\t\t\t\t\t\t<p><b>Lezen &#8211; luisteren &#8211; kijken &#8211; leren<\/b><\/p><p>De Cultureth\u00e8que is een online bibliotheek die geheel in het teken staat van de Franse cultuur. De Cultureth\u00e8que bevat meer dan 200.000 digitale bestanden, waaronder boeken, kranten en magazines, muziekalbums, films en lesmateriaal en nog veel meer! Als lid van de Alliance Fran\u00e7aise heb je gratis toegang tot de Cultureth\u00e8que. Bekijk hier het<a href=\"https:\/\/youtu.be\/gO1a6JN-Yao\"> introductiefilmpje<\/a>.<\/p><p><b>Hoe kan ik toegang krijgen?<\/b><\/p><p>\u00a0Om in te kunnen loggen in de Cultureth\u00e8que moet je eerst een account aanmaken. Dat doe je als volgt:<\/p><ol><li>Ga naar de site <a href=\"https:\/\/www.culturetheque.com\">https:\/\/www.culturetheque.com<\/a><\/li><li>Klik rechtsboven op &#8216;<i>Mon compte<\/i>&#8216;<\/li><li>Klik direct rechtsonder op &#8216;<i>Cr\u00e9er un compte maintenant<\/i>&#8216;<\/li><li>Vul het formulier in. Bij &#8216;<i>Identifiant<\/i>&#8216; mag je zelf een accountnaam opgeven. Bij het onderdeel &#8216;Bibliotheek&#8217; geef je aan dat je lid bent van de Alliance Fran\u00e7aise Alkmaar. Voer de controlecode in onderaan het formulier en klik op &#8216;<i>Confirmer&#8217;<\/i>. Je ontvangt nu per mail een bevestiging van je aanmelding (mocht je geen mail ontvangen hebben, controleer dan je eerst je spambox). In deze mail staan ook je gebruikersnaam en wachtwoord waarmee je voortaan kunt inloggen.\u00a0<\/li><li>De Alliance Fran\u00e7aise zorgt voor de activering van je account. Hiermee heb je gedurende het gehele cursusjaar toegang tot de Cultureth\u00e8que.<\/li><\/ol>\t\t\t\t\t\t\t\t<\/div>\n\t\t\t\t<\/div>\n\t\t\t\t\t<\/div>\n\t\t<\/div>\n\t\t\t\t\t<\/div>\n\t\t<\/section>\n\t\t\t\t<section class=\"elementor-section elementor-top-section elementor-element elementor-element-3018c7f8 elementor-section-boxed elementor-section-height-default elementor-section-height-default\" data-id=\"3018c7f8\" data-element_type=\"section\" data-e-type=\"section\">\n\t\t\t\t\t\t<div class=\"elementor-container elementor-column-gap-default\">\n\t\t\t\t\t<div class=\"elementor-column elementor-col-50 elementor-top-column elementor-element elementor-element-19ea8f7b\" data-id=\"19ea8f7b\" data-element_type=\"column\" data-e-type=\"column\">\n\t\t\t<div class=\"elementor-widget-wrap\">\n\t\t\t\t\t\t\t<\/div>\n\t\t<\/div>\n\t\t\t\t<div class=\"elementor-column elementor-col-50 elementor-top-column elementor-element elementor-element-f2745f\" data-id=\"f2745f\" data-element_type=\"column\" data-e-type=\"column\">\n\t\t\t<div class=\"elementor-widget-wrap elementor-element-populated\">\n\t\t\t\t\t\t\t<\/div>\n\t\t<\/div>\n\t\t\t\t\t<\/div>\n\t\t<\/section>\n\t\t\t\t<section class=\"elementor-section elementor-top-section elementor-element elementor-element-318c7c78 elementor-section-boxed elementor-section-height-default elementor-section-height-default\" data-id=\"318c7c78\" data-element_type=\"section\" data-e-type=\"section\">\n\t\t\t\t\t\t<div class=\"elementor-container elementor-column-gap-default\">\n\t\t\t\t\t<div class=\"elementor-column elementor-col-50 elementor-top-column elementor-element elementor-element-5374f4ec\" data-id=\"5374f4ec\" data-element_type=\"column\" data-e-type=\"column\">\n\t\t\t<div class=\"elementor-widget-wrap elementor-element-populated\">\n\t\t\t\t\t\t<div class=\"elementor-element elementor-element-43cd7fde elementor-widget elementor-widget-image\" data-id=\"43cd7fde\" data-element_type=\"widget\" data-e-type=\"widget\" data-widget_type=\"image.default\">\n\t\t\t\t<div class=\"elementor-widget-container\">\n\t\t\t\t\t\t\t\t\t\t\t\t\t\t\t<img fetchpriority=\"high\" decoding=\"async\" width=\"768\" height=\"1265\" src=\"https:\/\/www.alliance-francaise.nl\/alkmaar\/wp-content\/uploads\/sites\/17\/2020\/12\/c63fd3de8831152d8a9def93754ecf52b630cb-768x1265.jpg\" class=\"attachment-medium_large size-medium_large wp-image-843\" alt=\"\" srcset=\"https:\/\/www.alliance-francaise.nl\/alkmaar\/wp-content\/uploads\/sites\/17\/2020\/12\/c63fd3de8831152d8a9def93754ecf52b630cb-768x1265.jpg 768w, https:\/\/www.alliance-francaise.nl\/alkmaar\/wp-content\/uploads\/sites\/17\/2020\/12\/c63fd3de8831152d8a9def93754ecf52b630cb-182x300.jpg 182w, https:\/\/www.alliance-francaise.nl\/alkmaar\/wp-content\/uploads\/sites\/17\/2020\/12\/c63fd3de8831152d8a9def93754ecf52b630cb-622x1024.jpg 622w, https:\/\/www.alliance-francaise.nl\/alkmaar\/wp-content\/uploads\/sites\/17\/2020\/12\/c63fd3de8831152d8a9def93754ecf52b630cb-600x988.jpg 600w, https:\/\/www.alliance-francaise.nl\/alkmaar\/wp-content\/uploads\/sites\/17\/2020\/12\/c63fd3de8831152d8a9def93754ecf52b630cb.jpg 862w\" sizes=\"(max-width: 768px) 100vw, 768px\" \/>\t\t\t\t\t\t\t\t\t\t\t\t\t\t\t<\/div>\n\t\t\t\t<\/div>\n\t\t\t\t\t<\/div>\n\t\t<\/div>\n\t\t\t\t<div class=\"elementor-column elementor-col-50 elementor-top-column elementor-element elementor-element-3e6f3869\" data-id=\"3e6f3869\" data-element_type=\"column\" data-e-type=\"column\">\n\t\t\t<div class=\"elementor-widget-wrap elementor-element-populated\">\n\t\t\t\t\t\t<div class=\"elementor-element elementor-element-58296c87 elementor-widget elementor-widget-text-editor\" data-id=\"58296c87\" data-element_type=\"widget\" data-e-type=\"widget\" data-widget_type=\"text-editor.default\">\n\t\t\t\t<div class=\"elementor-widget-container\">\n\t\t\t\t\t\t\t\t\t<div><b>&nbsp; &nbsp; &nbsp; Handig om te weten<\/b><\/div>\n<div><b>&nbsp;<\/b><\/div>\n<ul>\n<li>Er zijn ongeveer 600 boeken beschikbaar.&nbsp; Per maand mag je 15 boeken en magazines lezen. Documenten die je geopend hebt mag je gedurende het gehele cursusjaar bekijken, zolang je abonnee bent van de Cultureth\u00e8que. Alle andere bestanden, zoals liedjes, kranten en stripboeken, kun je onbeperkt bekijken zonder dat het van je maandsaldo afgaat.&nbsp;<\/li><\/ul>\n<ul>\n<li>De Cultureth\u00e8que bevat meer dan 3.000 muziekalbums&nbsp; van verschillende artiesten. Ook zijn er diverse documentaires en conf\u00e9rences die je online kunt beluisteren.&nbsp;<\/li><\/ul>\n<ul>\n<li>Het is niet mogelijk om bestanden te downloaden, te printen of te bewerken.&nbsp;<\/li><\/ul>\n<ul>\n<li>Wil je op de hoogte blijven van de nieuwste aanwinsten? De Cultureth\u00e8que geeft vier keer per jaar een nieuwsbrief uit waar je je op kunt abonneren. Vind je het leuk om tips uit te wisselen? Schrijf of lees dan een <a href=\"https:\/\/www.culturetheque-blog.com\/\">blog<\/a>.&nbsp;<\/li>\n<\/ul>\t\t\t\t\t\t\t\t<\/div>\n\t\t\t\t<\/div>\n\t\t\t\t\t<\/div>\n\t\t<\/div>\n\t\t\t\t\t<\/div>\n\t\t<\/section>\n\t\t\t\t<section class=\"elementor-section elementor-top-section elementor-element elementor-element-20bd55a5 elementor-section-boxed elementor-section-height-default elementor-section-height-default\" data-id=\"20bd55a5\" data-element_type=\"section\" data-e-type=\"section\">\n\t\t\t\t\t\t<div class=\"elementor-container elementor-column-gap-default\">\n\t\t\t\t\t<div class=\"elementor-column elementor-col-100 elementor-top-column elementor-element elementor-element-22cde151\" data-id=\"22cde151\" data-element_type=\"column\" data-e-type=\"column\">\n\t\t\t<div class=\"elementor-widget-wrap elementor-element-populated\">\n\t\t\t\t\t\t\t<\/div>\n\t\t<\/div>\n\t\t\t\t\t<\/div>\n\t\t<\/section>\n\t\t\t\t<\/div>\n\t\t","protected":false},"excerpt":{"rendered":"<p>Wat is de Cultureth\u00e8que? Lezen &#8211; luisteren &#8211; kijken &#8211; leren De Cultureth\u00e8que is een online bibliotheek die geheel in het teken staat van de Franse cultuur. De Cultureth\u00e8que bevat [&hellip;]<\/p>\n","protected":false},"author":1,"featured_media":0,"parent":149,"menu_order":0,"comment_status":"closed","ping_status":"closed","template":"elementor_header_footer","meta":{"footnotes":""},"class_list":["post-840","page","type-page","status-publish","hentry"],"_links":{"self":[{"href":"https:\/\/www.alliance-francaise.nl\/alkmaar\/wp-json\/wp\/v2\/pages\/840","targetHints":{"allow":["GET"]}}],"collection":[{"href":"https:\/\/www.alliance-francaise.nl\/alkmaar\/wp-json\/wp\/v2\/pages"}],"about":[{"href":"https:\/\/www.alliance-francaise.nl\/alkmaar\/wp-json\/wp\/v2\/types\/page"}],"author":[{"embeddable":true,"href":"https:\/\/www.alliance-francaise.nl\/alkmaar\/wp-json\/wp\/v2\/users\/1"}],"replies":[{"embeddable":true,"href":"https:\/\/www.alliance-francaise.nl\/alkmaar\/wp-json\/wp\/v2\/comments?post=840"}],"version-history":[{"count":0,"href":"https:\/\/www.alliance-francaise.nl\/alkmaar\/wp-json\/wp\/v2\/pages\/840\/revisions"}],"up":[{"embeddable":true,"href":"https:\/\/www.alliance-francaise.nl\/alkmaar\/wp-json\/wp\/v2\/pages\/149"}],"wp:attachment":[{"href":"https:\/\/www.alliance-francaise.nl\/alkmaar\/wp-json\/wp\/v2\/media?parent=840"}],"curies":[{"name":"wp","href":"https:\/\/api.w.org\/{rel}","templated":true}]}}