{"id":628,"date":"2020-11-21T18:10:35","date_gmt":"2020-11-21T16:10:35","guid":{"rendered":"https:\/\/www.alliance-francaise.nl\/2020\/alkmaar\/?page_id=628"},"modified":"2024-06-21T16:02:29","modified_gmt":"2024-06-21T14:02:29","slug":"studenten-nieuws","status":"publish","type":"page","link":"https:\/\/www.alliance-francaise.nl\/alkmaar\/bienvenue-welkom\/studenten-nieuws\/","title":{"rendered":"Quand la parole devient musique"},"content":{"rendered":"\t\t<div data-elementor-type=\"wp-page\" data-elementor-id=\"628\" class=\"elementor elementor-628\" data-elementor-post-type=\"page\">\n\t\t\t\t\t\t<section class=\"elementor-section elementor-top-section elementor-element elementor-element-66f7809d elementor-section-boxed elementor-section-height-default elementor-section-height-default\" data-id=\"66f7809d\" data-element_type=\"section\" data-e-type=\"section\" data-settings=\"{&quot;background_background&quot;:&quot;classic&quot;}\">\n\t\t\t\t\t\t<div class=\"elementor-container elementor-column-gap-default\">\n\t\t\t\t\t<div class=\"elementor-column elementor-col-100 elementor-top-column elementor-element elementor-element-e2bdaf4\" data-id=\"e2bdaf4\" data-element_type=\"column\" data-e-type=\"column\">\n\t\t\t<div class=\"elementor-widget-wrap\">\n\t\t\t\t\t\t\t<\/div>\n\t\t<\/div>\n\t\t\t\t\t<\/div>\n\t\t<\/section>\n\t\t\t\t<section class=\"elementor-section elementor-top-section elementor-element elementor-element-1cb0bc58 elementor-section-boxed elementor-section-height-default elementor-section-height-default\" data-id=\"1cb0bc58\" data-element_type=\"section\" data-e-type=\"section\">\n\t\t\t\t\t\t<div class=\"elementor-container elementor-column-gap-default\">\n\t\t\t\t\t<div class=\"elementor-column elementor-col-100 elementor-top-column elementor-element elementor-element-3b996eb2\" data-id=\"3b996eb2\" data-element_type=\"column\" data-e-type=\"column\" data-settings=\"{&quot;background_background&quot;:&quot;classic&quot;}\">\n\t\t\t<div class=\"elementor-widget-wrap elementor-element-populated\">\n\t\t\t\t\t<div class=\"elementor-background-overlay\"><\/div>\n\t\t\t\t\t\t<div class=\"elementor-element elementor-element-e7b5fa3 elementor-widget elementor-widget-heading\" data-id=\"e7b5fa3\" data-element_type=\"widget\" data-e-type=\"widget\" data-widget_type=\"heading.default\">\n\t\t\t\t<div class=\"elementor-widget-container\">\n\t\t\t\t\t<h1 class=\"elementor-heading-title elementor-size-default\">Nieuwsbrief<\/h1>\t\t\t\t<\/div>\n\t\t\t\t<\/div>\n\t\t\t\t\t<\/div>\n\t\t<\/div>\n\t\t\t\t\t<\/div>\n\t\t<\/section>\n\t\t\t\t<section class=\"elementor-section elementor-top-section elementor-element elementor-element-628c33d4 elementor-section-boxed elementor-section-height-default elementor-section-height-default\" data-id=\"628c33d4\" data-element_type=\"section\" data-e-type=\"section\">\n\t\t\t\t\t\t<div class=\"elementor-container elementor-column-gap-default\">\n\t\t\t\t\t<div class=\"elementor-column elementor-col-100 elementor-top-column elementor-element elementor-element-434e76a6\" data-id=\"434e76a6\" data-element_type=\"column\" data-e-type=\"column\">\n\t\t\t<div class=\"elementor-widget-wrap elementor-element-populated\">\n\t\t\t\t\t\t<div class=\"elementor-element elementor-element-6192149 elementor-widget elementor-widget-heading\" data-id=\"6192149\" data-element_type=\"widget\" data-e-type=\"widget\" data-widget_type=\"heading.default\">\n\t\t\t\t<div class=\"elementor-widget-container\">\n\t\t\t\t\t<h2 class=\"elementor-heading-title elementor-size-default\">Des nouvelles de nos \u00e9tudiants<\/h2>\t\t\t\t<\/div>\n\t\t\t\t<\/div>\n\t\t\t\t<div class=\"elementor-element elementor-element-fff447a elementor-widget-divider--view-line_text elementor-widget-divider--element-align-center elementor-widget elementor-widget-divider\" data-id=\"fff447a\" data-element_type=\"widget\" data-e-type=\"widget\" data-widget_type=\"divider.default\">\n\t\t\t\t<div class=\"elementor-widget-container\">\n\t\t\t\t\t\t\t<div class=\"elementor-divider\">\n\t\t\t<span class=\"elementor-divider-separator\">\n\t\t\t\t\t\t<\/span>\n\t\t<\/div>\n\t\t\t\t\t\t<\/div>\n\t\t\t\t<\/div>\n\t\t\t\t\t<\/div>\n\t\t<\/div>\n\t\t\t\t\t<\/div>\n\t\t<\/section>\n\t\t\t\t<section class=\"elementor-section elementor-top-section elementor-element elementor-element-3abb6946 elementor-section-boxed elementor-section-height-default elementor-section-height-default\" data-id=\"3abb6946\" data-element_type=\"section\" data-e-type=\"section\">\n\t\t\t\t\t\t<div class=\"elementor-container elementor-column-gap-default\">\n\t\t\t\t\t<div class=\"elementor-column elementor-col-100 elementor-top-column elementor-element elementor-element-7ea37482\" data-id=\"7ea37482\" data-element_type=\"column\" data-e-type=\"column\">\n\t\t\t<div class=\"elementor-widget-wrap elementor-element-populated\">\n\t\t\t\t\t\t<section class=\"elementor-section elementor-inner-section elementor-element elementor-element-a8103cc elementor-section-boxed elementor-section-height-default elementor-section-height-default\" data-id=\"a8103cc\" data-element_type=\"section\" data-e-type=\"section\">\n\t\t\t\t\t\t<div class=\"elementor-container elementor-column-gap-default\">\n\t\t\t\t\t<div class=\"elementor-column elementor-col-100 elementor-inner-column elementor-element elementor-element-09fc670\" data-id=\"09fc670\" data-element_type=\"column\" data-e-type=\"column\">\n\t\t\t<div class=\"elementor-widget-wrap elementor-element-populated\">\n\t\t\t\t\t\t<div class=\"elementor-element elementor-element-1b0709c elementor-widget elementor-widget-text-editor\" data-id=\"1b0709c\" data-element_type=\"widget\" data-e-type=\"widget\" data-widget_type=\"text-editor.default\">\n\t\t\t\t<div class=\"elementor-widget-container\">\n\t\t\t\t\t\t\t\t\t<h2><strong>Voici Ren\u00e9, un de nos \u00e9tudiants du groupe A2.<\/strong><\/h2><p>Ren\u00e9 est le gagnant de la dict\u00e9e de TV5 Monde cette ann\u00e9e. Toutes nos f\u00e9licitations \u00e0 Ren\u00e9 !<\/p><p>\u00a0<\/p><p><img fetchpriority=\"high\" decoding=\"async\" class=\"size-full wp-image-3449 aligncenter\" src=\"https:\/\/www.alliance-francaise.nl\/alkmaar\/wp-content\/uploads\/sites\/17\/2024\/06\/Gagnant-TV5-Monde.jpg\" alt=\"\" width=\"240\" height=\"277\" \/><\/p><p>\u00a0<\/p><hr \/><h2><strong>Le cours culturel par Zoom et au caf\u00e9 \u00e0 Utrecht<\/strong><\/h2><p><img decoding=\"async\" class=\"alignnone size-full wp-image-2742\" src=\"https:\/\/www.alliance-francaise.nl\/alkmaar\/wp-content\/uploads\/sites\/17\/2023\/04\/20230318_124648-scaled.jpg\" alt=\"\" width=\"1920\" height=\"2560\" srcset=\"https:\/\/www.alliance-francaise.nl\/alkmaar\/wp-content\/uploads\/sites\/17\/2023\/04\/20230318_124648-scaled.jpg 1920w, https:\/\/www.alliance-francaise.nl\/alkmaar\/wp-content\/uploads\/sites\/17\/2023\/04\/20230318_124648-225x300.jpg 225w, https:\/\/www.alliance-francaise.nl\/alkmaar\/wp-content\/uploads\/sites\/17\/2023\/04\/20230318_124648-768x1024.jpg 768w, https:\/\/www.alliance-francaise.nl\/alkmaar\/wp-content\/uploads\/sites\/17\/2023\/04\/20230318_124648-1152x1536.jpg 1152w, https:\/\/www.alliance-francaise.nl\/alkmaar\/wp-content\/uploads\/sites\/17\/2023\/04\/20230318_124648-1536x2048.jpg 1536w, https:\/\/www.alliance-francaise.nl\/alkmaar\/wp-content\/uploads\/sites\/17\/2023\/04\/20230318_124648-1320x1760.jpg 1320w, https:\/\/www.alliance-francaise.nl\/alkmaar\/wp-content\/uploads\/sites\/17\/2023\/04\/20230318_124648-600x800.jpg 600w\" sizes=\"(max-width: 1920px) 100vw, 1920px\" \/><\/p>\t\t\t\t\t\t\t\t<\/div>\n\t\t\t\t<\/div>\n\t\t\t\t\t<\/div>\n\t\t<\/div>\n\t\t\t\t\t<\/div>\n\t\t<\/section>\n\t\t\t\t<div class=\"elementor-element elementor-element-3798e7f3 elementor-widget elementor-widget-text-editor\" data-id=\"3798e7f3\" data-element_type=\"widget\" data-e-type=\"widget\" data-widget_type=\"text-editor.default\">\n\t\t\t\t<div class=\"elementor-widget-container\">\n\t\t\t\t\t\t\t\t\t<h2><strong>Chaque \u00e9l\u00e8ve parle en fran\u00e7ais de son tableau pr\u00e9f\u00e9r\u00e9 !<\/strong><\/h2>\t\t\t\t\t\t\t\t<\/div>\n\t\t\t\t<\/div>\n\t\t\t\t<section class=\"elementor-section elementor-inner-section elementor-element elementor-element-c3eec62 elementor-section-boxed elementor-section-height-default elementor-section-height-default\" data-id=\"c3eec62\" data-element_type=\"section\" data-e-type=\"section\">\n\t\t\t\t\t\t<div class=\"elementor-container elementor-column-gap-default\">\n\t\t\t\t\t<div class=\"elementor-column elementor-col-50 elementor-inner-column elementor-element elementor-element-e3f972f\" data-id=\"e3f972f\" data-element_type=\"column\" data-e-type=\"column\">\n\t\t\t<div class=\"elementor-widget-wrap elementor-element-populated\">\n\t\t\t\t\t\t<div class=\"elementor-element elementor-element-8b30f48 elementor-widget elementor-widget-image\" data-id=\"8b30f48\" data-element_type=\"widget\" data-e-type=\"widget\" data-widget_type=\"image.default\">\n\t\t\t\t<div class=\"elementor-widget-container\">\n\t\t\t\t\t\t\t\t\t\t\t\t\t\t\t<img decoding=\"async\" width=\"800\" height=\"600\" src=\"https:\/\/www.alliance-francaise.nl\/alkmaar\/wp-content\/uploads\/sites\/17\/2023\/03\/20230306_190412-1024x768.jpg\" class=\"attachment-large size-large wp-image-2568\" alt=\"\" srcset=\"https:\/\/www.alliance-francaise.nl\/alkmaar\/wp-content\/uploads\/sites\/17\/2023\/03\/20230306_190412-1024x768.jpg 1024w, https:\/\/www.alliance-francaise.nl\/alkmaar\/wp-content\/uploads\/sites\/17\/2023\/03\/20230306_190412-300x225.jpg 300w, https:\/\/www.alliance-francaise.nl\/alkmaar\/wp-content\/uploads\/sites\/17\/2023\/03\/20230306_190412-768x576.jpg 768w, https:\/\/www.alliance-francaise.nl\/alkmaar\/wp-content\/uploads\/sites\/17\/2023\/03\/20230306_190412-1536x1152.jpg 1536w, https:\/\/www.alliance-francaise.nl\/alkmaar\/wp-content\/uploads\/sites\/17\/2023\/03\/20230306_190412-2048x1536.jpg 2048w, https:\/\/www.alliance-francaise.nl\/alkmaar\/wp-content\/uploads\/sites\/17\/2023\/03\/20230306_190412-1320x990.jpg 1320w, https:\/\/www.alliance-francaise.nl\/alkmaar\/wp-content\/uploads\/sites\/17\/2023\/03\/20230306_190412-600x450.jpg 600w\" sizes=\"(max-width: 800px) 100vw, 800px\" \/>\t\t\t\t\t\t\t\t\t\t\t\t\t\t\t<\/div>\n\t\t\t\t<\/div>\n\t\t\t\t\t<\/div>\n\t\t<\/div>\n\t\t\t\t<div class=\"elementor-column elementor-col-50 elementor-inner-column elementor-element elementor-element-2a70a3c\" data-id=\"2a70a3c\" data-element_type=\"column\" data-e-type=\"column\">\n\t\t\t<div class=\"elementor-widget-wrap elementor-element-populated\">\n\t\t\t\t\t\t<div class=\"elementor-element elementor-element-8d278e0 elementor-widget elementor-widget-image\" data-id=\"8d278e0\" data-element_type=\"widget\" data-e-type=\"widget\" data-widget_type=\"image.default\">\n\t\t\t\t<div class=\"elementor-widget-container\">\n\t\t\t\t\t\t\t\t\t\t\t\t\t\t\t<img loading=\"lazy\" decoding=\"async\" width=\"800\" height=\"600\" src=\"https:\/\/www.alliance-francaise.nl\/alkmaar\/wp-content\/uploads\/sites\/17\/2023\/03\/20230306_190616-1024x768.jpg\" class=\"attachment-large size-large wp-image-2569\" alt=\"\" srcset=\"https:\/\/www.alliance-francaise.nl\/alkmaar\/wp-content\/uploads\/sites\/17\/2023\/03\/20230306_190616-1024x768.jpg 1024w, https:\/\/www.alliance-francaise.nl\/alkmaar\/wp-content\/uploads\/sites\/17\/2023\/03\/20230306_190616-300x225.jpg 300w, https:\/\/www.alliance-francaise.nl\/alkmaar\/wp-content\/uploads\/sites\/17\/2023\/03\/20230306_190616-768x576.jpg 768w, https:\/\/www.alliance-francaise.nl\/alkmaar\/wp-content\/uploads\/sites\/17\/2023\/03\/20230306_190616-1536x1152.jpg 1536w, https:\/\/www.alliance-francaise.nl\/alkmaar\/wp-content\/uploads\/sites\/17\/2023\/03\/20230306_190616-2048x1536.jpg 2048w, https:\/\/www.alliance-francaise.nl\/alkmaar\/wp-content\/uploads\/sites\/17\/2023\/03\/20230306_190616-1320x990.jpg 1320w, https:\/\/www.alliance-francaise.nl\/alkmaar\/wp-content\/uploads\/sites\/17\/2023\/03\/20230306_190616-600x450.jpg 600w\" sizes=\"(max-width: 800px) 100vw, 800px\" \/>\t\t\t\t\t\t\t\t\t\t\t\t\t\t\t<\/div>\n\t\t\t\t<\/div>\n\t\t\t\t\t<\/div>\n\t\t<\/div>\n\t\t\t\t\t<\/div>\n\t\t<\/section>\n\t\t\t\t<section class=\"elementor-section elementor-inner-section elementor-element elementor-element-9d80e30 elementor-section-boxed elementor-section-height-default elementor-section-height-default\" data-id=\"9d80e30\" data-element_type=\"section\" data-e-type=\"section\">\n\t\t\t\t\t\t<div class=\"elementor-container elementor-column-gap-default\">\n\t\t\t\t\t<div class=\"elementor-column elementor-col-50 elementor-inner-column elementor-element elementor-element-b46aaca\" data-id=\"b46aaca\" data-element_type=\"column\" data-e-type=\"column\">\n\t\t\t<div class=\"elementor-widget-wrap elementor-element-populated\">\n\t\t\t\t\t\t<div class=\"elementor-element elementor-element-c01e88b elementor-widget elementor-widget-image\" data-id=\"c01e88b\" data-element_type=\"widget\" data-e-type=\"widget\" data-widget_type=\"image.default\">\n\t\t\t\t<div class=\"elementor-widget-container\">\n\t\t\t\t\t\t\t\t\t\t\t\t\t\t\t<img loading=\"lazy\" decoding=\"async\" width=\"800\" height=\"600\" src=\"https:\/\/www.alliance-francaise.nl\/alkmaar\/wp-content\/uploads\/sites\/17\/2023\/03\/20230306_192920-1024x768.jpg\" class=\"attachment-large size-large wp-image-2571\" alt=\"\" srcset=\"https:\/\/www.alliance-francaise.nl\/alkmaar\/wp-content\/uploads\/sites\/17\/2023\/03\/20230306_192920-1024x768.jpg 1024w, https:\/\/www.alliance-francaise.nl\/alkmaar\/wp-content\/uploads\/sites\/17\/2023\/03\/20230306_192920-300x225.jpg 300w, https:\/\/www.alliance-francaise.nl\/alkmaar\/wp-content\/uploads\/sites\/17\/2023\/03\/20230306_192920-768x576.jpg 768w, https:\/\/www.alliance-francaise.nl\/alkmaar\/wp-content\/uploads\/sites\/17\/2023\/03\/20230306_192920-1536x1152.jpg 1536w, https:\/\/www.alliance-francaise.nl\/alkmaar\/wp-content\/uploads\/sites\/17\/2023\/03\/20230306_192920-2048x1536.jpg 2048w, https:\/\/www.alliance-francaise.nl\/alkmaar\/wp-content\/uploads\/sites\/17\/2023\/03\/20230306_192920-1320x990.jpg 1320w, https:\/\/www.alliance-francaise.nl\/alkmaar\/wp-content\/uploads\/sites\/17\/2023\/03\/20230306_192920-600x450.jpg 600w\" sizes=\"(max-width: 800px) 100vw, 800px\" \/>\t\t\t\t\t\t\t\t\t\t\t\t\t\t\t<\/div>\n\t\t\t\t<\/div>\n\t\t\t\t\t<\/div>\n\t\t<\/div>\n\t\t\t\t<div class=\"elementor-column elementor-col-50 elementor-inner-column elementor-element elementor-element-e5f569f\" data-id=\"e5f569f\" data-element_type=\"column\" data-e-type=\"column\">\n\t\t\t<div class=\"elementor-widget-wrap elementor-element-populated\">\n\t\t\t\t\t\t<div class=\"elementor-element elementor-element-220c9eb elementor-widget elementor-widget-image\" data-id=\"220c9eb\" data-element_type=\"widget\" data-e-type=\"widget\" data-widget_type=\"image.default\">\n\t\t\t\t<div class=\"elementor-widget-container\">\n\t\t\t\t\t\t\t\t\t\t\t\t\t\t\t<img loading=\"lazy\" decoding=\"async\" width=\"800\" height=\"600\" src=\"https:\/\/www.alliance-francaise.nl\/alkmaar\/wp-content\/uploads\/sites\/17\/2023\/03\/20230306_195231-1024x768.jpg\" class=\"attachment-large size-large wp-image-2572\" alt=\"\" srcset=\"https:\/\/www.alliance-francaise.nl\/alkmaar\/wp-content\/uploads\/sites\/17\/2023\/03\/20230306_195231-1024x768.jpg 1024w, https:\/\/www.alliance-francaise.nl\/alkmaar\/wp-content\/uploads\/sites\/17\/2023\/03\/20230306_195231-300x225.jpg 300w, https:\/\/www.alliance-francaise.nl\/alkmaar\/wp-content\/uploads\/sites\/17\/2023\/03\/20230306_195231-768x576.jpg 768w, https:\/\/www.alliance-francaise.nl\/alkmaar\/wp-content\/uploads\/sites\/17\/2023\/03\/20230306_195231-1536x1152.jpg 1536w, https:\/\/www.alliance-francaise.nl\/alkmaar\/wp-content\/uploads\/sites\/17\/2023\/03\/20230306_195231-2048x1536.jpg 2048w, https:\/\/www.alliance-francaise.nl\/alkmaar\/wp-content\/uploads\/sites\/17\/2023\/03\/20230306_195231-1320x990.jpg 1320w, https:\/\/www.alliance-francaise.nl\/alkmaar\/wp-content\/uploads\/sites\/17\/2023\/03\/20230306_195231-600x450.jpg 600w\" sizes=\"(max-width: 800px) 100vw, 800px\" \/>\t\t\t\t\t\t\t\t\t\t\t\t\t\t\t<\/div>\n\t\t\t\t<\/div>\n\t\t\t\t\t<\/div>\n\t\t<\/div>\n\t\t\t\t\t<\/div>\n\t\t<\/section>\n\t\t\t\t<section class=\"elementor-section elementor-inner-section elementor-element elementor-element-0001327 elementor-section-boxed elementor-section-height-default elementor-section-height-default\" data-id=\"0001327\" data-element_type=\"section\" data-e-type=\"section\">\n\t\t\t\t\t\t<div class=\"elementor-container elementor-column-gap-default\">\n\t\t\t\t\t<div class=\"elementor-column elementor-col-50 elementor-inner-column elementor-element elementor-element-8e7e255\" data-id=\"8e7e255\" data-element_type=\"column\" data-e-type=\"column\">\n\t\t\t<div class=\"elementor-widget-wrap elementor-element-populated\">\n\t\t\t\t\t\t<div class=\"elementor-element elementor-element-6d2aba7 elementor-widget elementor-widget-image\" data-id=\"6d2aba7\" data-element_type=\"widget\" data-e-type=\"widget\" data-widget_type=\"image.default\">\n\t\t\t\t<div class=\"elementor-widget-container\">\n\t\t\t\t\t\t\t\t\t\t\t\t\t\t\t<img loading=\"lazy\" decoding=\"async\" width=\"800\" height=\"600\" src=\"https:\/\/www.alliance-francaise.nl\/alkmaar\/wp-content\/uploads\/sites\/17\/2023\/03\/20230306_200301-1024x768.jpg\" class=\"attachment-large size-large wp-image-2573\" alt=\"\" srcset=\"https:\/\/www.alliance-francaise.nl\/alkmaar\/wp-content\/uploads\/sites\/17\/2023\/03\/20230306_200301-1024x768.jpg 1024w, https:\/\/www.alliance-francaise.nl\/alkmaar\/wp-content\/uploads\/sites\/17\/2023\/03\/20230306_200301-300x225.jpg 300w, https:\/\/www.alliance-francaise.nl\/alkmaar\/wp-content\/uploads\/sites\/17\/2023\/03\/20230306_200301-768x576.jpg 768w, https:\/\/www.alliance-francaise.nl\/alkmaar\/wp-content\/uploads\/sites\/17\/2023\/03\/20230306_200301-1536x1152.jpg 1536w, https:\/\/www.alliance-francaise.nl\/alkmaar\/wp-content\/uploads\/sites\/17\/2023\/03\/20230306_200301-2048x1536.jpg 2048w, https:\/\/www.alliance-francaise.nl\/alkmaar\/wp-content\/uploads\/sites\/17\/2023\/03\/20230306_200301-1320x990.jpg 1320w, https:\/\/www.alliance-francaise.nl\/alkmaar\/wp-content\/uploads\/sites\/17\/2023\/03\/20230306_200301-600x450.jpg 600w\" sizes=\"(max-width: 800px) 100vw, 800px\" \/>\t\t\t\t\t\t\t\t\t\t\t\t\t\t\t<\/div>\n\t\t\t\t<\/div>\n\t\t\t\t\t<\/div>\n\t\t<\/div>\n\t\t\t\t<div class=\"elementor-column elementor-col-50 elementor-inner-column elementor-element elementor-element-83bede3\" data-id=\"83bede3\" data-element_type=\"column\" data-e-type=\"column\">\n\t\t\t<div class=\"elementor-widget-wrap elementor-element-populated\">\n\t\t\t\t\t\t<div class=\"elementor-element elementor-element-63edc42 elementor-widget elementor-widget-image\" data-id=\"63edc42\" data-element_type=\"widget\" data-e-type=\"widget\" data-widget_type=\"image.default\">\n\t\t\t\t<div class=\"elementor-widget-container\">\n\t\t\t\t\t\t\t\t\t\t\t\t\t\t\t<img loading=\"lazy\" decoding=\"async\" width=\"800\" height=\"600\" src=\"https:\/\/www.alliance-francaise.nl\/alkmaar\/wp-content\/uploads\/sites\/17\/2023\/03\/20230306_200702-1024x768.jpg\" class=\"attachment-large size-large wp-image-2574\" alt=\"\" srcset=\"https:\/\/www.alliance-francaise.nl\/alkmaar\/wp-content\/uploads\/sites\/17\/2023\/03\/20230306_200702-1024x768.jpg 1024w, https:\/\/www.alliance-francaise.nl\/alkmaar\/wp-content\/uploads\/sites\/17\/2023\/03\/20230306_200702-300x225.jpg 300w, https:\/\/www.alliance-francaise.nl\/alkmaar\/wp-content\/uploads\/sites\/17\/2023\/03\/20230306_200702-768x576.jpg 768w, https:\/\/www.alliance-francaise.nl\/alkmaar\/wp-content\/uploads\/sites\/17\/2023\/03\/20230306_200702-1536x1152.jpg 1536w, https:\/\/www.alliance-francaise.nl\/alkmaar\/wp-content\/uploads\/sites\/17\/2023\/03\/20230306_200702-2048x1536.jpg 2048w, https:\/\/www.alliance-francaise.nl\/alkmaar\/wp-content\/uploads\/sites\/17\/2023\/03\/20230306_200702-1320x990.jpg 1320w, https:\/\/www.alliance-francaise.nl\/alkmaar\/wp-content\/uploads\/sites\/17\/2023\/03\/20230306_200702-600x450.jpg 600w\" sizes=\"(max-width: 800px) 100vw, 800px\" \/>\t\t\t\t\t\t\t\t\t\t\t\t\t\t\t<\/div>\n\t\t\t\t<\/div>\n\t\t\t\t\t<\/div>\n\t\t<\/div>\n\t\t\t\t\t<\/div>\n\t\t<\/section>\n\t\t\t\t<div class=\"elementor-element elementor-element-0dde379 elementor-widget-divider--view-line elementor-widget elementor-widget-divider\" data-id=\"0dde379\" data-element_type=\"widget\" data-e-type=\"widget\" data-widget_type=\"divider.default\">\n\t\t\t\t<div class=\"elementor-widget-container\">\n\t\t\t\t\t\t\t<div class=\"elementor-divider\">\n\t\t\t<span class=\"elementor-divider-separator\">\n\t\t\t\t\t\t<\/span>\n\t\t<\/div>\n\t\t\t\t\t\t<\/div>\n\t\t\t\t<\/div>\n\t\t\t\t\t<\/div>\n\t\t<\/div>\n\t\t\t\t\t<\/div>\n\t\t<\/section>\n\t\t\t\t<\/div>\n\t\t","protected":false},"excerpt":{"rendered":"<p>Nieuwsbrief Des nouvelles de nos \u00e9tudiants Voici Ren\u00e9, un de nos \u00e9tudiants du groupe A2. Ren\u00e9 est le gagnant de la dict\u00e9e de TV5 Monde cette ann\u00e9e. Toutes nos f\u00e9licitations [&hellip;]<\/p>\n","protected":false},"author":31,"featured_media":0,"parent":80,"menu_order":0,"comment_status":"closed","ping_status":"closed","template":"elementor_header_footer","meta":{"footnotes":""},"class_list":["post-628","page","type-page","status-publish","hentry"],"_links":{"self":[{"href":"https:\/\/www.alliance-francaise.nl\/alkmaar\/wp-json\/wp\/v2\/pages\/628","targetHints":{"allow":["GET"]}}],"collection":[{"href":"https:\/\/www.alliance-francaise.nl\/alkmaar\/wp-json\/wp\/v2\/pages"}],"about":[{"href":"https:\/\/www.alliance-francaise.nl\/alkmaar\/wp-json\/wp\/v2\/types\/page"}],"author":[{"embeddable":true,"href":"https:\/\/www.alliance-francaise.nl\/alkmaar\/wp-json\/wp\/v2\/users\/31"}],"replies":[{"embeddable":true,"href":"https:\/\/www.alliance-francaise.nl\/alkmaar\/wp-json\/wp\/v2\/comments?post=628"}],"version-history":[{"count":20,"href":"https:\/\/www.alliance-francaise.nl\/alkmaar\/wp-json\/wp\/v2\/pages\/628\/revisions"}],"predecessor-version":[{"id":3458,"href":"https:\/\/www.alliance-francaise.nl\/alkmaar\/wp-json\/wp\/v2\/pages\/628\/revisions\/3458"}],"up":[{"embeddable":true,"href":"https:\/\/www.alliance-francaise.nl\/alkmaar\/wp-json\/wp\/v2\/pages\/80"}],"wp:attachment":[{"href":"https:\/\/www.alliance-francaise.nl\/alkmaar\/wp-json\/wp\/v2\/media?parent=628"}],"curies":[{"name":"wp","href":"https:\/\/api.w.org\/{rel}","templated":true}]}}