{"id":293,"date":"2020-08-22T23:03:05","date_gmt":"2020-08-22T21:03:05","guid":{"rendered":"https:\/\/www.alliance-francaise.nl\/2020\/alkmaar\/?page_id=293"},"modified":"2025-09-03T21:44:50","modified_gmt":"2025-09-03T19:44:50","slug":"culturele-cursus","status":"publish","type":"page","link":"https:\/\/www.alliance-francaise.nl\/alkmaar\/cursussen\/culturele-cursus\/","title":{"rendered":"Culturele cursus"},"content":{"rendered":"\t\t<div data-elementor-type=\"wp-page\" data-elementor-id=\"293\" class=\"elementor elementor-293\" data-elementor-post-type=\"page\">\n\t\t\t\t\t\t<section class=\"elementor-section elementor-top-section elementor-element elementor-element-12b58d9e elementor-section-boxed elementor-section-height-default elementor-section-height-default\" data-id=\"12b58d9e\" data-element_type=\"section\" data-e-type=\"section\" data-settings=\"{&quot;background_background&quot;:&quot;classic&quot;}\">\n\t\t\t\t\t\t<div class=\"elementor-container elementor-column-gap-default\">\n\t\t\t\t\t<div class=\"elementor-column elementor-col-100 elementor-top-column elementor-element elementor-element-60e52dbd\" data-id=\"60e52dbd\" data-element_type=\"column\" data-e-type=\"column\">\n\t\t\t<div class=\"elementor-widget-wrap\">\n\t\t\t\t\t\t\t<\/div>\n\t\t<\/div>\n\t\t\t\t\t<\/div>\n\t\t<\/section>\n\t\t\t\t<section class=\"elementor-section elementor-top-section elementor-element elementor-element-218f8845 elementor-section-boxed elementor-section-height-default elementor-section-height-default\" data-id=\"218f8845\" data-element_type=\"section\" data-e-type=\"section\">\n\t\t\t\t\t\t<div class=\"elementor-container elementor-column-gap-default\">\n\t\t\t\t\t<div class=\"elementor-column elementor-col-100 elementor-top-column elementor-element elementor-element-5da54aa6\" data-id=\"5da54aa6\" data-element_type=\"column\" data-e-type=\"column\" data-settings=\"{&quot;background_background&quot;:&quot;classic&quot;}\">\n\t\t\t<div class=\"elementor-widget-wrap elementor-element-populated\">\n\t\t\t\t\t<div class=\"elementor-background-overlay\"><\/div>\n\t\t\t\t\t\t<div class=\"elementor-element elementor-element-44c3f71b elementor-widget elementor-widget-heading\" data-id=\"44c3f71b\" data-element_type=\"widget\" data-e-type=\"widget\" data-widget_type=\"heading.default\">\n\t\t\t\t<div class=\"elementor-widget-container\">\n\t\t\t\t\t<h1 class=\"elementor-heading-title elementor-size-default\">Culturele cursus  2025 - 2026<\/h1>\t\t\t\t<\/div>\n\t\t\t\t<\/div>\n\t\t\t\t\t<\/div>\n\t\t<\/div>\n\t\t\t\t\t<\/div>\n\t\t<\/section>\n\t\t\t\t<section class=\"elementor-section elementor-top-section elementor-element elementor-element-4ef92fba elementor-section-boxed elementor-section-height-default elementor-section-height-default\" data-id=\"4ef92fba\" data-element_type=\"section\" data-e-type=\"section\">\n\t\t\t\t\t\t<div class=\"elementor-container elementor-column-gap-default\">\n\t\t\t\t\t<div class=\"elementor-column elementor-col-100 elementor-top-column elementor-element elementor-element-26c66a91\" data-id=\"26c66a91\" data-element_type=\"column\" data-e-type=\"column\">\n\t\t\t<div class=\"elementor-widget-wrap elementor-element-populated\">\n\t\t\t\t\t\t<div class=\"elementor-element elementor-element-31df4b98 elementor-widget elementor-widget-heading\" data-id=\"31df4b98\" data-element_type=\"widget\" data-e-type=\"widget\" data-widget_type=\"heading.default\">\n\t\t\t\t<div class=\"elementor-widget-container\">\n\t\t\t\t\t<h2 class=\"elementor-heading-title elementor-size-default\">La culture fran\u00e7aise sous toutes ses facettes !<\/h2>\t\t\t\t<\/div>\n\t\t\t\t<\/div>\n\t\t\t\t\t<\/div>\n\t\t<\/div>\n\t\t\t\t\t<\/div>\n\t\t<\/section>\n\t\t\t\t<section class=\"elementor-section elementor-top-section elementor-element elementor-element-e48ca3d elementor-section-stretched elementor-section-boxed elementor-section-height-default elementor-section-height-default\" data-id=\"e48ca3d\" data-element_type=\"section\" data-e-type=\"section\" data-settings=\"{&quot;stretch_section&quot;:&quot;section-stretched&quot;}\">\n\t\t\t\t\t\t<div class=\"elementor-container elementor-column-gap-default\">\n\t\t\t\t\t<div class=\"elementor-column elementor-col-100 elementor-top-column elementor-element elementor-element-e93195b\" data-id=\"e93195b\" data-element_type=\"column\" data-e-type=\"column\">\n\t\t\t<div class=\"elementor-widget-wrap elementor-element-populated\">\n\t\t\t\t\t\t<section class=\"elementor-section elementor-inner-section elementor-element elementor-element-690c314 elementor-section-boxed elementor-section-height-default elementor-section-height-default\" data-id=\"690c314\" data-element_type=\"section\" data-e-type=\"section\">\n\t\t\t\t\t\t<div class=\"elementor-container elementor-column-gap-default\">\n\t\t\t\t\t<div class=\"elementor-column elementor-col-50 elementor-inner-column elementor-element elementor-element-d0a9322\" data-id=\"d0a9322\" data-element_type=\"column\" data-e-type=\"column\">\n\t\t\t<div class=\"elementor-widget-wrap elementor-element-populated\">\n\t\t\t\t\t\t<div class=\"elementor-element elementor-element-7c480d8 elementor-widget elementor-widget-text-editor\" data-id=\"7c480d8\" data-element_type=\"widget\" data-e-type=\"widget\" data-widget_type=\"text-editor.default\">\n\t\t\t\t<div class=\"elementor-widget-container\">\n\t\t\t\t\t\t\t\t\t<p><b>Uitnodiging en oproep voor de Franse cultuur!<\/b><\/p><ul><li style=\"font-weight: 400\"><span style=\"font-weight: 400\">Elke maandagmiddag zit een kleine Fransprekende groep\u00a0 samen met een Franse filosofie docent (ook enthousiast cineastkenner) bij elkaar in het wijkcentrum Overdie.\u00a0<\/span><\/li><li style=\"font-weight: 400\"><span style=\"font-weight: 400\">Doel is de Franse geschiedenis, literatuur, kunst, filosofie en theater te bespreken waarbij de Franse docent sturing geeft aan de onderwerpen.\u00a0<\/span><\/li><li style=\"font-weight: 400\"><span style=\"font-weight: 400\">De voertaal is voornamelijk Frans\u00a0 en gedurende 2 uur worden de onderwerpen besproken en toegelicht.\u00a0<\/span><\/li><li style=\"font-weight: 400\"><span style=\"font-weight: 400\">Eigen inbreng wordt zeer op prijs gesteld; ook een eigen korte presentatie van een specifiek onderwerp is mogelijk.\u00a0<\/span><\/li><li style=\"font-weight: 400\"><span style=\"font-weight: 400\">De opzet is in cursusvorm met het niveau B2\/C1.\u00a0<\/span><\/li><li style=\"font-weight: 400\"><span style=\"font-weight: 400\">Aanmelden kan via de website. <a href=\"http:\/\/www.alliance-francaise.nl\/alkmaar\">www.alliance-francaise.nl\/alkmaar<\/a><\/span><\/li><\/ul><p><span style=\"font-weight: 400\">Graag zie ik uw inschrijving tegemoet of mail mij op <\/span><a href=\"mailto:cursus.alkmaar@afpb.nl\"><span style=\"font-weight: 400\">cursus.alkmaar@afpb.nl<\/span><\/a><\/p><p style=\"text-align: right\"><strong>Pierre Drouot<\/strong><\/p><p>\u00a0<\/p><p><b>Une invitation \u00e0 la culture fran\u00e7aise !<\/b><\/p><ul><li style=\"font-weight: 400\"><span style=\"font-weight: 400\">Tous les lundis apr\u00e8s-midi, un petit groupe francophone rencontre un professeur de philosophie fran\u00e7aise (\u00e9galement cin\u00e9aste passionn\u00e9) au centre communautaire d&#8217;Overdie.\u00a0<\/span><\/li><li style=\"font-weight: 400\"><span style=\"font-weight: 400\">L&#8217;objectif est d&#8217;aborder l&#8217;histoire, la litt\u00e9rature, l&#8217;art, la philosophie et le th\u00e9\u00e2tre fran\u00e7ais, sous la direction du professeur de fran\u00e7ais.\u00a0<\/span><\/li><li style=\"font-weight: 400\"><span style=\"font-weight: 400\">La langue d&#8217;enseignement principale est le fran\u00e7ais, et les sujets seront abord\u00e9s et expliqu\u00e9s pendant deux heures.\u00a0<\/span><\/li><li style=\"font-weight: 400\"><span style=\"font-weight: 400\">Votre contribution est appr\u00e9ci\u00e9e\u00a0; vous pouvez \u00e9galement apporter votre propre courte pr\u00e9sentation sur un sujet sp\u00e9cifique.\u00a0<\/span><\/li><li style=\"font-weight: 400\"><span style=\"font-weight: 400\">Le cours est con\u00e7u pour un niveau B2\/C1.\u00a0<\/span><\/li><li style=\"font-weight: 400\"><span style=\"font-weight: 400\">L&#8217;inscription est possible sur le site web\u00a0: <\/span><a href=\"http:\/\/www.alliance-francaise.nl\/alkmaar\"><span style=\"font-weight: 400\">www.alliance-francaise.nl\/alkmaar<\/span><\/a><\/li><\/ul><p>\u00a0<\/p><p><span style=\"font-weight: 400\">J&#8217;attends avec impatience de recevoir votre inscription ou envoyez-moi un e-mail \u00e0 <\/span><a href=\"mailto:cursus.alkmaar@afpb.nl\"><span style=\"font-weight: 400\">cursus.alkmaar@afpb.nl<\/span><\/a><\/p><p>\u00a0<\/p><p style=\"text-align: right\"><strong>Pierre Drouot<\/strong><\/p><p>\u00a0<\/p><p style=\"text-align: right\"><strong><img fetchpriority=\"high\" decoding=\"async\" class=\"alignnone size-full wp-image-2950\" src=\"https:\/\/www.alliance-francaise.nl\/alkmaar\/wp-content\/uploads\/sites\/17\/2023\/07\/Pierre-Drouot.jpg\" alt=\"\" width=\"222\" height=\"256\" \/><\/strong><\/p>\t\t\t\t\t\t\t\t<\/div>\n\t\t\t\t<\/div>\n\t\t\t\t\t<\/div>\n\t\t<\/div>\n\t\t\t\t<div class=\"elementor-column elementor-col-50 elementor-inner-column elementor-element elementor-element-fd19dca\" data-id=\"fd19dca\" data-element_type=\"column\" data-e-type=\"column\">\n\t\t\t<div class=\"elementor-widget-wrap elementor-element-populated\">\n\t\t\t\t\t\t<div class=\"elementor-element elementor-element-d7d062a elementor-widget elementor-widget-text-editor\" data-id=\"d7d062a\" data-element_type=\"widget\" data-e-type=\"widget\" data-widget_type=\"text-editor.default\">\n\t\t\t\t<div class=\"elementor-widget-container\">\n\t\t\t\t\t\t\t\t\t<p><b>Algemeen<\/b><\/p><p><span style=\"font-weight: 400\">Wij bieden onze cursisten een volledig leerprogamma aan van beginner tot ver gevorderden.<\/span><\/p><p><span style=\"font-weight: 400\">Zo zoeken we juist ook de taal variatie op door het organiseren van cultuuractiviteiten.\u00a0De Franse cultuur is rijk en omvangrijk \u2013 chansons, culinair, literatuur, geschiedenis \u2013\u00a0allemaal onderwerpen waar je wat mee kan en beheersing van de Franse taal maakt het\u00a0genieten hiervan nog mooier.<\/span><\/p><p><span style=\"font-weight: 400\">We kunnen alle cursisten en overige Franse cultuurliefhebbers nu het volgende bieden!<\/span><\/p><ul><li style=\"font-weight: 400\"><span style=\"font-weight: 400\">chansons zingen\u00a0; een activiteit met chansonnier Christophe Chaplet,\u00a0<\/span><\/li><li style=\"font-weight: 400\"><span style=\"font-weight: 400\">de taalnieuwsbrieven van Sylvain Lelarge,\u00a0<\/span><\/li><li style=\"font-weight: 400\"><span style=\"font-weight: 400\">de filmochtenden bij Cinebergen,\u00a0<\/span><\/li><li style=\"font-weight: 400\"><span style=\"font-weight: 400\">Een nieuwe samenwerkingsovereenkomst met de Alkenaer in Alkmaar; zie bieden 6 tot10 cultuur- en chansonavonden aan.<\/span><\/li><li style=\"font-weight: 400\"><span style=\"font-weight: 400\">Culturth\u00e8que, gratis film, tijdschriften etc. voor onze cursisten.<\/span><\/li><\/ul><p><span style=\"font-weight: 400\">G\u00e9n\u00e9ralit\u00e9s<\/span><\/p><p><span style=\"font-weight: 400\">Nous proposons \u00e0 nos \u00e9tudiants un cursus complet, du d\u00e9butant au confirm\u00e9.<\/span><\/p><p><span style=\"font-weight: 400\">Nous favorisons \u00e9galement la diversit\u00e9 linguistique en organisant des activit\u00e9s culturelles. La culture fran\u00e7aise est riche et vari\u00e9e\u00a0: chansons, art culinaire, litt\u00e9rature, histoire\u2026 autant de sujets \u00e0 explorer, et la ma\u00eetrise du fran\u00e7ais rend leur d\u00e9couverte encore plus agr\u00e9able.<\/span><\/p><p><span style=\"font-weight: 400\">Nous proposons d\u00e9sormais \u00e0 tous les \u00e9tudiants et autres passionn\u00e9s de culture fran\u00e7aise\u00a0:<\/span><\/p><ul><li><span style=\"font-weight: 400\"> Chants\u00a0; une activit\u00e9 avec le chansonnier Christophe Chaplet\u00a0;<\/span><\/li><li><span style=\"font-weight: 400\"> Les lettres d&#8217;information linguistiques de Sylvain Lelarge\u00a0;<\/span><\/li><li><span style=\"font-weight: 400\"> Matin\u00e9es cin\u00e9ma \u00e0 Cinebergen\u00a0;<\/span><\/li><li><span style=\"font-weight: 400\"> Un nouveau partenariat avec De Alkenaer \u00e0 Alkmaar\u00a0; voir l&#8217;offre de 6 \u00e0 10 soir\u00e9es culturelles et musicales.<\/span><\/li><li><span style=\"font-weight: 400\"> Culturth\u00e8que\u00a0: films, magazines, etc. gratuits pour nos \u00e9tudiants.<\/span><\/li><\/ul>\t\t\t\t\t\t\t\t<\/div>\n\t\t\t\t<\/div>\n\t\t\t\t\t<\/div>\n\t\t<\/div>\n\t\t\t\t\t<\/div>\n\t\t<\/section>\n\t\t\t\t<section class=\"elementor-section elementor-inner-section elementor-element elementor-element-ea262ab elementor-section-boxed elementor-section-height-default elementor-section-height-default\" data-id=\"ea262ab\" data-element_type=\"section\" data-e-type=\"section\">\n\t\t\t\t\t\t<div class=\"elementor-container elementor-column-gap-default\">\n\t\t\t\t\t<div class=\"elementor-column elementor-col-50 elementor-inner-column elementor-element elementor-element-e027181\" data-id=\"e027181\" data-element_type=\"column\" data-e-type=\"column\">\n\t\t\t<div class=\"elementor-widget-wrap elementor-element-populated\">\n\t\t\t\t\t\t<div class=\"elementor-element elementor-element-f3644ff elementor-widget elementor-widget-button\" data-id=\"f3644ff\" data-element_type=\"widget\" data-e-type=\"widget\" data-widget_type=\"button.default\">\n\t\t\t\t<div class=\"elementor-widget-container\">\n\t\t\t\t\t\t\t\t\t<div class=\"elementor-button-wrapper\">\n\t\t\t\t\t<a class=\"elementor-button elementor-size-sm\" role=\"button\">\n\t\t\t\t\t\t<span class=\"elementor-button-content-wrapper\">\n\t\t\t\t\t\t\t\t\t<span class=\"elementor-button-text\">Inscription<\/span>\n\t\t\t\t\t<\/span>\n\t\t\t\t\t<\/a>\n\t\t\t\t<\/div>\n\t\t\t\t\t\t\t\t<\/div>\n\t\t\t\t<\/div>\n\t\t\t\t\t<\/div>\n\t\t<\/div>\n\t\t\t\t<div class=\"elementor-column elementor-col-50 elementor-inner-column elementor-element elementor-element-ec53bfc\" data-id=\"ec53bfc\" data-element_type=\"column\" data-e-type=\"column\">\n\t\t\t<div class=\"elementor-widget-wrap elementor-element-populated\">\n\t\t\t\t\t\t<div class=\"elementor-element elementor-element-ebf0ec7 elementor-widget elementor-widget-button\" data-id=\"ebf0ec7\" data-element_type=\"widget\" data-e-type=\"widget\" data-widget_type=\"button.default\">\n\t\t\t\t<div class=\"elementor-widget-container\">\n\t\t\t\t\t\t\t\t\t<div class=\"elementor-button-wrapper\">\n\t\t\t\t\t<a class=\"elementor-button elementor-button-link elementor-size-sm\" href=\"https:\/\/forms.gle\/JmBHgEr3HWq3ZjHz5\" target=\"_blank\">\n\t\t\t\t\t\t<span class=\"elementor-button-content-wrapper\">\n\t\t\t\t\t\t\t\t\t<span class=\"elementor-button-text\">Onze online test B2<\/span>\n\t\t\t\t\t<\/span>\n\t\t\t\t\t<\/a>\n\t\t\t\t<\/div>\n\t\t\t\t\t\t\t\t<\/div>\n\t\t\t\t<\/div>\n\t\t\t\t\t<\/div>\n\t\t<\/div>\n\t\t\t\t\t<\/div>\n\t\t<\/section>\n\t\t\t\t\t<\/div>\n\t\t<\/div>\n\t\t\t\t\t<\/div>\n\t\t<\/section>\n\t\t\t\t<section class=\"elementor-section elementor-top-section elementor-element elementor-element-0d99174 elementor-section-boxed elementor-section-height-default elementor-section-height-default\" data-id=\"0d99174\" data-element_type=\"section\" data-e-type=\"section\" data-settings=\"{&quot;background_background&quot;:&quot;classic&quot;}\">\n\t\t\t\t\t\t<div class=\"elementor-container elementor-column-gap-default\">\n\t\t\t\t\t<div class=\"elementor-column elementor-col-100 elementor-top-column elementor-element elementor-element-33339fe\" data-id=\"33339fe\" data-element_type=\"column\" data-e-type=\"column\">\n\t\t\t<div class=\"elementor-widget-wrap elementor-element-populated\">\n\t\t\t\t\t\t<div class=\"elementor-element elementor-element-d5faa5d elementor-widget elementor-widget-heading\" data-id=\"d5faa5d\" data-element_type=\"widget\" data-e-type=\"widget\" data-widget_type=\"heading.default\">\n\t\t\t\t<div class=\"elementor-widget-container\">\n\t\t\t\t\t<h2 class=\"elementor-heading-title elementor-size-default\">Alliance Fran\u00e7aise Alkmaar<\/h2>\t\t\t\t<\/div>\n\t\t\t\t<\/div>\n\t\t\t\t\t<\/div>\n\t\t<\/div>\n\t\t\t\t\t<\/div>\n\t\t<\/section>\n\t\t\t\t<section class=\"elementor-section elementor-top-section elementor-element elementor-element-158e71bf elementor-section-boxed elementor-section-height-default elementor-section-height-default\" data-id=\"158e71bf\" data-element_type=\"section\" data-e-type=\"section\" data-settings=\"{&quot;background_background&quot;:&quot;classic&quot;}\">\n\t\t\t\t\t\t<div class=\"elementor-container elementor-column-gap-default\">\n\t\t\t\t\t<div class=\"elementor-column elementor-col-33 elementor-top-column elementor-element elementor-element-6f9bc07a\" data-id=\"6f9bc07a\" data-element_type=\"column\" data-e-type=\"column\">\n\t\t\t<div class=\"elementor-widget-wrap elementor-element-populated\">\n\t\t\t\t\t\t<div class=\"elementor-element elementor-element-2e721258 elementor-widget elementor-widget-text-editor\" data-id=\"2e721258\" data-element_type=\"widget\" data-e-type=\"widget\" data-widget_type=\"text-editor.default\">\n\t\t\t\t<div class=\"elementor-widget-container\">\n\t\t\t\t\t\t\t\t\t<p>\u00a0<\/p><h4><i>\u00c0 bient\u00f4t !<\/i><\/h4>\t\t\t\t\t\t\t\t<\/div>\n\t\t\t\t<\/div>\n\t\t\t\t\t<\/div>\n\t\t<\/div>\n\t\t\t\t<div class=\"elementor-column elementor-col-66 elementor-top-column elementor-element elementor-element-6ca20b6b\" data-id=\"6ca20b6b\" data-element_type=\"column\" data-e-type=\"column\">\n\t\t\t<div class=\"elementor-widget-wrap\">\n\t\t\t\t\t\t\t<\/div>\n\t\t<\/div>\n\t\t\t\t\t<\/div>\n\t\t<\/section>\n\t\t\t\t<\/div>\n\t\t","protected":false},"excerpt":{"rendered":"<p>Culturele cursus 2025 &#8211; 2026 La culture fran\u00e7aise sous toutes ses facettes ! Uitnodiging en oproep voor de Franse cultuur! Elke maandagmiddag zit een kleine Fransprekende groep\u00a0 samen met een [&hellip;]<\/p>\n","protected":false},"author":31,"featured_media":0,"parent":116,"menu_order":0,"comment_status":"closed","ping_status":"closed","template":"elementor_header_footer","meta":{"footnotes":""},"class_list":["post-293","page","type-page","status-publish","hentry"],"_links":{"self":[{"href":"https:\/\/www.alliance-francaise.nl\/alkmaar\/wp-json\/wp\/v2\/pages\/293","targetHints":{"allow":["GET"]}}],"collection":[{"href":"https:\/\/www.alliance-francaise.nl\/alkmaar\/wp-json\/wp\/v2\/pages"}],"about":[{"href":"https:\/\/www.alliance-francaise.nl\/alkmaar\/wp-json\/wp\/v2\/types\/page"}],"author":[{"embeddable":true,"href":"https:\/\/www.alliance-francaise.nl\/alkmaar\/wp-json\/wp\/v2\/users\/31"}],"replies":[{"embeddable":true,"href":"https:\/\/www.alliance-francaise.nl\/alkmaar\/wp-json\/wp\/v2\/comments?post=293"}],"version-history":[{"count":20,"href":"https:\/\/www.alliance-francaise.nl\/alkmaar\/wp-json\/wp\/v2\/pages\/293\/revisions"}],"predecessor-version":[{"id":3996,"href":"https:\/\/www.alliance-francaise.nl\/alkmaar\/wp-json\/wp\/v2\/pages\/293\/revisions\/3996"}],"up":[{"embeddable":true,"href":"https:\/\/www.alliance-francaise.nl\/alkmaar\/wp-json\/wp\/v2\/pages\/116"}],"wp:attachment":[{"href":"https:\/\/www.alliance-francaise.nl\/alkmaar\/wp-json\/wp\/v2\/media?parent=293"}],"curies":[{"name":"wp","href":"https:\/\/api.w.org\/{rel}","templated":true}]}}