{"id":142,"date":"2020-06-16T20:29:33","date_gmt":"2020-06-16T18:29:33","guid":{"rendered":"https:\/\/www.alliance-francaise.nl\/2020\/alkmaar\/?page_id=142"},"modified":"2022-06-27T11:12:39","modified_gmt":"2022-06-27T09:12:39","slug":"privacy","status":"publish","type":"page","link":"https:\/\/www.alliance-francaise.nl\/alkmaar\/bienvenue-welkom\/privacy\/","title":{"rendered":"Privacy"},"content":{"rendered":"\t\t<div data-elementor-type=\"wp-page\" data-elementor-id=\"142\" class=\"elementor elementor-142\" data-elementor-post-type=\"page\">\n\t\t\t\t\t\t<section class=\"elementor-section elementor-top-section elementor-element elementor-element-49c2235 elementor-section-boxed elementor-section-height-default elementor-section-height-default\" data-id=\"49c2235\" data-element_type=\"section\" data-e-type=\"section\" data-settings=\"{&quot;background_background&quot;:&quot;classic&quot;}\">\n\t\t\t\t\t\t<div class=\"elementor-container elementor-column-gap-default\">\n\t\t\t\t\t<div class=\"elementor-column elementor-col-100 elementor-top-column elementor-element elementor-element-51c7c7d5\" data-id=\"51c7c7d5\" data-element_type=\"column\" data-e-type=\"column\">\n\t\t\t<div class=\"elementor-widget-wrap\">\n\t\t\t\t\t\t\t<\/div>\n\t\t<\/div>\n\t\t\t\t\t<\/div>\n\t\t<\/section>\n\t\t\t\t<section class=\"elementor-section elementor-top-section elementor-element elementor-element-324cea7f elementor-section-boxed elementor-section-height-default elementor-section-height-default\" data-id=\"324cea7f\" data-element_type=\"section\" data-e-type=\"section\">\n\t\t\t\t\t\t<div class=\"elementor-container elementor-column-gap-default\">\n\t\t\t\t\t<div class=\"elementor-column elementor-col-100 elementor-top-column elementor-element elementor-element-4f9412dd\" data-id=\"4f9412dd\" data-element_type=\"column\" data-e-type=\"column\" data-settings=\"{&quot;background_background&quot;:&quot;classic&quot;}\">\n\t\t\t<div class=\"elementor-widget-wrap elementor-element-populated\">\n\t\t\t\t\t<div class=\"elementor-background-overlay\"><\/div>\n\t\t\t\t\t\t\t<\/div>\n\t\t<\/div>\n\t\t\t\t\t<\/div>\n\t\t<\/section>\n\t\t\t\t<section class=\"elementor-section elementor-top-section elementor-element elementor-element-3a3bcaf5 elementor-section-boxed elementor-section-height-default elementor-section-height-default\" data-id=\"3a3bcaf5\" data-element_type=\"section\" data-e-type=\"section\">\n\t\t\t\t\t\t<div class=\"elementor-container elementor-column-gap-default\">\n\t\t\t\t\t<div class=\"elementor-column elementor-col-100 elementor-top-column elementor-element elementor-element-2fbb9d8\" data-id=\"2fbb9d8\" data-element_type=\"column\" data-e-type=\"column\">\n\t\t\t<div class=\"elementor-widget-wrap elementor-element-populated\">\n\t\t\t\t\t\t<div class=\"elementor-element elementor-element-1484b6cf elementor-widget elementor-widget-heading\" data-id=\"1484b6cf\" data-element_type=\"widget\" data-e-type=\"widget\" data-widget_type=\"heading.default\">\n\t\t\t\t<div class=\"elementor-widget-container\">\n\t\t\t\t\t<h2 class=\"elementor-heading-title elementor-size-default\">\nAlgemene verordening gegevensbescherming (AVG)<\/h2>\t\t\t\t<\/div>\n\t\t\t\t<\/div>\n\t\t\t\t\t<\/div>\n\t\t<\/div>\n\t\t\t\t\t<\/div>\n\t\t<\/section>\n\t\t\t\t<section class=\"elementor-section elementor-top-section elementor-element elementor-element-7df077e6 elementor-section-boxed elementor-section-height-default elementor-section-height-default\" data-id=\"7df077e6\" data-element_type=\"section\" data-e-type=\"section\">\n\t\t\t\t\t\t<div class=\"elementor-container elementor-column-gap-default\">\n\t\t\t\t\t<div class=\"elementor-column elementor-col-100 elementor-top-column elementor-element elementor-element-2a82466\" data-id=\"2a82466\" data-element_type=\"column\" data-e-type=\"column\">\n\t\t\t<div class=\"elementor-widget-wrap elementor-element-populated\">\n\t\t\t\t\t\t<div class=\"elementor-element elementor-element-26490d77 elementor-widget elementor-widget-text-editor\" data-id=\"26490d77\" data-element_type=\"widget\" data-e-type=\"widget\" data-widget_type=\"text-editor.default\">\n\t\t\t\t<div class=\"elementor-widget-container\">\n\t\t\t\t\t\t\t\t\t<p><strong>Privacy reglement Alliance Fran\u00e7aise Alkmaar<\/strong><\/p><p>De privacy beleid staat beschreven in, en wordt uitgevoerd volgens de onderstaande documenten;<\/p><ol><li><a href=\"https:\/\/www.alliance-francaise.nl\/alkmaar\/wp-content\/uploads\/sites\/2\/2019\/07\/Privacy-reglement-Alliance-Fran\u00e7aise-Deventer-versie-1.4-.pdf\" target=\"_blank\" rel=\"noopener\">Privacy reglement Alliance Fran\u00e7aise Alkmaar<\/a><\/li><li><a href=\"https:\/\/www.alliance-francaise.nl\/deventer\/wp-content\/uploads\/sites\/2\/2019\/07\/Procedure-AVG-Alliance-Fran\u00e7aise-Deventer-versie-1.3.pdf\" target=\"_blank\" rel=\"noopener\">Procedure AVG Alliance Fran\u00e7aise Alkmaar<\/a><\/li><li><a href=\"https:\/\/www.alliance-francaise.nl\/deventer\/wp-content\/uploads\/sites\/2\/2019\/07\/Formulier-Privacy-reglement-Alliance-Fran\u00e7aise-Deventer.pdf\" target=\"_blank\" rel=\"noopener\">Formulier Privacy reglement Alliance Fran\u00e7aise Alkmaar<\/a>\u00a0<\/li><\/ol><div>\u00a0<\/div><p>De Vereniging Alliance Fran\u00e7aise Alkmaar vindt het belangrijk om de privacy van haar leden, docenten, cursisten en ge\u00efnteresseerden te beschermen. De Vereniging Alliance Fran\u00e7aise Alkmaar handelt volgens de eisen van de Algemene Verordening Gegevensbescherming.<\/p>\t\t\t\t\t\t\t\t<\/div>\n\t\t\t\t<\/div>\n\t\t\t\t\t<\/div>\n\t\t<\/div>\n\t\t\t\t\t<\/div>\n\t\t<\/section>\n\t\t\t\t<\/div>\n\t\t","protected":false},"excerpt":{"rendered":"<p>Algemene verordening gegevensbescherming (AVG) Privacy reglement Alliance Fran\u00e7aise Alkmaar De privacy beleid staat beschreven in, en wordt uitgevoerd volgens de onderstaande documenten; Privacy reglement Alliance Fran\u00e7aise Alkmaar Procedure AVG Alliance [&hellip;]<\/p>\n","protected":false},"author":31,"featured_media":0,"parent":80,"menu_order":0,"comment_status":"closed","ping_status":"closed","template":"elementor_header_footer","meta":{"footnotes":""},"class_list":["post-142","page","type-page","status-publish","hentry"],"_links":{"self":[{"href":"https:\/\/www.alliance-francaise.nl\/alkmaar\/wp-json\/wp\/v2\/pages\/142","targetHints":{"allow":["GET"]}}],"collection":[{"href":"https:\/\/www.alliance-francaise.nl\/alkmaar\/wp-json\/wp\/v2\/pages"}],"about":[{"href":"https:\/\/www.alliance-francaise.nl\/alkmaar\/wp-json\/wp\/v2\/types\/page"}],"author":[{"embeddable":true,"href":"https:\/\/www.alliance-francaise.nl\/alkmaar\/wp-json\/wp\/v2\/users\/31"}],"replies":[{"embeddable":true,"href":"https:\/\/www.alliance-francaise.nl\/alkmaar\/wp-json\/wp\/v2\/comments?post=142"}],"version-history":[{"count":3,"href":"https:\/\/www.alliance-francaise.nl\/alkmaar\/wp-json\/wp\/v2\/pages\/142\/revisions"}],"predecessor-version":[{"id":2184,"href":"https:\/\/www.alliance-francaise.nl\/alkmaar\/wp-json\/wp\/v2\/pages\/142\/revisions\/2184"}],"up":[{"embeddable":true,"href":"https:\/\/www.alliance-francaise.nl\/alkmaar\/wp-json\/wp\/v2\/pages\/80"}],"wp:attachment":[{"href":"https:\/\/www.alliance-francaise.nl\/alkmaar\/wp-json\/wp\/v2\/media?parent=142"}],"curies":[{"name":"wp","href":"https:\/\/api.w.org\/{rel}","templated":true}]}}